{"id":15132,"date":"2023-11-28T17:27:25","date_gmt":"2023-11-28T17:27:25","guid":{"rendered":"https:\/\/livunltd.com\/?page_id=15132"},"modified":"2026-02-03T16:56:31","modified_gmt":"2026-02-03T16:56:31","slug":"fitness-equipment-ca","status":"publish","type":"page","link":"https:\/\/livunltd.com\/fr\/fitness-equipment-ca\/","title":{"rendered":"\u00c9quipement de fitness - CA"},"content":{"rendered":"<section class=\"Block-Section CLR alignfull\" id=\"block_45020e9f579c97450a3aa99da5863b70\"\r\n\tstyle=\"\">\r\n\r\n\t\r\n\t\r\n\t<div class=\"Block-Section-Inner CLR\" style=\"max-width: 900px;\">\r\n\r\n\t\t\n\n<h1 class=\"wp-block-heading has-text-align-center Page-Title\">\u00c9quipements de remise en forme<\/h1>\n\n\n\r\n\r\n\t<section class=\"Block-Sub-Nav CLR alignnone\" id=\"block_fa20fcc73dab567b34aeb5ba21515fc5\">\r\n\t\t<nav>\r\n\t\t\t<ul>\r\n\t\t\t\t\t\t\t\t\t\r\n\t\t\t\t\t\t\t\t\t\t\t<li>\r\n\t\t\t\t\t\t\t<a href=\"https:\/\/livunltd.com\/fr\/fitness-equipment-ca\/\"\r\n\t\t\t\t\t\t\t\ttarget=\"\"\r\n\t\t\t\t\t\t\t\tclass=\"Anim-Line Active\">\r\n\t\t\t\t\t\t\t\tVente d'\u00e9quipements de fitness\t\t\t\t\t\t\t<\/a>\r\n\t\t\t\t\t\t<\/li>\r\n\t\t\t\t\t\t\t\t\t\t\t\t\t\t\r\n\t\t\t\t\t\t\t\t\t\t\t<li>\r\n\t\t\t\t\t\t\t<a href=\"https:\/\/livunltd.com\/fr\/fitness-equipment-svc\/\"\r\n\t\t\t\t\t\t\t\ttarget=\"\"\r\n\t\t\t\t\t\t\t\tclass=\"Anim-Line\">\r\n\t\t\t\t\t\t\t\tService de mat\u00e9riel de fitness\t\t\t\t\t\t\t<\/a>\r\n\t\t\t\t\t\t<\/li>\r\n\t\t\t\t\t\t\t\t\t\t\t\t\t\t\r\n\t\t\t\t\t\t\t\t\t\t\t<li>\r\n\t\t\t\t\t\t\t<a href=\"https:\/\/livunltd.com\/fr\/fitness-equipment-consulting-ca\/\"\r\n\t\t\t\t\t\t\t\ttarget=\"\"\r\n\t\t\t\t\t\t\t\tclass=\"Anim-Line\">\r\n\t\t\t\t\t\t\t\tConseil en mati\u00e8re d'\u00e9quipement\t\t\t\t\t\t\t<\/a>\r\n\t\t\t\t\t\t<\/li>\r\n\t\t\t\t\t\t\t\t\t\t\t\t<\/ul>\r\n\t\t<\/nav>\r\n\t<\/section>\r\n\n\r\n\r\n\t<\/div>\r\n\r\n\t\r\n<\/section>\r\n\n\n\n<div style=\"height:20px\" aria-hidden=\"true\" class=\"wp-block-spacer Desktop-Only\"><\/div>\n\n\n\r\n\n<section class=\"Block-Services CLR alignfull\" id=\"block_e5d71c1106a7143dc6fcc2d3ace497de\">\n\t<div class=\"Block-Services-Left\">\n\t\t<div class=\"Block-Services-Left-Inner\">\n\n\t\t\t\t\t\t\t<div class=\"Block-Services-Content\">\n\t\t\t\t\t<p>En tant que distributeur exclusif de <span style=\"text-decoration: underline\"><strong><a href=\"https:\/\/lifefitnesscanada.com\/\" target=\"_blank\" rel=\"noopener\">Life Fitness<\/a><\/strong>,<\/span> <strong><span style=\"text-decoration: underline\"><a href=\"https:\/\/lifefitnesscanada.com\/hammer-strength\/\" target=\"_blank\" rel=\"noopener\">Force du marteau<\/a><\/span><\/strong>, <strong><span style=\"text-decoration: underline\"><a href=\"https:\/\/lifefitnesscanada.com\/icg\/\" target=\"_blank\" rel=\"noopener\">Groupe de cyclisme en salle<\/a><\/span><\/strong> et <strong><span style=\"text-decoration: underline\"><a href=\"https:\/\/lifefitnesscanada.com\/scifit\/\" target=\"_blank\" rel=\"noopener\">SCIFIT<\/a><\/span><\/strong> au Canada, LIVunLtd est fi\u00e8re de pr\u00e9senter la gamme la plus compl\u00e8te d'\u00e9quipements de fitness commerciaux et domestiques de premi\u00e8re qualit\u00e9, assortie d'un service apr\u00e8s-vente et d'un soutien \u00e0 la maintenance in\u00e9gal\u00e9s.<\/p>\n\t\t\t\t<\/div>\n\t\t\t\n\t\t\t\t\t\t\t<div class=\"Block-Services-List\">\n\t\t\t\t\t\n\t\t\t\t\t\t\n\t\t\t\t\t\t<div class=\"Block-Services-Item  Trans\" data-num=\"0\">\n\n\t\t\t\t\t\t\t\t\t\t\t\t\t\t\t<div class=\"Block-Services-Item-Image-Mobile\">\n\t\t\t\t\t\t\t\t\t<img loading=\"lazy\" decoding=\"async\" width=\"900\" height=\"675\" src=\"https:\/\/livunltd.com\/wp-content\/uploads\/2023\/11\/CIBC-1-1024x768.jpg\" class=\"attachment-large size-large\" alt=\"\" srcset=\"https:\/\/livunltd.com\/wp-content\/uploads\/2023\/11\/CIBC-1-1024x768.jpg 1024w, https:\/\/livunltd.com\/wp-content\/uploads\/2023\/11\/CIBC-1-300x225.jpg 300w, https:\/\/livunltd.com\/wp-content\/uploads\/2023\/11\/CIBC-1-768x576.jpg 768w, https:\/\/livunltd.com\/wp-content\/uploads\/2023\/11\/CIBC-1-1536x1152.jpg 1536w, https:\/\/livunltd.com\/wp-content\/uploads\/2023\/11\/CIBC-1.jpg 1600w\" sizes=\"auto, (max-width: 900px) 100vw, 900px\" \/>\t\t\t\t\t\t\t\t<\/div>\n\t\t\t\t\t\t\t\n\t\t\t\t\t\t\t\t\t\t\t\t\t\t\t<h3>\u00c9quipement commercial<\/h3>\n\t\t\t\t\t\t\t\n\t\t\t\t\t\t\t\t\t\t\t\t\t\t\t<p>En tant que distributeur exclusif au Canada des meilleurs fabricants d&#039;\u00e9quipements de l&#039;industrie, nous fournissons des \u00e9quipements con\u00e7us pour r\u00e9pondre aux exigences des clubs de sant\u00e9, de l&#039;h\u00f4tellerie, des logements multi-unit\u00e9s, des loisirs sur les campus, des centres de bien-\u00eatre en entreprise, et plus encore.<\/p>\n\t\t\t\t\t\t\t\n\t\t\t\t\t\t<\/div>\n\n\t\t\t\t\t\t\n\t\t\t\t\t\n\t\t\t\t\t\t\n\t\t\t\t\t\t<div class=\"Block-Services-Item  Trans\" data-num=\"1\">\n\n\t\t\t\t\t\t\t\t\t\t\t\t\t\t\t<div class=\"Block-Services-Item-Image-Mobile\">\n\t\t\t\t\t\t\t\t\t<img loading=\"lazy\" decoding=\"async\" width=\"900\" height=\"540\" src=\"https:\/\/livunltd.com\/wp-content\/uploads\/2023\/12\/Heat-Row-Club-Series-IC8-1024x614.jpg\" class=\"attachment-large size-large\" alt=\"\" srcset=\"https:\/\/livunltd.com\/wp-content\/uploads\/2023\/12\/Heat-Row-Club-Series-IC8-1024x614.jpg 1024w, https:\/\/livunltd.com\/wp-content\/uploads\/2023\/12\/Heat-Row-Club-Series-IC8-300x180.jpg 300w, https:\/\/livunltd.com\/wp-content\/uploads\/2023\/12\/Heat-Row-Club-Series-IC8-768x461.jpg 768w, https:\/\/livunltd.com\/wp-content\/uploads\/2023\/12\/Heat-Row-Club-Series-IC8-1536x922.jpg 1536w, https:\/\/livunltd.com\/wp-content\/uploads\/2023\/12\/Heat-Row-Club-Series-IC8-2048x1229.jpg 2048w\" sizes=\"auto, (max-width: 900px) 100vw, 900px\" \/>\t\t\t\t\t\t\t\t<\/div>\n\t\t\t\t\t\t\t\n\t\t\t\t\t\t\t\t\t\t\t\t\t\t\t<h3>\u00c9quipement domestique<\/h3>\n\t\t\t\t\t\t\t\n\t\t\t\t\t\t\t\t\t\t\t\t\t\t\t<p>LIVunLtd se consacre \u00e0 vous aider \u00e0 atteindre vos objectifs de sant\u00e9 et de forme physique depuis le confort de votre domicile. Que vous soyez un athl\u00e8te professionnel ou que vous d\u00e9butiez tout juste votre parcours de remise en forme, notre \u00e9quipe vous propose des \u00e9quipements haut de gamme pour la maison. <a href=\"https:\/\/www.lifefitnesscanada.com\" target=\"_blank\" rel=\"noopener noreferrer\"><strong><u>Life Fitness Canada<\/u><\/strong><\/a> pour vous aider \u00e0 concr\u00e9tiser vos objectifs.<\/p>\n\t\t\t\t\t\t\t\n\t\t\t\t\t\t<\/div>\n\n\t\t\t\t\t\t\n\t\t\t\t\t\n\t\t\t\t\t\t\n\t\t\t\t\t\t<div class=\"Block-Services-Item  Trans\" data-num=\"2\">\n\n\t\t\t\t\t\t\t\t\t\t\t\t\t\t\t<div class=\"Block-Services-Item-Image-Mobile\">\n\t\t\t\t\t\t\t\t\t<img loading=\"lazy\" decoding=\"async\" width=\"768\" height=\"576\" src=\"https:\/\/livunltd.com\/wp-content\/uploads\/2023\/12\/exerciser-syncing-apple-watch-with-se4-9537.jpg\" class=\"attachment-large size-large\" alt=\"\" srcset=\"https:\/\/livunltd.com\/wp-content\/uploads\/2023\/12\/exerciser-syncing-apple-watch-with-se4-9537.jpg 768w, https:\/\/livunltd.com\/wp-content\/uploads\/2023\/12\/exerciser-syncing-apple-watch-with-se4-9537-300x225.jpg 300w\" sizes=\"auto, (max-width: 768px) 100vw, 768px\" \/>\t\t\t\t\t\t\t\t<\/div>\n\t\t\t\t\t\t\t\n\t\t\t\t\t\t\t\t\t\t\t\t\t\t\t<h3>Fitness num\u00e9rique<\/h3>\n\t\t\t\t\t\t\t\n\t\t\t\t\t\t\t\t\t\t\t\t\t\t\t<p>Avec plus de 400 s\u00e9ances d'entra\u00eenement dirig\u00e9es par des instructeurs, des terrains interactifs, des capacit\u00e9s de contenu vid\u00e9o personnalis\u00e9 et des analyses approfondies pour une prise de d\u00e9cision \u00e9clair\u00e9e, les plateformes num\u00e9riques de LIVunLtd vous permettent d'atteindre vos objectifs.  <\/p>\n\t\t\t\t\t\t\t\n\t\t\t\t\t\t<\/div>\n\n\t\t\t\t\t\t\n\t\t\t\t\t\n\t\t\t\t\t\t\n\t\t\t\t\t\t<div class=\"Block-Services-Item  Trans\" data-num=\"3\">\n\n\t\t\t\t\t\t\t\t\t\t\t\t\t\t\t<div class=\"Block-Services-Item-Image-Mobile\">\n\t\t\t\t\t\t\t\t\t<img loading=\"lazy\" decoding=\"async\" width=\"900\" height=\"600\" src=\"https:\/\/livunltd.com\/wp-content\/uploads\/2023\/11\/BW6I2293-1-1-1024x683.jpg\" class=\"attachment-large size-large\" alt=\"\" srcset=\"https:\/\/livunltd.com\/wp-content\/uploads\/2023\/11\/BW6I2293-1-1-1024x683.jpg 1024w, https:\/\/livunltd.com\/wp-content\/uploads\/2023\/11\/BW6I2293-1-1-300x200.jpg 300w, https:\/\/livunltd.com\/wp-content\/uploads\/2023\/11\/BW6I2293-1-1-768x512.jpg 768w, https:\/\/livunltd.com\/wp-content\/uploads\/2023\/11\/BW6I2293-1-1-1536x1024.jpg 1536w, https:\/\/livunltd.com\/wp-content\/uploads\/2023\/11\/BW6I2293-1-1-2048x1365.jpg 2048w\" sizes=\"auto, (max-width: 900px) 100vw, 900px\" \/>\t\t\t\t\t\t\t\t<\/div>\n\t\t\t\t\t\t\t\n\t\t\t\t\t\t\t\t\t\t\t\t\t\t\t<h3>Financement<\/h3>\n\t\t\t\t\t\t\t\n\t\t\t\t\t\t\t\t\t\t\t\t\t\t\t<p>LIVunLtd travaille avec certains des plus grands pr\u00eateurs au monde pour trouver des solutions flexibles et comp\u00e9titives afin de vous aider \u00e0 \u00e9quiper vos installations avec du mat\u00e9riel de premi\u00e8re qualit\u00e9 tout en \u00e9vitant des co\u00fbts initiaux \u00e9lev\u00e9s. <\/p>\n\t\t\t\t\t\t\t\n\t\t\t\t\t\t<\/div>\n\n\t\t\t\t\t\t\n\t\t\t\t\t\t\t\t\t<\/div>\n\t\t\t\n\t\t\t\t\t\t\t<div class=\"Block-Services-Button Button-Circle\">\n\t\t\t\t\t\t\t\t\t\t<a href=\"https:\/\/livunltd.com\/fr\/where-we-do-it\/\"\n\t\t\t\t\t\ttarget=\"\">\n\t\t\t\t\t\tO\u00f9 nous le faisons\t\t\t\t\t<\/a>\n\t\t\t\t<\/div>\n\t\t\t\n\t\t<\/div>\n\t<\/div>\n\n\t<div class=\"Block-Services-Right\">\n\t\t\t\t\t\n\t\t\t\t\n\t\t\t\t<div class=\"Block-Services-Image Active\" data-num=\"0\">\n\t\t\t\t\t<img loading=\"lazy\" decoding=\"async\" width=\"900\" height=\"675\" src=\"https:\/\/livunltd.com\/wp-content\/uploads\/2023\/11\/CIBC-1-1024x768.jpg\" class=\"attachment-large size-large\" alt=\"\" srcset=\"https:\/\/livunltd.com\/wp-content\/uploads\/2023\/11\/CIBC-1-1024x768.jpg 1024w, https:\/\/livunltd.com\/wp-content\/uploads\/2023\/11\/CIBC-1-300x225.jpg 300w, https:\/\/livunltd.com\/wp-content\/uploads\/2023\/11\/CIBC-1-768x576.jpg 768w, https:\/\/livunltd.com\/wp-content\/uploads\/2023\/11\/CIBC-1-1536x1152.jpg 1536w, https:\/\/livunltd.com\/wp-content\/uploads\/2023\/11\/CIBC-1.jpg 1600w\" sizes=\"auto, (max-width: 900px) 100vw, 900px\" \/>\t\t\t\t<\/div>\n\n\t\t\t\t\n\t\t\t\n\t\t\t\t\n\t\t\t\t<div class=\"Block-Services-Image\" data-num=\"1\">\n\t\t\t\t\t<img loading=\"lazy\" decoding=\"async\" width=\"900\" height=\"540\" src=\"https:\/\/livunltd.com\/wp-content\/uploads\/2023\/12\/Heat-Row-Club-Series-IC8-1024x614.jpg\" class=\"attachment-large size-large\" alt=\"\" srcset=\"https:\/\/livunltd.com\/wp-content\/uploads\/2023\/12\/Heat-Row-Club-Series-IC8-1024x614.jpg 1024w, https:\/\/livunltd.com\/wp-content\/uploads\/2023\/12\/Heat-Row-Club-Series-IC8-300x180.jpg 300w, https:\/\/livunltd.com\/wp-content\/uploads\/2023\/12\/Heat-Row-Club-Series-IC8-768x461.jpg 768w, https:\/\/livunltd.com\/wp-content\/uploads\/2023\/12\/Heat-Row-Club-Series-IC8-1536x922.jpg 1536w, https:\/\/livunltd.com\/wp-content\/uploads\/2023\/12\/Heat-Row-Club-Series-IC8-2048x1229.jpg 2048w\" sizes=\"auto, (max-width: 900px) 100vw, 900px\" \/>\t\t\t\t<\/div>\n\n\t\t\t\t\n\t\t\t\n\t\t\t\t\n\t\t\t\t<div class=\"Block-Services-Image\" data-num=\"2\">\n\t\t\t\t\t<img loading=\"lazy\" decoding=\"async\" width=\"768\" height=\"576\" src=\"https:\/\/livunltd.com\/wp-content\/uploads\/2023\/12\/exerciser-syncing-apple-watch-with-se4-9537.jpg\" class=\"attachment-large size-large\" alt=\"\" srcset=\"https:\/\/livunltd.com\/wp-content\/uploads\/2023\/12\/exerciser-syncing-apple-watch-with-se4-9537.jpg 768w, https:\/\/livunltd.com\/wp-content\/uploads\/2023\/12\/exerciser-syncing-apple-watch-with-se4-9537-300x225.jpg 300w\" sizes=\"auto, (max-width: 768px) 100vw, 768px\" \/>\t\t\t\t<\/div>\n\n\t\t\t\t\n\t\t\t\n\t\t\t\t\n\t\t\t\t<div class=\"Block-Services-Image\" data-num=\"3\">\n\t\t\t\t\t<img loading=\"lazy\" decoding=\"async\" width=\"900\" height=\"600\" src=\"https:\/\/livunltd.com\/wp-content\/uploads\/2023\/11\/BW6I2293-1-1-1024x683.jpg\" class=\"attachment-large size-large\" alt=\"\" srcset=\"https:\/\/livunltd.com\/wp-content\/uploads\/2023\/11\/BW6I2293-1-1-1024x683.jpg 1024w, https:\/\/livunltd.com\/wp-content\/uploads\/2023\/11\/BW6I2293-1-1-300x200.jpg 300w, https:\/\/livunltd.com\/wp-content\/uploads\/2023\/11\/BW6I2293-1-1-768x512.jpg 768w, https:\/\/livunltd.com\/wp-content\/uploads\/2023\/11\/BW6I2293-1-1-1536x1024.jpg 1536w, https:\/\/livunltd.com\/wp-content\/uploads\/2023\/11\/BW6I2293-1-1-2048x1365.jpg 2048w\" sizes=\"auto, (max-width: 900px) 100vw, 900px\" \/>\t\t\t\t<\/div>\n\n\t\t\t\t\n\t\t\t\t\t\t<\/div>\n<\/section>\n\n<script>\n(function($) {\n\tvar BLOCK = {};\n\t\tBLOCK.FN = {};\n\t\tBLOCK.VAR = {};\n\t\tBLOCK.VAR.Curr_Item = null;\n\n\t$(document).ready(function() {\n\n\t\t$(\".Block-Services-Item\").each(function() {\n\t\t\tvar Num = $(this).data(\"num\");\n\n\t\t\t$(this).click(function() {\n\t\t\t\tBLOCK.FN.Switch(Num);\n\t\t\t});\n\t\t});\n\n\t});\n\n\tBLOCK.FN.Switch = function(Num) {\n\t\t\/\/if (Num === BLOCK.VAR.Curr_Item) return;\n\n\t\tvar Mobile = false;\n\n\t\tif ( $(window).width() <= 768 )\n\t\t\tMobile = true;\n\n\t\t$(\".Block-Services-Item\").each(function() {\n\t\t\tif ( $(this).data(\"num\") == Num ) {\n\t\t\t\tif ( ! $(this).hasClass(\"Active\") ) {\n\t\t\t\t\t$(this).addClass(\"Active\");\n\t\t\t\t\t$(this).find(\"p\").slideDown();\n\n\t\t\t\t\tif ( Mobile )\n\t\t\t\t\t\t$(this).find(\".Block-Services-Item-Image-Mobile\").slideDown();\n\t\t\t\t}\n\t\t\t\telse {\n\t\t\t\t\t$(this).removeClass(\"Active\");\n\t\t\t\t\t$(this).find(\"p\").slideUp();\n\t\t\t\t\t$(this).find(\".Block-Services-Item-Image-Mobile\").slideUp();\n\t\t\t\t\tNum = 0;\n\t\t\t\t}\n\t\t\t}\n\t\t\telse {\n\t\t\t\t$(this).removeClass(\"Active\");\n\t\t\t\t$(this).find(\"p\").slideUp();\n\t\t\t\t$(this).find(\".Block-Services-Item-Image-Mobile\").slideUp();\n\t\t\t}\n\t\t});\n\n\t\t$(\".Block-Services-Image\").each(function() {\n\t\t\tif ( $(this).data(\"num\") == Num )\n\t\t\t\t$(this).addClass(\"Active\");\n\t\t\telse\n\t\t\t\t$(this).removeClass(\"Active\");\n\t\t});\n\n\t\tBLOCK.VAR.Curr_Item = Num;\n\t};\n})(jQuery);\n<\/script>","protected":false},"excerpt":{"rendered":"","protected":false},"author":16,"featured_media":0,"parent":0,"menu_order":0,"comment_status":"closed","ping_status":"closed","template":"Template-Blocks.php","meta":{"_acf_changed":true,"footnotes":""},"class_list":["post-15132","page","type-page","status-publish","hentry"],"acf":[],"yoast_head":"<!-- This site is optimized with the Yoast SEO plugin v27.4 - https:\/\/yoast.com\/product\/yoast-seo-wordpress\/ -->\n<title>Fitness Equipment - CA - LIVunLtd<\/title>\n<meta name=\"robots\" content=\"index, follow, max-snippet:-1, max-image-preview:large, max-video-preview:-1\" \/>\n<link rel=\"canonical\" href=\"https:\/\/livunltd.com\/fr\/fitness-equipment-ca\/\" \/>\n<meta property=\"og:locale\" content=\"fr_CA\" \/>\n<meta property=\"og:type\" content=\"article\" \/>\n<meta property=\"og:title\" content=\"Fitness Equipment - CA - LIVunLtd\" \/>\n<meta property=\"og:url\" content=\"https:\/\/livunltd.com\/fr\/fitness-equipment-ca\/\" \/>\n<meta property=\"og:site_name\" content=\"LIVunLtd\" \/>\n<meta property=\"article:modified_time\" content=\"2026-02-03T16:56:31+00:00\" \/>\n<meta name=\"twitter:card\" content=\"summary_large_image\" \/>\n<meta name=\"twitter:label1\" content=\"Estimation du temps de lecture\" \/>\n\t<meta name=\"twitter:data1\" content=\"1 minute\" \/>\n<script type=\"application\/ld+json\" class=\"yoast-schema-graph\">{\"@context\":\"https:\\\/\\\/schema.org\",\"@graph\":[{\"@type\":\"WebPage\",\"@id\":\"https:\\\/\\\/livunltd.com\\\/fitness-equipment-ca\\\/\",\"url\":\"https:\\\/\\\/livunltd.com\\\/fitness-equipment-ca\\\/\",\"name\":\"Fitness Equipment - CA - LIVunLtd\",\"isPartOf\":{\"@id\":\"https:\\\/\\\/livunltd.com\\\/#website\"},\"datePublished\":\"2023-11-28T17:27:25+00:00\",\"dateModified\":\"2026-02-03T16:56:31+00:00\",\"breadcrumb\":{\"@id\":\"https:\\\/\\\/livunltd.com\\\/fitness-equipment-ca\\\/#breadcrumb\"},\"inLanguage\":\"fr-CA\",\"potentialAction\":[{\"@type\":\"ReadAction\",\"target\":[\"https:\\\/\\\/livunltd.com\\\/fitness-equipment-ca\\\/\"]}]},{\"@type\":\"BreadcrumbList\",\"@id\":\"https:\\\/\\\/livunltd.com\\\/fitness-equipment-ca\\\/#breadcrumb\",\"itemListElement\":[{\"@type\":\"ListItem\",\"position\":1,\"name\":\"Home\",\"item\":\"https:\\\/\\\/livunltd.com\\\/\"},{\"@type\":\"ListItem\",\"position\":2,\"name\":\"Fitness Equipment &#8211; CA\"}]},{\"@type\":\"WebSite\",\"@id\":\"https:\\\/\\\/livunltd.com\\\/#website\",\"url\":\"https:\\\/\\\/livunltd.com\\\/\",\"name\":\"LIVunLtd\",\"description\":\"Concierge, Fitness &amp; Wellness Services\",\"potentialAction\":[{\"@type\":\"SearchAction\",\"target\":{\"@type\":\"EntryPoint\",\"urlTemplate\":\"https:\\\/\\\/livunltd.com\\\/?s={search_term_string}\"},\"query-input\":{\"@type\":\"PropertyValueSpecification\",\"valueRequired\":true,\"valueName\":\"search_term_string\"}}],\"inLanguage\":\"fr-CA\"}]}<\/script>\n<!-- \/ Yoast SEO plugin. -->","yoast_head_json":{"title":"\u00c9quipement de fitness - CA - LIVunLtd","robots":{"index":"index","follow":"follow","max-snippet":"max-snippet:-1","max-image-preview":"max-image-preview:large","max-video-preview":"max-video-preview:-1"},"canonical":"https:\/\/livunltd.com\/fr\/fitness-equipment-ca\/","og_locale":"fr_CA","og_type":"article","og_title":"Fitness Equipment - CA - LIVunLtd","og_url":"https:\/\/livunltd.com\/fr\/fitness-equipment-ca\/","og_site_name":"LIVunLtd","article_modified_time":"2026-02-03T16:56:31+00:00","twitter_card":"summary_large_image","twitter_misc":{"Estimation du temps de lecture":"1 minute"},"schema":{"@context":"https:\/\/schema.org","@graph":[{"@type":"WebPage","@id":"https:\/\/livunltd.com\/fitness-equipment-ca\/","url":"https:\/\/livunltd.com\/fitness-equipment-ca\/","name":"\u00c9quipement de fitness - CA - LIVunLtd","isPartOf":{"@id":"https:\/\/livunltd.com\/#website"},"datePublished":"2023-11-28T17:27:25+00:00","dateModified":"2026-02-03T16:56:31+00:00","breadcrumb":{"@id":"https:\/\/livunltd.com\/fitness-equipment-ca\/#breadcrumb"},"inLanguage":"fr-CA","potentialAction":[{"@type":"ReadAction","target":["https:\/\/livunltd.com\/fitness-equipment-ca\/"]}]},{"@type":"BreadcrumbList","@id":"https:\/\/livunltd.com\/fitness-equipment-ca\/#breadcrumb","itemListElement":[{"@type":"ListItem","position":1,"name":"Home","item":"https:\/\/livunltd.com\/"},{"@type":"ListItem","position":2,"name":"Fitness Equipment &#8211; CA"}]},{"@type":"WebSite","@id":"https:\/\/livunltd.com\/#website","url":"https:\/\/livunltd.com\/","name":"LIVunLtd","description":"Services de conciergerie, de remise en forme et de bien-\u00eatre","potentialAction":[{"@type":"SearchAction","target":{"@type":"EntryPoint","urlTemplate":"https:\/\/livunltd.com\/?s={search_term_string}"},"query-input":{"@type":"PropertyValueSpecification","valueRequired":true,"valueName":"search_term_string"}}],"inLanguage":"fr-CA"}]}},"_links":{"self":[{"href":"https:\/\/livunltd.com\/fr\/wp-json\/wp\/v2\/pages\/15132","targetHints":{"allow":["GET"]}}],"collection":[{"href":"https:\/\/livunltd.com\/fr\/wp-json\/wp\/v2\/pages"}],"about":[{"href":"https:\/\/livunltd.com\/fr\/wp-json\/wp\/v2\/types\/page"}],"author":[{"embeddable":true,"href":"https:\/\/livunltd.com\/fr\/wp-json\/wp\/v2\/users\/16"}],"replies":[{"embeddable":true,"href":"https:\/\/livunltd.com\/fr\/wp-json\/wp\/v2\/comments?post=15132"}],"version-history":[{"count":0,"href":"https:\/\/livunltd.com\/fr\/wp-json\/wp\/v2\/pages\/15132\/revisions"}],"wp:attachment":[{"href":"https:\/\/livunltd.com\/fr\/wp-json\/wp\/v2\/media?parent=15132"}],"curies":[{"name":"wp","href":"https:\/\/api.w.org\/{rel}","templated":true}]}}