{"id":15136,"date":"2023-12-17T17:01:45","date_gmt":"2023-12-17T17:01:45","guid":{"rendered":"https:\/\/livunltd.com\/?page_id=15136"},"modified":"2023-12-31T19:04:47","modified_gmt":"2023-12-31T19:04:47","slug":"facility-management-ca","status":"publish","type":"page","link":"https:\/\/livunltd.com\/fr\/facility-management-ca\/","title":{"rendered":"Gestion des installations - CANADA"},"content":{"rendered":"<section class=\"Block-Section CLR alignfull\" id=\"block_4e45bf1b8743e41d491b7ec876135400\"\r\n\tstyle=\"padding-top: 60px;padding-bottom: 60px;\">\r\n\r\n\t\r\n\t\r\n\t<div class=\"Block-Section-Inner CLR\" style=\"max-width: 900px;\">\r\n\r\n\t\t\n\n<h1 class=\"wp-block-heading has-text-align-center Page-Title\">Gestion des installations<\/h1>\n\n\n\r\n\r\n\t<section class=\"Block-Sub-Nav CLR alignnone\" id=\"block_19e97f9e187442a0390d1e794f41a132\">\r\n\t\t<nav>\r\n\t\t\t<ul>\r\n\t\t\t\t\t\t\t\t\t\r\n\t\t\t\t\t\t\t\t\t\t\t<li>\r\n\t\t\t\t\t\t\t<a href=\"https:\/\/livunltd.com\/fr\/facility-management\/\"\r\n\t\t\t\t\t\t\t\ttarget=\"\"\r\n\t\t\t\t\t\t\t\tclass=\"Anim-Line Active\">\r\n\t\t\t\t\t\t\t\tExploitation d'un centre de remise en forme\t\t\t\t\t\t\t<\/a>\r\n\t\t\t\t\t\t<\/li>\r\n\t\t\t\t\t\t\t\t\t\t\t\t\t\t\r\n\t\t\t\t\t\t\t\t\t\t\t<li>\r\n\t\t\t\t\t\t\t<a href=\"https:\/\/livunltd.com\/fr\/facility-operations\/\"\r\n\t\t\t\t\t\t\t\ttarget=\"\"\r\n\t\t\t\t\t\t\t\tclass=\"Anim-Line\">\r\n\t\t\t\t\t\t\t\tFitness et bien-\u00eatre virtuels\t\t\t\t\t\t\t<\/a>\r\n\t\t\t\t\t\t<\/li>\r\n\t\t\t\t\t\t\t\t\t\t\t\t<\/ul>\r\n\t\t<\/nav>\r\n\t<\/section>\r\n\n\r\n\r\n\t<\/div>\r\n\r\n\t\r\n<\/section>\r\n\n\n\n<div style=\"height:20px\" aria-hidden=\"true\" class=\"wp-block-spacer Desktop-Only\"><\/div>\n\n\n\r\n\n<section class=\"Block-Services CLR alignfull\" id=\"block_827fcd1f0f55d4af7cadfb379a8ef97b\">\n\t<div class=\"Block-Services-Left\">\n\t\t<div class=\"Block-Services-Left-Inner\">\n\n\t\t\t\t\t\t\t<div class=\"Block-Services-Content\">\n\t\t\t\t\t<p><span style=\"font-weight: 400\">Plus de 120 centres de conditionnement physique \u00e0 travers le Canada ont fait l'exp\u00e9rience des r\u00e9sultats transformateurs de notre leadership novateur en mati\u00e8re d'id\u00e9es, qui est \u00e0 l'origine de toutes les facettes de la fa\u00e7on dont nous g\u00e9rons votre centre de conditionnement physique et de bien-\u00eatre. Bien-\u00eatre en entreprise, gymnases commerciaux, gymnases r\u00e9sidentiels - notre niveau d'excellence peut \u00eatre mesur\u00e9. Les taux d'utilisation, la croissance du nombre de membres et la satisfaction des membres ne sont qu'une partie de notre score gagnant.<\/span><\/p>\n\t\t\t\t<\/div>\n\t\t\t\n\t\t\t\t\t\t\t<div class=\"Block-Services-List\">\n\t\t\t\t\t\n\t\t\t\t\t\t\n\t\t\t\t\t\t<div class=\"Block-Services-Item  Trans\" data-num=\"0\">\n\n\t\t\t\t\t\t\t\t\t\t\t\t\t\t\t<div class=\"Block-Services-Item-Image-Mobile\">\n\t\t\t\t\t\t\t\t\t<img loading=\"lazy\" decoding=\"async\" width=\"900\" height=\"386\" src=\"https:\/\/livunltd.com\/wp-content\/uploads\/2023\/11\/getty-images-Kfal35SxiS8-unsplash-1024x439.jpg\" class=\"attachment-large size-large\" alt=\"\" srcset=\"https:\/\/livunltd.com\/wp-content\/uploads\/2023\/11\/getty-images-Kfal35SxiS8-unsplash-1024x439.jpg 1024w, https:\/\/livunltd.com\/wp-content\/uploads\/2023\/11\/getty-images-Kfal35SxiS8-unsplash-300x129.jpg 300w, https:\/\/livunltd.com\/wp-content\/uploads\/2023\/11\/getty-images-Kfal35SxiS8-unsplash-768x329.jpg 768w, https:\/\/livunltd.com\/wp-content\/uploads\/2023\/11\/getty-images-Kfal35SxiS8-unsplash-1536x658.jpg 1536w, https:\/\/livunltd.com\/wp-content\/uploads\/2023\/11\/getty-images-Kfal35SxiS8-unsplash-2048x878.jpg 2048w\" sizes=\"auto, (max-width: 900px) 100vw, 900px\" \/>\t\t\t\t\t\t\t\t<\/div>\n\t\t\t\t\t\t\t\n\t\t\t\t\t\t\t\t\t\t\t\t\t\t\t<h3>Planification des activit\u00e9s<\/h3>\n\t\t\t\t\t\t\t\n\t\t\t\t\t\t\t\t\t\t\t\t\t\t\t<p>Nous analysons minutieusement votre environnement concurrentiel, votre segment de march\u00e9 et la population que vous souhaitez atteindre. \u00c0 partir de l\u00e0, nous mettons \u00e0 profit notre exp\u00e9rience pour proc\u00e9der \u00e0 une \u00e9valuation \u00e9clair\u00e9e et significative du potentiel de revenus et des co\u00fbts associ\u00e9s au lancement et \u00e0 l'exploitation de votre \u00e9tablissement.<br \/>\r\n<\/p>\n\t\t\t\t\t\t\t\n\t\t\t\t\t\t<\/div>\n\n\t\t\t\t\t\t\n\t\t\t\t\t\n\t\t\t\t\t\t\n\t\t\t\t\t\t<div class=\"Block-Services-Item  Trans\" data-num=\"1\">\n\n\t\t\t\t\t\t\t\t\t\t\t\t\t\t\t<div class=\"Block-Services-Item-Image-Mobile\">\n\t\t\t\t\t\t\t\t\t<img loading=\"lazy\" decoding=\"async\" width=\"759\" height=\"534\" src=\"https:\/\/livunltd.com\/wp-content\/uploads\/2023\/12\/Screen-Shot-2023-12-18-at-8.30.27-AM.png\" class=\"attachment-large size-large\" alt=\"\" srcset=\"https:\/\/livunltd.com\/wp-content\/uploads\/2023\/12\/Screen-Shot-2023-12-18-at-8.30.27-AM.png 759w, https:\/\/livunltd.com\/wp-content\/uploads\/2023\/12\/Screen-Shot-2023-12-18-at-8.30.27-AM-300x211.png 300w\" sizes=\"auto, (max-width: 759px) 100vw, 759px\" \/>\t\t\t\t\t\t\t\t<\/div>\n\t\t\t\t\t\t\t\n\t\t\t\t\t\t\t\t\t\t\t\t\t\t\t<h3>Personnel<\/h3>\n\t\t\t\t\t\t\t\n\t\t\t\t\t\t\t\t\t\t\t\t\t\t\t<p>Directeurs de fitness, directeurs de club, r\u00e9ception, maintenance, ainsi que des entra\u00eeneurs personnels et des instructeurs de fitness en groupe de haut niveau - nous attirons les meilleurs talents de l'industrie et nous sommes experts dans l'attribution du bon r\u00f4le aux bonnes personnes dans le bon \u00e9tablissement.<br \/>\r\n<\/p>\n\t\t\t\t\t\t\t\n\t\t\t\t\t\t<\/div>\n\n\t\t\t\t\t\t\n\t\t\t\t\t\n\t\t\t\t\t\t\n\t\t\t\t\t\t<div class=\"Block-Services-Item  Trans\" data-num=\"2\">\n\n\t\t\t\t\t\t\t\t\t\t\t\t\t\t\t<div class=\"Block-Services-Item-Image-Mobile\">\n\t\t\t\t\t\t\t\t\t<img loading=\"lazy\" decoding=\"async\" width=\"900\" height=\"600\" src=\"https:\/\/livunltd.com\/wp-content\/uploads\/2023\/11\/DSC04131-1024x683.jpg\" class=\"attachment-large size-large\" alt=\"\" srcset=\"https:\/\/livunltd.com\/wp-content\/uploads\/2023\/11\/DSC04131-1024x683.jpg 1024w, https:\/\/livunltd.com\/wp-content\/uploads\/2023\/11\/DSC04131-300x200.jpg 300w, https:\/\/livunltd.com\/wp-content\/uploads\/2023\/11\/DSC04131-768x512.jpg 768w, https:\/\/livunltd.com\/wp-content\/uploads\/2023\/11\/DSC04131-1536x1024.jpg 1536w, https:\/\/livunltd.com\/wp-content\/uploads\/2023\/11\/DSC04131-2048x1366.jpg 2048w\" sizes=\"auto, (max-width: 900px) 100vw, 900px\" \/>\t\t\t\t\t\t\t\t<\/div>\n\t\t\t\t\t\t\t\n\t\t\t\t\t\t\t\t\t\t\t\t\t\t\t<h3>Programmation<\/h3>\n\t\t\t\t\t\t\t\n\t\t\t\t\t\t\t\t\t\t\t\t\t\t\t<p>LIVunLtd travaille en collaboration avec ses clients pour d\u00e9velopper une liste convaincante de cours de fitness, de programmes de bien-\u00eatre et d'activit\u00e9s sociales afin de cr\u00e9er un engagement et de construire une communaut\u00e9. Nos nouvelles id\u00e9es sont influenc\u00e9es par la fr\u00e9quentation et le retour d'information.<br \/>\r\n<\/p>\n\t\t\t\t\t\t\t\n\t\t\t\t\t\t<\/div>\n\n\t\t\t\t\t\t\n\t\t\t\t\t\n\t\t\t\t\t\t\n\t\t\t\t\t\t<div class=\"Block-Services-Item  Trans\" data-num=\"3\">\n\n\t\t\t\t\t\t\t\t\t\t\t\t\t\t\t<div class=\"Block-Services-Item-Image-Mobile\">\n\t\t\t\t\t\t\t\t\t<img loading=\"lazy\" decoding=\"async\" width=\"900\" height=\"599\" src=\"https:\/\/livunltd.com\/wp-content\/uploads\/2023\/11\/Screenshot-2023-11-28-at-3.55.54-PM-1024x681.png\" class=\"attachment-large size-large\" alt=\"\" srcset=\"https:\/\/livunltd.com\/wp-content\/uploads\/2023\/11\/Screenshot-2023-11-28-at-3.55.54-PM-1024x681.png 1024w, https:\/\/livunltd.com\/wp-content\/uploads\/2023\/11\/Screenshot-2023-11-28-at-3.55.54-PM-300x200.png 300w, https:\/\/livunltd.com\/wp-content\/uploads\/2023\/11\/Screenshot-2023-11-28-at-3.55.54-PM-768x511.png 768w, https:\/\/livunltd.com\/wp-content\/uploads\/2023\/11\/Screenshot-2023-11-28-at-3.55.54-PM-1536x1022.png 1536w, https:\/\/livunltd.com\/wp-content\/uploads\/2023\/11\/Screenshot-2023-11-28-at-3.55.54-PM.png 1708w\" sizes=\"auto, (max-width: 900px) 100vw, 900px\" \/>\t\t\t\t\t\t\t\t<\/div>\n\t\t\t\t\t\t\t\n\t\t\t\t\t\t\t\t\t\t\t\t\t\t\t<h3>Collaboration avec les clients<\/h3>\n\t\t\t\t\t\t\t\n\t\t\t\t\t\t\t\t\t\t\t\t\t\t\t<p>Forts de notre exp\u00e9rience au service de soci\u00e9t\u00e9s Fortune 500 et d'organisations prestigieuses de gestion immobili\u00e8re, nous comprenons les complexit\u00e9s des grandes organisations et la mani\u00e8re de cr\u00e9er une connectivit\u00e9 entre tous les niveaux.<br \/>\r\n<\/p>\n\t\t\t\t\t\t\t\n\t\t\t\t\t\t<\/div>\n\n\t\t\t\t\t\t\n\t\t\t\t\t\n\t\t\t\t\t\t\n\t\t\t\t\t\t<div class=\"Block-Services-Item  Trans\" data-num=\"4\">\n\n\t\t\t\t\t\t\t\t\t\t\t\t\t\t\t<div class=\"Block-Services-Item-Image-Mobile\">\n\t\t\t\t\t\t\t\t\t<img loading=\"lazy\" decoding=\"async\" width=\"900\" height=\"600\" src=\"https:\/\/livunltd.com\/wp-content\/uploads\/2023\/11\/luca-bravo-210213-unsplash-1024x683.jpg\" class=\"attachment-large size-large\" alt=\"\" srcset=\"https:\/\/livunltd.com\/wp-content\/uploads\/2023\/11\/luca-bravo-210213-unsplash-1024x683.jpg 1024w, https:\/\/livunltd.com\/wp-content\/uploads\/2023\/11\/luca-bravo-210213-unsplash-300x200.jpg 300w, https:\/\/livunltd.com\/wp-content\/uploads\/2023\/11\/luca-bravo-210213-unsplash-768x512.jpg 768w, https:\/\/livunltd.com\/wp-content\/uploads\/2023\/11\/luca-bravo-210213-unsplash-1536x1024.jpg 1536w, https:\/\/livunltd.com\/wp-content\/uploads\/2023\/11\/luca-bravo-210213-unsplash-2048x1365.jpg 2048w\" sizes=\"auto, (max-width: 900px) 100vw, 900px\" \/>\t\t\t\t\t\t\t\t<\/div>\n\t\t\t\t\t\t\t\n\t\t\t\t\t\t\t\t\t\t\t\t\t\t\t<h3>Gestion financi\u00e8re et rapports<\/h3>\n\t\t\t\t\t\t\t\n\t\t\t\t\t\t\t\t\t\t\t\t\t\t\t<p>La transparence totale n'est pas n\u00e9gociable, et notre \u00e9quipe travaille avec diligence pour vous fournir r\u00e9guli\u00e8rement des rapports d\u00e9taill\u00e9s, notamment sur les finances, les mesures d'utilisation et la satisfaction des membres.<br \/>\r\n<\/p>\n\t\t\t\t\t\t\t\n\t\t\t\t\t\t<\/div>\n\n\t\t\t\t\t\t\n\t\t\t\t\t\t\t\t\t<\/div>\n\t\t\t\n\t\t\t\t\t\t\t<div class=\"Block-Services-Button Button-Circle\">\n\t\t\t\t\t\t\t\t\t\t<a href=\"https:\/\/livunltd.com\/fr\/where-we-do-it\/\"\n\t\t\t\t\t\ttarget=\"\">\n\t\t\t\t\t\tO\u00f9 nous le faisons\t\t\t\t\t<\/a>\n\t\t\t\t<\/div>\n\t\t\t\n\t\t<\/div>\n\t<\/div>\n\n\t<div class=\"Block-Services-Right\">\n\t\t\t\t\t\n\t\t\t\t\n\t\t\t\t<div class=\"Block-Services-Image Active\" data-num=\"0\">\n\t\t\t\t\t<img loading=\"lazy\" decoding=\"async\" width=\"900\" height=\"386\" src=\"https:\/\/livunltd.com\/wp-content\/uploads\/2023\/11\/getty-images-Kfal35SxiS8-unsplash-1024x439.jpg\" class=\"attachment-large size-large\" alt=\"\" srcset=\"https:\/\/livunltd.com\/wp-content\/uploads\/2023\/11\/getty-images-Kfal35SxiS8-unsplash-1024x439.jpg 1024w, https:\/\/livunltd.com\/wp-content\/uploads\/2023\/11\/getty-images-Kfal35SxiS8-unsplash-300x129.jpg 300w, https:\/\/livunltd.com\/wp-content\/uploads\/2023\/11\/getty-images-Kfal35SxiS8-unsplash-768x329.jpg 768w, https:\/\/livunltd.com\/wp-content\/uploads\/2023\/11\/getty-images-Kfal35SxiS8-unsplash-1536x658.jpg 1536w, https:\/\/livunltd.com\/wp-content\/uploads\/2023\/11\/getty-images-Kfal35SxiS8-unsplash-2048x878.jpg 2048w\" sizes=\"auto, (max-width: 900px) 100vw, 900px\" \/>\t\t\t\t<\/div>\n\n\t\t\t\t\n\t\t\t\n\t\t\t\t\n\t\t\t\t<div class=\"Block-Services-Image\" data-num=\"1\">\n\t\t\t\t\t<img loading=\"lazy\" decoding=\"async\" width=\"759\" height=\"534\" src=\"https:\/\/livunltd.com\/wp-content\/uploads\/2023\/12\/Screen-Shot-2023-12-18-at-8.30.27-AM.png\" class=\"attachment-large size-large\" alt=\"\" srcset=\"https:\/\/livunltd.com\/wp-content\/uploads\/2023\/12\/Screen-Shot-2023-12-18-at-8.30.27-AM.png 759w, https:\/\/livunltd.com\/wp-content\/uploads\/2023\/12\/Screen-Shot-2023-12-18-at-8.30.27-AM-300x211.png 300w\" sizes=\"auto, (max-width: 759px) 100vw, 759px\" \/>\t\t\t\t<\/div>\n\n\t\t\t\t\n\t\t\t\n\t\t\t\t\n\t\t\t\t<div class=\"Block-Services-Image\" data-num=\"2\">\n\t\t\t\t\t<img loading=\"lazy\" decoding=\"async\" width=\"900\" height=\"600\" src=\"https:\/\/livunltd.com\/wp-content\/uploads\/2023\/11\/DSC04131-1024x683.jpg\" class=\"attachment-large size-large\" alt=\"\" srcset=\"https:\/\/livunltd.com\/wp-content\/uploads\/2023\/11\/DSC04131-1024x683.jpg 1024w, https:\/\/livunltd.com\/wp-content\/uploads\/2023\/11\/DSC04131-300x200.jpg 300w, https:\/\/livunltd.com\/wp-content\/uploads\/2023\/11\/DSC04131-768x512.jpg 768w, https:\/\/livunltd.com\/wp-content\/uploads\/2023\/11\/DSC04131-1536x1024.jpg 1536w, https:\/\/livunltd.com\/wp-content\/uploads\/2023\/11\/DSC04131-2048x1366.jpg 2048w\" sizes=\"auto, (max-width: 900px) 100vw, 900px\" \/>\t\t\t\t<\/div>\n\n\t\t\t\t\n\t\t\t\n\t\t\t\t\n\t\t\t\t<div class=\"Block-Services-Image\" data-num=\"3\">\n\t\t\t\t\t<img loading=\"lazy\" decoding=\"async\" width=\"900\" height=\"599\" src=\"https:\/\/livunltd.com\/wp-content\/uploads\/2023\/11\/Screenshot-2023-11-28-at-3.55.54-PM-1024x681.png\" class=\"attachment-large size-large\" alt=\"\" srcset=\"https:\/\/livunltd.com\/wp-content\/uploads\/2023\/11\/Screenshot-2023-11-28-at-3.55.54-PM-1024x681.png 1024w, https:\/\/livunltd.com\/wp-content\/uploads\/2023\/11\/Screenshot-2023-11-28-at-3.55.54-PM-300x200.png 300w, https:\/\/livunltd.com\/wp-content\/uploads\/2023\/11\/Screenshot-2023-11-28-at-3.55.54-PM-768x511.png 768w, https:\/\/livunltd.com\/wp-content\/uploads\/2023\/11\/Screenshot-2023-11-28-at-3.55.54-PM-1536x1022.png 1536w, https:\/\/livunltd.com\/wp-content\/uploads\/2023\/11\/Screenshot-2023-11-28-at-3.55.54-PM.png 1708w\" sizes=\"auto, (max-width: 900px) 100vw, 900px\" \/>\t\t\t\t<\/div>\n\n\t\t\t\t\n\t\t\t\n\t\t\t\t\n\t\t\t\t<div class=\"Block-Services-Image\" data-num=\"4\">\n\t\t\t\t\t<img loading=\"lazy\" decoding=\"async\" width=\"900\" height=\"600\" src=\"https:\/\/livunltd.com\/wp-content\/uploads\/2023\/11\/luca-bravo-210213-unsplash-1024x683.jpg\" class=\"attachment-large size-large\" alt=\"\" srcset=\"https:\/\/livunltd.com\/wp-content\/uploads\/2023\/11\/luca-bravo-210213-unsplash-1024x683.jpg 1024w, https:\/\/livunltd.com\/wp-content\/uploads\/2023\/11\/luca-bravo-210213-unsplash-300x200.jpg 300w, https:\/\/livunltd.com\/wp-content\/uploads\/2023\/11\/luca-bravo-210213-unsplash-768x512.jpg 768w, https:\/\/livunltd.com\/wp-content\/uploads\/2023\/11\/luca-bravo-210213-unsplash-1536x1024.jpg 1536w, https:\/\/livunltd.com\/wp-content\/uploads\/2023\/11\/luca-bravo-210213-unsplash-2048x1365.jpg 2048w\" sizes=\"auto, (max-width: 900px) 100vw, 900px\" \/>\t\t\t\t<\/div>\n\n\t\t\t\t\n\t\t\t\t\t\t<\/div>\n<\/section>\n\n<script>\n(function($) {\n\tvar BLOCK = {};\n\t\tBLOCK.FN = {};\n\t\tBLOCK.VAR = {};\n\t\tBLOCK.VAR.Curr_Item = null;\n\n\t$(document).ready(function() {\n\n\t\t$(\".Block-Services-Item\").each(function() {\n\t\t\tvar Num = $(this).data(\"num\");\n\n\t\t\t$(this).click(function() {\n\t\t\t\tBLOCK.FN.Switch(Num);\n\t\t\t});\n\t\t});\n\n\t});\n\n\tBLOCK.FN.Switch = function(Num) {\n\t\t\/\/if (Num === BLOCK.VAR.Curr_Item) return;\n\n\t\tvar Mobile = false;\n\n\t\tif ( $(window).width() <= 768 )\n\t\t\tMobile = true;\n\n\t\t$(\".Block-Services-Item\").each(function() {\n\t\t\tif ( $(this).data(\"num\") == Num ) {\n\t\t\t\tif ( ! $(this).hasClass(\"Active\") ) {\n\t\t\t\t\t$(this).addClass(\"Active\");\n\t\t\t\t\t$(this).find(\"p\").slideDown();\n\n\t\t\t\t\tif ( Mobile )\n\t\t\t\t\t\t$(this).find(\".Block-Services-Item-Image-Mobile\").slideDown();\n\t\t\t\t}\n\t\t\t\telse {\n\t\t\t\t\t$(this).removeClass(\"Active\");\n\t\t\t\t\t$(this).find(\"p\").slideUp();\n\t\t\t\t\t$(this).find(\".Block-Services-Item-Image-Mobile\").slideUp();\n\t\t\t\t\tNum = 0;\n\t\t\t\t}\n\t\t\t}\n\t\t\telse {\n\t\t\t\t$(this).removeClass(\"Active\");\n\t\t\t\t$(this).find(\"p\").slideUp();\n\t\t\t\t$(this).find(\".Block-Services-Item-Image-Mobile\").slideUp();\n\t\t\t}\n\t\t});\n\n\t\t$(\".Block-Services-Image\").each(function() {\n\t\t\tif ( $(this).data(\"num\") == Num )\n\t\t\t\t$(this).addClass(\"Active\");\n\t\t\telse\n\t\t\t\t$(this).removeClass(\"Active\");\n\t\t});\n\n\t\tBLOCK.VAR.Curr_Item = Num;\n\t};\n})(jQuery);\n<\/script>","protected":false},"excerpt":{"rendered":"","protected":false},"author":16,"featured_media":0,"parent":0,"menu_order":0,"comment_status":"closed","ping_status":"closed","template":"Template-Blocks.php","meta":{"_acf_changed":false,"footnotes":""},"class_list":["post-15136","page","type-page","status-publish","hentry"],"acf":[],"yoast_head":"<!-- This site is optimized with the Yoast SEO plugin v27.4 - https:\/\/yoast.com\/product\/yoast-seo-wordpress\/ -->\n<title>Facility Management - CANADA - LIVunLtd<\/title>\n<meta name=\"robots\" content=\"index, follow, max-snippet:-1, max-image-preview:large, max-video-preview:-1\" \/>\n<link rel=\"canonical\" href=\"https:\/\/livunltd.com\/fr\/facility-management-ca\/\" \/>\n<meta property=\"og:locale\" content=\"fr_CA\" \/>\n<meta property=\"og:type\" content=\"article\" \/>\n<meta property=\"og:title\" content=\"Facility Management - CANADA - LIVunLtd\" \/>\n<meta property=\"og:url\" content=\"https:\/\/livunltd.com\/fr\/facility-management-ca\/\" \/>\n<meta property=\"og:site_name\" content=\"LIVunLtd\" \/>\n<meta property=\"article:modified_time\" content=\"2023-12-31T19:04:47+00:00\" \/>\n<meta name=\"twitter:card\" content=\"summary_large_image\" \/>\n<meta name=\"twitter:label1\" content=\"Estimation du temps de lecture\" \/>\n\t<meta name=\"twitter:data1\" content=\"1 minute\" \/>\n<script type=\"application\/ld+json\" class=\"yoast-schema-graph\">{\"@context\":\"https:\\\/\\\/schema.org\",\"@graph\":[{\"@type\":\"WebPage\",\"@id\":\"https:\\\/\\\/livunltd.com\\\/facility-management-ca\\\/\",\"url\":\"https:\\\/\\\/livunltd.com\\\/facility-management-ca\\\/\",\"name\":\"Facility Management - CANADA - LIVunLtd\",\"isPartOf\":{\"@id\":\"https:\\\/\\\/livunltd.com\\\/#website\"},\"datePublished\":\"2023-12-17T17:01:45+00:00\",\"dateModified\":\"2023-12-31T19:04:47+00:00\",\"breadcrumb\":{\"@id\":\"https:\\\/\\\/livunltd.com\\\/facility-management-ca\\\/#breadcrumb\"},\"inLanguage\":\"fr-CA\",\"potentialAction\":[{\"@type\":\"ReadAction\",\"target\":[\"https:\\\/\\\/livunltd.com\\\/facility-management-ca\\\/\"]}]},{\"@type\":\"BreadcrumbList\",\"@id\":\"https:\\\/\\\/livunltd.com\\\/facility-management-ca\\\/#breadcrumb\",\"itemListElement\":[{\"@type\":\"ListItem\",\"position\":1,\"name\":\"Home\",\"item\":\"https:\\\/\\\/livunltd.com\\\/\"},{\"@type\":\"ListItem\",\"position\":2,\"name\":\"Facility Management &#8211; CANADA\"}]},{\"@type\":\"WebSite\",\"@id\":\"https:\\\/\\\/livunltd.com\\\/#website\",\"url\":\"https:\\\/\\\/livunltd.com\\\/\",\"name\":\"LIVunLtd\",\"description\":\"Concierge, Fitness &amp; Wellness Services\",\"potentialAction\":[{\"@type\":\"SearchAction\",\"target\":{\"@type\":\"EntryPoint\",\"urlTemplate\":\"https:\\\/\\\/livunltd.com\\\/?s={search_term_string}\"},\"query-input\":{\"@type\":\"PropertyValueSpecification\",\"valueRequired\":true,\"valueName\":\"search_term_string\"}}],\"inLanguage\":\"fr-CA\"}]}<\/script>\n<!-- \/ Yoast SEO plugin. -->","yoast_head_json":{"title":"Gestion des installations - CANADA - LIVunLtd","robots":{"index":"index","follow":"follow","max-snippet":"max-snippet:-1","max-image-preview":"max-image-preview:large","max-video-preview":"max-video-preview:-1"},"canonical":"https:\/\/livunltd.com\/fr\/facility-management-ca\/","og_locale":"fr_CA","og_type":"article","og_title":"Facility Management - CANADA - LIVunLtd","og_url":"https:\/\/livunltd.com\/fr\/facility-management-ca\/","og_site_name":"LIVunLtd","article_modified_time":"2023-12-31T19:04:47+00:00","twitter_card":"summary_large_image","twitter_misc":{"Estimation du temps de lecture":"1 minute"},"schema":{"@context":"https:\/\/schema.org","@graph":[{"@type":"WebPage","@id":"https:\/\/livunltd.com\/facility-management-ca\/","url":"https:\/\/livunltd.com\/facility-management-ca\/","name":"Gestion des installations - CANADA - LIVunLtd","isPartOf":{"@id":"https:\/\/livunltd.com\/#website"},"datePublished":"2023-12-17T17:01:45+00:00","dateModified":"2023-12-31T19:04:47+00:00","breadcrumb":{"@id":"https:\/\/livunltd.com\/facility-management-ca\/#breadcrumb"},"inLanguage":"fr-CA","potentialAction":[{"@type":"ReadAction","target":["https:\/\/livunltd.com\/facility-management-ca\/"]}]},{"@type":"BreadcrumbList","@id":"https:\/\/livunltd.com\/facility-management-ca\/#breadcrumb","itemListElement":[{"@type":"ListItem","position":1,"name":"Home","item":"https:\/\/livunltd.com\/"},{"@type":"ListItem","position":2,"name":"Facility Management &#8211; CANADA"}]},{"@type":"WebSite","@id":"https:\/\/livunltd.com\/#website","url":"https:\/\/livunltd.com\/","name":"LIVunLtd","description":"Services de conciergerie, de remise en forme et de bien-\u00eatre","potentialAction":[{"@type":"SearchAction","target":{"@type":"EntryPoint","urlTemplate":"https:\/\/livunltd.com\/?s={search_term_string}"},"query-input":{"@type":"PropertyValueSpecification","valueRequired":true,"valueName":"search_term_string"}}],"inLanguage":"fr-CA"}]}},"_links":{"self":[{"href":"https:\/\/livunltd.com\/fr\/wp-json\/wp\/v2\/pages\/15136","targetHints":{"allow":["GET"]}}],"collection":[{"href":"https:\/\/livunltd.com\/fr\/wp-json\/wp\/v2\/pages"}],"about":[{"href":"https:\/\/livunltd.com\/fr\/wp-json\/wp\/v2\/types\/page"}],"author":[{"embeddable":true,"href":"https:\/\/livunltd.com\/fr\/wp-json\/wp\/v2\/users\/16"}],"replies":[{"embeddable":true,"href":"https:\/\/livunltd.com\/fr\/wp-json\/wp\/v2\/comments?post=15136"}],"version-history":[{"count":0,"href":"https:\/\/livunltd.com\/fr\/wp-json\/wp\/v2\/pages\/15136\/revisions"}],"wp:attachment":[{"href":"https:\/\/livunltd.com\/fr\/wp-json\/wp\/v2\/media?parent=15136"}],"curies":[{"name":"wp","href":"https:\/\/api.w.org\/{rel}","templated":true}]}}