{"id":15272,"date":"2023-11-28T21:17:47","date_gmt":"2023-11-28T21:17:47","guid":{"rendered":"https:\/\/livunltd.com\/?page_id=15272"},"modified":"2024-01-05T16:12:13","modified_gmt":"2024-01-05T16:12:13","slug":"facility-operations-ca","status":"publish","type":"page","link":"https:\/\/livunltd.com\/fr\/facility-operations-ca\/","title":{"rendered":"Exploitation des installations - CA"},"content":{"rendered":"<section class=\"Block-Section CLR alignfull\" id=\"block_568850d8f058350714e5ac5b6120e213\"\r\n\tstyle=\"padding-top: 60px;padding-bottom: 60px;\">\r\n\r\n\t\r\n\t\r\n\t<div class=\"Block-Section-Inner CLR\" style=\"max-width: 900px;\">\r\n\r\n\t\t\n\n<h1 class=\"wp-block-heading has-text-align-center Page-Title\">Gestion des installations<\/h1>\n\n\n\r\n\r\n\t<section class=\"Block-Sub-Nav CLR alignnone\" id=\"block_07e7cf448f7de5fd11e5a11120aff24f\">\r\n\t\t<nav>\r\n\t\t\t<ul>\r\n\t\t\t\t\t\t\t\t\t\r\n\t\t\t\t\t\t\t\t\t\t\t<li>\r\n\t\t\t\t\t\t\t<a href=\"https:\/\/livunltd.com\/fr\/facility-management\/\"\r\n\t\t\t\t\t\t\t\ttarget=\"\"\r\n\t\t\t\t\t\t\t\tclass=\"Anim-Line\">\r\n\t\t\t\t\t\t\t\tExploitation d'un centre de remise en forme\t\t\t\t\t\t\t<\/a>\r\n\t\t\t\t\t\t<\/li>\r\n\t\t\t\t\t\t\t\t\t\t\t\t\t\t\r\n\t\t\t\t\t\t\t\t\t\t\t<li>\r\n\t\t\t\t\t\t\t<a href=\"https:\/\/livunltd.com\/fr\/facility-operations\/\"\r\n\t\t\t\t\t\t\t\ttarget=\"\"\r\n\t\t\t\t\t\t\t\tclass=\"Anim-Line Active\">\r\n\t\t\t\t\t\t\t\tFitness et bien-\u00eatre virtuels\t\t\t\t\t\t\t<\/a>\r\n\t\t\t\t\t\t<\/li>\r\n\t\t\t\t\t\t\t\t\t\t\t\t<\/ul>\r\n\t\t<\/nav>\r\n\t<\/section>\r\n\n\r\n\r\n\t<\/div>\r\n\r\n\t\r\n<\/section>\r\n\n\n\n<div style=\"height:20px\" aria-hidden=\"true\" class=\"wp-block-spacer Desktop-Only\"><\/div>\n\n\n\r\n\n<section class=\"Block-Services CLR alignfull\" id=\"block_6996b53bda19bb8603e3ed7ef41ce053\">\n\t<div class=\"Block-Services-Left\">\n\t\t<div class=\"Block-Services-Left-Inner\">\n\n\t\t\t\t\t\t\t<div class=\"Block-Services-Content\">\n\t\t\t\t\t<p>Des milliers d'employ\u00e9s et de communaut\u00e9s utilisent la plateforme virtuelle LIVunLtd chaque mois pour s'engager dans des pratiques qui aident \u00e0 construire des modes de vie plus sains, \u00e0 lutter contre la fatigue, \u00e0 r\u00e9duire les blessures sur le lieu de travail et \u00e0 augmenter la productivit\u00e9 - et tout cela personnalis\u00e9 avec votre marque.<\/p>\n\t\t\t\t<\/div>\n\t\t\t\n\t\t\t\t\t\t\t<div class=\"Block-Services-List\">\n\t\t\t\t\t\n\t\t\t\t\t\t\n\t\t\t\t\t\t<div class=\"Block-Services-Item  Trans\" data-num=\"0\">\n\n\t\t\t\t\t\t\t\t\t\t\t\t\t\t\t<div class=\"Block-Services-Item-Image-Mobile\">\n\t\t\t\t\t\t\t\t\t<img loading=\"lazy\" decoding=\"async\" width=\"900\" height=\"487\" src=\"https:\/\/livunltd.com\/wp-content\/uploads\/2024\/01\/dumbell-reach-1024x554.png\" class=\"attachment-large size-large\" alt=\"\" srcset=\"https:\/\/livunltd.com\/wp-content\/uploads\/2024\/01\/dumbell-reach-1024x554.png 1024w, https:\/\/livunltd.com\/wp-content\/uploads\/2024\/01\/dumbell-reach-300x162.png 300w, https:\/\/livunltd.com\/wp-content\/uploads\/2024\/01\/dumbell-reach-768x415.png 768w, https:\/\/livunltd.com\/wp-content\/uploads\/2024\/01\/dumbell-reach-1536x831.png 1536w, https:\/\/livunltd.com\/wp-content\/uploads\/2024\/01\/dumbell-reach-2048x1108.png 2048w\" sizes=\"auto, (max-width: 900px) 100vw, 900px\" \/>\t\t\t\t\t\t\t\t<\/div>\n\t\t\t\t\t\t\t\n\t\t\t\t\t\t\t\t\t\t\t\t\t\t\t<h3>Cours de fitness <\/h3>\n\t\t\t\t\t\t\t\n\t\t\t\t\t\t\t\t\t\t\t\t\t\t\t<p>\u00c0 la demande ou en direct, nous avons perfectionn\u00e9 l'entra\u00eenement virtuel dans une vari\u00e9t\u00e9 de disciplines de fitness, du yoga au cardio en passant par la musculation et la r\u00e9sistance au poids du corps.<\/p>\n\t\t\t\t\t\t\t\n\t\t\t\t\t\t<\/div>\n\n\t\t\t\t\t\t\n\t\t\t\t\t\n\t\t\t\t\t\t\n\t\t\t\t\t\t<div class=\"Block-Services-Item  Trans\" data-num=\"1\">\n\n\t\t\t\t\t\t\t\t\t\t\t\t\t\t\t<div class=\"Block-Services-Item-Image-Mobile\">\n\t\t\t\t\t\t\t\t\t<img loading=\"lazy\" decoding=\"async\" width=\"900\" height=\"600\" src=\"https:\/\/livunltd.com\/wp-content\/uploads\/2024\/01\/iStock-1219901733-1024x683.jpg\" class=\"attachment-large size-large\" alt=\"\" srcset=\"https:\/\/livunltd.com\/wp-content\/uploads\/2024\/01\/iStock-1219901733-1024x683.jpg 1024w, https:\/\/livunltd.com\/wp-content\/uploads\/2024\/01\/iStock-1219901733-300x200.jpg 300w, https:\/\/livunltd.com\/wp-content\/uploads\/2024\/01\/iStock-1219901733-768x512.jpg 768w, https:\/\/livunltd.com\/wp-content\/uploads\/2024\/01\/iStock-1219901733-1536x1024.jpg 1536w, https:\/\/livunltd.com\/wp-content\/uploads\/2024\/01\/iStock-1219901733-2048x1365.jpg 2048w\" sizes=\"auto, (max-width: 900px) 100vw, 900px\" \/>\t\t\t\t\t\t\t\t<\/div>\n\t\t\t\t\t\t\t\n\t\t\t\t\t\t\t\t\t\t\t\t\t\t\t<h3>Les pauses \u00e9tirements sans transpiration<\/h3>\n\t\t\t\t\t\t\t\n\t\t\t\t\t\t\t\t\t\t\t\t\t\t\t<p>Parmi nos contenus les plus populaires figure cette collection de pauses \u00e9tirements de 10 minutes que vous pouvez faire directement \u00e0 votre bureau pour recharger votre \u00e9nergie tout en vous aidant \u00e0 \u00e9viter les blessures caus\u00e9es par les mouvements r\u00e9p\u00e9titifs.<\/p>\n\t\t\t\t\t\t\t\n\t\t\t\t\t\t<\/div>\n\n\t\t\t\t\t\t\n\t\t\t\t\t\n\t\t\t\t\t\t\n\t\t\t\t\t\t<div class=\"Block-Services-Item  Trans\" data-num=\"2\">\n\n\t\t\t\t\t\t\t\t\t\t\t\t\t\t\t<div class=\"Block-Services-Item-Image-Mobile\">\n\t\t\t\t\t\t\t\t\t<img loading=\"lazy\" decoding=\"async\" width=\"900\" height=\"600\" src=\"https:\/\/livunltd.com\/wp-content\/uploads\/2023\/11\/getty-images-yl7JwzIlZLw-unsplash-1024x683.jpg\" class=\"attachment-large size-large\" alt=\"\" srcset=\"https:\/\/livunltd.com\/wp-content\/uploads\/2023\/11\/getty-images-yl7JwzIlZLw-unsplash-1024x683.jpg 1024w, https:\/\/livunltd.com\/wp-content\/uploads\/2023\/11\/getty-images-yl7JwzIlZLw-unsplash-300x200.jpg 300w, https:\/\/livunltd.com\/wp-content\/uploads\/2023\/11\/getty-images-yl7JwzIlZLw-unsplash-768x512.jpg 768w, https:\/\/livunltd.com\/wp-content\/uploads\/2023\/11\/getty-images-yl7JwzIlZLw-unsplash-1536x1024.jpg 1536w, https:\/\/livunltd.com\/wp-content\/uploads\/2023\/11\/getty-images-yl7JwzIlZLw-unsplash-2048x1365.jpg 2048w\" sizes=\"auto, (max-width: 900px) 100vw, 900px\" \/>\t\t\t\t\t\t\t\t<\/div>\n\t\t\t\t\t\t\t\n\t\t\t\t\t\t\t\t\t\t\t\t\t\t\t<h3>S\u00e9rie sur la pleine conscience<\/h3>\n\t\t\t\t\t\t\t\n\t\t\t\t\t\t\t\t\t\t\t\t\t\t\t<p>Notre r\u00e9pertoire de s\u00e9ances de pleine conscience de 10 minutes est un excellent moyen de d\u00e9velopper les comp\u00e9tences qui contribuent \u00e0 renforcer la sant\u00e9 mentale, \u00e0 r\u00e9duire le stress, \u00e0 am\u00e9liorer la concentration et m\u00eame \u00e0 favoriser un meilleur sommeil. <\/p>\n\t\t\t\t\t\t\t\n\t\t\t\t\t\t<\/div>\n\n\t\t\t\t\t\t\n\t\t\t\t\t\n\t\t\t\t\t\t\n\t\t\t\t\t\t<div class=\"Block-Services-Item  Trans\" data-num=\"3\">\n\n\t\t\t\t\t\t\t\t\t\t\t\t\t\t\t<div class=\"Block-Services-Item-Image-Mobile\">\n\t\t\t\t\t\t\t\t\t<img loading=\"lazy\" decoding=\"async\" width=\"900\" height=\"600\" src=\"https:\/\/livunltd.com\/wp-content\/uploads\/2023\/11\/SMH07027-1024x683.jpg\" class=\"attachment-large size-large\" alt=\"\" srcset=\"https:\/\/livunltd.com\/wp-content\/uploads\/2023\/11\/SMH07027-1024x683.jpg 1024w, https:\/\/livunltd.com\/wp-content\/uploads\/2023\/11\/SMH07027-300x200.jpg 300w, https:\/\/livunltd.com\/wp-content\/uploads\/2023\/11\/SMH07027-768x512.jpg 768w, https:\/\/livunltd.com\/wp-content\/uploads\/2023\/11\/SMH07027-1536x1024.jpg 1536w, https:\/\/livunltd.com\/wp-content\/uploads\/2023\/11\/SMH07027-2048x1365.jpg 2048w\" sizes=\"auto, (max-width: 900px) 100vw, 900px\" \/>\t\t\t\t\t\t\t\t<\/div>\n\t\t\t\t\t\t\t\n\t\t\t\t\t\t\t\t\t\t\t\t\t\t\t<h3>Ateliers et apprentissage<\/h3>\n\t\t\t\t\t\t\t\n\t\t\t\t\t\t\t\t\t\t\t\t\t\t\t<p>Notre r\u00e9pertoire d'ateliers virtuels vise \u00e0 \u00e9largir les connaissances dans un large \u00e9ventail de domaines, notamment la cuisine, les vins et spiritueux, la nutrition, la sant\u00e9 et le bien-\u00eatre, et m\u00eame l'appr\u00e9ciation de l'art.<\/p>\n\t\t\t\t\t\t\t\n\t\t\t\t\t\t<\/div>\n\n\t\t\t\t\t\t\n\t\t\t\t\t\n\t\t\t\t\t\t\n\t\t\t\t\t\t<div class=\"Block-Services-Item  Trans\" data-num=\"4\">\n\n\t\t\t\t\t\t\t\t\t\t\t\t\t\t\t<div class=\"Block-Services-Item-Image-Mobile\">\n\t\t\t\t\t\t\t\t\t<img loading=\"lazy\" decoding=\"async\" width=\"756\" height=\"498\" src=\"https:\/\/livunltd.com\/wp-content\/uploads\/2023\/12\/Screen-Shot-2023-12-18-at-8.47.02-AM.png\" class=\"attachment-large size-large\" alt=\"\" srcset=\"https:\/\/livunltd.com\/wp-content\/uploads\/2023\/12\/Screen-Shot-2023-12-18-at-8.47.02-AM.png 756w, https:\/\/livunltd.com\/wp-content\/uploads\/2023\/12\/Screen-Shot-2023-12-18-at-8.47.02-AM-300x198.png 300w\" sizes=\"auto, (max-width: 756px) 100vw, 756px\" \/>\t\t\t\t\t\t\t\t<\/div>\n\t\t\t\t\t\t\t\n\t\t\t\t\t\t\t\t\t\t\t\t\t\t\t<h3>D\u00e9fis pour les entreprises<\/h3>\n\t\t\t\t\t\t\t\n\t\t\t\t\t\t\t\t\t\t\t\t\t\t\t<p>Des tournois sportifs aux d\u00e9fis de remise en forme en passant par les marches de charit\u00e9, LIVunLtd fournit tout, des id\u00e9es \u00e0 la mise en \u0153uvre d'activit\u00e9s de groupe qui rassemblent votre organisation \u00e0 tous les niveaux.<\/p>\n\t\t\t\t\t\t\t\n\t\t\t\t\t\t<\/div>\n\n\t\t\t\t\t\t\n\t\t\t\t\t\n\t\t\t\t\t\t\n\t\t\t\t\t\t<div class=\"Block-Services-Item  Trans\" data-num=\"5\">\n\n\t\t\t\t\t\t\t\t\t\t\t\t\t\t\t<div class=\"Block-Services-Item-Image-Mobile\">\n\t\t\t\t\t\t\t\t\t<img loading=\"lazy\" decoding=\"async\" width=\"900\" height=\"600\" src=\"https:\/\/livunltd.com\/wp-content\/uploads\/2024\/01\/iStock-1319764551-1024x683.jpg\" class=\"attachment-large size-large\" alt=\"\" srcset=\"https:\/\/livunltd.com\/wp-content\/uploads\/2024\/01\/iStock-1319764551-1024x683.jpg 1024w, https:\/\/livunltd.com\/wp-content\/uploads\/2024\/01\/iStock-1319764551-300x200.jpg 300w, https:\/\/livunltd.com\/wp-content\/uploads\/2024\/01\/iStock-1319764551-768x512.jpg 768w, https:\/\/livunltd.com\/wp-content\/uploads\/2024\/01\/iStock-1319764551-1536x1024.jpg 1536w, https:\/\/livunltd.com\/wp-content\/uploads\/2024\/01\/iStock-1319764551-2048x1365.jpg 2048w\" sizes=\"auto, (max-width: 900px) 100vw, 900px\" \/>\t\t\t\t\t\t\t\t<\/div>\n\t\t\t\t\t\t\t\n\t\t\t\t\t\t\t\t\t\t\t\t\t\t\t<h3>Optimal par LIVunLtd<\/h3>\n\t\t\t\t\t\t\t\n\t\t\t\t\t\t\t\t\t\t\t\t\t\t\t<p>Id\u00e9al pour les petites organisations qui n'ont pas besoin d'un contenu personnalis\u00e9, Optimal by LIVunLtd est un moyen \u00e9conomique d'acc\u00e9der \u00e0 l'ensemble de notre biblioth\u00e8que virtuelle, qui comprend des cours en direct tous les jours.<\/p>\n\t\t\t\t\t\t\t\n\t\t\t\t\t\t<\/div>\n\n\t\t\t\t\t\t\n\t\t\t\t\t\t\t\t\t<\/div>\n\t\t\t\n\t\t\t\t\t\t\t<div class=\"Block-Services-Button Button-Circle\">\n\t\t\t\t\t\t\t\t\t\t<a href=\"https:\/\/livunltd.com\/fr\/where-we-do-it\/\"\n\t\t\t\t\t\ttarget=\"\">\n\t\t\t\t\t\tO\u00f9 nous le faisons\t\t\t\t\t<\/a>\n\t\t\t\t<\/div>\n\t\t\t\n\t\t<\/div>\n\t<\/div>\n\n\t<div class=\"Block-Services-Right\">\n\t\t\t\t\t\n\t\t\t\t\n\t\t\t\t<div class=\"Block-Services-Image Active\" data-num=\"0\">\n\t\t\t\t\t<img loading=\"lazy\" decoding=\"async\" width=\"900\" height=\"487\" src=\"https:\/\/livunltd.com\/wp-content\/uploads\/2024\/01\/dumbell-reach-1024x554.png\" class=\"attachment-large size-large\" alt=\"\" srcset=\"https:\/\/livunltd.com\/wp-content\/uploads\/2024\/01\/dumbell-reach-1024x554.png 1024w, https:\/\/livunltd.com\/wp-content\/uploads\/2024\/01\/dumbell-reach-300x162.png 300w, https:\/\/livunltd.com\/wp-content\/uploads\/2024\/01\/dumbell-reach-768x415.png 768w, https:\/\/livunltd.com\/wp-content\/uploads\/2024\/01\/dumbell-reach-1536x831.png 1536w, https:\/\/livunltd.com\/wp-content\/uploads\/2024\/01\/dumbell-reach-2048x1108.png 2048w\" sizes=\"auto, (max-width: 900px) 100vw, 900px\" \/>\t\t\t\t<\/div>\n\n\t\t\t\t\n\t\t\t\n\t\t\t\t\n\t\t\t\t<div class=\"Block-Services-Image\" data-num=\"1\">\n\t\t\t\t\t<img loading=\"lazy\" decoding=\"async\" width=\"900\" height=\"600\" src=\"https:\/\/livunltd.com\/wp-content\/uploads\/2024\/01\/iStock-1219901733-1024x683.jpg\" class=\"attachment-large size-large\" alt=\"\" srcset=\"https:\/\/livunltd.com\/wp-content\/uploads\/2024\/01\/iStock-1219901733-1024x683.jpg 1024w, https:\/\/livunltd.com\/wp-content\/uploads\/2024\/01\/iStock-1219901733-300x200.jpg 300w, https:\/\/livunltd.com\/wp-content\/uploads\/2024\/01\/iStock-1219901733-768x512.jpg 768w, https:\/\/livunltd.com\/wp-content\/uploads\/2024\/01\/iStock-1219901733-1536x1024.jpg 1536w, https:\/\/livunltd.com\/wp-content\/uploads\/2024\/01\/iStock-1219901733-2048x1365.jpg 2048w\" sizes=\"auto, (max-width: 900px) 100vw, 900px\" \/>\t\t\t\t<\/div>\n\n\t\t\t\t\n\t\t\t\n\t\t\t\t\n\t\t\t\t<div class=\"Block-Services-Image\" data-num=\"2\">\n\t\t\t\t\t<img loading=\"lazy\" decoding=\"async\" width=\"900\" height=\"600\" src=\"https:\/\/livunltd.com\/wp-content\/uploads\/2023\/11\/getty-images-yl7JwzIlZLw-unsplash-1024x683.jpg\" class=\"attachment-large size-large\" alt=\"\" srcset=\"https:\/\/livunltd.com\/wp-content\/uploads\/2023\/11\/getty-images-yl7JwzIlZLw-unsplash-1024x683.jpg 1024w, https:\/\/livunltd.com\/wp-content\/uploads\/2023\/11\/getty-images-yl7JwzIlZLw-unsplash-300x200.jpg 300w, https:\/\/livunltd.com\/wp-content\/uploads\/2023\/11\/getty-images-yl7JwzIlZLw-unsplash-768x512.jpg 768w, https:\/\/livunltd.com\/wp-content\/uploads\/2023\/11\/getty-images-yl7JwzIlZLw-unsplash-1536x1024.jpg 1536w, https:\/\/livunltd.com\/wp-content\/uploads\/2023\/11\/getty-images-yl7JwzIlZLw-unsplash-2048x1365.jpg 2048w\" sizes=\"auto, (max-width: 900px) 100vw, 900px\" \/>\t\t\t\t<\/div>\n\n\t\t\t\t\n\t\t\t\n\t\t\t\t\n\t\t\t\t<div class=\"Block-Services-Image\" data-num=\"3\">\n\t\t\t\t\t<img loading=\"lazy\" decoding=\"async\" width=\"900\" height=\"600\" src=\"https:\/\/livunltd.com\/wp-content\/uploads\/2023\/11\/SMH07027-1024x683.jpg\" class=\"attachment-large size-large\" alt=\"\" srcset=\"https:\/\/livunltd.com\/wp-content\/uploads\/2023\/11\/SMH07027-1024x683.jpg 1024w, https:\/\/livunltd.com\/wp-content\/uploads\/2023\/11\/SMH07027-300x200.jpg 300w, https:\/\/livunltd.com\/wp-content\/uploads\/2023\/11\/SMH07027-768x512.jpg 768w, https:\/\/livunltd.com\/wp-content\/uploads\/2023\/11\/SMH07027-1536x1024.jpg 1536w, https:\/\/livunltd.com\/wp-content\/uploads\/2023\/11\/SMH07027-2048x1365.jpg 2048w\" sizes=\"auto, (max-width: 900px) 100vw, 900px\" \/>\t\t\t\t<\/div>\n\n\t\t\t\t\n\t\t\t\n\t\t\t\t\n\t\t\t\t<div class=\"Block-Services-Image\" data-num=\"4\">\n\t\t\t\t\t<img loading=\"lazy\" decoding=\"async\" width=\"756\" height=\"498\" src=\"https:\/\/livunltd.com\/wp-content\/uploads\/2023\/12\/Screen-Shot-2023-12-18-at-8.47.02-AM.png\" class=\"attachment-large size-large\" alt=\"\" srcset=\"https:\/\/livunltd.com\/wp-content\/uploads\/2023\/12\/Screen-Shot-2023-12-18-at-8.47.02-AM.png 756w, https:\/\/livunltd.com\/wp-content\/uploads\/2023\/12\/Screen-Shot-2023-12-18-at-8.47.02-AM-300x198.png 300w\" sizes=\"auto, (max-width: 756px) 100vw, 756px\" \/>\t\t\t\t<\/div>\n\n\t\t\t\t\n\t\t\t\n\t\t\t\t\n\t\t\t\t<div class=\"Block-Services-Image\" data-num=\"5\">\n\t\t\t\t\t<img loading=\"lazy\" decoding=\"async\" width=\"900\" height=\"600\" src=\"https:\/\/livunltd.com\/wp-content\/uploads\/2024\/01\/iStock-1319764551-1024x683.jpg\" class=\"attachment-large size-large\" alt=\"\" srcset=\"https:\/\/livunltd.com\/wp-content\/uploads\/2024\/01\/iStock-1319764551-1024x683.jpg 1024w, https:\/\/livunltd.com\/wp-content\/uploads\/2024\/01\/iStock-1319764551-300x200.jpg 300w, https:\/\/livunltd.com\/wp-content\/uploads\/2024\/01\/iStock-1319764551-768x512.jpg 768w, https:\/\/livunltd.com\/wp-content\/uploads\/2024\/01\/iStock-1319764551-1536x1024.jpg 1536w, https:\/\/livunltd.com\/wp-content\/uploads\/2024\/01\/iStock-1319764551-2048x1365.jpg 2048w\" sizes=\"auto, (max-width: 900px) 100vw, 900px\" \/>\t\t\t\t<\/div>\n\n\t\t\t\t\n\t\t\t\t\t\t<\/div>\n<\/section>\n\n<script>\n(function($) {\n\tvar BLOCK = {};\n\t\tBLOCK.FN = {};\n\t\tBLOCK.VAR = {};\n\t\tBLOCK.VAR.Curr_Item = null;\n\n\t$(document).ready(function() {\n\n\t\t$(\".Block-Services-Item\").each(function() {\n\t\t\tvar Num = $(this).data(\"num\");\n\n\t\t\t$(this).click(function() {\n\t\t\t\tBLOCK.FN.Switch(Num);\n\t\t\t});\n\t\t});\n\n\t});\n\n\tBLOCK.FN.Switch = function(Num) {\n\t\t\/\/if (Num === BLOCK.VAR.Curr_Item) return;\n\n\t\tvar Mobile = false;\n\n\t\tif ( $(window).width() <= 768 )\n\t\t\tMobile = true;\n\n\t\t$(\".Block-Services-Item\").each(function() {\n\t\t\tif ( $(this).data(\"num\") == Num ) {\n\t\t\t\tif ( ! $(this).hasClass(\"Active\") ) {\n\t\t\t\t\t$(this).addClass(\"Active\");\n\t\t\t\t\t$(this).find(\"p\").slideDown();\n\n\t\t\t\t\tif ( Mobile )\n\t\t\t\t\t\t$(this).find(\".Block-Services-Item-Image-Mobile\").slideDown();\n\t\t\t\t}\n\t\t\t\telse {\n\t\t\t\t\t$(this).removeClass(\"Active\");\n\t\t\t\t\t$(this).find(\"p\").slideUp();\n\t\t\t\t\t$(this).find(\".Block-Services-Item-Image-Mobile\").slideUp();\n\t\t\t\t\tNum = 0;\n\t\t\t\t}\n\t\t\t}\n\t\t\telse {\n\t\t\t\t$(this).removeClass(\"Active\");\n\t\t\t\t$(this).find(\"p\").slideUp();\n\t\t\t\t$(this).find(\".Block-Services-Item-Image-Mobile\").slideUp();\n\t\t\t}\n\t\t});\n\n\t\t$(\".Block-Services-Image\").each(function() {\n\t\t\tif ( $(this).data(\"num\") == Num )\n\t\t\t\t$(this).addClass(\"Active\");\n\t\t\telse\n\t\t\t\t$(this).removeClass(\"Active\");\n\t\t});\n\n\t\tBLOCK.VAR.Curr_Item = Num;\n\t};\n})(jQuery);\n<\/script>","protected":false},"excerpt":{"rendered":"","protected":false},"author":16,"featured_media":0,"parent":0,"menu_order":0,"comment_status":"closed","ping_status":"closed","template":"Template-Blocks.php","meta":{"_acf_changed":false,"footnotes":""},"class_list":["post-15272","page","type-page","status-publish","hentry"],"acf":[],"yoast_head":"<!-- This site is optimized with the Yoast SEO plugin v27.5 - https:\/\/yoast.com\/product\/yoast-seo-wordpress\/ -->\n<title>Facility Operations - CA - LIVunLtd<\/title>\n<meta name=\"robots\" content=\"index, follow, max-snippet:-1, max-image-preview:large, max-video-preview:-1\" \/>\n<link rel=\"canonical\" href=\"https:\/\/livunltd.com\/fr\/facility-operations-ca\/\" \/>\n<meta property=\"og:locale\" content=\"fr_CA\" \/>\n<meta property=\"og:type\" content=\"article\" \/>\n<meta property=\"og:title\" content=\"Facility Operations - CA - LIVunLtd\" \/>\n<meta property=\"og:url\" content=\"https:\/\/livunltd.com\/fr\/facility-operations-ca\/\" \/>\n<meta property=\"og:site_name\" content=\"LIVunLtd\" \/>\n<meta property=\"article:modified_time\" content=\"2024-01-05T16:12:13+00:00\" \/>\n<meta name=\"twitter:card\" content=\"summary_large_image\" \/>\n<meta name=\"twitter:label1\" content=\"Estimation du temps de lecture\" \/>\n\t<meta name=\"twitter:data1\" content=\"1 minute\" \/>\n<script type=\"application\/ld+json\" class=\"yoast-schema-graph\">{\"@context\":\"https:\\\/\\\/schema.org\",\"@graph\":[{\"@type\":\"WebPage\",\"@id\":\"https:\\\/\\\/livunltd.com\\\/facility-operations-ca\\\/\",\"url\":\"https:\\\/\\\/livunltd.com\\\/facility-operations-ca\\\/\",\"name\":\"Facility Operations - CA - LIVunLtd\",\"isPartOf\":{\"@id\":\"https:\\\/\\\/livunltd.com\\\/#website\"},\"datePublished\":\"2023-11-28T21:17:47+00:00\",\"dateModified\":\"2024-01-05T16:12:13+00:00\",\"breadcrumb\":{\"@id\":\"https:\\\/\\\/livunltd.com\\\/facility-operations-ca\\\/#breadcrumb\"},\"inLanguage\":\"fr-CA\",\"potentialAction\":[{\"@type\":\"ReadAction\",\"target\":[\"https:\\\/\\\/livunltd.com\\\/facility-operations-ca\\\/\"]}]},{\"@type\":\"BreadcrumbList\",\"@id\":\"https:\\\/\\\/livunltd.com\\\/facility-operations-ca\\\/#breadcrumb\",\"itemListElement\":[{\"@type\":\"ListItem\",\"position\":1,\"name\":\"Home\",\"item\":\"https:\\\/\\\/livunltd.com\\\/\"},{\"@type\":\"ListItem\",\"position\":2,\"name\":\"Facility Operations &#8211; CA\"}]},{\"@type\":\"WebSite\",\"@id\":\"https:\\\/\\\/livunltd.com\\\/#website\",\"url\":\"https:\\\/\\\/livunltd.com\\\/\",\"name\":\"LIVunLtd\",\"description\":\"Concierge, Fitness &amp; Wellness Services\",\"potentialAction\":[{\"@type\":\"SearchAction\",\"target\":{\"@type\":\"EntryPoint\",\"urlTemplate\":\"https:\\\/\\\/livunltd.com\\\/?s={search_term_string}\"},\"query-input\":{\"@type\":\"PropertyValueSpecification\",\"valueRequired\":true,\"valueName\":\"search_term_string\"}}],\"inLanguage\":\"fr-CA\"}]}<\/script>\n<!-- \/ Yoast SEO plugin. -->","yoast_head_json":{"title":"Exploitation des installations - CA - LIVunLtd","robots":{"index":"index","follow":"follow","max-snippet":"max-snippet:-1","max-image-preview":"max-image-preview:large","max-video-preview":"max-video-preview:-1"},"canonical":"https:\/\/livunltd.com\/fr\/facility-operations-ca\/","og_locale":"fr_CA","og_type":"article","og_title":"Facility Operations - CA - LIVunLtd","og_url":"https:\/\/livunltd.com\/fr\/facility-operations-ca\/","og_site_name":"LIVunLtd","article_modified_time":"2024-01-05T16:12:13+00:00","twitter_card":"summary_large_image","twitter_misc":{"Estimation du temps de lecture":"1 minute"},"schema":{"@context":"https:\/\/schema.org","@graph":[{"@type":"WebPage","@id":"https:\/\/livunltd.com\/facility-operations-ca\/","url":"https:\/\/livunltd.com\/facility-operations-ca\/","name":"Exploitation des installations - CA - LIVunLtd","isPartOf":{"@id":"https:\/\/livunltd.com\/#website"},"datePublished":"2023-11-28T21:17:47+00:00","dateModified":"2024-01-05T16:12:13+00:00","breadcrumb":{"@id":"https:\/\/livunltd.com\/facility-operations-ca\/#breadcrumb"},"inLanguage":"fr-CA","potentialAction":[{"@type":"ReadAction","target":["https:\/\/livunltd.com\/facility-operations-ca\/"]}]},{"@type":"BreadcrumbList","@id":"https:\/\/livunltd.com\/facility-operations-ca\/#breadcrumb","itemListElement":[{"@type":"ListItem","position":1,"name":"Home","item":"https:\/\/livunltd.com\/"},{"@type":"ListItem","position":2,"name":"Facility Operations &#8211; CA"}]},{"@type":"WebSite","@id":"https:\/\/livunltd.com\/#website","url":"https:\/\/livunltd.com\/","name":"LIVunLtd","description":"Services de conciergerie, de remise en forme et de bien-\u00eatre","potentialAction":[{"@type":"SearchAction","target":{"@type":"EntryPoint","urlTemplate":"https:\/\/livunltd.com\/?s={search_term_string}"},"query-input":{"@type":"PropertyValueSpecification","valueRequired":true,"valueName":"search_term_string"}}],"inLanguage":"fr-CA"}]}},"_links":{"self":[{"href":"https:\/\/livunltd.com\/fr\/wp-json\/wp\/v2\/pages\/15272","targetHints":{"allow":["GET"]}}],"collection":[{"href":"https:\/\/livunltd.com\/fr\/wp-json\/wp\/v2\/pages"}],"about":[{"href":"https:\/\/livunltd.com\/fr\/wp-json\/wp\/v2\/types\/page"}],"author":[{"embeddable":true,"href":"https:\/\/livunltd.com\/fr\/wp-json\/wp\/v2\/users\/16"}],"replies":[{"embeddable":true,"href":"https:\/\/livunltd.com\/fr\/wp-json\/wp\/v2\/comments?post=15272"}],"version-history":[{"count":0,"href":"https:\/\/livunltd.com\/fr\/wp-json\/wp\/v2\/pages\/15272\/revisions"}],"wp:attachment":[{"href":"https:\/\/livunltd.com\/fr\/wp-json\/wp\/v2\/media?parent=15272"}],"curies":[{"name":"wp","href":"https:\/\/api.w.org\/{rel}","templated":true}]}}