{"id":15604,"date":"2023-12-19T22:04:08","date_gmt":"2023-12-19T22:04:08","guid":{"rendered":"https:\/\/livunltd.com\/?page_id=15604"},"modified":"2023-12-30T15:57:18","modified_gmt":"2023-12-30T15:57:18","slug":"fitness-equipment-svc","status":"publish","type":"page","link":"https:\/\/livunltd.com\/fr\/fitness-equipment-svc\/","title":{"rendered":"Fitness Equipment Svc - CA"},"content":{"rendered":"<section class=\"Block-Section CLR alignfull\" id=\"block_d9362126745075e545d8d2b7148d6801\"\r\n\tstyle=\"\">\r\n\r\n\t\r\n\t\r\n\t<div class=\"Block-Section-Inner CLR\" style=\"max-width: 900px;\">\r\n\r\n\t\t\n\n<h1 class=\"wp-block-heading has-text-align-center Page-Title\">\u00c9quipements de remise en forme<\/h1>\n\n\n\r\n\r\n\t<section class=\"Block-Sub-Nav CLR alignnone\" id=\"block_532d1586ecdfab3fc044111ae06d2974\">\r\n\t\t<nav>\r\n\t\t\t<ul>\r\n\t\t\t\t\t\t\t\t\t\r\n\t\t\t\t\t\t\t\t\t\t\t<li>\r\n\t\t\t\t\t\t\t<a href=\"https:\/\/livunltd.com\/fr\/fitness-equipment-ca\/\"\r\n\t\t\t\t\t\t\t\ttarget=\"\"\r\n\t\t\t\t\t\t\t\tclass=\"Anim-Line\">\r\n\t\t\t\t\t\t\t\tVente d'\u00e9quipements de fitness\t\t\t\t\t\t\t<\/a>\r\n\t\t\t\t\t\t<\/li>\r\n\t\t\t\t\t\t\t\t\t\t\t\t\t\t\r\n\t\t\t\t\t\t\t\t\t\t\t<li>\r\n\t\t\t\t\t\t\t<a href=\"https:\/\/livunltd.com\/fr\/fitness-equipment-svc\/\"\r\n\t\t\t\t\t\t\t\ttarget=\"\"\r\n\t\t\t\t\t\t\t\tclass=\"Anim-Line Active\">\r\n\t\t\t\t\t\t\t\tService de mat\u00e9riel de fitness\t\t\t\t\t\t\t<\/a>\r\n\t\t\t\t\t\t<\/li>\r\n\t\t\t\t\t\t\t\t\t\t\t\t\t\t\r\n\t\t\t\t\t\t\t\t\t\t\t<li>\r\n\t\t\t\t\t\t\t<a href=\"https:\/\/livunltd.com\/fr\/fitness-equipment-consulting-ca\/\"\r\n\t\t\t\t\t\t\t\ttarget=\"\"\r\n\t\t\t\t\t\t\t\tclass=\"Anim-Line\">\r\n\t\t\t\t\t\t\t\tCONSEIL EN \u00c9QUIPEMENT\t\t\t\t\t\t\t<\/a>\r\n\t\t\t\t\t\t<\/li>\r\n\t\t\t\t\t\t\t\t\t\t\t\t<\/ul>\r\n\t\t<\/nav>\r\n\t<\/section>\r\n\n\r\n\r\n\t<\/div>\r\n\r\n\t\r\n<\/section>\r\n\n\n\n<div style=\"height:20px\" aria-hidden=\"true\" class=\"wp-block-spacer Desktop-Only\"><\/div>\n\n\n\r\n\n<section class=\"Block-Services CLR alignfull\" id=\"block_c5760f79561a76c9faebaf7a2b05e42b\">\n\t<div class=\"Block-Services-Left\">\n\t\t<div class=\"Block-Services-Left-Inner\">\n\n\t\t\t\t\t\t\t<div class=\"Block-Services-Content\">\n\t\t\t\t\t<p>L'\u00e9quipe de service et de maintenance de LIVunLtd est au c\u0153ur de notre entreprise et fournit une assistance apr\u00e8s-vente de premier ordre pour votre \u00e9quipement.<\/p>\n\t\t\t\t<\/div>\n\t\t\t\n\t\t\t\t\t\t\t<div class=\"Block-Services-List\">\n\t\t\t\t\t\n\t\t\t\t\t\t\n\t\t\t\t\t\t<div class=\"Block-Services-Item  Trans\" data-num=\"0\">\n\n\t\t\t\t\t\t\t\t\t\t\t\t\t\t\t<div class=\"Block-Services-Item-Image-Mobile\">\n\t\t\t\t\t\t\t\t\t<img loading=\"lazy\" decoding=\"async\" width=\"900\" height=\"600\" src=\"https:\/\/livunltd.com\/wp-content\/uploads\/2023\/11\/BW6I2274-1-1024x683.jpg\" class=\"attachment-large size-large\" alt=\"\" srcset=\"https:\/\/livunltd.com\/wp-content\/uploads\/2023\/11\/BW6I2274-1-1024x683.jpg 1024w, https:\/\/livunltd.com\/wp-content\/uploads\/2023\/11\/BW6I2274-1-300x200.jpg 300w, https:\/\/livunltd.com\/wp-content\/uploads\/2023\/11\/BW6I2274-1-768x512.jpg 768w, https:\/\/livunltd.com\/wp-content\/uploads\/2023\/11\/BW6I2274-1-1536x1024.jpg 1536w, https:\/\/livunltd.com\/wp-content\/uploads\/2023\/11\/BW6I2274-1-2048x1366.jpg 2048w\" sizes=\"auto, (max-width: 900px) 100vw, 900px\" \/>\t\t\t\t\t\t\t\t<\/div>\n\t\t\t\t\t\t\t\n\t\t\t\t\t\t\t\t\t\t\t\t\t\t\t<h3>Service<\/h3>\n\t\t\t\t\t\t\t\n\t\t\t\t\t\t\t\t\t\t\t\t\t\t\t<p>Nos techniciens certifi\u00e9s par l'usine sont comp\u00e9tents pour r\u00e9parer la plupart des grandes marques d'\u00e9quipement et suivent un processus qui rend les r\u00e9parations rapides et faciles.  <\/p>\n\t\t\t\t\t\t\t\n\t\t\t\t\t\t<\/div>\n\n\t\t\t\t\t\t\n\t\t\t\t\t\n\t\t\t\t\t\t\n\t\t\t\t\t\t<div class=\"Block-Services-Item  Trans\" data-num=\"1\">\n\n\t\t\t\t\t\t\t\t\t\t\t\t\t\t\t<div class=\"Block-Services-Item-Image-Mobile\">\n\t\t\t\t\t\t\t\t\t<img loading=\"lazy\" decoding=\"async\" width=\"900\" height=\"600\" src=\"https:\/\/livunltd.com\/wp-content\/uploads\/2023\/11\/BW6I2320-1-1024x683.jpg\" class=\"attachment-large size-large\" alt=\"\" srcset=\"https:\/\/livunltd.com\/wp-content\/uploads\/2023\/11\/BW6I2320-1-1024x683.jpg 1024w, https:\/\/livunltd.com\/wp-content\/uploads\/2023\/11\/BW6I2320-1-300x200.jpg 300w, https:\/\/livunltd.com\/wp-content\/uploads\/2023\/11\/BW6I2320-1-768x512.jpg 768w, https:\/\/livunltd.com\/wp-content\/uploads\/2023\/11\/BW6I2320-1-1536x1024.jpg 1536w, https:\/\/livunltd.com\/wp-content\/uploads\/2023\/11\/BW6I2320-1-2048x1365.jpg 2048w\" sizes=\"auto, (max-width: 900px) 100vw, 900px\" \/>\t\t\t\t\t\t\t\t<\/div>\n\t\t\t\t\t\t\t\n\t\t\t\t\t\t\t\t\t\t\t\t\t\t\t<h3>Maintenance pr\u00e9ventive<\/h3>\n\t\t\t\t\t\t\t\n\t\t\t\t\t\t\t\t\t\t\t\t\t\t\t<p>Votre investissement m\u00e9rite un plan d'entretien pr\u00e9ventif, adapt\u00e9 aux besoins de votre \u00e9tablissement, qui garantira que votre \u00e9quipement reste en parfait \u00e9tat de fonctionnement. <\/p>\n\t\t\t\t\t\t\t\n\t\t\t\t\t\t<\/div>\n\n\t\t\t\t\t\t\n\t\t\t\t\t\n\t\t\t\t\t\t\n\t\t\t\t\t\t<div class=\"Block-Services-Item  Trans\" data-num=\"2\">\n\n\t\t\t\t\t\t\t\t\t\t\t\t\t\t\t<div class=\"Block-Services-Item-Image-Mobile\">\n\t\t\t\t\t\t\t\t\t<img loading=\"lazy\" decoding=\"async\" width=\"900\" height=\"600\" src=\"https:\/\/livunltd.com\/wp-content\/uploads\/2023\/11\/BW6I2269-1-1024x683.jpg\" class=\"attachment-large size-large\" alt=\"\" srcset=\"https:\/\/livunltd.com\/wp-content\/uploads\/2023\/11\/BW6I2269-1-1024x683.jpg 1024w, https:\/\/livunltd.com\/wp-content\/uploads\/2023\/11\/BW6I2269-1-300x200.jpg 300w, https:\/\/livunltd.com\/wp-content\/uploads\/2023\/11\/BW6I2269-1-768x512.jpg 768w, https:\/\/livunltd.com\/wp-content\/uploads\/2023\/11\/BW6I2269-1-1536x1024.jpg 1536w, https:\/\/livunltd.com\/wp-content\/uploads\/2023\/11\/BW6I2269-1-2048x1365.jpg 2048w\" sizes=\"auto, (max-width: 900px) 100vw, 900px\" \/>\t\t\t\t\t\t\t\t<\/div>\n\t\t\t\t\t\t\t\n\t\t\t\t\t\t\t\t\t\t\t\t\t\t\t<h3>Garantie<\/h3>\n\t\t\t\t\t\t\t\n\t\t\t\t\t\t\t\t\t\t\t\t\t\t\t<p>Notre \u00e9quipe d'assistance \u00e0 la client\u00e8le facilite la r\u00e9solution des probl\u00e8mes li\u00e9s \u00e0 la garantie et veille \u00e0 ce que les r\u00e9parations soient effectu\u00e9es rapidement par un technicien qualifi\u00e9 et certifi\u00e9 par l'usine.   <\/p>\n\t\t\t\t\t\t\t\n\t\t\t\t\t\t<\/div>\n\n\t\t\t\t\t\t\n\t\t\t\t\t\n\t\t\t\t\t\t\n\t\t\t\t\t\t<div class=\"Block-Services-Item  Trans\" data-num=\"3\">\n\n\t\t\t\t\t\t\t\t\t\t\t\t\t\t\t<div class=\"Block-Services-Item-Image-Mobile\">\n\t\t\t\t\t\t\t\t\t<img loading=\"lazy\" decoding=\"async\" width=\"900\" height=\"600\" src=\"https:\/\/livunltd.com\/wp-content\/uploads\/2023\/11\/BW6I2261-1-1024x683.jpg\" class=\"attachment-large size-large\" alt=\"\" srcset=\"https:\/\/livunltd.com\/wp-content\/uploads\/2023\/11\/BW6I2261-1-1024x683.jpg 1024w, https:\/\/livunltd.com\/wp-content\/uploads\/2023\/11\/BW6I2261-1-300x200.jpg 300w, https:\/\/livunltd.com\/wp-content\/uploads\/2023\/11\/BW6I2261-1-768x512.jpg 768w, https:\/\/livunltd.com\/wp-content\/uploads\/2023\/11\/BW6I2261-1-1536x1024.jpg 1536w, https:\/\/livunltd.com\/wp-content\/uploads\/2023\/11\/BW6I2261-1-2048x1365.jpg 2048w\" sizes=\"auto, (max-width: 900px) 100vw, 900px\" \/>\t\t\t\t\t\t\t\t<\/div>\n\t\t\t\t\t\t\t\n\t\t\t\t\t\t\t\t\t\t\t\t\t\t\t<h3>Planification de la dur\u00e9e de vie<\/h3>\n\t\t\t\t\t\t\t\n\t\t\t\t\t\t\t\t\t\t\t\t\t\t\t<p>De l'achat initial \u00e0 la mise au rebut finale, notre processus complet maximise la valeur, les performances et la long\u00e9vit\u00e9 de chaque \u00e9quipement tout en minimisant les co\u00fbts op\u00e9rationnels et l'impact sur l'environnement.<\/p>\n\t\t\t\t\t\t\t\n\t\t\t\t\t\t<\/div>\n\n\t\t\t\t\t\t\n\t\t\t\t\t\t\t\t\t<\/div>\n\t\t\t\n\t\t\t\t\t\t\t<div class=\"Block-Services-Button Button-Circle\">\n\t\t\t\t\t\t\t\t\t\t<a href=\"https:\/\/livunltd.com\/fr\/where-we-do-it\/\"\n\t\t\t\t\t\ttarget=\"\">\n\t\t\t\t\t\tO\u00f9 nous le faisons\t\t\t\t\t<\/a>\n\t\t\t\t<\/div>\n\t\t\t\n\t\t<\/div>\n\t<\/div>\n\n\t<div class=\"Block-Services-Right\">\n\t\t\t\t\t\n\t\t\t\t\n\t\t\t\t<div class=\"Block-Services-Image Active\" data-num=\"0\">\n\t\t\t\t\t<img loading=\"lazy\" decoding=\"async\" width=\"900\" height=\"600\" src=\"https:\/\/livunltd.com\/wp-content\/uploads\/2023\/11\/BW6I2274-1-1024x683.jpg\" class=\"attachment-large size-large\" alt=\"\" srcset=\"https:\/\/livunltd.com\/wp-content\/uploads\/2023\/11\/BW6I2274-1-1024x683.jpg 1024w, https:\/\/livunltd.com\/wp-content\/uploads\/2023\/11\/BW6I2274-1-300x200.jpg 300w, https:\/\/livunltd.com\/wp-content\/uploads\/2023\/11\/BW6I2274-1-768x512.jpg 768w, https:\/\/livunltd.com\/wp-content\/uploads\/2023\/11\/BW6I2274-1-1536x1024.jpg 1536w, https:\/\/livunltd.com\/wp-content\/uploads\/2023\/11\/BW6I2274-1-2048x1366.jpg 2048w\" sizes=\"auto, (max-width: 900px) 100vw, 900px\" \/>\t\t\t\t<\/div>\n\n\t\t\t\t\n\t\t\t\n\t\t\t\t\n\t\t\t\t<div class=\"Block-Services-Image\" data-num=\"1\">\n\t\t\t\t\t<img loading=\"lazy\" decoding=\"async\" width=\"900\" height=\"600\" src=\"https:\/\/livunltd.com\/wp-content\/uploads\/2023\/11\/BW6I2320-1-1024x683.jpg\" class=\"attachment-large size-large\" alt=\"\" srcset=\"https:\/\/livunltd.com\/wp-content\/uploads\/2023\/11\/BW6I2320-1-1024x683.jpg 1024w, https:\/\/livunltd.com\/wp-content\/uploads\/2023\/11\/BW6I2320-1-300x200.jpg 300w, https:\/\/livunltd.com\/wp-content\/uploads\/2023\/11\/BW6I2320-1-768x512.jpg 768w, https:\/\/livunltd.com\/wp-content\/uploads\/2023\/11\/BW6I2320-1-1536x1024.jpg 1536w, https:\/\/livunltd.com\/wp-content\/uploads\/2023\/11\/BW6I2320-1-2048x1365.jpg 2048w\" sizes=\"auto, (max-width: 900px) 100vw, 900px\" \/>\t\t\t\t<\/div>\n\n\t\t\t\t\n\t\t\t\n\t\t\t\t\n\t\t\t\t<div class=\"Block-Services-Image\" data-num=\"2\">\n\t\t\t\t\t<img loading=\"lazy\" decoding=\"async\" width=\"900\" height=\"600\" src=\"https:\/\/livunltd.com\/wp-content\/uploads\/2023\/11\/BW6I2269-1-1024x683.jpg\" class=\"attachment-large size-large\" alt=\"\" srcset=\"https:\/\/livunltd.com\/wp-content\/uploads\/2023\/11\/BW6I2269-1-1024x683.jpg 1024w, https:\/\/livunltd.com\/wp-content\/uploads\/2023\/11\/BW6I2269-1-300x200.jpg 300w, https:\/\/livunltd.com\/wp-content\/uploads\/2023\/11\/BW6I2269-1-768x512.jpg 768w, https:\/\/livunltd.com\/wp-content\/uploads\/2023\/11\/BW6I2269-1-1536x1024.jpg 1536w, https:\/\/livunltd.com\/wp-content\/uploads\/2023\/11\/BW6I2269-1-2048x1365.jpg 2048w\" sizes=\"auto, (max-width: 900px) 100vw, 900px\" \/>\t\t\t\t<\/div>\n\n\t\t\t\t\n\t\t\t\n\t\t\t\t\n\t\t\t\t<div class=\"Block-Services-Image\" data-num=\"3\">\n\t\t\t\t\t<img loading=\"lazy\" decoding=\"async\" width=\"900\" height=\"600\" src=\"https:\/\/livunltd.com\/wp-content\/uploads\/2023\/11\/BW6I2261-1-1024x683.jpg\" class=\"attachment-large size-large\" alt=\"\" srcset=\"https:\/\/livunltd.com\/wp-content\/uploads\/2023\/11\/BW6I2261-1-1024x683.jpg 1024w, https:\/\/livunltd.com\/wp-content\/uploads\/2023\/11\/BW6I2261-1-300x200.jpg 300w, https:\/\/livunltd.com\/wp-content\/uploads\/2023\/11\/BW6I2261-1-768x512.jpg 768w, https:\/\/livunltd.com\/wp-content\/uploads\/2023\/11\/BW6I2261-1-1536x1024.jpg 1536w, https:\/\/livunltd.com\/wp-content\/uploads\/2023\/11\/BW6I2261-1-2048x1365.jpg 2048w\" sizes=\"auto, (max-width: 900px) 100vw, 900px\" \/>\t\t\t\t<\/div>\n\n\t\t\t\t\n\t\t\t\t\t\t<\/div>\n<\/section>\n\n<script>\n(function($) {\n\tvar BLOCK = {};\n\t\tBLOCK.FN = {};\n\t\tBLOCK.VAR = {};\n\t\tBLOCK.VAR.Curr_Item = null;\n\n\t$(document).ready(function() {\n\n\t\t$(\".Block-Services-Item\").each(function() {\n\t\t\tvar Num = $(this).data(\"num\");\n\n\t\t\t$(this).click(function() {\n\t\t\t\tBLOCK.FN.Switch(Num);\n\t\t\t});\n\t\t});\n\n\t});\n\n\tBLOCK.FN.Switch = function(Num) {\n\t\t\/\/if (Num === BLOCK.VAR.Curr_Item) return;\n\n\t\tvar Mobile = false;\n\n\t\tif ( $(window).width() <= 768 )\n\t\t\tMobile = true;\n\n\t\t$(\".Block-Services-Item\").each(function() {\n\t\t\tif ( $(this).data(\"num\") == Num ) {\n\t\t\t\tif ( ! $(this).hasClass(\"Active\") ) {\n\t\t\t\t\t$(this).addClass(\"Active\");\n\t\t\t\t\t$(this).find(\"p\").slideDown();\n\n\t\t\t\t\tif ( Mobile )\n\t\t\t\t\t\t$(this).find(\".Block-Services-Item-Image-Mobile\").slideDown();\n\t\t\t\t}\n\t\t\t\telse {\n\t\t\t\t\t$(this).removeClass(\"Active\");\n\t\t\t\t\t$(this).find(\"p\").slideUp();\n\t\t\t\t\t$(this).find(\".Block-Services-Item-Image-Mobile\").slideUp();\n\t\t\t\t\tNum = 0;\n\t\t\t\t}\n\t\t\t}\n\t\t\telse {\n\t\t\t\t$(this).removeClass(\"Active\");\n\t\t\t\t$(this).find(\"p\").slideUp();\n\t\t\t\t$(this).find(\".Block-Services-Item-Image-Mobile\").slideUp();\n\t\t\t}\n\t\t});\n\n\t\t$(\".Block-Services-Image\").each(function() {\n\t\t\tif ( $(this).data(\"num\") == Num )\n\t\t\t\t$(this).addClass(\"Active\");\n\t\t\telse\n\t\t\t\t$(this).removeClass(\"Active\");\n\t\t});\n\n\t\tBLOCK.VAR.Curr_Item = Num;\n\t};\n})(jQuery);\n<\/script>","protected":false},"excerpt":{"rendered":"","protected":false},"author":1,"featured_media":0,"parent":0,"menu_order":0,"comment_status":"closed","ping_status":"closed","template":"Template-Blocks.php","meta":{"_acf_changed":false,"footnotes":""},"class_list":["post-15604","page","type-page","status-publish","hentry"],"acf":[],"yoast_head":"<!-- This site is optimized with the Yoast SEO plugin v27.3 - https:\/\/yoast.com\/product\/yoast-seo-wordpress\/ -->\n<title>Fitness Equipment Svc - CA - LIVunLtd<\/title>\n<meta name=\"robots\" content=\"index, follow, max-snippet:-1, max-image-preview:large, max-video-preview:-1\" \/>\n<link rel=\"canonical\" href=\"https:\/\/livunltd.com\/fr\/fitness-equipment-svc\/\" \/>\n<meta property=\"og:locale\" content=\"fr_CA\" \/>\n<meta property=\"og:type\" content=\"article\" \/>\n<meta property=\"og:title\" content=\"Fitness Equipment Svc - CA - LIVunLtd\" \/>\n<meta property=\"og:url\" content=\"https:\/\/livunltd.com\/fr\/fitness-equipment-svc\/\" \/>\n<meta property=\"og:site_name\" content=\"LIVunLtd\" \/>\n<meta property=\"article:modified_time\" content=\"2023-12-30T15:57:18+00:00\" \/>\n<meta name=\"twitter:card\" content=\"summary_large_image\" \/>\n<meta name=\"twitter:label1\" content=\"Estimation du temps de lecture\" \/>\n\t<meta name=\"twitter:data1\" content=\"1 minute\" \/>\n<script type=\"application\/ld+json\" class=\"yoast-schema-graph\">{\"@context\":\"https:\\\/\\\/schema.org\",\"@graph\":[{\"@type\":\"WebPage\",\"@id\":\"https:\\\/\\\/livunltd.com\\\/fitness-equipment-svc\\\/\",\"url\":\"https:\\\/\\\/livunltd.com\\\/fitness-equipment-svc\\\/\",\"name\":\"Fitness Equipment Svc - CA - LIVunLtd\",\"isPartOf\":{\"@id\":\"https:\\\/\\\/livunltd.com\\\/#website\"},\"datePublished\":\"2023-12-19T22:04:08+00:00\",\"dateModified\":\"2023-12-30T15:57:18+00:00\",\"breadcrumb\":{\"@id\":\"https:\\\/\\\/livunltd.com\\\/fitness-equipment-svc\\\/#breadcrumb\"},\"inLanguage\":\"fr-CA\",\"potentialAction\":[{\"@type\":\"ReadAction\",\"target\":[\"https:\\\/\\\/livunltd.com\\\/fitness-equipment-svc\\\/\"]}]},{\"@type\":\"BreadcrumbList\",\"@id\":\"https:\\\/\\\/livunltd.com\\\/fitness-equipment-svc\\\/#breadcrumb\",\"itemListElement\":[{\"@type\":\"ListItem\",\"position\":1,\"name\":\"Home\",\"item\":\"https:\\\/\\\/livunltd.com\\\/\"},{\"@type\":\"ListItem\",\"position\":2,\"name\":\"Fitness Equipment Svc &#8211; CA\"}]},{\"@type\":\"WebSite\",\"@id\":\"https:\\\/\\\/livunltd.com\\\/#website\",\"url\":\"https:\\\/\\\/livunltd.com\\\/\",\"name\":\"LIVunLtd\",\"description\":\"Concierge, Fitness &amp; Wellness Services\",\"potentialAction\":[{\"@type\":\"SearchAction\",\"target\":{\"@type\":\"EntryPoint\",\"urlTemplate\":\"https:\\\/\\\/livunltd.com\\\/?s={search_term_string}\"},\"query-input\":{\"@type\":\"PropertyValueSpecification\",\"valueRequired\":true,\"valueName\":\"search_term_string\"}}],\"inLanguage\":\"fr-CA\"}]}<\/script>\n<!-- \/ Yoast SEO plugin. -->","yoast_head_json":{"title":"Service d&#039;\u00e9quipement de fitness - Californie - LIVunLtd","robots":{"index":"index","follow":"follow","max-snippet":"max-snippet:-1","max-image-preview":"max-image-preview:large","max-video-preview":"max-video-preview:-1"},"canonical":"https:\/\/livunltd.com\/fr\/fitness-equipment-svc\/","og_locale":"fr_CA","og_type":"article","og_title":"Fitness Equipment Svc - CA - LIVunLtd","og_url":"https:\/\/livunltd.com\/fr\/fitness-equipment-svc\/","og_site_name":"LIVunLtd","article_modified_time":"2023-12-30T15:57:18+00:00","twitter_card":"summary_large_image","twitter_misc":{"Estimation du temps de lecture":"1 minute"},"schema":{"@context":"https:\/\/schema.org","@graph":[{"@type":"WebPage","@id":"https:\/\/livunltd.com\/fitness-equipment-svc\/","url":"https:\/\/livunltd.com\/fitness-equipment-svc\/","name":"Service d&#039;\u00e9quipement de fitness - Californie - LIVunLtd","isPartOf":{"@id":"https:\/\/livunltd.com\/#website"},"datePublished":"2023-12-19T22:04:08+00:00","dateModified":"2023-12-30T15:57:18+00:00","breadcrumb":{"@id":"https:\/\/livunltd.com\/fitness-equipment-svc\/#breadcrumb"},"inLanguage":"fr-CA","potentialAction":[{"@type":"ReadAction","target":["https:\/\/livunltd.com\/fitness-equipment-svc\/"]}]},{"@type":"BreadcrumbList","@id":"https:\/\/livunltd.com\/fitness-equipment-svc\/#breadcrumb","itemListElement":[{"@type":"ListItem","position":1,"name":"Home","item":"https:\/\/livunltd.com\/"},{"@type":"ListItem","position":2,"name":"Fitness Equipment Svc &#8211; CA"}]},{"@type":"WebSite","@id":"https:\/\/livunltd.com\/#website","url":"https:\/\/livunltd.com\/","name":"LIVunLtd","description":"Services de conciergerie, de remise en forme et de bien-\u00eatre","potentialAction":[{"@type":"SearchAction","target":{"@type":"EntryPoint","urlTemplate":"https:\/\/livunltd.com\/?s={search_term_string}"},"query-input":{"@type":"PropertyValueSpecification","valueRequired":true,"valueName":"search_term_string"}}],"inLanguage":"fr-CA"}]}},"_links":{"self":[{"href":"https:\/\/livunltd.com\/fr\/wp-json\/wp\/v2\/pages\/15604","targetHints":{"allow":["GET"]}}],"collection":[{"href":"https:\/\/livunltd.com\/fr\/wp-json\/wp\/v2\/pages"}],"about":[{"href":"https:\/\/livunltd.com\/fr\/wp-json\/wp\/v2\/types\/page"}],"author":[{"embeddable":true,"href":"https:\/\/livunltd.com\/fr\/wp-json\/wp\/v2\/users\/1"}],"replies":[{"embeddable":true,"href":"https:\/\/livunltd.com\/fr\/wp-json\/wp\/v2\/comments?post=15604"}],"version-history":[{"count":0,"href":"https:\/\/livunltd.com\/fr\/wp-json\/wp\/v2\/pages\/15604\/revisions"}],"wp:attachment":[{"href":"https:\/\/livunltd.com\/fr\/wp-json\/wp\/v2\/media?parent=15604"}],"curies":[{"name":"wp","href":"https:\/\/api.w.org\/{rel}","templated":true}]}}