{"id":15672,"date":"2023-12-20T17:10:44","date_gmt":"2023-12-20T17:10:44","guid":{"rendered":"https:\/\/livunltd.com\/?page_id=15672"},"modified":"2024-10-04T21:15:07","modified_gmt":"2024-10-04T21:15:07","slug":"wwd-programming","status":"publish","type":"page","link":"https:\/\/livunltd.com\/fr\/wwd-programming\/","title":{"rendered":"Programmation WWD - \u00c9tats-Unis"},"content":{"rendered":"<style>\r\n\t\t@media\r\n\t\tall and (max-width: 768px),\r\n\t\tall and (max-device-width: 768px)\r\n\t\t{\r\n\t\t\t#block_c464ca38d6a151e37152616e91d91627 {\r\n\t\t\t\tpadding-bottom: 0px !important;\t\t\t}\r\n\t\t}\r\n\t<\/style>\r\n\r\n<section class=\"Block-Section CLR alignfull\" id=\"block_c464ca38d6a151e37152616e91d91627\"\r\n\tstyle=\"padding-top: 60px;padding-bottom: 0px;\">\r\n\r\n\t\r\n\t\r\n\t<div class=\"Block-Section-Inner CLR\" style=\"max-width: 900px;\">\r\n\r\n\t\t\n\n<h1 class=\"wp-block-heading has-text-align-center Page-Title\">Programmation<\/h1>\n\n\n\n<p class=\"has-text-align-center has-medium-font-size\">L'un des avantages concurrentiels de LIVunLtd a toujours \u00e9t\u00e9 les vastes ressources que nous investissons pour avoir la plus grande \u00e9quipe interne de cr\u00e9ateurs professionnels de l'industrie, qui se concentre uniquement sur le d\u00e9veloppement d'\u00e9v\u00e9nements et de programmes uniques, ainsi que sur des supports marketing magnifiquement con\u00e7us. Les r\u00e9sultats - nos services cr\u00e9atifs ont suscit\u00e9 une telle demande que LIVunLtd offre maintenant la programmation comme un service autonome, ainsi que l'option d'ajouter des services de conciergerie virtuelle au m\u00e9lange.<\/p>\n\n\r\n\r\n\t<\/div>\r\n\r\n\t\r\n<\/section>\r\n\n\n\r\n\r\n<section class=\"Block-Section CLR alignfull\" id=\"block_0e48c537d19b41962a817b06d7a97b35\"\r\n\tstyle=\"\">\r\n\r\n\t\r\n\t\r\n\t<div class=\"Block-Section-Inner CLR\" style=\"max-width: 1400px;\">\r\n\r\n\t\t\n\r\n\r\n\r\n\t<section class=\"Block-Slider CLR alignfull\" id=\"block_ebcf06e04be1f6281d8ee93fe693d2d0\">\r\n\t\t<div class=\"Block-Slider-Slides\" style=\"height: 400px;\">\r\n\r\n\t\t\t\r\n\t\t\t\t\t\t\t\t\t<div class=\"Block-Slider-Slide\">\r\n\t\t\t\t\t\t<div style=\"height: 400px;\">\r\n\t\t\t\t\t\t\t<img loading=\"lazy\" decoding=\"async\" width=\"900\" height=\"427\" src=\"https:\/\/livunltd.com\/wp-content\/uploads\/2024\/10\/36-1024x486.jpg\" class=\"attachment-large size-large\" alt=\"\" srcset=\"https:\/\/livunltd.com\/wp-content\/uploads\/2024\/10\/36-1024x486.jpg 1024w, https:\/\/livunltd.com\/wp-content\/uploads\/2024\/10\/36-300x143.jpg 300w, https:\/\/livunltd.com\/wp-content\/uploads\/2024\/10\/36-768x365.jpg 768w, https:\/\/livunltd.com\/wp-content\/uploads\/2024\/10\/36-1536x730.jpg 1536w, https:\/\/livunltd.com\/wp-content\/uploads\/2024\/10\/36-18x9.jpg 18w, https:\/\/livunltd.com\/wp-content\/uploads\/2024\/10\/36.jpg 2000w\" sizes=\"auto, (max-width: 900px) 100vw, 900px\" \/>\t\t\t\t\t\t<\/div>\r\n\t\t\t\t\t<\/div>\r\n\t\t\t\t\r\n\t\t\t\r\n\t\t\t\t\t\t\t\t\t<div class=\"Block-Slider-Slide\">\r\n\t\t\t\t\t\t<div style=\"height: 400px;\">\r\n\t\t\t\t\t\t\t<img loading=\"lazy\" decoding=\"async\" width=\"900\" height=\"427\" src=\"https:\/\/livunltd.com\/wp-content\/uploads\/2024\/10\/websiteimagebar-2-1024x486.jpg\" class=\"attachment-large size-large\" alt=\"\" srcset=\"https:\/\/livunltd.com\/wp-content\/uploads\/2024\/10\/websiteimagebar-2-1024x486.jpg 1024w, https:\/\/livunltd.com\/wp-content\/uploads\/2024\/10\/websiteimagebar-2-300x143.jpg 300w, https:\/\/livunltd.com\/wp-content\/uploads\/2024\/10\/websiteimagebar-2-768x365.jpg 768w, https:\/\/livunltd.com\/wp-content\/uploads\/2024\/10\/websiteimagebar-2-1536x730.jpg 1536w, https:\/\/livunltd.com\/wp-content\/uploads\/2024\/10\/websiteimagebar-2-18x9.jpg 18w, https:\/\/livunltd.com\/wp-content\/uploads\/2024\/10\/websiteimagebar-2.jpg 2000w\" sizes=\"auto, (max-width: 900px) 100vw, 900px\" \/>\t\t\t\t\t\t<\/div>\r\n\t\t\t\t\t<\/div>\r\n\t\t\t\t\r\n\t\t\t\r\n\t\t\t\t\t\t\t\t\t<div class=\"Block-Slider-Slide\">\r\n\t\t\t\t\t\t<div style=\"height: 400px;\">\r\n\t\t\t\t\t\t\t<img loading=\"lazy\" decoding=\"async\" width=\"900\" height=\"427\" src=\"https:\/\/livunltd.com\/wp-content\/uploads\/2023\/12\/Event-Photo-Options-4-1024x486.png\" class=\"attachment-large size-large\" alt=\"\" srcset=\"https:\/\/livunltd.com\/wp-content\/uploads\/2023\/12\/Event-Photo-Options-4-1024x486.png 1024w, https:\/\/livunltd.com\/wp-content\/uploads\/2023\/12\/Event-Photo-Options-4-300x143.png 300w, https:\/\/livunltd.com\/wp-content\/uploads\/2023\/12\/Event-Photo-Options-4-768x365.png 768w, https:\/\/livunltd.com\/wp-content\/uploads\/2023\/12\/Event-Photo-Options-4-1536x730.png 1536w, https:\/\/livunltd.com\/wp-content\/uploads\/2023\/12\/Event-Photo-Options-4.png 2000w\" sizes=\"auto, (max-width: 900px) 100vw, 900px\" \/>\t\t\t\t\t\t<\/div>\r\n\t\t\t\t\t<\/div>\r\n\t\t\t\t\r\n\t\t\t\r\n\t\t\t\t\t\t\t\t\t<div class=\"Block-Slider-Slide\">\r\n\t\t\t\t\t\t<div style=\"height: 400px;\">\r\n\t\t\t\t\t\t\t<img loading=\"lazy\" decoding=\"async\" width=\"900\" height=\"427\" src=\"https:\/\/livunltd.com\/wp-content\/uploads\/2024\/10\/websiteimagebar-3-1024x486.jpg\" class=\"attachment-large size-large\" alt=\"\" srcset=\"https:\/\/livunltd.com\/wp-content\/uploads\/2024\/10\/websiteimagebar-3-1024x486.jpg 1024w, https:\/\/livunltd.com\/wp-content\/uploads\/2024\/10\/websiteimagebar-3-300x143.jpg 300w, https:\/\/livunltd.com\/wp-content\/uploads\/2024\/10\/websiteimagebar-3-768x365.jpg 768w, https:\/\/livunltd.com\/wp-content\/uploads\/2024\/10\/websiteimagebar-3-1536x730.jpg 1536w, https:\/\/livunltd.com\/wp-content\/uploads\/2024\/10\/websiteimagebar-3-18x9.jpg 18w, https:\/\/livunltd.com\/wp-content\/uploads\/2024\/10\/websiteimagebar-3.jpg 2000w\" sizes=\"auto, (max-width: 900px) 100vw, 900px\" \/>\t\t\t\t\t\t<\/div>\r\n\t\t\t\t\t<\/div>\r\n\t\t\t\t\r\n\t\t\t\r\n\t\t\t\t\t\t\t\t\t<div class=\"Block-Slider-Slide\">\r\n\t\t\t\t\t\t<div style=\"height: 400px;\">\r\n\t\t\t\t\t\t\t<img loading=\"lazy\" decoding=\"async\" width=\"900\" height=\"600\" src=\"https:\/\/livunltd.com\/wp-content\/uploads\/2023\/12\/yoga-1024x683.jpg\" class=\"attachment-large size-large\" alt=\"\" srcset=\"https:\/\/livunltd.com\/wp-content\/uploads\/2023\/12\/yoga-1024x683.jpg 1024w, https:\/\/livunltd.com\/wp-content\/uploads\/2023\/12\/yoga-300x200.jpg 300w, https:\/\/livunltd.com\/wp-content\/uploads\/2023\/12\/yoga-768x512.jpg 768w, https:\/\/livunltd.com\/wp-content\/uploads\/2023\/12\/yoga-1536x1024.jpg 1536w, https:\/\/livunltd.com\/wp-content\/uploads\/2023\/12\/yoga-2048x1365.jpg 2048w\" sizes=\"auto, (max-width: 900px) 100vw, 900px\" \/>\t\t\t\t\t\t<\/div>\r\n\t\t\t\t\t<\/div>\r\n\t\t\t\t\r\n\t\t\t\r\n\t\t\t\t\t\t\t\t\t<div class=\"Block-Slider-Slide\">\r\n\t\t\t\t\t\t<div style=\"height: 400px;\">\r\n\t\t\t\t\t\t\t<img loading=\"lazy\" decoding=\"async\" width=\"900\" height=\"427\" src=\"https:\/\/livunltd.com\/wp-content\/uploads\/2023\/12\/Event-Photo-Options-2-1024x486.png\" class=\"attachment-large size-large\" alt=\"\" srcset=\"https:\/\/livunltd.com\/wp-content\/uploads\/2023\/12\/Event-Photo-Options-2-1024x486.png 1024w, https:\/\/livunltd.com\/wp-content\/uploads\/2023\/12\/Event-Photo-Options-2-300x143.png 300w, https:\/\/livunltd.com\/wp-content\/uploads\/2023\/12\/Event-Photo-Options-2-768x365.png 768w, https:\/\/livunltd.com\/wp-content\/uploads\/2023\/12\/Event-Photo-Options-2-1536x730.png 1536w, https:\/\/livunltd.com\/wp-content\/uploads\/2023\/12\/Event-Photo-Options-2.png 2000w\" sizes=\"auto, (max-width: 900px) 100vw, 900px\" \/>\t\t\t\t\t\t<\/div>\r\n\t\t\t\t\t<\/div>\r\n\t\t\t\t\r\n\t\t\t\r\n\t\t\t\t\t\t\t\t\t<div class=\"Block-Slider-Slide\">\r\n\t\t\t\t\t\t<div style=\"height: 400px;\">\r\n\t\t\t\t\t\t\t<img loading=\"lazy\" decoding=\"async\" width=\"900\" height=\"427\" src=\"https:\/\/livunltd.com\/wp-content\/uploads\/2023\/12\/Event-Photo-Options-11-1024x486.png\" class=\"attachment-large size-large\" alt=\"\" srcset=\"https:\/\/livunltd.com\/wp-content\/uploads\/2023\/12\/Event-Photo-Options-11-1024x486.png 1024w, https:\/\/livunltd.com\/wp-content\/uploads\/2023\/12\/Event-Photo-Options-11-300x143.png 300w, https:\/\/livunltd.com\/wp-content\/uploads\/2023\/12\/Event-Photo-Options-11-768x365.png 768w, https:\/\/livunltd.com\/wp-content\/uploads\/2023\/12\/Event-Photo-Options-11-1536x730.png 1536w, https:\/\/livunltd.com\/wp-content\/uploads\/2023\/12\/Event-Photo-Options-11.png 2000w\" sizes=\"auto, (max-width: 900px) 100vw, 900px\" \/>\t\t\t\t\t\t<\/div>\r\n\t\t\t\t\t<\/div>\r\n\t\t\t\t\r\n\t\t\t\r\n\t\t\t\t\t\t\t\t\t<div class=\"Block-Slider-Slide\">\r\n\t\t\t\t\t\t<div style=\"height: 400px;\">\r\n\t\t\t\t\t\t\t<img loading=\"lazy\" decoding=\"async\" width=\"900\" height=\"427\" src=\"https:\/\/livunltd.com\/wp-content\/uploads\/2023\/12\/Event-Photo-Options-5-1024x486.png\" class=\"attachment-large size-large\" alt=\"\" srcset=\"https:\/\/livunltd.com\/wp-content\/uploads\/2023\/12\/Event-Photo-Options-5-1024x486.png 1024w, https:\/\/livunltd.com\/wp-content\/uploads\/2023\/12\/Event-Photo-Options-5-300x143.png 300w, https:\/\/livunltd.com\/wp-content\/uploads\/2023\/12\/Event-Photo-Options-5-768x365.png 768w, https:\/\/livunltd.com\/wp-content\/uploads\/2023\/12\/Event-Photo-Options-5-1536x730.png 1536w, https:\/\/livunltd.com\/wp-content\/uploads\/2023\/12\/Event-Photo-Options-5.png 2000w\" sizes=\"auto, (max-width: 900px) 100vw, 900px\" \/>\t\t\t\t\t\t<\/div>\r\n\t\t\t\t\t<\/div>\r\n\t\t\t\t\r\n\t\t\t\r\n\t\t\t\t\t\t\t\t\t<div class=\"Block-Slider-Slide\">\r\n\t\t\t\t\t\t<div style=\"height: 400px;\">\r\n\t\t\t\t\t\t\t<img loading=\"lazy\" decoding=\"async\" width=\"900\" height=\"427\" src=\"https:\/\/livunltd.com\/wp-content\/uploads\/2023\/12\/3-2-1024x486.png\" class=\"attachment-large size-large\" alt=\"\" srcset=\"https:\/\/livunltd.com\/wp-content\/uploads\/2023\/12\/3-2-1024x486.png 1024w, https:\/\/livunltd.com\/wp-content\/uploads\/2023\/12\/3-2-300x143.png 300w, https:\/\/livunltd.com\/wp-content\/uploads\/2023\/12\/3-2-768x365.png 768w, https:\/\/livunltd.com\/wp-content\/uploads\/2023\/12\/3-2-1536x730.png 1536w, https:\/\/livunltd.com\/wp-content\/uploads\/2023\/12\/3-2.png 2000w\" sizes=\"auto, (max-width: 900px) 100vw, 900px\" \/>\t\t\t\t\t\t<\/div>\r\n\t\t\t\t\t<\/div>\r\n\t\t\t\t\r\n\t\t\t\r\n\t\t\t\t\t\t\t\t\t<div class=\"Block-Slider-Slide\">\r\n\t\t\t\t\t\t<div style=\"height: 400px;\">\r\n\t\t\t\t\t\t\t<img loading=\"lazy\" decoding=\"async\" width=\"900\" height=\"600\" src=\"https:\/\/livunltd.com\/wp-content\/uploads\/2023\/12\/BW6I1920-2-1024x683.jpg\" class=\"attachment-large size-large\" alt=\"\" srcset=\"https:\/\/livunltd.com\/wp-content\/uploads\/2023\/12\/BW6I1920-2-1024x683.jpg 1024w, https:\/\/livunltd.com\/wp-content\/uploads\/2023\/12\/BW6I1920-2-300x200.jpg 300w, https:\/\/livunltd.com\/wp-content\/uploads\/2023\/12\/BW6I1920-2-768x512.jpg 768w, https:\/\/livunltd.com\/wp-content\/uploads\/2023\/12\/BW6I1920-2-1536x1024.jpg 1536w, https:\/\/livunltd.com\/wp-content\/uploads\/2023\/12\/BW6I1920-2-2048x1365.jpg 2048w\" sizes=\"auto, (max-width: 900px) 100vw, 900px\" \/>\t\t\t\t\t\t<\/div>\r\n\t\t\t\t\t<\/div>\r\n\t\t\t\t\r\n\t\t\t\r\n\t\t\t\t\t\t\t\t\t<div class=\"Block-Slider-Slide\">\r\n\t\t\t\t\t\t<div style=\"height: 400px;\">\r\n\t\t\t\t\t\t\t<img loading=\"lazy\" decoding=\"async\" width=\"900\" height=\"427\" src=\"https:\/\/livunltd.com\/wp-content\/uploads\/2023\/12\/Event-Photo-Options-7-1024x486.png\" class=\"attachment-large size-large\" alt=\"\" srcset=\"https:\/\/livunltd.com\/wp-content\/uploads\/2023\/12\/Event-Photo-Options-7-1024x486.png 1024w, https:\/\/livunltd.com\/wp-content\/uploads\/2023\/12\/Event-Photo-Options-7-300x143.png 300w, https:\/\/livunltd.com\/wp-content\/uploads\/2023\/12\/Event-Photo-Options-7-768x365.png 768w, https:\/\/livunltd.com\/wp-content\/uploads\/2023\/12\/Event-Photo-Options-7-1536x730.png 1536w, https:\/\/livunltd.com\/wp-content\/uploads\/2023\/12\/Event-Photo-Options-7.png 2000w\" sizes=\"auto, (max-width: 900px) 100vw, 900px\" \/>\t\t\t\t\t\t<\/div>\r\n\t\t\t\t\t<\/div>\r\n\t\t\t\t\r\n\t\t\t\r\n\t\t\t\t\t\t\t\t\t<div class=\"Block-Slider-Slide\">\r\n\t\t\t\t\t\t<div style=\"height: 400px;\">\r\n\t\t\t\t\t\t\t<img loading=\"lazy\" decoding=\"async\" width=\"900\" height=\"427\" src=\"https:\/\/livunltd.com\/wp-content\/uploads\/2023\/12\/4-2-1024x486.png\" class=\"attachment-large size-large\" alt=\"\" srcset=\"https:\/\/livunltd.com\/wp-content\/uploads\/2023\/12\/4-2-1024x486.png 1024w, https:\/\/livunltd.com\/wp-content\/uploads\/2023\/12\/4-2-300x142.png 300w, https:\/\/livunltd.com\/wp-content\/uploads\/2023\/12\/4-2-768x365.png 768w, https:\/\/livunltd.com\/wp-content\/uploads\/2023\/12\/4-2-1536x729.png 1536w, https:\/\/livunltd.com\/wp-content\/uploads\/2023\/12\/4-2.png 1750w\" sizes=\"auto, (max-width: 900px) 100vw, 900px\" \/>\t\t\t\t\t\t<\/div>\r\n\t\t\t\t\t<\/div>\r\n\t\t\t\t\r\n\t\t\t\r\n\t\t<\/div>\r\n\t<\/section>\r\n\r\n<script>\r\n(function($) {\r\n\t$(document).ready(function() {\r\n\t\ttry {\r\n\t\t\t$(\".Block-Slider-Slides\").slick({\r\n\t\t\t\tdots: false,\r\n\t\t\t\tarrows: true,\r\n\t\t\t\tinfinite: true,\r\n\t\t\t\tspeed: 500,\r\n\t\t\t\tcssEase: \"linear\",\r\n\t\t\t\tautoplay: true,\r\n\t\t\t\tautoplaySpeed: 10000\r\n\t\t\t});\r\n\t\t}\r\n\t\tcatch(err) {}\r\n\t});\r\n})(jQuery);\r\n<\/script>\r\n\n\r\n\r\n\t<\/div>\r\n\r\n\t\r\n<\/section>\r\n\n\n\r\n\r\n<section class=\"Block-Section CLR alignfull\" id=\"block_0e48c537d19b41962a817b06d7a97b35\"\r\n\tstyle=\"\">\r\n\r\n\t\r\n\t\r\n\t<div class=\"Block-Section-Inner CLR\" style=\"max-width: 1400px;\">\r\n\r\n\t\t\n\n<div class=\"wp-block-columns is-layout-flex wp-container-core-columns-is-layout-9d6595d7 wp-block-columns-is-layout-flex\">\n<div class=\"wp-block-column Border-Top is-layout-flow wp-block-column-is-layout-flow\">\n<div style=\"height:1rem\" aria-hidden=\"true\" class=\"wp-block-spacer\"><\/div>\n\n\n\n<h2 class=\"wp-block-heading No-Padding\" style=\"font-size:2rem;font-style:normal;font-weight:400;text-transform:uppercase\">PROGRAMMATION           <\/h2>\n\n\n\n<p>Nous avons organis\u00e9 des groupes de discussion avec des gestionnaires immobiliers et nous avons d\u00e9couvert que la plupart des \u00e9quipes de gestion se sentent accabl\u00e9es et distraites par la t\u00e2che de planifier et de coordonner les activit\u00e9s et les \u00e9v\u00e9nements pour leurs communaut\u00e9s. LIVunLtd a donc con\u00e7u une solution parfaite avec tout ce dont l'\u00e9quipe de gestion immobili\u00e8re a besoin pour ex\u00e9cuter une vaste gamme d'\u00e9v\u00e9nements - des cours de fitness aux f\u00eates de fin d'ann\u00e9e, en passant par les conf\u00e9renciers invit\u00e9s et bien plus encore. Nous fournissons toutes les bonnes id\u00e9es, ainsi que les ingr\u00e9dients et une feuille de route pour les mettre en \u0153uvre. Nous concevons m\u00eame les supports cr\u00e9atifs et nous g\u00e9rons les RSVP et la vente des billets, si c'est ce dont vous avez besoin.<\/p>\n<\/div>\n\n\n\n<div class=\"wp-block-column Border-Top is-layout-flow wp-block-column-is-layout-flow\">\n<div style=\"height:1rem\" aria-hidden=\"true\" class=\"wp-block-spacer\"><\/div>\n\n\n\n<h2 class=\"wp-block-heading No-Padding\" style=\"font-size:2rem;font-style:normal;font-weight:400;text-transform:uppercase\">PROGRAMMES ET SERVICES<\/h2>\n\n\n\n<p>Au-del\u00e0 des \u00e9v\u00e9nements, vous pouvez renforcer l'engagement de la communaut\u00e9 gr\u00e2ce \u00e0 une s\u00e9rie de services virtuels propos\u00e9s par notre \u00e9quipe de concierges de style h\u00f4telier. Pour beaucoup, notre concierge d'emm\u00e9nagement, unique en son genre, est le moyen id\u00e9al d'ajouter une touche personnelle et une efficacit\u00e9 suppl\u00e9mentaire au cours du processus d'emm\u00e9nagement des r\u00e9sidents. Pour d'autres, la solution consiste \u00e0 permettre aux r\u00e9sidents, aux locataires ou aux membres d'utiliser les connaissances et les relations de notre \u00e9quipe pour obtenir de l'aide, des recommandations personnalis\u00e9es et des recommandations pour tout ce qui concerne les services \u00e0 domicile et personnels, les r\u00e9servations de restaurants, la vie nocturne, les divertissements et bien plus encore.<\/p>\n<\/div>\n<\/div>\n\n\n\n<div style=\"height:1.5rem\" aria-hidden=\"true\" class=\"wp-block-spacer\"><\/div>\n\n\n\n<div class=\"wp-block-buttons is-content-justification-right is-layout-flex wp-container-core-buttons-is-layout-765c4724 wp-block-buttons-is-layout-flex\">\n<div class=\"wp-block-button Button-Circle\"><a class=\"wp-block-button__link wp-element-button\" href=\"https:\/\/livunltd.com\/fr\/where-we-do-it\/\">O\u00f9 nous le faisons<\/a><\/div>\n<\/div>\n\n\r\n\r\n\t<\/div>\r\n\r\n\t\r\n<\/section>","protected":false},"excerpt":{"rendered":"","protected":false},"author":16,"featured_media":0,"parent":0,"menu_order":0,"comment_status":"closed","ping_status":"closed","template":"Template-Blocks.php","meta":{"_acf_changed":true,"footnotes":""},"class_list":["post-15672","page","type-page","status-publish","hentry"],"acf":[],"yoast_head":"<!-- This site is optimized with the Yoast SEO plugin v27.4 - https:\/\/yoast.com\/product\/yoast-seo-wordpress\/ -->\n<title>WWD Programming - US - LIVunLtd<\/title>\n<meta name=\"robots\" content=\"index, follow, max-snippet:-1, max-image-preview:large, max-video-preview:-1\" \/>\n<link rel=\"canonical\" href=\"https:\/\/livunltd.com\/fr\/wwd-programming\/\" \/>\n<meta property=\"og:locale\" content=\"fr_CA\" \/>\n<meta property=\"og:type\" content=\"article\" \/>\n<meta property=\"og:title\" content=\"WWD Programming - US - LIVunLtd\" \/>\n<meta property=\"og:url\" content=\"https:\/\/livunltd.com\/fr\/wwd-programming\/\" \/>\n<meta property=\"og:site_name\" content=\"LIVunLtd\" \/>\n<meta property=\"article:modified_time\" content=\"2024-10-04T21:15:07+00:00\" \/>\n<meta name=\"twitter:card\" content=\"summary_large_image\" \/>\n<meta name=\"twitter:label1\" content=\"Estimation du temps de lecture\" \/>\n\t<meta name=\"twitter:data1\" content=\"2 minutes\" \/>\n<script type=\"application\/ld+json\" class=\"yoast-schema-graph\">{\"@context\":\"https:\\\/\\\/schema.org\",\"@graph\":[{\"@type\":\"WebPage\",\"@id\":\"https:\\\/\\\/livunltd.com\\\/wwd-programming\\\/\",\"url\":\"https:\\\/\\\/livunltd.com\\\/wwd-programming\\\/\",\"name\":\"WWD Programming - US - LIVunLtd\",\"isPartOf\":{\"@id\":\"https:\\\/\\\/livunltd.com\\\/#website\"},\"datePublished\":\"2023-12-20T17:10:44+00:00\",\"dateModified\":\"2024-10-04T21:15:07+00:00\",\"breadcrumb\":{\"@id\":\"https:\\\/\\\/livunltd.com\\\/wwd-programming\\\/#breadcrumb\"},\"inLanguage\":\"fr-CA\",\"potentialAction\":[{\"@type\":\"ReadAction\",\"target\":[\"https:\\\/\\\/livunltd.com\\\/wwd-programming\\\/\"]}]},{\"@type\":\"BreadcrumbList\",\"@id\":\"https:\\\/\\\/livunltd.com\\\/wwd-programming\\\/#breadcrumb\",\"itemListElement\":[{\"@type\":\"ListItem\",\"position\":1,\"name\":\"Home\",\"item\":\"https:\\\/\\\/livunltd.com\\\/\"},{\"@type\":\"ListItem\",\"position\":2,\"name\":\"WWD Programming &#8211; US\"}]},{\"@type\":\"WebSite\",\"@id\":\"https:\\\/\\\/livunltd.com\\\/#website\",\"url\":\"https:\\\/\\\/livunltd.com\\\/\",\"name\":\"LIVunLtd\",\"description\":\"Concierge, Fitness &amp; Wellness Services\",\"potentialAction\":[{\"@type\":\"SearchAction\",\"target\":{\"@type\":\"EntryPoint\",\"urlTemplate\":\"https:\\\/\\\/livunltd.com\\\/?s={search_term_string}\"},\"query-input\":{\"@type\":\"PropertyValueSpecification\",\"valueRequired\":true,\"valueName\":\"search_term_string\"}}],\"inLanguage\":\"fr-CA\"}]}<\/script>\n<!-- \/ Yoast SEO plugin. -->","yoast_head_json":{"title":"Programmation WWD - \u00c9tats-Unis - LIVunLtd","robots":{"index":"index","follow":"follow","max-snippet":"max-snippet:-1","max-image-preview":"max-image-preview:large","max-video-preview":"max-video-preview:-1"},"canonical":"https:\/\/livunltd.com\/fr\/wwd-programming\/","og_locale":"fr_CA","og_type":"article","og_title":"WWD Programming - US - LIVunLtd","og_url":"https:\/\/livunltd.com\/fr\/wwd-programming\/","og_site_name":"LIVunLtd","article_modified_time":"2024-10-04T21:15:07+00:00","twitter_card":"summary_large_image","twitter_misc":{"Estimation du temps de lecture":"2 minutes"},"schema":{"@context":"https:\/\/schema.org","@graph":[{"@type":"WebPage","@id":"https:\/\/livunltd.com\/wwd-programming\/","url":"https:\/\/livunltd.com\/wwd-programming\/","name":"Programmation WWD - \u00c9tats-Unis - LIVunLtd","isPartOf":{"@id":"https:\/\/livunltd.com\/#website"},"datePublished":"2023-12-20T17:10:44+00:00","dateModified":"2024-10-04T21:15:07+00:00","breadcrumb":{"@id":"https:\/\/livunltd.com\/wwd-programming\/#breadcrumb"},"inLanguage":"fr-CA","potentialAction":[{"@type":"ReadAction","target":["https:\/\/livunltd.com\/wwd-programming\/"]}]},{"@type":"BreadcrumbList","@id":"https:\/\/livunltd.com\/wwd-programming\/#breadcrumb","itemListElement":[{"@type":"ListItem","position":1,"name":"Home","item":"https:\/\/livunltd.com\/"},{"@type":"ListItem","position":2,"name":"WWD Programming &#8211; US"}]},{"@type":"WebSite","@id":"https:\/\/livunltd.com\/#website","url":"https:\/\/livunltd.com\/","name":"LIVunLtd","description":"Services de conciergerie, de remise en forme et de bien-\u00eatre","potentialAction":[{"@type":"SearchAction","target":{"@type":"EntryPoint","urlTemplate":"https:\/\/livunltd.com\/?s={search_term_string}"},"query-input":{"@type":"PropertyValueSpecification","valueRequired":true,"valueName":"search_term_string"}}],"inLanguage":"fr-CA"}]}},"_links":{"self":[{"href":"https:\/\/livunltd.com\/fr\/wp-json\/wp\/v2\/pages\/15672","targetHints":{"allow":["GET"]}}],"collection":[{"href":"https:\/\/livunltd.com\/fr\/wp-json\/wp\/v2\/pages"}],"about":[{"href":"https:\/\/livunltd.com\/fr\/wp-json\/wp\/v2\/types\/page"}],"author":[{"embeddable":true,"href":"https:\/\/livunltd.com\/fr\/wp-json\/wp\/v2\/users\/16"}],"replies":[{"embeddable":true,"href":"https:\/\/livunltd.com\/fr\/wp-json\/wp\/v2\/comments?post=15672"}],"version-history":[{"count":0,"href":"https:\/\/livunltd.com\/fr\/wp-json\/wp\/v2\/pages\/15672\/revisions"}],"wp:attachment":[{"href":"https:\/\/livunltd.com\/fr\/wp-json\/wp\/v2\/media?parent=15672"}],"curies":[{"name":"wp","href":"https:\/\/api.w.org\/{rel}","templated":true}]}}