{"id":15967,"date":"2023-12-28T16:52:30","date_gmt":"2023-12-28T16:52:30","guid":{"rendered":"https:\/\/livunltd.com\/?page_id=15967"},"modified":"2023-12-30T16:18:35","modified_gmt":"2023-12-30T16:18:35","slug":"fitness-equipment-consulting-ca","status":"publish","type":"page","link":"https:\/\/livunltd.com\/fr\/fitness-equipment-consulting-ca\/","title":{"rendered":"Consultation en mati\u00e8re d'\u00e9quipement de conditionnement physique - CA"},"content":{"rendered":"<section class=\"Block-Section CLR alignfull\" id=\"block_fc557aeb283ffe8b8c79c04945231756\"\r\n\tstyle=\"\">\r\n\r\n\t\r\n\t\r\n\t<div class=\"Block-Section-Inner CLR\" style=\"max-width: 900px;\">\r\n\r\n\t\t\n\n<h1 class=\"wp-block-heading has-text-align-center Page-Title\">\u00c9quipements de remise en forme<\/h1>\n\n\n\r\n\r\n\t<section class=\"Block-Sub-Nav CLR alignnone\" id=\"block_6fd39a0ca74dd01270f977512ee69943\">\r\n\t\t<nav>\r\n\t\t\t<ul>\r\n\t\t\t\t\t\t\t\t\t\r\n\t\t\t\t\t\t\t\t\t\t\t<li>\r\n\t\t\t\t\t\t\t<a href=\"https:\/\/livunltd.com\/fr\/fitness-equipment-ca\/\"\r\n\t\t\t\t\t\t\t\ttarget=\"\"\r\n\t\t\t\t\t\t\t\tclass=\"Anim-Line\">\r\n\t\t\t\t\t\t\t\tVente d'\u00e9quipements de fitness\t\t\t\t\t\t\t<\/a>\r\n\t\t\t\t\t\t<\/li>\r\n\t\t\t\t\t\t\t\t\t\t\t\t\t\t\r\n\t\t\t\t\t\t\t\t\t\t\t<li>\r\n\t\t\t\t\t\t\t<a href=\"https:\/\/livunltd.com\/fr\/fitness-equipment-svc\/\"\r\n\t\t\t\t\t\t\t\ttarget=\"\"\r\n\t\t\t\t\t\t\t\tclass=\"Anim-Line\">\r\n\t\t\t\t\t\t\t\tService de mat\u00e9riel de fitness\t\t\t\t\t\t\t<\/a>\r\n\t\t\t\t\t\t<\/li>\r\n\t\t\t\t\t\t\t\t\t\t\t\t\t\t\r\n\t\t\t\t\t\t\t\t\t\t\t<li>\r\n\t\t\t\t\t\t\t<a href=\"https:\/\/livunltd.com\/fr\/fitness-equipment-consulting-ca\/\"\r\n\t\t\t\t\t\t\t\ttarget=\"\"\r\n\t\t\t\t\t\t\t\tclass=\"Anim-Line Active\">\r\n\t\t\t\t\t\t\t\tConseil en mati\u00e8re d'\u00e9quipement\t\t\t\t\t\t\t<\/a>\r\n\t\t\t\t\t\t<\/li>\r\n\t\t\t\t\t\t\t\t\t\t\t\t<\/ul>\r\n\t\t<\/nav>\r\n\t<\/section>\r\n\n\r\n\r\n\t<\/div>\r\n\r\n\t\r\n<\/section>\r\n\n\n\n<div style=\"height:20px\" aria-hidden=\"true\" class=\"wp-block-spacer Desktop-Only\"><\/div>\n\n\n\r\n\n<section class=\"Block-Services CLR alignfull\" id=\"block_4a6496f875b5e0e5f430d14d4c7f4112\">\n\t<div class=\"Block-Services-Left\">\n\t\t<div class=\"Block-Services-Left-Inner\">\n\n\t\t\t\t\t\t\t<div class=\"Block-Services-Content\">\n\t\t\t\t\t<p>Nos services de conseil comprennent la mise en page et la conception, la formation et l'\u00e9ducation, et ce que nous appelons Insights - l'aboutissement de nos d\u00e9cennies d'exp\u00e9rience, de donn\u00e9es et d'informations sectorielles les plus r\u00e9centes. Tout ce que nous faisons est con\u00e7u pour vous apporter les connaissances et le soutien n\u00e9cessaires pour atteindre vos objectifs.<\/p>\n\t\t\t\t<\/div>\n\t\t\t\n\t\t\t\t\t\t\t<div class=\"Block-Services-List\">\n\t\t\t\t\t\n\t\t\t\t\t\t\n\t\t\t\t\t\t<div class=\"Block-Services-Item  Trans\" data-num=\"0\">\n\n\t\t\t\t\t\t\t\t\t\t\t\t\t\t\t<div class=\"Block-Services-Item-Image-Mobile\">\n\t\t\t\t\t\t\t\t\t<img loading=\"lazy\" decoding=\"async\" width=\"900\" height=\"600\" src=\"https:\/\/livunltd.com\/wp-content\/uploads\/2023\/11\/BW6I2315-1-1-1024x683.jpg\" class=\"attachment-large size-large\" alt=\"\" srcset=\"https:\/\/livunltd.com\/wp-content\/uploads\/2023\/11\/BW6I2315-1-1-1024x683.jpg 1024w, https:\/\/livunltd.com\/wp-content\/uploads\/2023\/11\/BW6I2315-1-1-300x200.jpg 300w, https:\/\/livunltd.com\/wp-content\/uploads\/2023\/11\/BW6I2315-1-1-768x512.jpg 768w, https:\/\/livunltd.com\/wp-content\/uploads\/2023\/11\/BW6I2315-1-1-1536x1024.jpg 1536w, https:\/\/livunltd.com\/wp-content\/uploads\/2023\/11\/BW6I2315-1-1-2048x1365.jpg 2048w\" sizes=\"auto, (max-width: 900px) 100vw, 900px\" \/>\t\t\t\t\t\t\t\t<\/div>\n\t\t\t\t\t\t\t\n\t\t\t\t\t\t\t\t\t\t\t\t\t\t\t<h3>Mise en page et conception<\/h3>\n\t\t\t\t\t\t\t\n\t\t\t\t\t\t\t\t\t\t\t\t\t\t\t<p>Nous cr\u00e9ons des environnements qui inspirent, motivent et \u00e9l\u00e8vent les exp\u00e9riences de remise en forme. Chaque projet est unique et notre \u00e9quipe s'engage \u00e0 concevoir un espace qui refl\u00e8te votre vision. Nos services comprennent l'am\u00e9nagement de l'espace, la d\u00e9coration int\u00e9rieure, la s\u00e9lection des \u00e9quipements et la strat\u00e9gie de marque.<\/p>\n\t\t\t\t\t\t\t\n\t\t\t\t\t\t<\/div>\n\n\t\t\t\t\t\t\n\t\t\t\t\t\n\t\t\t\t\t\t\n\t\t\t\t\t\t<div class=\"Block-Services-Item  Trans\" data-num=\"1\">\n\n\t\t\t\t\t\t\t\t\t\t\t\t\t\t\t<div class=\"Block-Services-Item-Image-Mobile\">\n\t\t\t\t\t\t\t\t\t<img loading=\"lazy\" decoding=\"async\" width=\"900\" height=\"338\" src=\"https:\/\/livunltd.com\/wp-content\/uploads\/2023\/12\/exerciser-touching-se4-top-down-view-9118-1024x384.jpg\" class=\"attachment-large size-large\" alt=\"\" srcset=\"https:\/\/livunltd.com\/wp-content\/uploads\/2023\/12\/exerciser-touching-se4-top-down-view-9118-1024x384.jpg 1024w, https:\/\/livunltd.com\/wp-content\/uploads\/2023\/12\/exerciser-touching-se4-top-down-view-9118-300x113.jpg 300w, https:\/\/livunltd.com\/wp-content\/uploads\/2023\/12\/exerciser-touching-se4-top-down-view-9118-768x288.jpg 768w, https:\/\/livunltd.com\/wp-content\/uploads\/2023\/12\/exerciser-touching-se4-top-down-view-9118-1536x576.jpg 1536w, https:\/\/livunltd.com\/wp-content\/uploads\/2023\/12\/exerciser-touching-se4-top-down-view-9118.jpg 1560w\" sizes=\"auto, (max-width: 900px) 100vw, 900px\" \/>\t\t\t\t\t\t\t\t<\/div>\n\t\t\t\t\t\t\t\n\t\t\t\t\t\t\t\t\t\t\t\t\t\t\t<h3>Formation et \u00e9ducation<\/h3>\n\t\t\t\t\t\t\t\n\t\t\t\t\t\t\t\t\t\t\t\t\t\t\t<p>L'Acad\u00e9mie de formation LIVunLtd est con\u00e7ue pour vous donner les moyens d'agir en vous fournissant les outils et les ressources n\u00e9cessaires pour exceller dans l'industrie du fitness. Recevez une formation pratique sur les produits, disponible en personne, \u00e0 la demande ou en ligne, afin d'am\u00e9liorer l'exp\u00e9rience de vos membres.  <\/p>\n\t\t\t\t\t\t\t\n\t\t\t\t\t\t<\/div>\n\n\t\t\t\t\t\t\n\t\t\t\t\t\n\t\t\t\t\t\t\n\t\t\t\t\t\t<div class=\"Block-Services-Item  Trans\" data-num=\"2\">\n\n\t\t\t\t\t\t\t\t\t\t\t\t\t\t\t<div class=\"Block-Services-Item-Image-Mobile\">\n\t\t\t\t\t\t\t\t\t<img loading=\"lazy\" decoding=\"async\" width=\"768\" height=\"576\" src=\"https:\/\/livunltd.com\/wp-content\/uploads\/2023\/12\/lfod-interactive-terrain-se4-image.jpg\" class=\"attachment-large size-large\" alt=\"\" srcset=\"https:\/\/livunltd.com\/wp-content\/uploads\/2023\/12\/lfod-interactive-terrain-se4-image.jpg 768w, https:\/\/livunltd.com\/wp-content\/uploads\/2023\/12\/lfod-interactive-terrain-se4-image-300x225.jpg 300w\" sizes=\"auto, (max-width: 768px) 100vw, 768px\" \/>\t\t\t\t\t\t\t\t<\/div>\n\t\t\t\t\t\t\t\n\t\t\t\t\t\t\t\t\t\t\t\t\t\t\t<h3>Perspectives<\/h3>\n\t\t\t\t\t\t\t\n\t\t\t\t\t\t\t\t\t\t\t\t\t\t\t<p>En tant que v\u00e9ritables connaisseurs du secteur, nous avons acc\u00e8s \u00e0 des informations que nous rassemblons, \u00e9tudions et partageons avec diligence afin de vous tenir au courant des tendances \u00e9mergentes et d'autres informations pr\u00e9cieuses qui vous aideront \u00e0 faire progresser votre entreprise.<\/p>\n\t\t\t\t\t\t\t\n\t\t\t\t\t\t<\/div>\n\n\t\t\t\t\t\t\n\t\t\t\t\t\t\t\t\t<\/div>\n\t\t\t\n\t\t\t\t\t\t\t<div class=\"Block-Services-Button Button-Circle\">\n\t\t\t\t\t\t\t\t\t\t<a href=\"https:\/\/livunltd.com\/fr\/where-we-do-it\/\"\n\t\t\t\t\t\ttarget=\"\">\n\t\t\t\t\t\tO\u00f9 nous le faisons\t\t\t\t\t<\/a>\n\t\t\t\t<\/div>\n\t\t\t\n\t\t<\/div>\n\t<\/div>\n\n\t<div class=\"Block-Services-Right\">\n\t\t\t\t\t\n\t\t\t\t\n\t\t\t\t<div class=\"Block-Services-Image Active\" data-num=\"0\">\n\t\t\t\t\t<img loading=\"lazy\" decoding=\"async\" width=\"900\" height=\"600\" src=\"https:\/\/livunltd.com\/wp-content\/uploads\/2023\/11\/BW6I2315-1-1-1024x683.jpg\" class=\"attachment-large size-large\" alt=\"\" srcset=\"https:\/\/livunltd.com\/wp-content\/uploads\/2023\/11\/BW6I2315-1-1-1024x683.jpg 1024w, https:\/\/livunltd.com\/wp-content\/uploads\/2023\/11\/BW6I2315-1-1-300x200.jpg 300w, https:\/\/livunltd.com\/wp-content\/uploads\/2023\/11\/BW6I2315-1-1-768x512.jpg 768w, https:\/\/livunltd.com\/wp-content\/uploads\/2023\/11\/BW6I2315-1-1-1536x1024.jpg 1536w, https:\/\/livunltd.com\/wp-content\/uploads\/2023\/11\/BW6I2315-1-1-2048x1365.jpg 2048w\" sizes=\"auto, (max-width: 900px) 100vw, 900px\" \/>\t\t\t\t<\/div>\n\n\t\t\t\t\n\t\t\t\n\t\t\t\t\n\t\t\t\t<div class=\"Block-Services-Image\" data-num=\"1\">\n\t\t\t\t\t<img loading=\"lazy\" decoding=\"async\" width=\"900\" height=\"338\" src=\"https:\/\/livunltd.com\/wp-content\/uploads\/2023\/12\/exerciser-touching-se4-top-down-view-9118-1024x384.jpg\" class=\"attachment-large size-large\" alt=\"\" srcset=\"https:\/\/livunltd.com\/wp-content\/uploads\/2023\/12\/exerciser-touching-se4-top-down-view-9118-1024x384.jpg 1024w, https:\/\/livunltd.com\/wp-content\/uploads\/2023\/12\/exerciser-touching-se4-top-down-view-9118-300x113.jpg 300w, https:\/\/livunltd.com\/wp-content\/uploads\/2023\/12\/exerciser-touching-se4-top-down-view-9118-768x288.jpg 768w, https:\/\/livunltd.com\/wp-content\/uploads\/2023\/12\/exerciser-touching-se4-top-down-view-9118-1536x576.jpg 1536w, https:\/\/livunltd.com\/wp-content\/uploads\/2023\/12\/exerciser-touching-se4-top-down-view-9118.jpg 1560w\" sizes=\"auto, (max-width: 900px) 100vw, 900px\" \/>\t\t\t\t<\/div>\n\n\t\t\t\t\n\t\t\t\n\t\t\t\t\n\t\t\t\t<div class=\"Block-Services-Image\" data-num=\"2\">\n\t\t\t\t\t<img loading=\"lazy\" decoding=\"async\" width=\"768\" height=\"576\" src=\"https:\/\/livunltd.com\/wp-content\/uploads\/2023\/12\/lfod-interactive-terrain-se4-image.jpg\" class=\"attachment-large size-large\" alt=\"\" srcset=\"https:\/\/livunltd.com\/wp-content\/uploads\/2023\/12\/lfod-interactive-terrain-se4-image.jpg 768w, https:\/\/livunltd.com\/wp-content\/uploads\/2023\/12\/lfod-interactive-terrain-se4-image-300x225.jpg 300w\" sizes=\"auto, (max-width: 768px) 100vw, 768px\" \/>\t\t\t\t<\/div>\n\n\t\t\t\t\n\t\t\t\t\t\t<\/div>\n<\/section>\n\n<script>\n(function($) {\n\tvar BLOCK = {};\n\t\tBLOCK.FN = {};\n\t\tBLOCK.VAR = {};\n\t\tBLOCK.VAR.Curr_Item = null;\n\n\t$(document).ready(function() {\n\n\t\t$(\".Block-Services-Item\").each(function() {\n\t\t\tvar Num = $(this).data(\"num\");\n\n\t\t\t$(this).click(function() {\n\t\t\t\tBLOCK.FN.Switch(Num);\n\t\t\t});\n\t\t});\n\n\t});\n\n\tBLOCK.FN.Switch = function(Num) {\n\t\t\/\/if (Num === BLOCK.VAR.Curr_Item) return;\n\n\t\tvar Mobile = false;\n\n\t\tif ( $(window).width() <= 768 )\n\t\t\tMobile = true;\n\n\t\t$(\".Block-Services-Item\").each(function() {\n\t\t\tif ( $(this).data(\"num\") == Num ) {\n\t\t\t\tif ( ! $(this).hasClass(\"Active\") ) {\n\t\t\t\t\t$(this).addClass(\"Active\");\n\t\t\t\t\t$(this).find(\"p\").slideDown();\n\n\t\t\t\t\tif ( Mobile )\n\t\t\t\t\t\t$(this).find(\".Block-Services-Item-Image-Mobile\").slideDown();\n\t\t\t\t}\n\t\t\t\telse {\n\t\t\t\t\t$(this).removeClass(\"Active\");\n\t\t\t\t\t$(this).find(\"p\").slideUp();\n\t\t\t\t\t$(this).find(\".Block-Services-Item-Image-Mobile\").slideUp();\n\t\t\t\t\tNum = 0;\n\t\t\t\t}\n\t\t\t}\n\t\t\telse {\n\t\t\t\t$(this).removeClass(\"Active\");\n\t\t\t\t$(this).find(\"p\").slideUp();\n\t\t\t\t$(this).find(\".Block-Services-Item-Image-Mobile\").slideUp();\n\t\t\t}\n\t\t});\n\n\t\t$(\".Block-Services-Image\").each(function() {\n\t\t\tif ( $(this).data(\"num\") == Num )\n\t\t\t\t$(this).addClass(\"Active\");\n\t\t\telse\n\t\t\t\t$(this).removeClass(\"Active\");\n\t\t});\n\n\t\tBLOCK.VAR.Curr_Item = Num;\n\t};\n})(jQuery);\n<\/script>","protected":false},"excerpt":{"rendered":"","protected":false},"author":16,"featured_media":0,"parent":0,"menu_order":0,"comment_status":"closed","ping_status":"closed","template":"Template-Blocks.php","meta":{"_acf_changed":false,"footnotes":""},"class_list":["post-15967","page","type-page","status-publish","hentry"],"acf":[],"yoast_head":"<!-- This site is optimized with the Yoast SEO plugin v27.4 - https:\/\/yoast.com\/product\/yoast-seo-wordpress\/ -->\n<title>Fitness Equipment Consulting - CA - LIVunLtd<\/title>\n<meta name=\"robots\" content=\"index, follow, max-snippet:-1, max-image-preview:large, max-video-preview:-1\" \/>\n<link rel=\"canonical\" href=\"https:\/\/livunltd.com\/fr\/fitness-equipment-consulting-ca\/\" \/>\n<meta property=\"og:locale\" content=\"fr_CA\" \/>\n<meta property=\"og:type\" content=\"article\" \/>\n<meta property=\"og:title\" content=\"Fitness Equipment Consulting - CA - LIVunLtd\" \/>\n<meta property=\"og:url\" content=\"https:\/\/livunltd.com\/fr\/fitness-equipment-consulting-ca\/\" \/>\n<meta property=\"og:site_name\" content=\"LIVunLtd\" \/>\n<meta property=\"article:modified_time\" content=\"2023-12-30T16:18:35+00:00\" \/>\n<meta name=\"twitter:card\" content=\"summary_large_image\" \/>\n<meta name=\"twitter:label1\" content=\"Estimation du temps de lecture\" \/>\n\t<meta name=\"twitter:data1\" content=\"1 minute\" \/>\n<script type=\"application\/ld+json\" class=\"yoast-schema-graph\">{\"@context\":\"https:\\\/\\\/schema.org\",\"@graph\":[{\"@type\":\"WebPage\",\"@id\":\"https:\\\/\\\/livunltd.com\\\/fitness-equipment-consulting-ca\\\/\",\"url\":\"https:\\\/\\\/livunltd.com\\\/fitness-equipment-consulting-ca\\\/\",\"name\":\"Fitness Equipment Consulting - CA - LIVunLtd\",\"isPartOf\":{\"@id\":\"https:\\\/\\\/livunltd.com\\\/#website\"},\"datePublished\":\"2023-12-28T16:52:30+00:00\",\"dateModified\":\"2023-12-30T16:18:35+00:00\",\"breadcrumb\":{\"@id\":\"https:\\\/\\\/livunltd.com\\\/fitness-equipment-consulting-ca\\\/#breadcrumb\"},\"inLanguage\":\"fr-CA\",\"potentialAction\":[{\"@type\":\"ReadAction\",\"target\":[\"https:\\\/\\\/livunltd.com\\\/fitness-equipment-consulting-ca\\\/\"]}]},{\"@type\":\"BreadcrumbList\",\"@id\":\"https:\\\/\\\/livunltd.com\\\/fitness-equipment-consulting-ca\\\/#breadcrumb\",\"itemListElement\":[{\"@type\":\"ListItem\",\"position\":1,\"name\":\"Home\",\"item\":\"https:\\\/\\\/livunltd.com\\\/\"},{\"@type\":\"ListItem\",\"position\":2,\"name\":\"Fitness Equipment Consulting &#8211; CA\"}]},{\"@type\":\"WebSite\",\"@id\":\"https:\\\/\\\/livunltd.com\\\/#website\",\"url\":\"https:\\\/\\\/livunltd.com\\\/\",\"name\":\"LIVunLtd\",\"description\":\"Concierge, Fitness &amp; Wellness Services\",\"potentialAction\":[{\"@type\":\"SearchAction\",\"target\":{\"@type\":\"EntryPoint\",\"urlTemplate\":\"https:\\\/\\\/livunltd.com\\\/?s={search_term_string}\"},\"query-input\":{\"@type\":\"PropertyValueSpecification\",\"valueRequired\":true,\"valueName\":\"search_term_string\"}}],\"inLanguage\":\"fr-CA\"}]}<\/script>\n<!-- \/ Yoast SEO plugin. -->","yoast_head_json":{"title":"Conseil en \u00e9quipement de fitness - CA - LIVunLtd","robots":{"index":"index","follow":"follow","max-snippet":"max-snippet:-1","max-image-preview":"max-image-preview:large","max-video-preview":"max-video-preview:-1"},"canonical":"https:\/\/livunltd.com\/fr\/fitness-equipment-consulting-ca\/","og_locale":"fr_CA","og_type":"article","og_title":"Fitness Equipment Consulting - CA - LIVunLtd","og_url":"https:\/\/livunltd.com\/fr\/fitness-equipment-consulting-ca\/","og_site_name":"LIVunLtd","article_modified_time":"2023-12-30T16:18:35+00:00","twitter_card":"summary_large_image","twitter_misc":{"Estimation du temps de lecture":"1 minute"},"schema":{"@context":"https:\/\/schema.org","@graph":[{"@type":"WebPage","@id":"https:\/\/livunltd.com\/fitness-equipment-consulting-ca\/","url":"https:\/\/livunltd.com\/fitness-equipment-consulting-ca\/","name":"Conseil en \u00e9quipement de fitness - CA - LIVunLtd","isPartOf":{"@id":"https:\/\/livunltd.com\/#website"},"datePublished":"2023-12-28T16:52:30+00:00","dateModified":"2023-12-30T16:18:35+00:00","breadcrumb":{"@id":"https:\/\/livunltd.com\/fitness-equipment-consulting-ca\/#breadcrumb"},"inLanguage":"fr-CA","potentialAction":[{"@type":"ReadAction","target":["https:\/\/livunltd.com\/fitness-equipment-consulting-ca\/"]}]},{"@type":"BreadcrumbList","@id":"https:\/\/livunltd.com\/fitness-equipment-consulting-ca\/#breadcrumb","itemListElement":[{"@type":"ListItem","position":1,"name":"Home","item":"https:\/\/livunltd.com\/"},{"@type":"ListItem","position":2,"name":"Fitness Equipment Consulting &#8211; CA"}]},{"@type":"WebSite","@id":"https:\/\/livunltd.com\/#website","url":"https:\/\/livunltd.com\/","name":"LIVunLtd","description":"Services de conciergerie, de remise en forme et de bien-\u00eatre","potentialAction":[{"@type":"SearchAction","target":{"@type":"EntryPoint","urlTemplate":"https:\/\/livunltd.com\/?s={search_term_string}"},"query-input":{"@type":"PropertyValueSpecification","valueRequired":true,"valueName":"search_term_string"}}],"inLanguage":"fr-CA"}]}},"_links":{"self":[{"href":"https:\/\/livunltd.com\/fr\/wp-json\/wp\/v2\/pages\/15967","targetHints":{"allow":["GET"]}}],"collection":[{"href":"https:\/\/livunltd.com\/fr\/wp-json\/wp\/v2\/pages"}],"about":[{"href":"https:\/\/livunltd.com\/fr\/wp-json\/wp\/v2\/types\/page"}],"author":[{"embeddable":true,"href":"https:\/\/livunltd.com\/fr\/wp-json\/wp\/v2\/users\/16"}],"replies":[{"embeddable":true,"href":"https:\/\/livunltd.com\/fr\/wp-json\/wp\/v2\/comments?post=15967"}],"version-history":[{"count":0,"href":"https:\/\/livunltd.com\/fr\/wp-json\/wp\/v2\/pages\/15967\/revisions"}],"wp:attachment":[{"href":"https:\/\/livunltd.com\/fr\/wp-json\/wp\/v2\/media?parent=15967"}],"curies":[{"name":"wp","href":"https:\/\/api.w.org\/{rel}","templated":true}]}}