{"id":16813,"date":"2024-08-12T21:38:48","date_gmt":"2024-08-12T21:38:48","guid":{"rendered":"https:\/\/livunltd.com\/?page_id=16813"},"modified":"2024-10-24T20:16:07","modified_gmt":"2024-10-24T20:16:07","slug":"concierge-services","status":"publish","type":"page","link":"https:\/\/livunltd.com\/fr\/concierge-services\/","title":{"rendered":"Services de conciergerie"},"content":{"rendered":"<section class=\"Block-Section CLR alignfull\" id=\"block_cb53fef34baec22d2d7e6a2f37fcf29a\"\r\n\tstyle=\"padding-top: 60px;padding-bottom: 60px;\">\r\n\r\n\t\r\n\t\r\n\t<div class=\"Block-Section-Inner CLR\" style=\"max-width: 900px;\">\r\n\r\n\t\t\n\n<h1 class=\"wp-block-heading has-text-align-center Page-Title\">Service de conciergerie<\/h1>\n\n\n\r\n\r\n\t<section class=\"Block-Sub-Nav CLR alignnone\" id=\"block_3efb823a468c7fdb0ba37cb2a2ce8aae\">\r\n\t\t<nav>\r\n\t\t\t<ul>\r\n\t\t\t\t\t\t\t\t\t\r\n\t\t\t\t\t\t\t\t\t\t\t<li>\r\n\t\t\t\t\t\t\t<a href=\"https:\/\/livunltd.com\/fr\/facility-management\/\"\r\n\t\t\t\t\t\t\t\ttarget=\"\"\r\n\t\t\t\t\t\t\t\tclass=\"Anim-Line\">\r\n\t\t\t\t\t\t\t\tPersonnel\t\t\t\t\t\t\t<\/a>\r\n\t\t\t\t\t\t<\/li>\r\n\t\t\t\t\t\t\t\t\t\t\t\t\t\t\r\n\t\t\t\t\t\t\t\t\t\t\t<li>\r\n\t\t\t\t\t\t\t<a href=\"https:\/\/livunltd.com\/fr\/facility-operations\/\"\r\n\t\t\t\t\t\t\t\ttarget=\"\"\r\n\t\t\t\t\t\t\t\tclass=\"Anim-Line\">\r\n\t\t\t\t\t\t\t\tFonctionnement de l'installation\t\t\t\t\t\t\t<\/a>\r\n\t\t\t\t\t\t<\/li>\r\n\t\t\t\t\t\t\t\t\t\t\t\t\t\t\r\n\t\t\t\t\t\t\t\t\t\t\t<li>\r\n\t\t\t\t\t\t\t<a href=\"https:\/\/livunltd.com\/fr\/programming\/\"\r\n\t\t\t\t\t\t\t\ttarget=\"\"\r\n\t\t\t\t\t\t\t\tclass=\"Anim-Line\">\r\n\t\t\t\t\t\t\t\tProgrammation\t\t\t\t\t\t\t<\/a>\r\n\t\t\t\t\t\t<\/li>\r\n\t\t\t\t\t\t\t\t\t\t\t\t\t\t\r\n\t\t\t\t\t\t\t\t\t\t\t<li>\r\n\t\t\t\t\t\t\t<a href=\"https:\/\/livunltd.com\/fr\/concierge-services\/\"\r\n\t\t\t\t\t\t\t\ttarget=\"\"\r\n\t\t\t\t\t\t\t\tclass=\"Anim-Line Active\">\r\n\t\t\t\t\t\t\t\tConcierge\t\t\t\t\t\t\t<\/a>\r\n\t\t\t\t\t\t<\/li>\r\n\t\t\t\t\t\t\t\t\t\t\t\t<\/ul>\r\n\t\t<\/nav>\r\n\t<\/section>\r\n\n\r\n\r\n\t<\/div>\r\n\r\n\t\r\n<\/section>\r\n\n\n\n<div style=\"height:20px\" aria-hidden=\"true\" class=\"wp-block-spacer Desktop-Only\"><\/div>\n\n\n\r\n\n<section class=\"Block-Services CLR alignfull\" id=\"block_d950ee57568880c6afd4cf6b4c64dd4a\">\n\t<div class=\"Block-Services-Left\">\n\t\t<div class=\"Block-Services-Left-Inner\">\n\n\t\t\t\t\t\t\t<div class=\"Block-Services-Content\">\n\t\t\t\t\t<p><span style=\"font-weight: 400\">Nos racines sont dans l\u2019h\u00f4tellerie et nous avons \u00e9crit le livre sur le service de conciergerie, litt\u00e9ralement !\u00a0<\/span><span style=\"font-weight: 400\">Consid\u00e9rez-nous comme un assistant personnel et un concierge d&#039;h\u00f4tel \u00e0 la fois. L&#039;\u00e9quipe de professionnels du service d&#039;accueil de LIVunLtd est \u00e0 votre service avec des id\u00e9es, des ressources et des relations utiles pour vous aider \u00e0 apporter le luxe de la commodit\u00e9 \u00e0 votre vie quotidienne. Pour avoir quelques id\u00e9es sur les possibilit\u00e9s, parcourez notre gamme de services ci-dessous pour voir certaines des fa\u00e7ons dont nous sommes l\u00e0 pour vous aider.<\/span><\/p>\n\t\t\t\t<\/div>\n\t\t\t\n\t\t\t\t\t\t\t<div class=\"Block-Services-List\">\n\t\t\t\t\t\n\t\t\t\t\t\t\n\t\t\t\t\t\t<div class=\"Block-Services-Item  Trans\" data-num=\"0\">\n\n\t\t\t\t\t\t\t\t\t\t\t\t\t\t\t<div class=\"Block-Services-Item-Image-Mobile\">\n\t\t\t\t\t\t\t\t\t<img loading=\"lazy\" decoding=\"async\" width=\"900\" height=\"739\" src=\"https:\/\/livunltd.com\/wp-content\/uploads\/2024\/10\/9-1-1024x841.jpg\" class=\"attachment-large size-large\" alt=\"\" srcset=\"https:\/\/livunltd.com\/wp-content\/uploads\/2024\/10\/9-1-1024x841.jpg 1024w, https:\/\/livunltd.com\/wp-content\/uploads\/2024\/10\/9-1-300x246.jpg 300w, https:\/\/livunltd.com\/wp-content\/uploads\/2024\/10\/9-1-768x631.jpg 768w, https:\/\/livunltd.com\/wp-content\/uploads\/2024\/10\/9-1-15x12.jpg 15w, https:\/\/livunltd.com\/wp-content\/uploads\/2024\/10\/9-1.jpg 1339w\" sizes=\"auto, (max-width: 900px) 100vw, 900px\" \/>\t\t\t\t\t\t\t\t<\/div>\n\t\t\t\t\t\t\t\n\t\t\t\t\t\t\t\t\t\t\t\t\t\t\t<h3>Style de vie<\/h3>\n\t\t\t\t\t\t\t\n\t\t\t\t\t\t\t\t\t\t\t\t\t\t\t<p>Il n\u2019y a pas grand-chose qu\u2019on ne nous ait pas demand\u00e9 de faire, et notre travail au cours des 20 derni\u00e8res ann\u00e9es nous a aid\u00e9 \u00e0 constituer un r\u00e9seau de ressources fiables et approuv\u00e9es pour \u00e0 peu pr\u00e8s tout ce dont vous avez besoin. <br \/>\r\n<br \/>\r\n\u2014 m\u00e9nage<br \/>\r\n\u2014 promenade, dressage, pension et services pour animaux de compagnie<br \/>\r\n\u2014 chefs, barmans, personnel de f\u00eate et traiteurs<br \/>\r\n\u2014 fleurs et cadeaux<br \/>\r\n\u2014 activit\u00e9s de voyage, guides et recherche de destination<br \/>\r\n\u2014 rendez-vous en salon et spa (y compris service \u00e0 domicile)<br \/>\r\n\u2014 services de messagerie et de courses<br \/>\r\n\u2014 tuteurs acad\u00e9miques et professeurs de musique<\/p>\n\t\t\t\t\t\t\t\n\t\t\t\t\t\t<\/div>\n\n\t\t\t\t\t\t\n\t\t\t\t\t\n\t\t\t\t\t\t\n\t\t\t\t\t\t<div class=\"Block-Services-Item  Trans\" data-num=\"1\">\n\n\t\t\t\t\t\t\t\t\t\t\t\t\t\t\t<div class=\"Block-Services-Item-Image-Mobile\">\n\t\t\t\t\t\t\t\t\t<img loading=\"lazy\" decoding=\"async\" width=\"900\" height=\"739\" src=\"https:\/\/livunltd.com\/wp-content\/uploads\/2024\/10\/11-1-1024x841.jpg\" class=\"attachment-large size-large\" alt=\"\" srcset=\"https:\/\/livunltd.com\/wp-content\/uploads\/2024\/10\/11-1-1024x841.jpg 1024w, https:\/\/livunltd.com\/wp-content\/uploads\/2024\/10\/11-1-300x246.jpg 300w, https:\/\/livunltd.com\/wp-content\/uploads\/2024\/10\/11-1-768x631.jpg 768w, https:\/\/livunltd.com\/wp-content\/uploads\/2024\/10\/11-1-15x12.jpg 15w, https:\/\/livunltd.com\/wp-content\/uploads\/2024\/10\/11-1.jpg 1339w\" sizes=\"auto, (max-width: 900px) 100vw, 900px\" \/>\t\t\t\t\t\t\t\t<\/div>\n\t\t\t\t\t\t\t\n\t\t\t\t\t\t\t\t\t\t\t\t\t\t\t<h3>Sorties et \u00e0 propos<\/h3>\n\t\t\t\t\t\t\t\n\t\t\t\t\t\t\t\t\t\t\t\t\t\t\t<p>Vous avez envie d&#039;essayer un nouveau restaurant, d&#039;explorer une superbe galerie, d&#039;assister \u00e0 un spectacle, \u00e0 un match ou \u00e0 un concert, ou encore d&#039;assister \u00e0 un \u00e9v\u00e9nement sp\u00e9cial ? Nous sommes l\u00e0 pour vous aider \u00e0 d\u00e9couvrir et \u00e0 acc\u00e9der \u00e0 des exp\u00e9riences exceptionnelles o\u00f9 que vous soyez.<br \/>\r\n<br \/>\r\n\u2014 recommandations de restaurants et coordination des r\u00e9servations<br \/>\r\n\u2014 des recommandations pour des exp\u00e9riences uniques<br \/>\r\n\u2014 repas priv\u00e9s et tables du chef<br \/>\r\n\u2014 planification d\u2019\u00e9v\u00e9nements personnels<br \/>\r\n\u2014 des avantages aupr\u00e8s des commerces de quartier et des institutions culturelles<br \/>\r\n\u2014 billets pour le th\u00e9\u00e2tre, les concerts et les \u00e9v\u00e9nements sportifs<\/p>\n\t\t\t\t\t\t\t\n\t\t\t\t\t\t<\/div>\n\n\t\t\t\t\t\t\n\t\t\t\t\t\n\t\t\t\t\t\t\n\t\t\t\t\t\t<div class=\"Block-Services-Item  Trans\" data-num=\"2\">\n\n\t\t\t\t\t\t\t\t\t\t\t\t\t\t\t<div class=\"Block-Services-Item-Image-Mobile\">\n\t\t\t\t\t\t\t\t\t<img loading=\"lazy\" decoding=\"async\" width=\"900\" height=\"739\" src=\"https:\/\/livunltd.com\/wp-content\/uploads\/2024\/10\/10-1-1024x841.jpg\" class=\"attachment-large size-large\" alt=\"\" srcset=\"https:\/\/livunltd.com\/wp-content\/uploads\/2024\/10\/10-1-1024x841.jpg 1024w, https:\/\/livunltd.com\/wp-content\/uploads\/2024\/10\/10-1-300x246.jpg 300w, https:\/\/livunltd.com\/wp-content\/uploads\/2024\/10\/10-1-768x631.jpg 768w, https:\/\/livunltd.com\/wp-content\/uploads\/2024\/10\/10-1-15x12.jpg 15w, https:\/\/livunltd.com\/wp-content\/uploads\/2024\/10\/10-1.jpg 1339w\" sizes=\"auto, (max-width: 900px) 100vw, 900px\" \/>\t\t\t\t\t\t\t\t<\/div>\n\t\t\t\t\t\t\t\n\t\t\t\t\t\t\t\t\t\t\t\t\t\t\t<h3>Bien-\u00eatre<\/h3>\n\t\t\t\t\t\t\t\n\t\t\t\t\t\t\t\t\t\t\t\t\t\t\t<p>Les entra\u00eeneurs personnels certifi\u00e9s et les instructeurs de fitness en groupe de LIVunLtd couvrent un large \u00e9ventail de pratiques li\u00e9es au bien-\u00eatre. Que vous d\u00e9butiez ou que vous vous pr\u00e9pariez \u00e0 un marathon, nous avons des personnes pour vous aider \u00e0 y parvenir.<br \/>\r\n<br \/>\r\n\u2014 entra\u00eeneurs personnels<br \/>\r\n\u2014 cours de fitness en groupe<br \/>\r\n\u2014 yoga<br \/>\r\n\u2014 Pilates sur tapis et reformer<br \/>\r\n\u2014 conseillers en nutrition<br \/>\r\n\u2014 acupuncture<br \/>\r\n\u2014 massage<br \/>\r\n\u2014 soins du visage et services de spa<br \/>\r\n- m\u00e9ditation<\/p>\n\t\t\t\t\t\t\t\n\t\t\t\t\t\t<\/div>\n\n\t\t\t\t\t\t\n\t\t\t\t\t\n\t\t\t\t\t\t\n\t\t\t\t\t\t<div class=\"Block-Services-Item  Trans\" data-num=\"3\">\n\n\t\t\t\t\t\t\t\t\t\t\t\t\t\t\t<div class=\"Block-Services-Item-Image-Mobile\">\n\t\t\t\t\t\t\t\t\t<img loading=\"lazy\" decoding=\"async\" width=\"900\" height=\"739\" src=\"https:\/\/livunltd.com\/wp-content\/uploads\/2024\/10\/12-1-1024x841.jpg\" class=\"attachment-large size-large\" alt=\"\" srcset=\"https:\/\/livunltd.com\/wp-content\/uploads\/2024\/10\/12-1-1024x841.jpg 1024w, https:\/\/livunltd.com\/wp-content\/uploads\/2024\/10\/12-1-300x246.jpg 300w, https:\/\/livunltd.com\/wp-content\/uploads\/2024\/10\/12-1-768x631.jpg 768w, https:\/\/livunltd.com\/wp-content\/uploads\/2024\/10\/12-1-15x12.jpg 15w, https:\/\/livunltd.com\/wp-content\/uploads\/2024\/10\/12-1.jpg 1339w\" sizes=\"auto, (max-width: 900px) 100vw, 900px\" \/>\t\t\t\t\t\t\t\t<\/div>\n\t\t\t\t\t\t\t\n\t\t\t\t\t\t\t\t\t\t\t\t\t\t\t<h3>D\u00e9placement intelligent<\/h3>\n\t\t\t\t\t\t\t\n\t\t\t\t\t\t\t\t\t\t\t\t\t\t\t<p>Un d\u00e9m\u00e9nagement implique toujours une longue liste de choses \u00e0 faire, et LIVunLtd dispose d&#039;une \u00e9quipe dont la mission est de vous aider \u00e0 vous d\u00e9charger de ce fardeau. Nous sommes l\u00e0 pour \u00eatre l&#039;interm\u00e9diaire entre toutes les personnes et tous les \u00e9l\u00e9ments afin que votre d\u00e9m\u00e9nagement soit le moins stressant possible. <br \/>\r\n<br \/>\r\n\u2014 tarifs pr\u00e9f\u00e9rentiels aupr\u00e8s des d\u00e9m\u00e9nageurs agr\u00e9\u00e9s par l&#039;immeuble<br \/>\r\n\u2014 activation des comptes de t\u00e9l\u00e9communications et de services publics<br \/>\r\n\u2014 exp\u00e9dition et installation d&#039;\u0153uvres d&#039;art<br \/>\r\n\u2014 syst\u00e8mes audio\/vid\u00e9o et domotique<br \/>\r\n\u2014 am\u00e9nagement du bureau \u00e0 domicile<br \/>\r\n\u2014 d\u00e9ballage et organisation<br \/>\r\n\u2014 exp\u00e9dition d&#039;automobiles<br \/>\r\n\u2014 traitement du changement d&#039;adresse<\/p>\n\t\t\t\t\t\t\t\n\t\t\t\t\t\t<\/div>\n\n\t\t\t\t\t\t\n\t\t\t\t\t\t\t\t\t<\/div>\n\t\t\t\n\t\t\t\t\t\t\t<div class=\"Block-Services-Button Button-Circle\">\n\t\t\t\t\t\t\t\t\t\t<a href=\"http:\/\/concierge.livunltd.com\"\n\t\t\t\t\t\ttarget=\"\">\n\t\t\t\t\t\tSoumettre une demande\t\t\t\t\t<\/a>\n\t\t\t\t<\/div>\n\t\t\t\n\t\t<\/div>\n\t<\/div>\n\n\t<div class=\"Block-Services-Right\">\n\t\t\t\t\t\n\t\t\t\t\n\t\t\t\t<div class=\"Block-Services-Image Active\" data-num=\"0\">\n\t\t\t\t\t<img loading=\"lazy\" decoding=\"async\" width=\"900\" height=\"739\" src=\"https:\/\/livunltd.com\/wp-content\/uploads\/2024\/10\/9-1-1024x841.jpg\" class=\"attachment-large size-large\" alt=\"\" srcset=\"https:\/\/livunltd.com\/wp-content\/uploads\/2024\/10\/9-1-1024x841.jpg 1024w, https:\/\/livunltd.com\/wp-content\/uploads\/2024\/10\/9-1-300x246.jpg 300w, https:\/\/livunltd.com\/wp-content\/uploads\/2024\/10\/9-1-768x631.jpg 768w, https:\/\/livunltd.com\/wp-content\/uploads\/2024\/10\/9-1-15x12.jpg 15w, https:\/\/livunltd.com\/wp-content\/uploads\/2024\/10\/9-1.jpg 1339w\" sizes=\"auto, (max-width: 900px) 100vw, 900px\" \/>\t\t\t\t<\/div>\n\n\t\t\t\t\n\t\t\t\n\t\t\t\t\n\t\t\t\t<div class=\"Block-Services-Image\" data-num=\"1\">\n\t\t\t\t\t<img loading=\"lazy\" decoding=\"async\" width=\"900\" height=\"739\" src=\"https:\/\/livunltd.com\/wp-content\/uploads\/2024\/10\/11-1-1024x841.jpg\" class=\"attachment-large size-large\" alt=\"\" srcset=\"https:\/\/livunltd.com\/wp-content\/uploads\/2024\/10\/11-1-1024x841.jpg 1024w, https:\/\/livunltd.com\/wp-content\/uploads\/2024\/10\/11-1-300x246.jpg 300w, https:\/\/livunltd.com\/wp-content\/uploads\/2024\/10\/11-1-768x631.jpg 768w, https:\/\/livunltd.com\/wp-content\/uploads\/2024\/10\/11-1-15x12.jpg 15w, https:\/\/livunltd.com\/wp-content\/uploads\/2024\/10\/11-1.jpg 1339w\" sizes=\"auto, (max-width: 900px) 100vw, 900px\" \/>\t\t\t\t<\/div>\n\n\t\t\t\t\n\t\t\t\n\t\t\t\t\n\t\t\t\t<div class=\"Block-Services-Image\" data-num=\"2\">\n\t\t\t\t\t<img loading=\"lazy\" decoding=\"async\" width=\"900\" height=\"739\" src=\"https:\/\/livunltd.com\/wp-content\/uploads\/2024\/10\/10-1-1024x841.jpg\" class=\"attachment-large size-large\" alt=\"\" srcset=\"https:\/\/livunltd.com\/wp-content\/uploads\/2024\/10\/10-1-1024x841.jpg 1024w, https:\/\/livunltd.com\/wp-content\/uploads\/2024\/10\/10-1-300x246.jpg 300w, https:\/\/livunltd.com\/wp-content\/uploads\/2024\/10\/10-1-768x631.jpg 768w, https:\/\/livunltd.com\/wp-content\/uploads\/2024\/10\/10-1-15x12.jpg 15w, https:\/\/livunltd.com\/wp-content\/uploads\/2024\/10\/10-1.jpg 1339w\" sizes=\"auto, (max-width: 900px) 100vw, 900px\" \/>\t\t\t\t<\/div>\n\n\t\t\t\t\n\t\t\t\n\t\t\t\t\n\t\t\t\t<div class=\"Block-Services-Image\" data-num=\"3\">\n\t\t\t\t\t<img loading=\"lazy\" decoding=\"async\" width=\"900\" height=\"739\" src=\"https:\/\/livunltd.com\/wp-content\/uploads\/2024\/10\/12-1-1024x841.jpg\" class=\"attachment-large size-large\" alt=\"\" srcset=\"https:\/\/livunltd.com\/wp-content\/uploads\/2024\/10\/12-1-1024x841.jpg 1024w, https:\/\/livunltd.com\/wp-content\/uploads\/2024\/10\/12-1-300x246.jpg 300w, https:\/\/livunltd.com\/wp-content\/uploads\/2024\/10\/12-1-768x631.jpg 768w, https:\/\/livunltd.com\/wp-content\/uploads\/2024\/10\/12-1-15x12.jpg 15w, https:\/\/livunltd.com\/wp-content\/uploads\/2024\/10\/12-1.jpg 1339w\" sizes=\"auto, (max-width: 900px) 100vw, 900px\" \/>\t\t\t\t<\/div>\n\n\t\t\t\t\n\t\t\t\t\t\t<\/div>\n<\/section>\n\n<script>\n(function($) {\n\tvar BLOCK = {};\n\t\tBLOCK.FN = {};\n\t\tBLOCK.VAR = {};\n\t\tBLOCK.VAR.Curr_Item = null;\n\n\t$(document).ready(function() {\n\n\t\t$(\".Block-Services-Item\").each(function() {\n\t\t\tvar Num = $(this).data(\"num\");\n\n\t\t\t$(this).click(function() {\n\t\t\t\tBLOCK.FN.Switch(Num);\n\t\t\t});\n\t\t});\n\n\t});\n\n\tBLOCK.FN.Switch = function(Num) {\n\t\t\/\/if (Num === BLOCK.VAR.Curr_Item) return;\n\n\t\tvar Mobile = false;\n\n\t\tif ( $(window).width() <= 768 )\n\t\t\tMobile = true;\n\n\t\t$(\".Block-Services-Item\").each(function() {\n\t\t\tif ( $(this).data(\"num\") == Num ) {\n\t\t\t\tif ( ! $(this).hasClass(\"Active\") ) {\n\t\t\t\t\t$(this).addClass(\"Active\");\n\t\t\t\t\t$(this).find(\"p\").slideDown();\n\n\t\t\t\t\tif ( Mobile )\n\t\t\t\t\t\t$(this).find(\".Block-Services-Item-Image-Mobile\").slideDown();\n\t\t\t\t}\n\t\t\t\telse {\n\t\t\t\t\t$(this).removeClass(\"Active\");\n\t\t\t\t\t$(this).find(\"p\").slideUp();\n\t\t\t\t\t$(this).find(\".Block-Services-Item-Image-Mobile\").slideUp();\n\t\t\t\t\tNum = 0;\n\t\t\t\t}\n\t\t\t}\n\t\t\telse {\n\t\t\t\t$(this).removeClass(\"Active\");\n\t\t\t\t$(this).find(\"p\").slideUp();\n\t\t\t\t$(this).find(\".Block-Services-Item-Image-Mobile\").slideUp();\n\t\t\t}\n\t\t});\n\n\t\t$(\".Block-Services-Image\").each(function() {\n\t\t\tif ( $(this).data(\"num\") == Num )\n\t\t\t\t$(this).addClass(\"Active\");\n\t\t\telse\n\t\t\t\t$(this).removeClass(\"Active\");\n\t\t});\n\n\t\tBLOCK.VAR.Curr_Item = Num;\n\t};\n})(jQuery);\n<\/script>","protected":false},"excerpt":{"rendered":"","protected":false},"author":11,"featured_media":0,"parent":0,"menu_order":0,"comment_status":"closed","ping_status":"closed","template":"Template-Blocks.php","meta":{"_acf_changed":false,"footnotes":""},"class_list":["post-16813","page","type-page","status-publish","hentry"],"acf":[],"yoast_head":"<!-- This site is optimized with the Yoast SEO plugin v27.5 - https:\/\/yoast.com\/product\/yoast-seo-wordpress\/ -->\n<title>Concierge Services - LIVunLtd<\/title>\n<meta name=\"robots\" content=\"index, follow, max-snippet:-1, max-image-preview:large, max-video-preview:-1\" \/>\n<link rel=\"canonical\" href=\"https:\/\/livunltd.com\/fr\/concierge-services\/\" \/>\n<meta property=\"og:locale\" content=\"fr_CA\" \/>\n<meta property=\"og:type\" content=\"article\" \/>\n<meta property=\"og:title\" content=\"Concierge Services - LIVunLtd\" \/>\n<meta property=\"og:url\" content=\"https:\/\/livunltd.com\/fr\/concierge-services\/\" \/>\n<meta property=\"og:site_name\" content=\"LIVunLtd\" \/>\n<meta property=\"article:modified_time\" content=\"2024-10-24T20:16:07+00:00\" \/>\n<meta name=\"twitter:card\" content=\"summary_large_image\" \/>\n<script type=\"application\/ld+json\" class=\"yoast-schema-graph\">{\"@context\":\"https:\\\/\\\/schema.org\",\"@graph\":[{\"@type\":\"WebPage\",\"@id\":\"https:\\\/\\\/livunltd.com\\\/concierge-services\\\/\",\"url\":\"https:\\\/\\\/livunltd.com\\\/concierge-services\\\/\",\"name\":\"Concierge Services - LIVunLtd\",\"isPartOf\":{\"@id\":\"https:\\\/\\\/livunltd.com\\\/#website\"},\"datePublished\":\"2024-08-12T21:38:48+00:00\",\"dateModified\":\"2024-10-24T20:16:07+00:00\",\"breadcrumb\":{\"@id\":\"https:\\\/\\\/livunltd.com\\\/concierge-services\\\/#breadcrumb\"},\"inLanguage\":\"fr-CA\",\"potentialAction\":[{\"@type\":\"ReadAction\",\"target\":[\"https:\\\/\\\/livunltd.com\\\/concierge-services\\\/\"]}]},{\"@type\":\"BreadcrumbList\",\"@id\":\"https:\\\/\\\/livunltd.com\\\/concierge-services\\\/#breadcrumb\",\"itemListElement\":[{\"@type\":\"ListItem\",\"position\":1,\"name\":\"Home\",\"item\":\"https:\\\/\\\/livunltd.com\\\/\"},{\"@type\":\"ListItem\",\"position\":2,\"name\":\"Concierge Services\"}]},{\"@type\":\"WebSite\",\"@id\":\"https:\\\/\\\/livunltd.com\\\/#website\",\"url\":\"https:\\\/\\\/livunltd.com\\\/\",\"name\":\"LIVunLtd\",\"description\":\"Concierge, Fitness &amp; Wellness Services\",\"potentialAction\":[{\"@type\":\"SearchAction\",\"target\":{\"@type\":\"EntryPoint\",\"urlTemplate\":\"https:\\\/\\\/livunltd.com\\\/?s={search_term_string}\"},\"query-input\":{\"@type\":\"PropertyValueSpecification\",\"valueRequired\":true,\"valueName\":\"search_term_string\"}}],\"inLanguage\":\"fr-CA\"}]}<\/script>\n<!-- \/ Yoast SEO plugin. -->","yoast_head_json":{"title":"Services de conciergerie - LIVunLtd","robots":{"index":"index","follow":"follow","max-snippet":"max-snippet:-1","max-image-preview":"max-image-preview:large","max-video-preview":"max-video-preview:-1"},"canonical":"https:\/\/livunltd.com\/fr\/concierge-services\/","og_locale":"fr_CA","og_type":"article","og_title":"Concierge Services - LIVunLtd","og_url":"https:\/\/livunltd.com\/fr\/concierge-services\/","og_site_name":"LIVunLtd","article_modified_time":"2024-10-24T20:16:07+00:00","twitter_card":"summary_large_image","schema":{"@context":"https:\/\/schema.org","@graph":[{"@type":"WebPage","@id":"https:\/\/livunltd.com\/concierge-services\/","url":"https:\/\/livunltd.com\/concierge-services\/","name":"Services de conciergerie - LIVunLtd","isPartOf":{"@id":"https:\/\/livunltd.com\/#website"},"datePublished":"2024-08-12T21:38:48+00:00","dateModified":"2024-10-24T20:16:07+00:00","breadcrumb":{"@id":"https:\/\/livunltd.com\/concierge-services\/#breadcrumb"},"inLanguage":"fr-CA","potentialAction":[{"@type":"ReadAction","target":["https:\/\/livunltd.com\/concierge-services\/"]}]},{"@type":"BreadcrumbList","@id":"https:\/\/livunltd.com\/concierge-services\/#breadcrumb","itemListElement":[{"@type":"ListItem","position":1,"name":"Home","item":"https:\/\/livunltd.com\/"},{"@type":"ListItem","position":2,"name":"Concierge Services"}]},{"@type":"WebSite","@id":"https:\/\/livunltd.com\/#website","url":"https:\/\/livunltd.com\/","name":"LIVunLtd","description":"Services de conciergerie, de remise en forme et de bien-\u00eatre","potentialAction":[{"@type":"SearchAction","target":{"@type":"EntryPoint","urlTemplate":"https:\/\/livunltd.com\/?s={search_term_string}"},"query-input":{"@type":"PropertyValueSpecification","valueRequired":true,"valueName":"search_term_string"}}],"inLanguage":"fr-CA"}]}},"_links":{"self":[{"href":"https:\/\/livunltd.com\/fr\/wp-json\/wp\/v2\/pages\/16813","targetHints":{"allow":["GET"]}}],"collection":[{"href":"https:\/\/livunltd.com\/fr\/wp-json\/wp\/v2\/pages"}],"about":[{"href":"https:\/\/livunltd.com\/fr\/wp-json\/wp\/v2\/types\/page"}],"author":[{"embeddable":true,"href":"https:\/\/livunltd.com\/fr\/wp-json\/wp\/v2\/users\/11"}],"replies":[{"embeddable":true,"href":"https:\/\/livunltd.com\/fr\/wp-json\/wp\/v2\/comments?post=16813"}],"version-history":[{"count":0,"href":"https:\/\/livunltd.com\/fr\/wp-json\/wp\/v2\/pages\/16813\/revisions"}],"wp:attachment":[{"href":"https:\/\/livunltd.com\/fr\/wp-json\/wp\/v2\/media?parent=16813"}],"curies":[{"name":"wp","href":"https:\/\/api.w.org\/{rel}","templated":true}]}}