{"id":16921,"date":"2024-09-27T20:01:30","date_gmt":"2024-09-27T20:01:30","guid":{"rendered":"https:\/\/livunltd.com\/?page_id=16921"},"modified":"2024-09-27T20:15:13","modified_gmt":"2024-09-27T20:15:13","slug":"terms-and-conditions","status":"publish","type":"page","link":"https:\/\/livunltd.com\/fr\/terms-and-conditions\/","title":{"rendered":"Termes et conditions"},"content":{"rendered":"<p>(En vigueur le 1er ao\u00fbt 2023)<\/p>\n\n\n\n<ol start=\"1\" class=\"wp-block-list\">\n<li><strong>ACCORD:<\/strong>\u00a0Les pr\u00e9sentes conditions g\u00e9n\u00e9rales constituent un contrat de vente continu entre LIVunLtd (ci-apr\u00e8s d\u00e9nomm\u00e9es collectivement \u00ab LIV \u00bb) et l&#039;Acheteur pour tous les produits, pi\u00e8ces et\/ou services fournis par LIV \u00e0 l&#039;Acheteur. Aucune autre condition ni modification des pr\u00e9sentes ne sera contraignante pour les parties, sauf si elle est accept\u00e9e par \u00e9crit par LIV. Si l&#039;Acheteur utilise son propre bon de commande pour passer des commandes de produits, pi\u00e8ces et\/ou services, toutes les conditions figurant sur son formulaire qui s&#039;ajoutent aux conditions g\u00e9n\u00e9rales du pr\u00e9sent Contrat ou qui sont incompatibles avec celles-ci sont nulles et non avenues.<br><\/li>\n\n\n\n<li><strong>LIVRAISON:<\/strong>\u00a0LIV fera de son mieux dans le cadre de ses activit\u00e9s normales pour effectuer les livraisons \u00e0 l&#039;Acheteur comme sp\u00e9cifi\u00e9. En aucun cas, LIV ne sera responsable de tout dommage, cons\u00e9cutif, accessoire, liquid\u00e9 ou autre, d\u00e9coulant du non-respect par LIV d&#039;une date de livraison. Les retards \u00e0 la demande de l&#039;Acheteur ou dus au non-respect de la part de l&#039;Acheteur peuvent entra\u00eener des frais de stockage.<br><\/li>\n\n\n\n<li><strong>EXP\u00c9DITION PARTIELLE :<\/strong>\u00a0Au fur et \u00e0 mesure que les produits et\/ou pi\u00e8ces command\u00e9s par l&#039;Acheteur deviennent disponibles, LIV peut proc\u00e9der \u00e0 des exp\u00e9ditions partielles et chaque exp\u00e9dition sera factur\u00e9e s\u00e9par\u00e9ment. Les exp\u00e9ditions partielles ne dispensent pas l&#039;Acheteur de son obligation d&#039;accepter l&#039;exp\u00e9dition du reste de la commande.<br><\/li>\n\n\n\n<li><strong>RISQUE DE PERTE :<\/strong>\u00a0Le titre de propri\u00e9t\u00e9 et le risque de perte des produits et\/ou des pi\u00e8ces sont transf\u00e9r\u00e9s \u00e0 l&#039;Acheteur au moment o\u00f9 les produits et\/ou les pi\u00e8ces quittent le centre de distribution ou l&#039;entrep\u00f4t d\u00e9sign\u00e9 par LIV. Le point FOB est le centre de distribution ou l&#039;entrep\u00f4t d\u00e9sign\u00e9 par LIV, sauf indication contraire.<br><\/li>\n\n\n\n<li><strong>PAIEMENT:<\/strong>\u00a0LF facturera \u00e0 l&#039;Acheteur le prix d&#039;achat de chacun des produits et\/ou pi\u00e8ces exp\u00e9di\u00e9s et\/ou des services rendus conform\u00e9ment au pr\u00e9sent Contrat. La facture sera libell\u00e9e en dollars canadiens et comprendra les frais (le cas \u00e9ch\u00e9ant) de transport, de manutention, de taxes, de suppl\u00e9ments et d&#039;autres montants payables \u00e0 LIV. Tous les montants sp\u00e9cifi\u00e9s sur la facture seront pay\u00e9s par l&#039;Acheteur \u00e0 LIV dans les trente (30) jours suivant la date de la facture ou conform\u00e9ment \u00e0 d&#039;autres conditions convenues par LF. LIV peut exiger le paiement \u00e0 l&#039;avance de tout ou partie du prix d&#039;achat de tout produit, pi\u00e8ce et\/ou service. Les conditions de paiement et les lignes de cr\u00e9dit sont soumises \u00e0 l&#039;approbation de cr\u00e9dit de LIV. Jusqu&#039;\u00e0 ce que LIV re\u00e7oive le paiement int\u00e9gral des produits et\/ou pi\u00e8ces, l&#039;Acheteur accorde \u00e0 LIV une s\u00fbret\u00e9 et un privil\u00e8ge sur tous les produits et\/ou pi\u00e8ces et, sur demande, l&#039;Acheteur peut \u00eatre tenu d&#039;ex\u00e9cuter des d\u00e9clarations UCC prouvant la s\u00fbret\u00e9\/le privil\u00e8ge de LIV. Les paiements non effectu\u00e9s par l&#039;Acheteur \u00e0 la date d&#039;\u00e9ch\u00e9ance ou avant celle-ci porteront int\u00e9r\u00eat \u00e0 deux pour cent (2%) par mois ou au taux maximum autoris\u00e9 par la loi, selon le montant le moins \u00e9lev\u00e9. Ces int\u00e9r\u00eats s&#039;ajouteront et ne limiteront pas les autres droits ou recours dont LIV peut disposer en vertu du pr\u00e9sent Contrat, en droit ou en \u00e9quit\u00e9. L&#039;Acheteur s&#039;engage \u00e0 payer les honoraires d&#039;avocat et les frais engag\u00e9s par LIV pour faire valoir ses droits en vertu du pr\u00e9sent Contrat. L&#039;Acheteur est responsable de toutes les taxes de vente, d&#039;utilisation et\/ou d&#039;accise applicables \u00e0 l&#039;achat de produits, de pi\u00e8ces et\/ou de services. Les taxes s&#039;ajoutent au prix de vente, sauf si l&#039;Acheteur pr\u00e9sente un certificat d&#039;exon\u00e9ration fiscale valide.<br><\/li>\n\n\n\n<li><strong>LOI APPLICABLE ET LIEU :&nbsp;<\/strong>Le pr\u00e9sent accord est r\u00e9gi par les lois de la province de l\u2019Ontario.<br><\/li>\n\n\n\n<li><strong>RETOURS :\u00a0<\/strong>Dans les trente (30) jours suivant la livraison, l&#039;Acheteur peut contacter LIV pour discuter des options de retour, qui peuvent inclure,\u00a0<strong>\u00e0 la seule discr\u00e9tion de LIV<\/strong>, (A) retour de produits et\/ou de pi\u00e8ces neufs et non utilis\u00e9s contre un cr\u00e9dit ; ou (B) retour de produits et\/ou de pi\u00e8ces non stock\u00e9s ou utilis\u00e9s contre un prix de rachat. Les cr\u00e9dits ou les prix de rachat approuv\u00e9s n&#039;incluront pas les frais de transport, de carburant et d&#039;installation engag\u00e9s par LIV. Le produit et\/ou la pi\u00e8ce retourn\u00e9s doivent \u00eatre retourn\u00e9s dans leur emballage d&#039;origine, le cas \u00e9ch\u00e9ant. LIV n&#039;assume aucune responsabilit\u00e9 pour les dommages caus\u00e9s par l&#039;exp\u00e9dition ou un emballage inappropri\u00e9. Chaque produit et\/ou pi\u00e8ce retourn\u00e9s est soumis \u00e0 des frais de r\u00e9approvisionnement de vingt pour cent (30%) du prix d&#039;achat.<br><\/li>\n\n\n\n<li><strong>COMMANDES ANNUL\u00c9ES :<\/strong>&nbsp;Les commandes annul\u00e9es par le Client dans les 60 jours pr\u00e9c\u00e9dant la date de livraison demand\u00e9e, les commandes exp\u00e9di\u00e9es qui sont refus\u00e9es par l&#039;Acheteur ou les commandes annul\u00e9es apr\u00e8s le d\u00e9but de l&#039;exp\u00e9dition ou de la production pour les produits et\/ou pi\u00e8ces fabriqu\u00e9s sur commande sont soumises \u00e0 des frais de r\u00e9approvisionnement de trente pour cent (30%) du prix d&#039;achat.<br><\/li>\n\n\n\n<li><strong>ACCEPTATION PAR L&#039;ACHETEUR :<\/strong>\u00a0Les produits et\/ou pi\u00e8ces seront r\u00e9put\u00e9s accept\u00e9s par l&#039;Acheteur \u00e0 la date de leur r\u00e9ception par l&#039;Acheteur, sauf si, dans les quinze (15) jours suivant la r\u00e9ception, l&#039;Acheteur informe par \u00e9crit LIV que les produits et\/ou pi\u00e8ces ne sont pas accept\u00e9s et pr\u00e9cise en d\u00e9tail les raisons de ce refus. LIV peut alors, \u00e0 sa seule discr\u00e9tion, proc\u00e9der aux corrections n\u00e9cessaires, auquel cas une telle action corrective de LIV sera le seul recours de l&#039;Acheteur en cas de non-acceptation d&#039;un produit et\/ou d&#039;une pi\u00e8ce. Une fois ces corrections effectu\u00e9es et accept\u00e9es, les produits et\/ou pi\u00e8ces seront r\u00e9put\u00e9s accept\u00e9s par l&#039;Acheteur. En aucun cas, l&#039;Acheteur ne sera autoris\u00e9 \u00e0 r\u00e9voquer son acceptation du produit et\/ou de la pi\u00e8ce.<br><\/li>\n\n\n\n<li><strong>DOMMAGES INDIRECTS :<\/strong>\u00a0NONOBSTANT TOUTE DISPOSITION CONTRAIRE DANS LE PR\u00c9SENT CONTRAT, LIV NE SERA PAS TENU RESPONSABLE, QU&#039;ELLE D\u00c9COULE D&#039;UN CONTRAT, D&#039;UN D\u00c9LIT OU AUTRE, DE LA PERTE DE CAPITAL, DE LA PERTE DE PRODUIT, DE LA PERTE DE PROFIT, DE LA PERTE D&#039;UTILISATION, DE LA PERTE D&#039;\u00c9NERGIE, DES PANNES DE COURANT, DU CO\u00dbT DE REMPLACEMENT DE L&#039;\u00c9NERGIE, OU DE TOUT DOMMAGE INDIRECT, SP\u00c9CIAL, LIQUID\u00c9, ACCESSOIRE OU CONS\u00c9CUTIF.<br><\/li>\n\n\n\n<li><strong>LIMITATIONS DE RESPONSABILIT\u00c9 :\u00a0<\/strong>EN AUCUN CAS, LA RESPONSABILIT\u00c9 DE LIV ENVERS L&#039;ACHETEUR D\u00c9COULANT DE OU EN RELATION AVEC LA VENTE DE TOUT PRODUIT, PI\u00c8CE ET\/OU SERVICE CONFORM\u00c9MENT AU PR\u00c9SENT CONTRAT NE DOIT D\u00c9PASSER LE PRIX D&#039;ACHAT PAY\u00c9 PAR L&#039;ACHETEUR \u00c0 LF POUR CE PRODUIT, PI\u00c8CE ET\/OU SERVICE.<br><\/li>\n\n\n\n<li><strong>ASSURANCE:<\/strong>\u00a0Le certificat d&#039;assurance standard de LIV sera r\u00e9put\u00e9 satisfaire \u00e0 toutes les exigences d&#039;assurance de l&#039;Acheteur.<br><\/li>\n\n\n\n<li><strong>FORCE MAJEURE:<\/strong>\u00a0Fran\u00e7ais Le retard ou le manquement \u00e0 l&#039;ex\u00e9cution des obligations impos\u00e9es \u00e0 l&#039;une ou l&#039;autre des parties (\u00e0 l&#039;exception de l&#039;obligation de l&#039;Acheteur d&#039;effectuer les paiements factur\u00e9s \u00e0 LIV) en vertu du pr\u00e9sent Contrat ne constituera pas un manquement aux termes du pr\u00e9sent Contrat ni ne donnera lieu \u00e0 une quelconque r\u00e9clamation de dommages-int\u00e9r\u00eats si ce retard ou ce manquement r\u00e9sulte directement ou indirectement de cas de force majeure, de pand\u00e9mie ou d&#039;\u00e9pid\u00e9mie, de maladies, de quarantaines, de pertes in\u00e9vitables, de conditions cach\u00e9es, d&#039;actes de toute autorit\u00e9 civile ou militaire, d&#039;\u00e9meutes, d&#039;insurrections et de troubles civils ; de guerre, d&#039;invasion, d&#039;actes d&#039;ennemis \u00e9trangers, d&#039;hostilit\u00e9s (que la guerre soit d\u00e9clar\u00e9e ou non), de r\u00e9bellion, de r\u00e9volution, d&#039;activit\u00e9s terroristes, de gr\u00e8ves, de lock-out ou d&#039;autres conflits du travail ; de sanctions gouvernementales ; d&#039;embargos ; de p\u00e9nurie ou d&#039;indisponibilit\u00e9 de main-d&#039;\u0153uvre, de fournitures, de mat\u00e9riaux, d&#039;\u00e9quipements ou de syst\u00e8mes ; d&#039;incendies, d&#039;impr\u00e9vus dans les transports ; de lois, statuts, r\u00e8glements et autres exigences l\u00e9gales, ordonnances ou jugements ; actes ou ordres d&#039;un gouvernement, d&#039;une agence ou d&#039;un fonctionnaire de celui-ci, autres catastrophes ou autres \u00e9v\u00e9nements similaires ind\u00e9pendants de la volont\u00e9 raisonnable de cette partie, tous les \u00e9l\u00e9ments susmentionn\u00e9s \u00e9tant ci-apr\u00e8s d\u00e9nomm\u00e9s par commodit\u00e9 \u00ab \u00e9v\u00e9nements de force majeure \u00bb. Dans le cas o\u00f9 les travaux de LIV sont retard\u00e9s, entrav\u00e9s ou rendus plus co\u00fbteux par un \u00e9v\u00e9nement de force majeure, LIV fournira \u00e0 l&#039;Acheteur un pr\u00e9avis \u00e9crit d&#039;au moins dix (10) jours informant l&#039;Acheteur de toute augmentation de prix. Les retards dus \u00e0 la force majeure prolongeront \u00e9galement la date de livraison estim\u00e9e au jour le jour.<br><\/li>\n\n\n\n<li><strong>R\u00c9SILIATION : (A) Produits et\/ou Pi\u00e8ces :<\/strong>\u00a0Chacune des parties peut r\u00e9silier le pr\u00e9sent Contrat pour des raisons de commodit\u00e9 en fournissant un pr\u00e9avis \u00e9crit de soixante (60) jours. En cas de r\u00e9siliation, l&#039;Acheteur et LIV seront lib\u00e9r\u00e9s de toutes autres obligations en vertu des pr\u00e9sentes, \u00e0 l&#039;exception de l&#039;obligation de l&#039;Acheteur de payer \u00e0 LIV le total des factures impay\u00e9es de LIV \u00e0 la date de r\u00e9siliation et les factures de toutes les commandes et factures en cours, y compris, sans limitation, tous les co\u00fbts, d\u00e9penses et responsabilit\u00e9s (y compris les frais d&#039;annulation, les frais de r\u00e9approvisionnement) encourus par LIV du fait de cette r\u00e9siliation.<br><\/li>\n\n\n\n<li><strong>RENONCER:<\/strong>&nbsp;Aucune renonciation \u00e0 une disposition du pr\u00e9sent Contrat ou \u00e0 un droit ou une obligation de l&#039;une ou l&#039;autre des parties en vertu des pr\u00e9sentes ne sera effective ou ne constituera une renonciation permanente, sauf en vertu d&#039;un instrument \u00e9crit sign\u00e9 par la ou les parties renon\u00e7ant \u00e0 se conformer. Une telle renonciation ne sera effective que dans le cas sp\u00e9cifique et pour l&#039;objectif sp\u00e9cifique indiqu\u00e9 dans cet \u00e9crit.<br><\/li>\n\n\n\n<li><strong>DIVISIBILIT\u00c9 DES DISPOSITIONS :<\/strong>&nbsp;Dans le cas o\u00f9 une disposition du pr\u00e9sent contrat serait jug\u00e9e invalide ou inapplicable en vertu d&#039;un d\u00e9cret ou d&#039;une d\u00e9cision judiciaire, le reste du contrat restera valide et applicable conform\u00e9ment \u00e0 ses termes. SANS LIMITER CE QUI PR\u00c9C\u00c8DE, IL EST EXPRESS\u00c9MENT ENTENDU ET CONVENU QUE CHACUNE DES DISPOSITIONS DU PR\u00c9SENT CONTRAT QUI PR\u00c9VOIT UNE LIMITATION DE RESPONSABILIT\u00c9, UNE EXCLUSION DE GARANTIES OU UNE EXCLUSION DE DOMMAGES EST DESTIN\u00c9E PAR LES PARTIES \u00c0 \u00caTRE DISSOCIABLE ET IND\u00c9PENDANTE DE TOUTE AUTRE DISPOSITION DE CE TYPE ET \u00c0 \u00caTRE APPLIQU\u00c9E EN TANT QUE TELLE. EN OUTRE, IL EST EXPRESS\u00c9MENT ENTENDU ET CONVENU QUE DANS LE CAS O\u00d9 UN RECOURS EN VERTU DES PR\u00c9SENTES EST D\u00c9TERMIN\u00c9 COMME N&#039;AYANT PAS ATTEINT SON OBJECTIF ESSENTIEL, TOUTES LES LIMITATIONS DE RESPONSABILIT\u00c9 ET EXCLUSIONS DE DOMMAGES \u00c9NONC\u00c9ES DANS LES PR\u00c9SENTES RESTENT EN VIGUEUR.<\/li>\n<\/ol>","protected":false},"excerpt":{"rendered":"<p>(En vigueur le 1er ao\u00fbt 2023)<\/p>","protected":false},"author":5,"featured_media":0,"parent":0,"menu_order":0,"comment_status":"closed","ping_status":"closed","template":"","meta":{"_acf_changed":false,"footnotes":""},"class_list":["post-16921","page","type-page","status-publish","hentry"],"acf":[],"yoast_head":"<!-- This site is optimized with the Yoast SEO plugin v27.4 - https:\/\/yoast.com\/product\/yoast-seo-wordpress\/ -->\n<title>Terms and Conditions - LIVunLtd<\/title>\n<meta name=\"robots\" content=\"index, follow, max-snippet:-1, max-image-preview:large, max-video-preview:-1\" \/>\n<link rel=\"canonical\" href=\"https:\/\/livunltd.com\/fr\/terms-and-conditions\/\" \/>\n<meta property=\"og:locale\" content=\"fr_CA\" \/>\n<meta property=\"og:type\" content=\"article\" \/>\n<meta property=\"og:title\" content=\"Terms and Conditions - LIVunLtd\" \/>\n<meta property=\"og:description\" content=\"(Effective August 1, 2023)\" \/>\n<meta property=\"og:url\" content=\"https:\/\/livunltd.com\/fr\/terms-and-conditions\/\" \/>\n<meta property=\"og:site_name\" content=\"LIVunLtd\" \/>\n<meta property=\"article:modified_time\" content=\"2024-09-27T20:15:13+00:00\" \/>\n<meta name=\"twitter:card\" content=\"summary_large_image\" \/>\n<meta name=\"twitter:label1\" content=\"Estimation du temps de lecture\" \/>\n\t<meta name=\"twitter:data1\" content=\"7 minutes\" \/>\n<script type=\"application\/ld+json\" class=\"yoast-schema-graph\">{\"@context\":\"https:\\\/\\\/schema.org\",\"@graph\":[{\"@type\":\"WebPage\",\"@id\":\"https:\\\/\\\/livunltd.com\\\/terms-and-conditions\\\/\",\"url\":\"https:\\\/\\\/livunltd.com\\\/terms-and-conditions\\\/\",\"name\":\"Terms and Conditions - LIVunLtd\",\"isPartOf\":{\"@id\":\"https:\\\/\\\/livunltd.com\\\/#website\"},\"datePublished\":\"2024-09-27T20:01:30+00:00\",\"dateModified\":\"2024-09-27T20:15:13+00:00\",\"breadcrumb\":{\"@id\":\"https:\\\/\\\/livunltd.com\\\/terms-and-conditions\\\/#breadcrumb\"},\"inLanguage\":\"fr-CA\",\"potentialAction\":[{\"@type\":\"ReadAction\",\"target\":[\"https:\\\/\\\/livunltd.com\\\/terms-and-conditions\\\/\"]}]},{\"@type\":\"BreadcrumbList\",\"@id\":\"https:\\\/\\\/livunltd.com\\\/terms-and-conditions\\\/#breadcrumb\",\"itemListElement\":[{\"@type\":\"ListItem\",\"position\":1,\"name\":\"Home\",\"item\":\"https:\\\/\\\/livunltd.com\\\/\"},{\"@type\":\"ListItem\",\"position\":2,\"name\":\"Terms and Conditions\"}]},{\"@type\":\"WebSite\",\"@id\":\"https:\\\/\\\/livunltd.com\\\/#website\",\"url\":\"https:\\\/\\\/livunltd.com\\\/\",\"name\":\"LIVunLtd\",\"description\":\"Concierge, Fitness &amp; Wellness Services\",\"potentialAction\":[{\"@type\":\"SearchAction\",\"target\":{\"@type\":\"EntryPoint\",\"urlTemplate\":\"https:\\\/\\\/livunltd.com\\\/?s={search_term_string}\"},\"query-input\":{\"@type\":\"PropertyValueSpecification\",\"valueRequired\":true,\"valueName\":\"search_term_string\"}}],\"inLanguage\":\"fr-CA\"}]}<\/script>\n<!-- \/ Yoast SEO plugin. -->","yoast_head_json":{"title":"Conditions g\u00e9n\u00e9rales - LIVunLtd","robots":{"index":"index","follow":"follow","max-snippet":"max-snippet:-1","max-image-preview":"max-image-preview:large","max-video-preview":"max-video-preview:-1"},"canonical":"https:\/\/livunltd.com\/fr\/terms-and-conditions\/","og_locale":"fr_CA","og_type":"article","og_title":"Terms and Conditions - LIVunLtd","og_description":"(Effective August 1, 2023)","og_url":"https:\/\/livunltd.com\/fr\/terms-and-conditions\/","og_site_name":"LIVunLtd","article_modified_time":"2024-09-27T20:15:13+00:00","twitter_card":"summary_large_image","twitter_misc":{"Estimation du temps de lecture":"7 minutes"},"schema":{"@context":"https:\/\/schema.org","@graph":[{"@type":"WebPage","@id":"https:\/\/livunltd.com\/terms-and-conditions\/","url":"https:\/\/livunltd.com\/terms-and-conditions\/","name":"Conditions g\u00e9n\u00e9rales - LIVunLtd","isPartOf":{"@id":"https:\/\/livunltd.com\/#website"},"datePublished":"2024-09-27T20:01:30+00:00","dateModified":"2024-09-27T20:15:13+00:00","breadcrumb":{"@id":"https:\/\/livunltd.com\/terms-and-conditions\/#breadcrumb"},"inLanguage":"fr-CA","potentialAction":[{"@type":"ReadAction","target":["https:\/\/livunltd.com\/terms-and-conditions\/"]}]},{"@type":"BreadcrumbList","@id":"https:\/\/livunltd.com\/terms-and-conditions\/#breadcrumb","itemListElement":[{"@type":"ListItem","position":1,"name":"Home","item":"https:\/\/livunltd.com\/"},{"@type":"ListItem","position":2,"name":"Terms and Conditions"}]},{"@type":"WebSite","@id":"https:\/\/livunltd.com\/#website","url":"https:\/\/livunltd.com\/","name":"LIVunLtd","description":"Services de conciergerie, de remise en forme et de bien-\u00eatre","potentialAction":[{"@type":"SearchAction","target":{"@type":"EntryPoint","urlTemplate":"https:\/\/livunltd.com\/?s={search_term_string}"},"query-input":{"@type":"PropertyValueSpecification","valueRequired":true,"valueName":"search_term_string"}}],"inLanguage":"fr-CA"}]}},"_links":{"self":[{"href":"https:\/\/livunltd.com\/fr\/wp-json\/wp\/v2\/pages\/16921","targetHints":{"allow":["GET"]}}],"collection":[{"href":"https:\/\/livunltd.com\/fr\/wp-json\/wp\/v2\/pages"}],"about":[{"href":"https:\/\/livunltd.com\/fr\/wp-json\/wp\/v2\/types\/page"}],"author":[{"embeddable":true,"href":"https:\/\/livunltd.com\/fr\/wp-json\/wp\/v2\/users\/5"}],"replies":[{"embeddable":true,"href":"https:\/\/livunltd.com\/fr\/wp-json\/wp\/v2\/comments?post=16921"}],"version-history":[{"count":0,"href":"https:\/\/livunltd.com\/fr\/wp-json\/wp\/v2\/pages\/16921\/revisions"}],"wp:attachment":[{"href":"https:\/\/livunltd.com\/fr\/wp-json\/wp\/v2\/media?parent=16921"}],"curies":[{"name":"wp","href":"https:\/\/api.w.org\/{rel}","templated":true}]}}