{"id":17289,"date":"2025-05-12T15:40:44","date_gmt":"2025-05-12T15:40:44","guid":{"rendered":"https:\/\/livunltd.com\/privacy-statement-uk\/"},"modified":"2025-05-12T15:40:44","modified_gmt":"2025-05-12T15:40:44","slug":"privacy-statement-uk","status":"publish","type":"page","link":"https:\/\/livunltd.com\/fr\/privacy-statement-uk\/","title":{"rendered":"D\u00e9claration de confidentialit\u00e9 (Royaume-Uni)"},"content":{"rendered":"<!-- Legal document generated by Complianz | GDPR\/CCPA Cookie Consent https:\/\/wordpress.org\/plugins\/complianz-gdpr -->\n<div id=\"cmplz-document\" class=\"cmplz-document privacy-statement cmplz-document-uk\"><p><i>Cette d\u00e9claration de confidentialit\u00e9 a \u00e9t\u00e9 mise \u00e0 jour pour la derni\u00e8re fois le 12 mai 2025 et s&#039;applique aux citoyens et aux r\u00e9sidents permanents l\u00e9gaux du Royaume-Uni.<\/i><br><br><\/p><p>Dans cette d\u00e9claration de confidentialit\u00e9, nous expliquons ce que nous faisons avec les donn\u00e9es que nous obtenons \u00e0 votre sujet via <a href=\"https:\/\/livunltd.com\/fr\">https:\/\/livunltd.com\/fr<\/a>Nous vous recommandons de lire attentivement cette d\u00e9claration. Lors de nos traitements, nous respectons les exigences de la l\u00e9gislation sur la protection de la vie priv\u00e9e. Cela signifie, entre autres, que\u00a0:<\/p><ul>\n                <li>Nous indiquons clairement les finalit\u00e9s du traitement des donn\u00e9es personnelles au moyen de la pr\u00e9sente d\u00e9claration de confidentialit\u00e9\u00a0;<\/li>\n                <li>nous visons \u00e0 limiter notre collecte de donn\u00e9es personnelles aux seules donn\u00e9es personnelles requises \u00e0 des fins l\u00e9gitimes\u00a0;<\/li>\n                <li>nous demandons d\u2019abord votre consentement explicite pour traiter vos donn\u00e9es personnelles dans les cas n\u00e9cessitant votre consentement ;<\/li>\n                <li>nous prenons des mesures de s\u00e9curit\u00e9 appropri\u00e9es pour prot\u00e9ger vos donn\u00e9es personnelles et nous l&#039;exigeons \u00e9galement des parties qui traitent des donn\u00e9es personnelles en notre nom\u00a0;<\/li>\n                <li>nous respectons votre droit d&#039;acc\u00e9der \u00e0 vos donn\u00e9es personnelles ou de les faire rectifier ou supprimer, \u00e0 votre demande.<\/li>\n            <\/ul><p>Si vous avez des questions ou souhaitez savoir exactement quelles donn\u00e9es nous conservons \u00e0 votre sujet, veuillez nous contacter.<\/p><h2>1. Finalit\u00e9, donn\u00e9es et dur\u00e9e de conservation<\/h2>Nous pouvons collecter ou recevoir des informations personnelles pour un certain nombre de raisons li\u00e9es \u00e0 nos activit\u00e9s commerciales, notamment les suivantes : (cliquez pour d\u00e9plier)<details class=\"cmplz-dropdown dropdown-privacy-statement\"><summary><div><h3>1.1 Contact \u2013 Par t\u00e9l\u00e9phone, courrier, e-mail et\/ou formulaires web<\/h3><\/div><\/summary><p class=\"cmplz-subtitle\">Dans cette finalit\u00e9, nous utilisons les donn\u00e9es suivantes :<\/p><p><ul><li>Un pr\u00e9nom et un nom de famille<\/li><li>Un num\u00e9ro de t\u00e9l\u00e9phone<\/li><li>Une adresse e-mail<\/li><\/ul><\/p><p class=\"cmplz-subtitle\">La base sur laquelle nous pouvons traiter ces donn\u00e9es est :<\/p><p><a target=\"_blank\" rel=\"noopener noreferrer nofollow\" href=\"https:\/\/cookiedatabase.org\/legal-bases\/#consent\">Apr\u00e8s avoir donn\u00e9 son consentement.<\/a><\/p><p class=\"cmplz-subtitle\">Dur\u00e9e de conservation<\/p><p>Nous conservons ces donn\u00e9es jusqu&#039;\u00e0 la fin du service.<\/p><\/details><h2>2. Cookies<\/h2><p>Notre site web utilise des cookies. Pour plus d&#039;informations sur les cookies, veuillez consulter notre <a href=\"https:\/\/livunltd.com\/fr\/cookie-policy-uk\/\">Politique relative aux cookies<\/a>.&nbsp;<\/p><h2>3. Pratiques de divulgation<\/h2><p><p>Nous divulguons des renseignements personnels si la loi ou une ordonnance d\u2019un tribunal nous y oblige, en r\u00e9ponse \u00e0 un organisme charg\u00e9 de l\u2019application de la loi, dans la mesure permise par d\u2019autres dispositions de la loi, pour fournir des renseignements ou pour une enqu\u00eate sur une question li\u00e9e \u00e0 la s\u00e9curit\u00e9 publique.<\/p><p>Si notre site Web ou notre organisation est repris, vendu ou impliqu\u00e9 dans une fusion ou une acquisition, vos donn\u00e9es peuvent \u00eatre divulgu\u00e9es \u00e0 nos conseillers et \u00e0 tout acheteur potentiel et seront transmises aux nouveaux propri\u00e9taires.<\/p><\/p><p>Nous avons conclu un accord de traitement de donn\u00e9es avec Google.<\/p><p>Google ne peut pas utiliser les donn\u00e9es pour d\u2019autres services Google.<\/p><h2>4. S\u00e9curit\u00e9<\/h2><p>Nous nous engageons \u00e0 assurer la s\u00e9curit\u00e9 des donn\u00e9es personnelles. Nous prenons des mesures de s\u00e9curit\u00e9 appropri\u00e9es pour limiter les abus et les acc\u00e8s non autoris\u00e9s aux donn\u00e9es personnelles. Cela garantit que seules les personnes autoris\u00e9es ont acc\u00e8s \u00e0 vos donn\u00e9es, que cet acc\u00e8s est prot\u00e9g\u00e9 et que nos mesures de s\u00e9curit\u00e9 sont r\u00e9guli\u00e8rement revues.<\/p><h2>5. Sites Web tiers<\/h2><p>Cette d\u00e9claration de confidentialit\u00e9 ne s&#039;applique pas aux sites web tiers accessibles via des liens sur notre site. Nous ne pouvons garantir que ces tiers traitent vos donn\u00e9es personnelles de mani\u00e8re fiable et s\u00e9curis\u00e9e. Nous vous recommandons de lire les d\u00e9clarations de confidentialit\u00e9 de ces sites web avant de les utiliser.<\/p><h2>6. Modifications de la pr\u00e9sente d\u00e9claration de confidentialit\u00e9<\/h2><p>Nous nous r\u00e9servons le droit de modifier la pr\u00e9sente d\u00e9claration de confidentialit\u00e9. Il est recommand\u00e9 de la consulter r\u00e9guli\u00e8rement afin de prendre connaissance de toute modification. De plus, nous vous informerons activement dans la mesure du possible.<\/p><h2>7. Acc\u00e9der et modifier vos donn\u00e9es<\/h2><p>Pour toute question ou information sur les donn\u00e9es personnelles que nous d\u00e9tenons \u00e0 votre sujet, veuillez nous contacter. Vous pouvez nous contacter aux coordonn\u00e9es ci-dessous. Vous disposez des droits suivants\u00a0:<\/p><ul>\n                <li>Vous avez le droit de savoir pourquoi vos donn\u00e9es personnelles sont n\u00e9cessaires, ce qu\u2019il adviendra d\u2019elles et combien de temps elles seront conserv\u00e9es.<\/li>\n                <li>Droit d\u2019acc\u00e8s : Vous avez le droit d\u2019acc\u00e9der \u00e0 vos donn\u00e9es personnelles dont nous avons connaissance.<\/li>\n                <li>Droit de rectification : vous avez le droit de compl\u00e9ter, de corriger, de faire supprimer ou de bloquer vos donn\u00e9es personnelles \u00e0 tout moment.<\/li>\n                <li>Si vous nous donnez votre consentement pour traiter vos donn\u00e9es, vous avez le droit de r\u00e9voquer ce consentement et de faire supprimer vos donn\u00e9es personnelles.<\/li>\n                <li>Droit de transf\u00e9rer vos donn\u00e9es : vous avez le droit de demander toutes vos donn\u00e9es personnelles au responsable du traitement et de les transf\u00e9rer dans leur int\u00e9gralit\u00e9 \u00e0 un autre responsable du traitement.<\/li>\n                <li>Droit d&#039;opposition\u00a0: vous pouvez vous opposer au traitement de vos donn\u00e9es. Nous nous y conformons, sauf s&#039;il existe des motifs l\u00e9gitimes justifiant le traitement.<\/li>\n            <\/ul><p>Veuillez vous assurer de toujours indiquer clairement qui vous \u00eates, afin que nous puissions \u00eatre certains de ne pas modifier ou supprimer les donn\u00e9es de la mauvaise personne.<\/p><h2>8. D\u00e9poser une plainte<\/h2><p>Si vous n&#039;\u00eates pas satisfait de la mani\u00e8re dont nous traitons (une plainte concernant) le traitement de vos donn\u00e9es personnelles, vous avez le droit de d\u00e9poser une plainte aupr\u00e8s du Bureau du Commissaire \u00e0 l&#039;information :<\/p><p><br>Maison Wycliffe<br>\n                        Voie d&#039;eau<br>\n                        Wilmslow<br>\n                        Cheshire<br>\n                        SK9 5AF<\/p><h2>9. Enfants<\/h2><p>Notre site web n&#039;est pas con\u00e7u pour attirer les enfants et nous n&#039;avons pas l&#039;intention de collecter des donn\u00e9es personnelles aupr\u00e8s d&#039;enfants n&#039;ayant pas atteint l&#039;\u00e2ge de consentement dans leur pays de r\u00e9sidence. Nous demandons donc aux enfants n&#039;ayant pas atteint l&#039;\u00e2ge de consentement de ne pas nous communiquer de donn\u00e9es personnelles.<\/p><h2>10. Coordonn\u00e9es<\/h2><p>Collectif d&#039;agr\u00e9ments<br>\n        11155 Dolfield Boulevard, Owings Mills, MD 21117<br>\n        \u00c9tats-Unis<br>\n        Site web: <a href=\"https:\/\/livunltd.com\/fr\">https:\/\/livunltd.com\/fr<\/a> <br>\n        E-mail: <span class=\"cmplz-obfuscate\">confidentialit\u00e9@<span class=\"cmplz-fmail-domain\">ex.com<\/span>amenitycollective.com<\/span> <br>\n        <\/p><\/div>","protected":false},"excerpt":{"rendered":"","protected":false},"author":1,"featured_media":0,"parent":0,"menu_order":0,"comment_status":"closed","ping_status":"closed","template":"","meta":{"_acf_changed":false,"footnotes":""},"class_list":["post-17289","page","type-page","status-publish","hentry"],"acf":[],"yoast_head":"<!-- This site is optimized with the Yoast SEO plugin v27.3 - https:\/\/yoast.com\/product\/yoast-seo-wordpress\/ -->\n<title>Privacy Statement (UK) - LIVunLtd<\/title>\n<meta name=\"robots\" content=\"index, follow, max-snippet:-1, max-image-preview:large, max-video-preview:-1\" \/>\n<link rel=\"canonical\" href=\"https:\/\/livunltd.com\/fr\/privacy-statement-uk\/\" \/>\n<meta property=\"og:locale\" content=\"fr_CA\" \/>\n<meta property=\"og:type\" content=\"article\" \/>\n<meta property=\"og:title\" content=\"Privacy Statement (UK) - LIVunLtd\" \/>\n<meta property=\"og:url\" content=\"https:\/\/livunltd.com\/fr\/privacy-statement-uk\/\" \/>\n<meta property=\"og:site_name\" content=\"LIVunLtd\" \/>\n<meta name=\"twitter:card\" content=\"summary_large_image\" \/>\n<script type=\"application\/ld+json\" class=\"yoast-schema-graph\">{\"@context\":\"https:\\\/\\\/schema.org\",\"@graph\":[{\"@type\":\"WebPage\",\"@id\":\"https:\\\/\\\/livunltd.com\\\/privacy-statement-uk\\\/\",\"url\":\"https:\\\/\\\/livunltd.com\\\/privacy-statement-uk\\\/\",\"name\":\"Privacy Statement (UK) - LIVunLtd\",\"isPartOf\":{\"@id\":\"https:\\\/\\\/livunltd.com\\\/#website\"},\"datePublished\":\"2025-05-12T15:40:44+00:00\",\"breadcrumb\":{\"@id\":\"https:\\\/\\\/livunltd.com\\\/privacy-statement-uk\\\/#breadcrumb\"},\"inLanguage\":\"fr-CA\",\"potentialAction\":[{\"@type\":\"ReadAction\",\"target\":[\"https:\\\/\\\/livunltd.com\\\/privacy-statement-uk\\\/\"]}]},{\"@type\":\"BreadcrumbList\",\"@id\":\"https:\\\/\\\/livunltd.com\\\/privacy-statement-uk\\\/#breadcrumb\",\"itemListElement\":[{\"@type\":\"ListItem\",\"position\":1,\"name\":\"Home\",\"item\":\"https:\\\/\\\/livunltd.com\\\/\"},{\"@type\":\"ListItem\",\"position\":2,\"name\":\"Privacy Statement (UK)\"}]},{\"@type\":\"WebSite\",\"@id\":\"https:\\\/\\\/livunltd.com\\\/#website\",\"url\":\"https:\\\/\\\/livunltd.com\\\/\",\"name\":\"LIVunLtd\",\"description\":\"Concierge, Fitness &amp; Wellness Services\",\"potentialAction\":[{\"@type\":\"SearchAction\",\"target\":{\"@type\":\"EntryPoint\",\"urlTemplate\":\"https:\\\/\\\/livunltd.com\\\/?s={search_term_string}\"},\"query-input\":{\"@type\":\"PropertyValueSpecification\",\"valueRequired\":true,\"valueName\":\"search_term_string\"}}],\"inLanguage\":\"fr-CA\"}]}<\/script>\n<!-- \/ Yoast SEO plugin. -->","yoast_head_json":{"title":"D\u00e9claration de confidentialit\u00e9 (Royaume-Uni) - LIVunLtd","robots":{"index":"index","follow":"follow","max-snippet":"max-snippet:-1","max-image-preview":"max-image-preview:large","max-video-preview":"max-video-preview:-1"},"canonical":"https:\/\/livunltd.com\/fr\/privacy-statement-uk\/","og_locale":"fr_CA","og_type":"article","og_title":"Privacy Statement (UK) - LIVunLtd","og_url":"https:\/\/livunltd.com\/fr\/privacy-statement-uk\/","og_site_name":"LIVunLtd","twitter_card":"summary_large_image","schema":{"@context":"https:\/\/schema.org","@graph":[{"@type":"WebPage","@id":"https:\/\/livunltd.com\/privacy-statement-uk\/","url":"https:\/\/livunltd.com\/privacy-statement-uk\/","name":"D\u00e9claration de confidentialit\u00e9 (Royaume-Uni) - LIVunLtd","isPartOf":{"@id":"https:\/\/livunltd.com\/#website"},"datePublished":"2025-05-12T15:40:44+00:00","breadcrumb":{"@id":"https:\/\/livunltd.com\/privacy-statement-uk\/#breadcrumb"},"inLanguage":"fr-CA","potentialAction":[{"@type":"ReadAction","target":["https:\/\/livunltd.com\/privacy-statement-uk\/"]}]},{"@type":"BreadcrumbList","@id":"https:\/\/livunltd.com\/privacy-statement-uk\/#breadcrumb","itemListElement":[{"@type":"ListItem","position":1,"name":"Home","item":"https:\/\/livunltd.com\/"},{"@type":"ListItem","position":2,"name":"Privacy Statement (UK)"}]},{"@type":"WebSite","@id":"https:\/\/livunltd.com\/#website","url":"https:\/\/livunltd.com\/","name":"LIVunLtd","description":"Services de conciergerie, de remise en forme et de bien-\u00eatre","potentialAction":[{"@type":"SearchAction","target":{"@type":"EntryPoint","urlTemplate":"https:\/\/livunltd.com\/?s={search_term_string}"},"query-input":{"@type":"PropertyValueSpecification","valueRequired":true,"valueName":"search_term_string"}}],"inLanguage":"fr-CA"}]}},"_links":{"self":[{"href":"https:\/\/livunltd.com\/fr\/wp-json\/wp\/v2\/pages\/17289","targetHints":{"allow":["GET"]}}],"collection":[{"href":"https:\/\/livunltd.com\/fr\/wp-json\/wp\/v2\/pages"}],"about":[{"href":"https:\/\/livunltd.com\/fr\/wp-json\/wp\/v2\/types\/page"}],"author":[{"embeddable":true,"href":"https:\/\/livunltd.com\/fr\/wp-json\/wp\/v2\/users\/1"}],"replies":[{"embeddable":true,"href":"https:\/\/livunltd.com\/fr\/wp-json\/wp\/v2\/comments?post=17289"}],"version-history":[{"count":0,"href":"https:\/\/livunltd.com\/fr\/wp-json\/wp\/v2\/pages\/17289\/revisions"}],"wp:attachment":[{"href":"https:\/\/livunltd.com\/fr\/wp-json\/wp\/v2\/media?parent=17289"}],"curies":[{"name":"wp","href":"https:\/\/api.w.org\/{rel}","templated":true}]}}