{"id":17304,"date":"2025-06-20T14:16:46","date_gmt":"2025-06-20T14:16:46","guid":{"rendered":"https:\/\/livunltd.com\/?page_id=17304"},"modified":"2025-07-22T16:16:56","modified_gmt":"2025-07-22T16:16:56","slug":"amenity-edge","status":"publish","type":"page","link":"https:\/\/livunltd.com\/fr\/amenity-edge\/","title":{"rendered":"Agr\u00e9ment Edge"},"content":{"rendered":"\n<h3 class=\"wp-block-heading\"><strong>Unlock the Wellness Amenities Residents Really Want<\/strong><\/h3>\n\n\n\n<p>Discover the Top 10 Fitness, Wellness &amp; Recreation Amenities for 2025 in our expert-curated guide, Amenity Edge \u2014 designed to help property managers and developers attract tenants, boost retention, and elevate the living experience.<\/p>\n\n\n\n<p>Whether you&#8217;re planning a new build or refreshing your current offerings, this free guide reveals what today\u2019s residents expect \u2014 and how to deliver it.<\/p>\n\n\n\n<p>Complete the form below to download your copy of Amenity Edge now and get ahead of the curve.<\/p>\n\n\n\n<hr class=\"wp-block-separator has-alpha-channel-opacity\"\/>\n\n\n\n<div class=\"wp-block-columns is-layout-flex wp-container-core-columns-is-layout-9d6595d7 wp-block-columns-is-layout-flex\">\n<div class=\"wp-block-column is-layout-flow wp-block-column-is-layout-flow\" style=\"flex-basis:100%\"><script type=\"text\/javascript\">\n\/* <![CDATA[ *\/\nvar gform;gform||(document.addEventListener(\"gform_main_scripts_loaded\",function(){gform.scriptsLoaded=!0}),document.addEventListener(\"gform\/theme\/scripts_loaded\",function(){gform.themeScriptsLoaded=!0}),window.addEventListener(\"DOMContentLoaded\",function(){gform.domLoaded=!0}),gform={domLoaded:!1,scriptsLoaded:!1,themeScriptsLoaded:!1,isFormEditor:()=>\"function\"==typeof InitializeEditor,callIfLoaded:function(o){return!(!gform.domLoaded||!gform.scriptsLoaded||!gform.themeScriptsLoaded&&!gform.isFormEditor()||(gform.isFormEditor()&&console.warn(\"The use of gform.initializeOnLoaded() is deprecated in the form editor context and will be removed in Gravity Forms 3.1.\"),o(),0))},initializeOnLoaded:function(o){gform.callIfLoaded(o)||(document.addEventListener(\"gform_main_scripts_loaded\",()=>{gform.scriptsLoaded=!0,gform.callIfLoaded(o)}),document.addEventListener(\"gform\/theme\/scripts_loaded\",()=>{gform.themeScriptsLoaded=!0,gform.callIfLoaded(o)}),window.addEventListener(\"DOMContentLoaded\",()=>{gform.domLoaded=!0,gform.callIfLoaded(o)}))},hooks:{action:{},filter:{}},addAction:function(o,r,e,t){gform.addHook(\"action\",o,r,e,t)},addFilter:function(o,r,e,t){gform.addHook(\"filter\",o,r,e,t)},doAction:function(o){gform.doHook(\"action\",o,arguments)},applyFilters:function(o){return gform.doHook(\"filter\",o,arguments)},removeAction:function(o,r){gform.removeHook(\"action\",o,r)},removeFilter:function(o,r,e){gform.removeHook(\"filter\",o,r,e)},addHook:function(o,r,e,t,n){null==gform.hooks[o][r]&&(gform.hooks[o][r]=[]);var d=gform.hooks[o][r];null==n&&(n=r+\"_\"+d.length),gform.hooks[o][r].push({tag:n,callable:e,priority:t=null==t?10:t})},doHook:function(r,o,e){var t;if(e=Array.prototype.slice.call(e,1),null!=gform.hooks[r][o]&&((o=gform.hooks[r][o]).sort(function(o,r){return o.priority-r.priority}),o.forEach(function(o){\"function\"!=typeof(t=o.callable)&&(t=window[t]),\"action\"==r?t.apply(null,e):e[0]=t.apply(null,e)})),\"filter\"==r)return e[0]},removeHook:function(o,r,t,n){var e;null!=gform.hooks[o][r]&&(e=(e=gform.hooks[o][r]).filter(function(o,r,e){return!!(null!=n&&n!=o.tag||null!=t&&t!=o.priority)}),gform.hooks[o][r]=e)}});\n\/* ]]> *\/\n<\/script>\n\n                <div class='gf_browser_gecko gform_wrapper gravity-theme gform-theme--no-framework Fancy-Labels_wrapper' data-form-theme='gravity-theme' data-form-index='0' id='gform_wrapper_11' >\n                        <div class='gform_heading'>\n                            <h2 class=\"gform_title\">Takeaway 001 &#8211; Amenity Edge<\/h2>\n                            <p class='gform_description'><\/p>\n                        <\/div><form method='post' enctype='multipart\/form-data'  id='gform_11' class='Fancy-Labels' action='\/fr\/wp-json\/wp\/v2\/pages\/17304' data-formid='11' novalidate>\n                        <div class='gform-body gform_body'><div id='gform_fields_11' class='gform_fields top_label form_sublabel_below description_below validation_below'><div id=\"field_11_10\" class=\"gfield gfield--type-honeypot gform_validation_container field_sublabel_below gfield--has-description field_description_below field_validation_below gfield_visibility_visible\"  ><label class='gfield_label gform-field-label' for='input_11_10'>LinkedIn<\/label><div class='ginput_container'><input name='input_10' id='input_11_10' type='text' value='' autocomplete='new-password'\/><\/div><div class='gfield_description' id='gfield_description_11_10'>Ce champ n\u2019est utilis\u00e9 qu\u2019\u00e0 des fins de validation et devrait rester inchang\u00e9.<\/div><\/div><div id=\"field_11_8\" class=\"gfield gfield--type-text gfield--input-type-text gfield--width-half gfield_contains_required field_sublabel_below gfield--no-description field_description_below field_validation_below gfield_visibility_visible\"  ><label class='gfield_label gform-field-label' for='input_11_8'>First Name<span class=\"gfield_required\"><span class=\"gfield_required gfield_required_text\">(N\u00e9cessaire)<\/span><\/span><\/label><div class='ginput_container ginput_container_text'><input name='input_8' id='input_11_8' type='text' value='' class='large'     aria-required=\"true\" aria-invalid=\"false\"   \/><\/div><\/div><div id=\"field_11_9\" class=\"gfield gfield--type-text gfield--input-type-text gfield--width-half gfield_contains_required field_sublabel_below gfield--no-description field_description_below field_validation_below gfield_visibility_visible\"  ><label class='gfield_label gform-field-label' for='input_11_9'>Last Name<span class=\"gfield_required\"><span class=\"gfield_required gfield_required_text\">(N\u00e9cessaire)<\/span><\/span><\/label><div class='ginput_container ginput_container_text'><input name='input_9' id='input_11_9' type='text' value='' class='large'     aria-required=\"true\" aria-invalid=\"false\"   \/><\/div><\/div><div id=\"field_11_4\" class=\"gfield gfield--type-email gfield--input-type-email gfield--width-full gfield_contains_required field_sublabel_below gfield--no-description field_description_below field_validation_below gfield_visibility_visible\"  ><label class='gfield_label gform-field-label' for='input_11_4'>Email Address<span class=\"gfield_required\"><span class=\"gfield_required gfield_required_text\">(N\u00e9cessaire)<\/span><\/span><\/label><div class='ginput_container ginput_container_email'>\n                            <input name='input_4' id='input_11_4' type='email' value='' class='large'    aria-required=\"true\" aria-invalid=\"false\"  \/>\n                        <\/div><\/div><\/div><\/div>\n        <div class='gform-footer gform_footer top_label'> <input type='submit' id='gform_submit_button_11' class='gform_button button' onclick='gform.submission.handleButtonClick(this);' data-submission-type='submit' value='Envoyer'  \/> \n            <input type='hidden' class='gform_hidden' name='gform_submission_method' data-js='gform_submission_method_11' value='postback' \/>\n            <input type='hidden' class='gform_hidden' name='gform_theme' data-js='gform_theme_11' id='gform_theme_11' value='gravity-theme' \/>\n            <input type='hidden' class='gform_hidden' name='gform_style_settings' data-js='gform_style_settings_11' id='gform_style_settings_11' value='{&quot;inputPrimaryColor&quot;:&quot;#204ce5&quot;}' \/>\n            <input type='hidden' class='gform_hidden' name='is_submit_11' value='1' \/>\n            <input type='hidden' class='gform_hidden' name='gform_submit' value='11' \/>\n            \n            <input type='hidden' class='gform_hidden' name='gform_currency' data-currency='USD' value='VZqxPrqeiseKxK+O+nd9K3UcoNtfxc2MDXsmn7ea4odJOFl\/JsChMUBWDqBN+c\/UUnHEzgiyLaYyKuKzdopGlsgbKsZTVAsUABVsYpCU9RIzpjw=' \/>\n            <input type='hidden' class='gform_hidden' name='gform_unique_id' value='' \/>\n            <input type='hidden' class='gform_hidden' name='state_11' value='WyJbXSIsImUzNjE5MThjZjc5MTEzZDMyM2U1OTNiNWFkODZkMjM1Il0=' \/>\n            <input type='hidden' autocomplete='off' class='gform_hidden' name='gform_target_page_number_11' id='gform_target_page_number_11' value='0' \/>\n            <input type='hidden' autocomplete='off' class='gform_hidden' name='gform_source_page_number_11' id='gform_source_page_number_11' value='1' \/>\n            <input type='hidden' name='gform_field_values' value='' \/>\n            \n        <\/div>\n                        <\/form>\n                        <\/div><script type=\"text\/javascript\">\n\/* <![CDATA[ *\/\n gform.initializeOnLoaded( function() {gformInitSpinner( 11, 'https:\/\/livunltd.com\/wp-content\/plugins\/gravityforms\/images\/spinner.svg', true );jQuery('#gform_ajax_frame_11').on('load',function(){var contents = jQuery(this).contents().find('*').html();var is_postback = contents.indexOf('GF_AJAX_POSTBACK') >= 0;if(!is_postback){return;}var form_content = jQuery(this).contents().find('#gform_wrapper_11');var is_confirmation = jQuery(this).contents().find('#gform_confirmation_wrapper_11').length > 0;var is_redirect = contents.indexOf('gformRedirect(){') >= 0;var is_form = form_content.length > 0 && ! is_redirect && ! is_confirmation;var mt = parseInt(jQuery('html').css('margin-top'), 10) + parseInt(jQuery('body').css('margin-top'), 10) + 100;if(is_form){jQuery('#gform_wrapper_11').html(form_content.html());if(form_content.hasClass('gform_validation_error')){jQuery('#gform_wrapper_11').addClass('gform_validation_error');} else {jQuery('#gform_wrapper_11').removeClass('gform_validation_error');}setTimeout( function() { \/* delay the scroll by 50 milliseconds to fix a bug in chrome *\/  }, 50 );if(window['gformInitDatepicker']) {gformInitDatepicker();}if(window['gformInitPriceFields']) {gformInitPriceFields();}var current_page = jQuery('#gform_source_page_number_11').val();gformInitSpinner( 11, 'https:\/\/livunltd.com\/wp-content\/plugins\/gravityforms\/images\/spinner.svg', true );jQuery(document).trigger('gform_page_loaded', [11, current_page]);window['gf_submitting_11'] = false;}else if(!is_redirect){var confirmation_content = jQuery(this).contents().find('.GF_AJAX_POSTBACK').html();if(!confirmation_content){confirmation_content = contents;}jQuery('#gform_wrapper_11').replaceWith(confirmation_content);jQuery(document).trigger('gform_confirmation_loaded', [11]);window['gf_submitting_11'] = false;wp.a11y.speak(jQuery('#gform_confirmation_message_11').text());}else{jQuery('#gform_11').append(contents);if(window['gformRedirect']) {gformRedirect();}}jQuery(document).trigger(\"gform_pre_post_render\", [{ formId: \"11\", currentPage: \"current_page\", abort: function() { this.preventDefault(); } }]);        if (event && event.defaultPrevented) {                return;        }        const gformWrapperDiv = document.getElementById( \"gform_wrapper_11\" );        if ( gformWrapperDiv ) {            const visibilitySpan = document.createElement( \"span\" );            visibilitySpan.id = \"gform_visibility_test_11\";            gformWrapperDiv.insertAdjacentElement( \"afterend\", visibilitySpan );        }        const visibilityTestDiv = document.getElementById( \"gform_visibility_test_11\" );        let postRenderFired = false;        function triggerPostRender() {            if ( postRenderFired ) {                return;            }            postRenderFired = true;            gform.core.triggerPostRenderEvents( 11, current_page );            if ( visibilityTestDiv ) {                visibilityTestDiv.parentNode.removeChild( visibilityTestDiv );            }        }        function debounce( func, wait, immediate ) {            var timeout;            return function() {                var context = this, args = arguments;                var later = function() {                    timeout = null;                    if ( !immediate ) func.apply( context, args );                };                var callNow = immediate && !timeout;                clearTimeout( timeout );                timeout = setTimeout( later, wait );                if ( callNow ) func.apply( context, args );            };        }        const debouncedTriggerPostRender = debounce( function() {            triggerPostRender();        }, 200 );        if ( visibilityTestDiv && visibilityTestDiv.offsetParent === null ) {            const observer = new MutationObserver( ( mutations ) => {                mutations.forEach( ( mutation ) => {                    if ( mutation.type === 'attributes' && visibilityTestDiv.offsetParent !== null ) {                        debouncedTriggerPostRender();                        observer.disconnect();                    }                });            });            observer.observe( document.body, {                attributes: true,                childList: false,                subtree: true,                attributeFilter: [ 'style', 'class' ],            });        } else {            triggerPostRender();        }    } );} ); \n\/* ]]> *\/\n<\/script>\n<\/div>\n<\/div>\n","protected":false},"excerpt":{"rendered":"<p>D\u00e9couvrez les 10 meilleurs \u00e9quipements de remise en forme, de bien-\u00eatre et de loisirs pour 2025 dans notre guide organis\u00e9 par des experts, Amenity Edge \u2014 con\u00e7u pour aider les gestionnaires immobiliers et les d\u00e9veloppeurs \u00e0 attirer des locataires, \u00e0 stimuler la r\u00e9tention et \u00e0 am\u00e9liorer le cadre de vie\u2026<\/p>","protected":false},"author":5,"featured_media":0,"parent":0,"menu_order":0,"comment_status":"closed","ping_status":"closed","template":"","meta":{"_acf_changed":false,"footnotes":""},"class_list":["post-17304","page","type-page","status-publish","hentry"],"acf":[],"yoast_head":"<!-- This site is optimized with the Yoast SEO plugin v27.3 - https:\/\/yoast.com\/product\/yoast-seo-wordpress\/ -->\n<title>Amenity Edge - LIVunLtd<\/title>\n<meta name=\"robots\" content=\"index, follow, max-snippet:-1, max-image-preview:large, max-video-preview:-1\" \/>\n<link rel=\"canonical\" href=\"https:\/\/livunltd.com\/fr\/amenity-edge\/\" \/>\n<meta property=\"og:locale\" content=\"fr_CA\" \/>\n<meta property=\"og:type\" content=\"article\" \/>\n<meta property=\"og:title\" content=\"Amenity Edge - LIVunLtd\" \/>\n<meta property=\"og:description\" content=\"Unlock the Wellness Amenities Residents Really Want Discover the Top 10 Fitness, Wellness &amp; Recreation Amenities for 2025 in our expert-curated guide, Amenity Edge \u2014 designed to help property managers and developers attract tenants, boost retention, and elevate the living...\" \/>\n<meta property=\"og:url\" content=\"https:\/\/livunltd.com\/fr\/amenity-edge\/\" \/>\n<meta property=\"og:site_name\" content=\"LIVunLtd\" \/>\n<meta property=\"article:modified_time\" content=\"2025-07-22T16:16:56+00:00\" \/>\n<meta name=\"twitter:card\" content=\"summary_large_image\" \/>\n<meta name=\"twitter:label1\" content=\"Estimation du temps de lecture\" \/>\n\t<meta name=\"twitter:data1\" content=\"1 minute\" \/>\n<script type=\"application\/ld+json\" class=\"yoast-schema-graph\">{\"@context\":\"https:\\\/\\\/schema.org\",\"@graph\":[{\"@type\":\"WebPage\",\"@id\":\"https:\\\/\\\/livunltd.com\\\/amenity-edge\\\/\",\"url\":\"https:\\\/\\\/livunltd.com\\\/amenity-edge\\\/\",\"name\":\"Amenity Edge - LIVunLtd\",\"isPartOf\":{\"@id\":\"https:\\\/\\\/livunltd.com\\\/#website\"},\"datePublished\":\"2025-06-20T14:16:46+00:00\",\"dateModified\":\"2025-07-22T16:16:56+00:00\",\"breadcrumb\":{\"@id\":\"https:\\\/\\\/livunltd.com\\\/amenity-edge\\\/#breadcrumb\"},\"inLanguage\":\"fr-CA\",\"potentialAction\":[{\"@type\":\"ReadAction\",\"target\":[\"https:\\\/\\\/livunltd.com\\\/amenity-edge\\\/\"]}]},{\"@type\":\"BreadcrumbList\",\"@id\":\"https:\\\/\\\/livunltd.com\\\/amenity-edge\\\/#breadcrumb\",\"itemListElement\":[{\"@type\":\"ListItem\",\"position\":1,\"name\":\"Home\",\"item\":\"https:\\\/\\\/livunltd.com\\\/\"},{\"@type\":\"ListItem\",\"position\":2,\"name\":\"Amenity Edge\"}]},{\"@type\":\"WebSite\",\"@id\":\"https:\\\/\\\/livunltd.com\\\/#website\",\"url\":\"https:\\\/\\\/livunltd.com\\\/\",\"name\":\"LIVunLtd\",\"description\":\"Concierge, Fitness &amp; Wellness Services\",\"potentialAction\":[{\"@type\":\"SearchAction\",\"target\":{\"@type\":\"EntryPoint\",\"urlTemplate\":\"https:\\\/\\\/livunltd.com\\\/?s={search_term_string}\"},\"query-input\":{\"@type\":\"PropertyValueSpecification\",\"valueRequired\":true,\"valueName\":\"search_term_string\"}}],\"inLanguage\":\"fr-CA\"}]}<\/script>\n<!-- \/ Yoast SEO plugin. -->","yoast_head_json":{"title":"Amenity Edge - LIVunLtd","robots":{"index":"index","follow":"follow","max-snippet":"max-snippet:-1","max-image-preview":"max-image-preview:large","max-video-preview":"max-video-preview:-1"},"canonical":"https:\/\/livunltd.com\/fr\/amenity-edge\/","og_locale":"fr_CA","og_type":"article","og_title":"Amenity Edge - LIVunLtd","og_description":"Unlock the Wellness Amenities Residents Really Want Discover the Top 10 Fitness, Wellness &amp; Recreation Amenities for 2025 in our expert-curated guide, Amenity Edge \u2014 designed to help property managers and developers attract tenants, boost retention, and elevate the living...","og_url":"https:\/\/livunltd.com\/fr\/amenity-edge\/","og_site_name":"LIVunLtd","article_modified_time":"2025-07-22T16:16:56+00:00","twitter_card":"summary_large_image","twitter_misc":{"Estimation du temps de lecture":"1 minute"},"schema":{"@context":"https:\/\/schema.org","@graph":[{"@type":"WebPage","@id":"https:\/\/livunltd.com\/amenity-edge\/","url":"https:\/\/livunltd.com\/amenity-edge\/","name":"Amenity Edge - LIVunLtd","isPartOf":{"@id":"https:\/\/livunltd.com\/#website"},"datePublished":"2025-06-20T14:16:46+00:00","dateModified":"2025-07-22T16:16:56+00:00","breadcrumb":{"@id":"https:\/\/livunltd.com\/amenity-edge\/#breadcrumb"},"inLanguage":"fr-CA","potentialAction":[{"@type":"ReadAction","target":["https:\/\/livunltd.com\/amenity-edge\/"]}]},{"@type":"BreadcrumbList","@id":"https:\/\/livunltd.com\/amenity-edge\/#breadcrumb","itemListElement":[{"@type":"ListItem","position":1,"name":"Home","item":"https:\/\/livunltd.com\/"},{"@type":"ListItem","position":2,"name":"Amenity Edge"}]},{"@type":"WebSite","@id":"https:\/\/livunltd.com\/#website","url":"https:\/\/livunltd.com\/","name":"LIVunLtd","description":"Services de conciergerie, de remise en forme et de bien-\u00eatre","potentialAction":[{"@type":"SearchAction","target":{"@type":"EntryPoint","urlTemplate":"https:\/\/livunltd.com\/?s={search_term_string}"},"query-input":{"@type":"PropertyValueSpecification","valueRequired":true,"valueName":"search_term_string"}}],"inLanguage":"fr-CA"}]}},"_links":{"self":[{"href":"https:\/\/livunltd.com\/fr\/wp-json\/wp\/v2\/pages\/17304","targetHints":{"allow":["GET"]}}],"collection":[{"href":"https:\/\/livunltd.com\/fr\/wp-json\/wp\/v2\/pages"}],"about":[{"href":"https:\/\/livunltd.com\/fr\/wp-json\/wp\/v2\/types\/page"}],"author":[{"embeddable":true,"href":"https:\/\/livunltd.com\/fr\/wp-json\/wp\/v2\/users\/5"}],"replies":[{"embeddable":true,"href":"https:\/\/livunltd.com\/fr\/wp-json\/wp\/v2\/comments?post=17304"}],"version-history":[{"count":0,"href":"https:\/\/livunltd.com\/fr\/wp-json\/wp\/v2\/pages\/17304\/revisions"}],"wp:attachment":[{"href":"https:\/\/livunltd.com\/fr\/wp-json\/wp\/v2\/media?parent=17304"}],"curies":[{"name":"wp","href":"https:\/\/api.w.org\/{rel}","templated":true}]}}