{"id":189,"date":"2023-10-25T20:00:19","date_gmt":"2023-10-25T20:00:19","guid":{"rendered":"https:\/\/livunltd.com?page_id=189"},"modified":"2025-02-28T15:52:14","modified_gmt":"2025-02-28T15:52:14","slug":"facility-management","status":"publish","type":"page","link":"https:\/\/livunltd.com\/fr\/facility-management\/","title":{"rendered":"Gestion des installations"},"content":{"rendered":"<section class=\"Block-Section CLR alignfull\" id=\"block_159b41de4dafa8848536d60531da8241\"\r\n\tstyle=\"padding-top: 60px;padding-bottom: 60px;\">\r\n\r\n\t\r\n\t\r\n\t<div class=\"Block-Section-Inner CLR\" style=\"max-width: 900px;\">\r\n\r\n\t\t\n\n<h1 class=\"wp-block-heading has-text-align-center Page-Title\">Gestion des \u00e9quipements<\/h1>\n\n\n\r\n\r\n\t<section class=\"Block-Sub-Nav CLR alignnone\" id=\"block_db5d9fc0b7ead3843e53b92bb38f2ea7\">\r\n\t\t<nav>\r\n\t\t\t<ul>\r\n\t\t\t\t\t\t\t\t\t\r\n\t\t\t\t\t\t\t\t\t\t\t<li>\r\n\t\t\t\t\t\t\t<a href=\"https:\/\/livunltd.com\/fr\/facility-management\/\"\r\n\t\t\t\t\t\t\t\ttarget=\"\"\r\n\t\t\t\t\t\t\t\tclass=\"Anim-Line Active\">\r\n\t\t\t\t\t\t\t\tPersonnel\t\t\t\t\t\t\t<\/a>\r\n\t\t\t\t\t\t<\/li>\r\n\t\t\t\t\t\t\t\t\t\t\t\t\t\t\r\n\t\t\t\t\t\t\t\t\t\t\t<li>\r\n\t\t\t\t\t\t\t<a href=\"https:\/\/livunltd.com\/fr\/facility-operations\/\"\r\n\t\t\t\t\t\t\t\ttarget=\"\"\r\n\t\t\t\t\t\t\t\tclass=\"Anim-Line\">\r\n\t\t\t\t\t\t\t\tFonctionnement de l'installation\t\t\t\t\t\t\t<\/a>\r\n\t\t\t\t\t\t<\/li>\r\n\t\t\t\t\t\t\t\t\t\t\t\t\t\t\r\n\t\t\t\t\t\t\t\t\t\t\t<li>\r\n\t\t\t\t\t\t\t<a href=\"https:\/\/livunltd.com\/fr\/programming\/\"\r\n\t\t\t\t\t\t\t\ttarget=\"\"\r\n\t\t\t\t\t\t\t\tclass=\"Anim-Line\">\r\n\t\t\t\t\t\t\t\tProgrammation\t\t\t\t\t\t\t<\/a>\r\n\t\t\t\t\t\t<\/li>\r\n\t\t\t\t\t\t\t\t\t\t\t\t\t\t\r\n\t\t\t\t\t\t\t\t\t\t\t<li>\r\n\t\t\t\t\t\t\t<a href=\"https:\/\/livunltd.com\/fr\/concierge-services\/\"\r\n\t\t\t\t\t\t\t\ttarget=\"\"\r\n\t\t\t\t\t\t\t\tclass=\"Anim-Line\">\r\n\t\t\t\t\t\t\t\tConcierge\t\t\t\t\t\t\t<\/a>\r\n\t\t\t\t\t\t<\/li>\r\n\t\t\t\t\t\t\t\t\t\t\t\t<\/ul>\r\n\t\t<\/nav>\r\n\t<\/section>\r\n\n\r\n\r\n\t<\/div>\r\n\r\n\t\r\n<\/section>\r\n\n\n\n<div style=\"height:20px\" aria-hidden=\"true\" class=\"wp-block-spacer Desktop-Only\"><\/div>\n\n\n\r\n\n<section class=\"Block-Services CLR alignfull\" id=\"block_c0963c55abc8700da459da03ebbb193f\">\n\t<div class=\"Block-Services-Left\">\n\t\t<div class=\"Block-Services-Left-Inner\">\n\n\t\t\t\t\t\t\t<div class=\"Block-Services-Content\">\n\t\t\t\t\t<p><span class=\"OYPEnA text-decoration-none text-strikethrough-none\">Nous attirons les meilleurs talents du secteur et nous avons l'\u0153il pour trouver les bonnes personnes et les placer au bon poste dans le bon \u00e9tablissement. \u00c0 partir de l\u00e0, nous les aidons \u00e0 r\u00e9ussir gr\u00e2ce \u00e0 la formation, aux syst\u00e8mes et \u00e0 l'assistance. La diversit\u00e9 des \u00e9tablissements que nous g\u00e9rons est la preuve que le style LIVunLtd s'applique \u00e0 une grande vari\u00e9t\u00e9 de types de lieux.<\/span><\/p>\n\t\t\t\t<\/div>\n\t\t\t\n\t\t\t\t\t\t\t<div class=\"Block-Services-List\">\n\t\t\t\t\t\n\t\t\t\t\t\t\n\t\t\t\t\t\t<div class=\"Block-Services-Item  Trans\" data-num=\"0\">\n\n\t\t\t\t\t\t\t\t\t\t\t\t\t\t\t<div class=\"Block-Services-Item-Image-Mobile\">\n\t\t\t\t\t\t\t\t\t<img loading=\"lazy\" decoding=\"async\" width=\"900\" height=\"600\" src=\"https:\/\/livunltd.com\/wp-content\/uploads\/2023\/12\/BW6I2705-1024x683.jpg\" class=\"attachment-large size-large\" alt=\"\" srcset=\"https:\/\/livunltd.com\/wp-content\/uploads\/2023\/12\/BW6I2705-1024x683.jpg 1024w, https:\/\/livunltd.com\/wp-content\/uploads\/2023\/12\/BW6I2705-300x200.jpg 300w, https:\/\/livunltd.com\/wp-content\/uploads\/2023\/12\/BW6I2705-768x512.jpg 768w, https:\/\/livunltd.com\/wp-content\/uploads\/2023\/12\/BW6I2705-1536x1024.jpg 1536w, https:\/\/livunltd.com\/wp-content\/uploads\/2023\/12\/BW6I2705-2048x1365.jpg 2048w\" sizes=\"auto, (max-width: 900px) 100vw, 900px\" \/>\t\t\t\t\t\t\t\t<\/div>\n\t\t\t\t\t\t\t\n\t\t\t\t\t\t\t\t\t\t\t\t\t\t\t<h3>Gestionnaires de clubs et d'installations<\/h3>\n\t\t\t\t\t\t\t\n\t\t\t\t\t\t\t\t\t\t\t\t\t\t\t<p>Si votre \u00e9tablissement est ax\u00e9 sur la remise en forme, comme un gymnase commercial, un centre de loisirs, un centre communautaire municipal ou m\u00eame un parc aquatique, soyez assur\u00e9 qu'un directeur de club et d'\u00e9tablissement de LIVunLtd a \u00e9t\u00e9 strat\u00e9giquement recrut\u00e9 et form\u00e9 sur les r\u00e8gles de jeu sp\u00e9cifiques pour r\u00e9ussir dans votre type d'\u00e9tablissement.<\/p>\n\t\t\t\t\t\t\t\n\t\t\t\t\t\t<\/div>\n\n\t\t\t\t\t\t\n\t\t\t\t\t\n\t\t\t\t\t\t\n\t\t\t\t\t\t<div class=\"Block-Services-Item  Trans\" data-num=\"1\">\n\n\t\t\t\t\t\t\t\t\t\t\t\t\t\t\t<div class=\"Block-Services-Item-Image-Mobile\">\n\t\t\t\t\t\t\t\t\t<img loading=\"lazy\" decoding=\"async\" width=\"900\" height=\"600\" src=\"https:\/\/livunltd.com\/wp-content\/uploads\/2023\/11\/BW6I2873-1-1024x683.jpg\" class=\"attachment-large size-large\" alt=\"\" srcset=\"https:\/\/livunltd.com\/wp-content\/uploads\/2023\/11\/BW6I2873-1-1024x683.jpg 1024w, https:\/\/livunltd.com\/wp-content\/uploads\/2023\/11\/BW6I2873-1-300x200.jpg 300w, https:\/\/livunltd.com\/wp-content\/uploads\/2023\/11\/BW6I2873-1-768x512.jpg 768w, https:\/\/livunltd.com\/wp-content\/uploads\/2023\/11\/BW6I2873-1-1536x1024.jpg 1536w, https:\/\/livunltd.com\/wp-content\/uploads\/2023\/11\/BW6I2873-1-2048x1365.jpg 2048w\" sizes=\"auto, (max-width: 900px) 100vw, 900px\" \/>\t\t\t\t\t\t\t\t<\/div>\n\t\t\t\t\t\t\t\n\t\t\t\t\t\t\t\t\t\t\t\t\t\t\t<h3>Gestionnaires de mode de vie<\/h3>\n\t\t\t\t\t\t\t\n\t\t\t\t\t\t\t\t\t\t\t\t\t\t\t<p>Les propri\u00e9t\u00e9s de luxe o\u00f9 les \u00e9quipements comprennent plus qu'un centre de fitness et n\u00e9cessitent une activation multi-am\u00e9nit\u00e9s et des services de conciergerie de type h\u00f4telier pour les r\u00e9sidents, les locataires ou les membres sont dans une ligue \u00e0 part. Un gestionnaire de style de vie de LIVunLtd fournit la solution parfaite pour que l'exp\u00e9rience devienne plus qu'un simple mot \u00e0 la mode.<\/p>\n\t\t\t\t\t\t\t\n\t\t\t\t\t\t<\/div>\n\n\t\t\t\t\t\t\n\t\t\t\t\t\n\t\t\t\t\t\t\n\t\t\t\t\t\t<div class=\"Block-Services-Item  Trans\" data-num=\"2\">\n\n\t\t\t\t\t\t\t\t\t\t\t\t\t\t\t<div class=\"Block-Services-Item-Image-Mobile\">\n\t\t\t\t\t\t\t\t\t<img loading=\"lazy\" decoding=\"async\" width=\"900\" height=\"600\" src=\"https:\/\/livunltd.com\/wp-content\/uploads\/2023\/11\/BW6I2727-1-1024x683.jpg\" class=\"attachment-large size-large\" alt=\"\" srcset=\"https:\/\/livunltd.com\/wp-content\/uploads\/2023\/11\/BW6I2727-1-1024x683.jpg 1024w, https:\/\/livunltd.com\/wp-content\/uploads\/2023\/11\/BW6I2727-1-300x200.jpg 300w, https:\/\/livunltd.com\/wp-content\/uploads\/2023\/11\/BW6I2727-1-768x512.jpg 768w, https:\/\/livunltd.com\/wp-content\/uploads\/2023\/11\/BW6I2727-1-1536x1024.jpg 1536w, https:\/\/livunltd.com\/wp-content\/uploads\/2023\/11\/BW6I2727-1-2048x1365.jpg 2048w\" sizes=\"auto, (max-width: 900px) 100vw, 900px\" \/>\t\t\t\t\t\t\t\t<\/div>\n\t\t\t\t\t\t\t\n\t\t\t\t\t\t\t\t\t\t\t\t\t\t\t<h3>Conciergerie de type h\u00f4telier<\/h3>\n\t\t\t\t\t\t\t\n\t\t\t\t\t\t\t\t\t\t\t\t\t\t\t<p>Qu'il s'agisse d'un h\u00f4tel, d'une r\u00e9sidence ou d'un commerce, un concierge de LIVunLtd (sur place ou virtuel) est une version modernis\u00e9e du r\u00f4le d'un concierge d'h\u00f4tel, qui est toujours le point central de l'hospitalit\u00e9. Pour un Concierge LIVunLtd, chaque demande est pleine de possibilit\u00e9s et apporte une nouvelle opportunit\u00e9 pour nos Concierges d'exploiter notre r\u00e9seau de contacts et de suivre le credo LIVunLtd o\u00f9 chaque demande a une solution. <\/p>\n\t\t\t\t\t\t\t\n\t\t\t\t\t\t<\/div>\n\n\t\t\t\t\t\t\n\t\t\t\t\t\n\t\t\t\t\t\t\n\t\t\t\t\t\t<div class=\"Block-Services-Item  Trans\" data-num=\"3\">\n\n\t\t\t\t\t\t\t\t\t\t\t\t\t\t\t<div class=\"Block-Services-Item-Image-Mobile\">\n\t\t\t\t\t\t\t\t\t<img loading=\"lazy\" decoding=\"async\" width=\"900\" height=\"600\" src=\"https:\/\/livunltd.com\/wp-content\/uploads\/2023\/12\/BW6I2016-1024x683.jpg\" class=\"attachment-large size-large\" alt=\"\" srcset=\"https:\/\/livunltd.com\/wp-content\/uploads\/2023\/12\/BW6I2016-1024x683.jpg 1024w, https:\/\/livunltd.com\/wp-content\/uploads\/2023\/12\/BW6I2016-300x200.jpg 300w, https:\/\/livunltd.com\/wp-content\/uploads\/2023\/12\/BW6I2016-768x512.jpg 768w, https:\/\/livunltd.com\/wp-content\/uploads\/2023\/12\/BW6I2016-1536x1024.jpg 1536w, https:\/\/livunltd.com\/wp-content\/uploads\/2023\/12\/BW6I2016-2048x1365.jpg 2048w\" sizes=\"auto, (max-width: 900px) 100vw, 900px\" \/>\t\t\t\t\t\t\t\t<\/div>\n\t\t\t\t\t\t\t\n\t\t\t\t\t\t\t\t\t\t\t\t\t\t\t<h3>Personnel de fitness<\/h3>\n\t\t\t\t\t\t\t\n\t\t\t\t\t\t\t\t\t\t\t\t\t\t\t<p>LIVunLtd est fier des plus de 150 instructeurs de fitness en groupe et entra\u00eeneurs personnels licenci\u00e9s et certifi\u00e9s qu'il emploie. Nos instructeurs de fitness en groupe enseignent un large \u00e9ventail d'exercices en groupe, et nos entra\u00eeneurs personnels sont disponibles pour un coaching individuel priv\u00e9 dans un large \u00e9ventail de disciplines, de la musculation au travail de restauration, d'\u00e9quilibre et de flexibilit\u00e9 - nous avons m\u00eame des coachs en nutrition et en m\u00e9ditation.<\/p>\n\t\t\t\t\t\t\t\n\t\t\t\t\t\t<\/div>\n\n\t\t\t\t\t\t\n\t\t\t\t\t\n\t\t\t\t\t\t\n\t\t\t\t\t\t<div class=\"Block-Services-Item  Trans\" data-num=\"4\">\n\n\t\t\t\t\t\t\t\t\t\t\t\t\t\t\t<div class=\"Block-Services-Item-Image-Mobile\">\n\t\t\t\t\t\t\t\t\t<img loading=\"lazy\" decoding=\"async\" width=\"799\" height=\"1024\" src=\"https:\/\/livunltd.com\/wp-content\/uploads\/2023\/12\/lifeguard-799x1024.jpg\" class=\"attachment-large size-large\" alt=\"\" srcset=\"https:\/\/livunltd.com\/wp-content\/uploads\/2023\/12\/lifeguard-799x1024.jpg 799w, https:\/\/livunltd.com\/wp-content\/uploads\/2023\/12\/lifeguard-234x300.jpg 234w, https:\/\/livunltd.com\/wp-content\/uploads\/2023\/12\/lifeguard-768x985.jpg 768w, https:\/\/livunltd.com\/wp-content\/uploads\/2023\/12\/lifeguard.jpg 808w\" sizes=\"auto, (max-width: 799px) 100vw, 799px\" \/>\t\t\t\t\t\t\t\t<\/div>\n\t\t\t\t\t\t\t\n\t\t\t\t\t\t\t\t\t\t\t\t\t\t\t<h3>Sauveteurs<\/h3>\n\t\t\t\t\t\t\t\n\t\t\t\t\t\t\t\t\t\t\t\t\t\t\t<p>Que ce soit de mani\u00e8re saisonni\u00e8re ou tout au long de l'ann\u00e9e, LIVunLtd recrute, forme et emploie litt\u00e9ralement des centaines de sauveteurs et d'op\u00e9rateurs de piscine certifi\u00e9s dans pr\u00e8s de 100 installations \u00e0 travers les \u00c9tats-Unis. <\/p>\n\t\t\t\t\t\t\t\n\t\t\t\t\t\t<\/div>\n\n\t\t\t\t\t\t\n\t\t\t\t\t\n\t\t\t\t\t\t\n\t\t\t\t\t\t<div class=\"Block-Services-Item  Trans\" data-num=\"5\">\n\n\t\t\t\t\t\t\t\t\t\t\t\t\t\t\t<div class=\"Block-Services-Item-Image-Mobile\">\n\t\t\t\t\t\t\t\t\t<img loading=\"lazy\" decoding=\"async\" width=\"799\" height=\"1024\" src=\"https:\/\/livunltd.com\/wp-content\/uploads\/2023\/12\/websiteimagevertical-2-1-799x1024.png\" class=\"attachment-large size-large\" alt=\"\" srcset=\"https:\/\/livunltd.com\/wp-content\/uploads\/2023\/12\/websiteimagevertical-2-1-799x1024.png 799w, https:\/\/livunltd.com\/wp-content\/uploads\/2023\/12\/websiteimagevertical-2-1-234x300.png 234w, https:\/\/livunltd.com\/wp-content\/uploads\/2023\/12\/websiteimagevertical-2-1-768x985.png 768w, https:\/\/livunltd.com\/wp-content\/uploads\/2023\/12\/websiteimagevertical-2-1.png 1010w\" sizes=\"auto, (max-width: 799px) 100vw, 799px\" \/>\t\t\t\t\t\t\t\t<\/div>\n\t\t\t\t\t\t\t\n\t\t\t\t\t\t\t\t\t\t\t\t\t\t\t<h3>Concessions et r\u00e9ception<\/h3>\n\t\t\t\t\t\t\t\n\t\t\t\t\t\t\t\t\t\t\t\t\t\t\t<p>R\u00e9ceptionnistes, h\u00f4tes, contr\u00f4leurs de s\u00e9curit\u00e9, relations avec les clients ou tout autre poste de l'accueil qui interagit avec votre communaut\u00e9. Nous avons \u00e9galement de l'exp\u00e9rience dans la dotation en personnel et l'exploitation de stands de concession, de bars \u00e0 caf\u00e9, de bars \u00e0 jus de fruits, de pro-shops et de boutiques de souvenirs.<\/p>\n\t\t\t\t\t\t\t\n\t\t\t\t\t\t<\/div>\n\n\t\t\t\t\t\t\n\t\t\t\t\t\t\t\t\t<\/div>\n\t\t\t\n\t\t\t\t\t\t\t<div class=\"Block-Services-Button Button-Circle\">\n\t\t\t\t\t\t\t\t\t\t<a href=\"https:\/\/livunltd.com\/fr\/where-we-do-it\/\"\n\t\t\t\t\t\ttarget=\"\">\n\t\t\t\t\t\tO\u00f9 nous le faisons\t\t\t\t\t<\/a>\n\t\t\t\t<\/div>\n\t\t\t\n\t\t<\/div>\n\t<\/div>\n\n\t<div class=\"Block-Services-Right\">\n\t\t\t\t\t\n\t\t\t\t\n\t\t\t\t<div class=\"Block-Services-Image Active\" data-num=\"0\">\n\t\t\t\t\t<img loading=\"lazy\" decoding=\"async\" width=\"900\" height=\"600\" src=\"https:\/\/livunltd.com\/wp-content\/uploads\/2023\/12\/BW6I2705-1024x683.jpg\" class=\"attachment-large size-large\" alt=\"\" srcset=\"https:\/\/livunltd.com\/wp-content\/uploads\/2023\/12\/BW6I2705-1024x683.jpg 1024w, https:\/\/livunltd.com\/wp-content\/uploads\/2023\/12\/BW6I2705-300x200.jpg 300w, https:\/\/livunltd.com\/wp-content\/uploads\/2023\/12\/BW6I2705-768x512.jpg 768w, https:\/\/livunltd.com\/wp-content\/uploads\/2023\/12\/BW6I2705-1536x1024.jpg 1536w, https:\/\/livunltd.com\/wp-content\/uploads\/2023\/12\/BW6I2705-2048x1365.jpg 2048w\" sizes=\"auto, (max-width: 900px) 100vw, 900px\" \/>\t\t\t\t<\/div>\n\n\t\t\t\t\n\t\t\t\n\t\t\t\t\n\t\t\t\t<div class=\"Block-Services-Image\" data-num=\"1\">\n\t\t\t\t\t<img loading=\"lazy\" decoding=\"async\" width=\"900\" height=\"600\" src=\"https:\/\/livunltd.com\/wp-content\/uploads\/2023\/11\/BW6I2873-1-1024x683.jpg\" class=\"attachment-large size-large\" alt=\"\" srcset=\"https:\/\/livunltd.com\/wp-content\/uploads\/2023\/11\/BW6I2873-1-1024x683.jpg 1024w, https:\/\/livunltd.com\/wp-content\/uploads\/2023\/11\/BW6I2873-1-300x200.jpg 300w, https:\/\/livunltd.com\/wp-content\/uploads\/2023\/11\/BW6I2873-1-768x512.jpg 768w, https:\/\/livunltd.com\/wp-content\/uploads\/2023\/11\/BW6I2873-1-1536x1024.jpg 1536w, https:\/\/livunltd.com\/wp-content\/uploads\/2023\/11\/BW6I2873-1-2048x1365.jpg 2048w\" sizes=\"auto, (max-width: 900px) 100vw, 900px\" \/>\t\t\t\t<\/div>\n\n\t\t\t\t\n\t\t\t\n\t\t\t\t\n\t\t\t\t<div class=\"Block-Services-Image\" data-num=\"2\">\n\t\t\t\t\t<img loading=\"lazy\" decoding=\"async\" width=\"900\" height=\"600\" src=\"https:\/\/livunltd.com\/wp-content\/uploads\/2023\/11\/BW6I2727-1-1024x683.jpg\" class=\"attachment-large size-large\" alt=\"\" srcset=\"https:\/\/livunltd.com\/wp-content\/uploads\/2023\/11\/BW6I2727-1-1024x683.jpg 1024w, https:\/\/livunltd.com\/wp-content\/uploads\/2023\/11\/BW6I2727-1-300x200.jpg 300w, https:\/\/livunltd.com\/wp-content\/uploads\/2023\/11\/BW6I2727-1-768x512.jpg 768w, https:\/\/livunltd.com\/wp-content\/uploads\/2023\/11\/BW6I2727-1-1536x1024.jpg 1536w, https:\/\/livunltd.com\/wp-content\/uploads\/2023\/11\/BW6I2727-1-2048x1365.jpg 2048w\" sizes=\"auto, (max-width: 900px) 100vw, 900px\" \/>\t\t\t\t<\/div>\n\n\t\t\t\t\n\t\t\t\n\t\t\t\t\n\t\t\t\t<div class=\"Block-Services-Image\" data-num=\"3\">\n\t\t\t\t\t<img loading=\"lazy\" decoding=\"async\" width=\"900\" height=\"600\" src=\"https:\/\/livunltd.com\/wp-content\/uploads\/2023\/12\/BW6I2016-1024x683.jpg\" class=\"attachment-large size-large\" alt=\"\" srcset=\"https:\/\/livunltd.com\/wp-content\/uploads\/2023\/12\/BW6I2016-1024x683.jpg 1024w, https:\/\/livunltd.com\/wp-content\/uploads\/2023\/12\/BW6I2016-300x200.jpg 300w, https:\/\/livunltd.com\/wp-content\/uploads\/2023\/12\/BW6I2016-768x512.jpg 768w, https:\/\/livunltd.com\/wp-content\/uploads\/2023\/12\/BW6I2016-1536x1024.jpg 1536w, https:\/\/livunltd.com\/wp-content\/uploads\/2023\/12\/BW6I2016-2048x1365.jpg 2048w\" sizes=\"auto, (max-width: 900px) 100vw, 900px\" \/>\t\t\t\t<\/div>\n\n\t\t\t\t\n\t\t\t\n\t\t\t\t\n\t\t\t\t<div class=\"Block-Services-Image\" data-num=\"4\">\n\t\t\t\t\t<img loading=\"lazy\" decoding=\"async\" width=\"799\" height=\"1024\" src=\"https:\/\/livunltd.com\/wp-content\/uploads\/2023\/12\/lifeguard-799x1024.jpg\" class=\"attachment-large size-large\" alt=\"\" srcset=\"https:\/\/livunltd.com\/wp-content\/uploads\/2023\/12\/lifeguard-799x1024.jpg 799w, https:\/\/livunltd.com\/wp-content\/uploads\/2023\/12\/lifeguard-234x300.jpg 234w, https:\/\/livunltd.com\/wp-content\/uploads\/2023\/12\/lifeguard-768x985.jpg 768w, https:\/\/livunltd.com\/wp-content\/uploads\/2023\/12\/lifeguard.jpg 808w\" sizes=\"auto, (max-width: 799px) 100vw, 799px\" \/>\t\t\t\t<\/div>\n\n\t\t\t\t\n\t\t\t\n\t\t\t\t\n\t\t\t\t<div class=\"Block-Services-Image\" data-num=\"5\">\n\t\t\t\t\t<img loading=\"lazy\" decoding=\"async\" width=\"799\" height=\"1024\" src=\"https:\/\/livunltd.com\/wp-content\/uploads\/2023\/12\/websiteimagevertical-2-1-799x1024.png\" class=\"attachment-large size-large\" alt=\"\" srcset=\"https:\/\/livunltd.com\/wp-content\/uploads\/2023\/12\/websiteimagevertical-2-1-799x1024.png 799w, https:\/\/livunltd.com\/wp-content\/uploads\/2023\/12\/websiteimagevertical-2-1-234x300.png 234w, https:\/\/livunltd.com\/wp-content\/uploads\/2023\/12\/websiteimagevertical-2-1-768x985.png 768w, https:\/\/livunltd.com\/wp-content\/uploads\/2023\/12\/websiteimagevertical-2-1.png 1010w\" sizes=\"auto, (max-width: 799px) 100vw, 799px\" \/>\t\t\t\t<\/div>\n\n\t\t\t\t\n\t\t\t\t\t\t<\/div>\n<\/section>\n\n<script>\n(function($) {\n\tvar BLOCK = {};\n\t\tBLOCK.FN = {};\n\t\tBLOCK.VAR = {};\n\t\tBLOCK.VAR.Curr_Item = null;\n\n\t$(document).ready(function() {\n\n\t\t$(\".Block-Services-Item\").each(function() {\n\t\t\tvar Num = $(this).data(\"num\");\n\n\t\t\t$(this).click(function() {\n\t\t\t\tBLOCK.FN.Switch(Num);\n\t\t\t});\n\t\t});\n\n\t});\n\n\tBLOCK.FN.Switch = function(Num) {\n\t\t\/\/if (Num === BLOCK.VAR.Curr_Item) return;\n\n\t\tvar Mobile = false;\n\n\t\tif ( $(window).width() <= 768 )\n\t\t\tMobile = true;\n\n\t\t$(\".Block-Services-Item\").each(function() {\n\t\t\tif ( $(this).data(\"num\") == Num ) {\n\t\t\t\tif ( ! $(this).hasClass(\"Active\") ) {\n\t\t\t\t\t$(this).addClass(\"Active\");\n\t\t\t\t\t$(this).find(\"p\").slideDown();\n\n\t\t\t\t\tif ( Mobile )\n\t\t\t\t\t\t$(this).find(\".Block-Services-Item-Image-Mobile\").slideDown();\n\t\t\t\t}\n\t\t\t\telse {\n\t\t\t\t\t$(this).removeClass(\"Active\");\n\t\t\t\t\t$(this).find(\"p\").slideUp();\n\t\t\t\t\t$(this).find(\".Block-Services-Item-Image-Mobile\").slideUp();\n\t\t\t\t\tNum = 0;\n\t\t\t\t}\n\t\t\t}\n\t\t\telse {\n\t\t\t\t$(this).removeClass(\"Active\");\n\t\t\t\t$(this).find(\"p\").slideUp();\n\t\t\t\t$(this).find(\".Block-Services-Item-Image-Mobile\").slideUp();\n\t\t\t}\n\t\t});\n\n\t\t$(\".Block-Services-Image\").each(function() {\n\t\t\tif ( $(this).data(\"num\") == Num )\n\t\t\t\t$(this).addClass(\"Active\");\n\t\t\telse\n\t\t\t\t$(this).removeClass(\"Active\");\n\t\t});\n\n\t\tBLOCK.VAR.Curr_Item = Num;\n\t};\n})(jQuery);\n<\/script>","protected":false},"excerpt":{"rendered":"","protected":false},"author":16,"featured_media":0,"parent":0,"menu_order":0,"comment_status":"closed","ping_status":"closed","template":"Template-Blocks.php","meta":{"_acf_changed":false,"footnotes":""},"class_list":["post-189","page","type-page","status-publish","hentry"],"acf":[],"yoast_head":"<!-- This site is optimized with the Yoast SEO plugin v27.5 - https:\/\/yoast.com\/product\/yoast-seo-wordpress\/ -->\n<title>Facility Management - LIVunLtd<\/title>\n<meta name=\"robots\" content=\"index, follow, max-snippet:-1, max-image-preview:large, max-video-preview:-1\" \/>\n<link rel=\"canonical\" href=\"https:\/\/livunltd.com\/fr\/facility-management\/\" \/>\n<meta property=\"og:locale\" content=\"fr_CA\" \/>\n<meta property=\"og:type\" content=\"article\" \/>\n<meta property=\"og:title\" content=\"Facility Management - LIVunLtd\" \/>\n<meta property=\"og:url\" content=\"https:\/\/livunltd.com\/fr\/facility-management\/\" \/>\n<meta property=\"og:site_name\" content=\"LIVunLtd\" \/>\n<meta property=\"article:modified_time\" content=\"2025-02-28T15:52:14+00:00\" \/>\n<meta name=\"twitter:card\" content=\"summary_large_image\" \/>\n<meta name=\"twitter:label1\" content=\"Estimation du temps de lecture\" \/>\n\t<meta name=\"twitter:data1\" content=\"1 minute\" \/>\n<script type=\"application\/ld+json\" class=\"yoast-schema-graph\">{\"@context\":\"https:\\\/\\\/schema.org\",\"@graph\":[{\"@type\":\"WebPage\",\"@id\":\"https:\\\/\\\/livunltd.com\\\/facility-management\\\/\",\"url\":\"https:\\\/\\\/livunltd.com\\\/facility-management\\\/\",\"name\":\"Facility Management - LIVunLtd\",\"isPartOf\":{\"@id\":\"https:\\\/\\\/livunltd.com\\\/#website\"},\"datePublished\":\"2023-10-25T20:00:19+00:00\",\"dateModified\":\"2025-02-28T15:52:14+00:00\",\"breadcrumb\":{\"@id\":\"https:\\\/\\\/livunltd.com\\\/facility-management\\\/#breadcrumb\"},\"inLanguage\":\"fr-CA\",\"potentialAction\":[{\"@type\":\"ReadAction\",\"target\":[\"https:\\\/\\\/livunltd.com\\\/facility-management\\\/\"]}]},{\"@type\":\"BreadcrumbList\",\"@id\":\"https:\\\/\\\/livunltd.com\\\/facility-management\\\/#breadcrumb\",\"itemListElement\":[{\"@type\":\"ListItem\",\"position\":1,\"name\":\"Home\",\"item\":\"https:\\\/\\\/livunltd.com\\\/\"},{\"@type\":\"ListItem\",\"position\":2,\"name\":\"Facility Management\"}]},{\"@type\":\"WebSite\",\"@id\":\"https:\\\/\\\/livunltd.com\\\/#website\",\"url\":\"https:\\\/\\\/livunltd.com\\\/\",\"name\":\"LIVunLtd\",\"description\":\"Concierge, Fitness &amp; Wellness Services\",\"potentialAction\":[{\"@type\":\"SearchAction\",\"target\":{\"@type\":\"EntryPoint\",\"urlTemplate\":\"https:\\\/\\\/livunltd.com\\\/?s={search_term_string}\"},\"query-input\":{\"@type\":\"PropertyValueSpecification\",\"valueRequired\":true,\"valueName\":\"search_term_string\"}}],\"inLanguage\":\"fr-CA\"}]}<\/script>\n<!-- \/ Yoast SEO plugin. -->","yoast_head_json":{"title":"Gestion des installations - LIVunLtd","robots":{"index":"index","follow":"follow","max-snippet":"max-snippet:-1","max-image-preview":"max-image-preview:large","max-video-preview":"max-video-preview:-1"},"canonical":"https:\/\/livunltd.com\/fr\/facility-management\/","og_locale":"fr_CA","og_type":"article","og_title":"Facility Management - LIVunLtd","og_url":"https:\/\/livunltd.com\/fr\/facility-management\/","og_site_name":"LIVunLtd","article_modified_time":"2025-02-28T15:52:14+00:00","twitter_card":"summary_large_image","twitter_misc":{"Estimation du temps de lecture":"1 minute"},"schema":{"@context":"https:\/\/schema.org","@graph":[{"@type":"WebPage","@id":"https:\/\/livunltd.com\/facility-management\/","url":"https:\/\/livunltd.com\/facility-management\/","name":"Gestion des installations - LIVunLtd","isPartOf":{"@id":"https:\/\/livunltd.com\/#website"},"datePublished":"2023-10-25T20:00:19+00:00","dateModified":"2025-02-28T15:52:14+00:00","breadcrumb":{"@id":"https:\/\/livunltd.com\/facility-management\/#breadcrumb"},"inLanguage":"fr-CA","potentialAction":[{"@type":"ReadAction","target":["https:\/\/livunltd.com\/facility-management\/"]}]},{"@type":"BreadcrumbList","@id":"https:\/\/livunltd.com\/facility-management\/#breadcrumb","itemListElement":[{"@type":"ListItem","position":1,"name":"Home","item":"https:\/\/livunltd.com\/"},{"@type":"ListItem","position":2,"name":"Facility Management"}]},{"@type":"WebSite","@id":"https:\/\/livunltd.com\/#website","url":"https:\/\/livunltd.com\/","name":"LIVunLtd","description":"Services de conciergerie, de remise en forme et de bien-\u00eatre","potentialAction":[{"@type":"SearchAction","target":{"@type":"EntryPoint","urlTemplate":"https:\/\/livunltd.com\/?s={search_term_string}"},"query-input":{"@type":"PropertyValueSpecification","valueRequired":true,"valueName":"search_term_string"}}],"inLanguage":"fr-CA"}]}},"_links":{"self":[{"href":"https:\/\/livunltd.com\/fr\/wp-json\/wp\/v2\/pages\/189","targetHints":{"allow":["GET"]}}],"collection":[{"href":"https:\/\/livunltd.com\/fr\/wp-json\/wp\/v2\/pages"}],"about":[{"href":"https:\/\/livunltd.com\/fr\/wp-json\/wp\/v2\/types\/page"}],"author":[{"embeddable":true,"href":"https:\/\/livunltd.com\/fr\/wp-json\/wp\/v2\/users\/16"}],"replies":[{"embeddable":true,"href":"https:\/\/livunltd.com\/fr\/wp-json\/wp\/v2\/comments?post=189"}],"version-history":[{"count":0,"href":"https:\/\/livunltd.com\/fr\/wp-json\/wp\/v2\/pages\/189\/revisions"}],"wp:attachment":[{"href":"https:\/\/livunltd.com\/fr\/wp-json\/wp\/v2\/media?parent=189"}],"curies":[{"name":"wp","href":"https:\/\/api.w.org\/{rel}","templated":true}]}}