{"id":281,"date":"2023-10-26T01:06:24","date_gmt":"2023-10-26T01:06:24","guid":{"rendered":"https:\/\/livunltd.com?page_id=281"},"modified":"2024-10-04T19:59:39","modified_gmt":"2024-10-04T19:59:39","slug":"fitness-equipment","status":"publish","type":"page","link":"https:\/\/livunltd.com\/fr\/fitness-equipment\/","title":{"rendered":"\u00c9quipements de remise en forme"},"content":{"rendered":"<style>\r\n\t\t@media\r\n\t\tall and (max-width: 768px),\r\n\t\tall and (max-device-width: 768px)\r\n\t\t{\r\n\t\t\t#block_a26bb0f05bdcfc49b4b5ec40cc55f99b {\r\n\t\t\t\tpadding-bottom: 0px !important;\t\t\t}\r\n\t\t}\r\n\t<\/style>\r\n\r\n<section class=\"Block-Section CLR alignfull\" id=\"block_a26bb0f05bdcfc49b4b5ec40cc55f99b\"\r\n\tstyle=\"padding-top: 60px;padding-bottom: 0px;\">\r\n\r\n\t\r\n\t\r\n\t<div class=\"Block-Section-Inner CLR\" style=\"max-width: 900px;\">\r\n\r\n\t\t\n\n<h1 class=\"wp-block-heading has-text-align-center Page-Title\">\u00c9quipements de remise en forme<\/h1>\n\n\n\n<p class=\"has-text-align-center has-medium-font-size\">LIVunLtd propose la plus grande vari\u00e9t\u00e9 de produits sur le march\u00e9, ainsi que des services de maintenance pr\u00e9ventive et d'entretien. Nous vendons chaque type d'\u00e9quipement \u00e0 une vaste gamme de consommateurs. Des salles de sport commerciales aux centres d'\u00e9quipements r\u00e9sidentiels, en passant par les h\u00f4tels, les campus, les centres de r\u00e9\u00e9ducation physique et m\u00eame les salles de sport \u00e0 domicile.<\/p>\n\n\r\n\r\n\t<\/div>\r\n\r\n\t\r\n<\/section>\r\n\n\n\r\n\r\n<section class=\"Block-Section CLR alignfull\" id=\"block_7c37f4e62158dd27cac793e904ed77eb\"\r\n\tstyle=\"\">\r\n\r\n\t\r\n\t\r\n\t<div class=\"Block-Section-Inner CLR\" style=\"max-width: 1400px;\">\r\n\r\n\t\t\n\r\n\r\n\r\n\t<section class=\"Block-Slider CLR alignnone\" id=\"block_c12f885e7c55caa0de872961056117b1\">\r\n\t\t<div class=\"Block-Slider-Slides\" style=\"height: 400px;\">\r\n\r\n\t\t\t\r\n\t\t\t\t\t\t\t\t\t<div class=\"Block-Slider-Slide\">\r\n\t\t\t\t\t\t<div style=\"height: 400px;\">\r\n\t\t\t\t\t\t\t<img loading=\"lazy\" decoding=\"async\" width=\"900\" height=\"427\" src=\"https:\/\/livunltd.com\/wp-content\/uploads\/2024\/10\/27-1024x486.jpg\" class=\"attachment-large size-large\" alt=\"\" srcset=\"https:\/\/livunltd.com\/wp-content\/uploads\/2024\/10\/27-1024x486.jpg 1024w, https:\/\/livunltd.com\/wp-content\/uploads\/2024\/10\/27-300x143.jpg 300w, https:\/\/livunltd.com\/wp-content\/uploads\/2024\/10\/27-768x365.jpg 768w, https:\/\/livunltd.com\/wp-content\/uploads\/2024\/10\/27-1536x730.jpg 1536w, https:\/\/livunltd.com\/wp-content\/uploads\/2024\/10\/27-18x9.jpg 18w, https:\/\/livunltd.com\/wp-content\/uploads\/2024\/10\/27.jpg 2000w\" sizes=\"auto, (max-width: 900px) 100vw, 900px\" \/>\t\t\t\t\t\t<\/div>\r\n\t\t\t\t\t<\/div>\r\n\t\t\t\t\r\n\t\t\t\r\n\t\t\t\t\t\t\t\t\t<div class=\"Block-Slider-Slide\">\r\n\t\t\t\t\t\t<div style=\"height: 400px;\">\r\n\t\t\t\t\t\t\t<img loading=\"lazy\" decoding=\"async\" width=\"900\" height=\"427\" src=\"https:\/\/livunltd.com\/wp-content\/uploads\/2024\/10\/29-1024x486.jpg\" class=\"attachment-large size-large\" alt=\"\" srcset=\"https:\/\/livunltd.com\/wp-content\/uploads\/2024\/10\/29-1024x486.jpg 1024w, https:\/\/livunltd.com\/wp-content\/uploads\/2024\/10\/29-300x143.jpg 300w, https:\/\/livunltd.com\/wp-content\/uploads\/2024\/10\/29-768x365.jpg 768w, https:\/\/livunltd.com\/wp-content\/uploads\/2024\/10\/29-1536x730.jpg 1536w, https:\/\/livunltd.com\/wp-content\/uploads\/2024\/10\/29-18x9.jpg 18w, https:\/\/livunltd.com\/wp-content\/uploads\/2024\/10\/29.jpg 2000w\" sizes=\"auto, (max-width: 900px) 100vw, 900px\" \/>\t\t\t\t\t\t<\/div>\r\n\t\t\t\t\t<\/div>\r\n\t\t\t\t\r\n\t\t\t\r\n\t\t\t\t\t\t\t\t\t<div class=\"Block-Slider-Slide\">\r\n\t\t\t\t\t\t<div style=\"height: 400px;\">\r\n\t\t\t\t\t\t\t<img loading=\"lazy\" decoding=\"async\" width=\"900\" height=\"427\" src=\"https:\/\/livunltd.com\/wp-content\/uploads\/2024\/10\/30-1024x486.jpg\" class=\"attachment-large size-large\" alt=\"\" srcset=\"https:\/\/livunltd.com\/wp-content\/uploads\/2024\/10\/30-1024x486.jpg 1024w, https:\/\/livunltd.com\/wp-content\/uploads\/2024\/10\/30-300x143.jpg 300w, https:\/\/livunltd.com\/wp-content\/uploads\/2024\/10\/30-768x365.jpg 768w, https:\/\/livunltd.com\/wp-content\/uploads\/2024\/10\/30-1536x730.jpg 1536w, https:\/\/livunltd.com\/wp-content\/uploads\/2024\/10\/30-18x9.jpg 18w, https:\/\/livunltd.com\/wp-content\/uploads\/2024\/10\/30.jpg 2000w\" sizes=\"auto, (max-width: 900px) 100vw, 900px\" \/>\t\t\t\t\t\t<\/div>\r\n\t\t\t\t\t<\/div>\r\n\t\t\t\t\r\n\t\t\t\r\n\t\t\t\t\t\t\t\t\t<div class=\"Block-Slider-Slide\">\r\n\t\t\t\t\t\t<div style=\"height: 400px;\">\r\n\t\t\t\t\t\t\t<img loading=\"lazy\" decoding=\"async\" width=\"900\" height=\"600\" src=\"https:\/\/livunltd.com\/wp-content\/uploads\/2023\/12\/BW6I2315-2-1024x683.jpg\" class=\"attachment-large size-large\" alt=\"\" srcset=\"https:\/\/livunltd.com\/wp-content\/uploads\/2023\/12\/BW6I2315-2-1024x683.jpg 1024w, https:\/\/livunltd.com\/wp-content\/uploads\/2023\/12\/BW6I2315-2-300x200.jpg 300w, https:\/\/livunltd.com\/wp-content\/uploads\/2023\/12\/BW6I2315-2-768x512.jpg 768w, https:\/\/livunltd.com\/wp-content\/uploads\/2023\/12\/BW6I2315-2-1536x1024.jpg 1536w, https:\/\/livunltd.com\/wp-content\/uploads\/2023\/12\/BW6I2315-2-2048x1365.jpg 2048w\" sizes=\"auto, (max-width: 900px) 100vw, 900px\" \/>\t\t\t\t\t\t<\/div>\r\n\t\t\t\t\t<\/div>\r\n\t\t\t\t\r\n\t\t\t\r\n\t\t\t\t\t\t\t\t\t<div class=\"Block-Slider-Slide\">\r\n\t\t\t\t\t\t<div style=\"height: 400px;\">\r\n\t\t\t\t\t\t\t<img loading=\"lazy\" decoding=\"async\" width=\"900\" height=\"427\" src=\"https:\/\/livunltd.com\/wp-content\/uploads\/2024\/10\/33-1024x486.jpg\" class=\"attachment-large size-large\" alt=\"\" srcset=\"https:\/\/livunltd.com\/wp-content\/uploads\/2024\/10\/33-1024x486.jpg 1024w, https:\/\/livunltd.com\/wp-content\/uploads\/2024\/10\/33-300x143.jpg 300w, https:\/\/livunltd.com\/wp-content\/uploads\/2024\/10\/33-768x365.jpg 768w, https:\/\/livunltd.com\/wp-content\/uploads\/2024\/10\/33-1536x730.jpg 1536w, https:\/\/livunltd.com\/wp-content\/uploads\/2024\/10\/33-18x9.jpg 18w, https:\/\/livunltd.com\/wp-content\/uploads\/2024\/10\/33.jpg 2000w\" sizes=\"auto, (max-width: 900px) 100vw, 900px\" \/>\t\t\t\t\t\t<\/div>\r\n\t\t\t\t\t<\/div>\r\n\t\t\t\t\r\n\t\t\t\r\n\t\t\t\t\t\t\t\t\t<div class=\"Block-Slider-Slide\">\r\n\t\t\t\t\t\t<div style=\"height: 400px;\">\r\n\t\t\t\t\t\t\t<img loading=\"lazy\" decoding=\"async\" width=\"900\" height=\"427\" src=\"https:\/\/livunltd.com\/wp-content\/uploads\/2024\/10\/32-1024x486.jpg\" class=\"attachment-large size-large\" alt=\"\" srcset=\"https:\/\/livunltd.com\/wp-content\/uploads\/2024\/10\/32-1024x486.jpg 1024w, https:\/\/livunltd.com\/wp-content\/uploads\/2024\/10\/32-300x143.jpg 300w, https:\/\/livunltd.com\/wp-content\/uploads\/2024\/10\/32-768x365.jpg 768w, https:\/\/livunltd.com\/wp-content\/uploads\/2024\/10\/32-1536x730.jpg 1536w, https:\/\/livunltd.com\/wp-content\/uploads\/2024\/10\/32-18x9.jpg 18w, https:\/\/livunltd.com\/wp-content\/uploads\/2024\/10\/32.jpg 2000w\" sizes=\"auto, (max-width: 900px) 100vw, 900px\" \/>\t\t\t\t\t\t<\/div>\r\n\t\t\t\t\t<\/div>\r\n\t\t\t\t\r\n\t\t\t\r\n\t\t\t\t\t\t\t\t\t<div class=\"Block-Slider-Slide\">\r\n\t\t\t\t\t\t<div style=\"height: 400px;\">\r\n\t\t\t\t\t\t\t<img loading=\"lazy\" decoding=\"async\" width=\"900\" height=\"427\" src=\"https:\/\/livunltd.com\/wp-content\/uploads\/2024\/10\/31-1024x486.jpg\" class=\"attachment-large size-large\" alt=\"\" srcset=\"https:\/\/livunltd.com\/wp-content\/uploads\/2024\/10\/31-1024x486.jpg 1024w, https:\/\/livunltd.com\/wp-content\/uploads\/2024\/10\/31-300x143.jpg 300w, https:\/\/livunltd.com\/wp-content\/uploads\/2024\/10\/31-768x365.jpg 768w, https:\/\/livunltd.com\/wp-content\/uploads\/2024\/10\/31-1536x730.jpg 1536w, https:\/\/livunltd.com\/wp-content\/uploads\/2024\/10\/31-18x9.jpg 18w, https:\/\/livunltd.com\/wp-content\/uploads\/2024\/10\/31.jpg 2000w\" sizes=\"auto, (max-width: 900px) 100vw, 900px\" \/>\t\t\t\t\t\t<\/div>\r\n\t\t\t\t\t<\/div>\r\n\t\t\t\t\r\n\t\t\t\r\n\t\t\t\t\t\t\t\t\t<div class=\"Block-Slider-Slide\">\r\n\t\t\t\t\t\t<div style=\"height: 400px;\">\r\n\t\t\t\t\t\t\t<img loading=\"lazy\" decoding=\"async\" width=\"900\" height=\"427\" src=\"https:\/\/livunltd.com\/wp-content\/uploads\/2024\/10\/websiteimagebar-1-1024x486.jpg\" class=\"attachment-large size-large\" alt=\"\" srcset=\"https:\/\/livunltd.com\/wp-content\/uploads\/2024\/10\/websiteimagebar-1-1024x486.jpg 1024w, https:\/\/livunltd.com\/wp-content\/uploads\/2024\/10\/websiteimagebar-1-300x143.jpg 300w, https:\/\/livunltd.com\/wp-content\/uploads\/2024\/10\/websiteimagebar-1-768x365.jpg 768w, https:\/\/livunltd.com\/wp-content\/uploads\/2024\/10\/websiteimagebar-1-1536x730.jpg 1536w, https:\/\/livunltd.com\/wp-content\/uploads\/2024\/10\/websiteimagebar-1-18x9.jpg 18w, https:\/\/livunltd.com\/wp-content\/uploads\/2024\/10\/websiteimagebar-1.jpg 2000w\" sizes=\"auto, (max-width: 900px) 100vw, 900px\" \/>\t\t\t\t\t\t<\/div>\r\n\t\t\t\t\t<\/div>\r\n\t\t\t\t\r\n\t\t\t\r\n\t\t<\/div>\r\n\t<\/section>\r\n\r\n<script>\r\n(function($) {\r\n\t$(document).ready(function() {\r\n\t\ttry {\r\n\t\t\t$(\".Block-Slider-Slides\").slick({\r\n\t\t\t\tdots: false,\r\n\t\t\t\tarrows: true,\r\n\t\t\t\tinfinite: true,\r\n\t\t\t\tspeed: 500,\r\n\t\t\t\tcssEase: \"linear\",\r\n\t\t\t\tautoplay: true,\r\n\t\t\t\tautoplaySpeed: 10000\r\n\t\t\t});\r\n\t\t}\r\n\t\tcatch(err) {}\r\n\t});\r\n})(jQuery);\r\n<\/script>\r\n\n\r\n\r\n\t<\/div>\r\n\r\n\t\r\n<\/section>\r\n\n\n\r\n\r\n<section class=\"Block-Section CLR alignfull\" id=\"block_7c37f4e62158dd27cac793e904ed77eb\"\r\n\tstyle=\"\">\r\n\r\n\t\r\n\t\r\n\t<div class=\"Block-Section-Inner CLR\" style=\"max-width: 1400px;\">\r\n\r\n\t\t\n\n<div class=\"wp-block-columns is-layout-flex wp-container-core-columns-is-layout-9d6595d7 wp-block-columns-is-layout-flex\">\n<div class=\"wp-block-column Border-Top is-layout-flow wp-block-column-is-layout-flow\">\n<div style=\"height:1rem\" aria-hidden=\"true\" class=\"wp-block-spacer\"><\/div>\n\n\n\n<h2 class=\"wp-block-heading No-Padding\" style=\"font-size:2rem;font-style:normal;font-weight:400;text-transform:uppercase\">Mise en page, rendus ET conception<\/h2>\n\n\n\n<p>LIVunLtd utilise la technologie de conception la plus r\u00e9cente de l'industrie pour cr\u00e9er des plans tridimensionnels de pr\u00e9cision, incorporant chaque d\u00e9tail de votre espace. \u00c0 partir de l\u00e0, nous vous guidons soigneusement dans la s\u00e9lection de la bonne combinaison d'\u00e9quipements pour vos objectifs, parfaitement plac\u00e9s pour maximiser l'aspect et la fluidit\u00e9 de votre espace.<\/p>\n<\/div>\n\n\n\n<div class=\"wp-block-column Border-Top is-layout-flow wp-block-column-is-layout-flow\">\n<div style=\"height:1rem\" aria-hidden=\"true\" class=\"wp-block-spacer\"><\/div>\n\n\n\n<h2 class=\"wp-block-heading No-Padding\" style=\"font-size:2rem;font-style:normal;font-weight:400;text-transform:uppercase\">MARCH\u00c9S PUBLICS ET ACHATS<\/h2>\n\n\n\n<p>LIVunLtd entretient des relations privil\u00e9gi\u00e9es avec les meilleurs fabricants de l'industrie pour tous les types d'\u00e9quipements de fitness haut de gamme, y compris les rev\u00eatements de sol, les accessoires, les programmes num\u00e9riques, les solutions de stockage et tout ce dont vous avez besoin pour votre installation. Quelle que soit l'ampleur de votre projet, LIVunLtd poss\u00e8de l'expertise n\u00e9cessaire pour vous guider vers l'\u00e9quipement adapt\u00e9 \u00e0 vos besoins sp\u00e9cifiques, et nous sommes l\u00e0 pour vous \u00e0 chaque \u00e9tape, de la s\u00e9lection \u00e0 l'installation.<\/p>\n<\/div>\n\n\n\n<div class=\"wp-block-column Border-Top is-layout-flow wp-block-column-is-layout-flow\">\n<div style=\"height:1rem\" aria-hidden=\"true\" class=\"wp-block-spacer\"><\/div>\n\n\n\n<h2 class=\"wp-block-heading No-Padding\" style=\"font-size:2rem;font-style:normal;font-weight:400;text-transform:uppercase\">ENTRETIEN PR\u00c9VENTIF ET SERVICE<\/h2>\n\n\n\n<p>Prot\u00e9gez votre investissement, prolongez la dur\u00e9e de vie de votre \u00e9quipement, minimisez les temps d'arr\u00eat, \u00e9conomisez de l'argent sur les r\u00e9parations et maximisez la valeur de revente de votre \u00e9quipement avec l'un de nos plans d'entretien pr\u00e9ventif. LIVunLtd dispose d'une flotte de techniciens experts pour inspecter, entretenir et r\u00e9parer tout type d'\u00e9quipement. Nos techniciens comp\u00e9tents et fiables sont pr\u00eats \u00e0 intervenir pour tout, des contr\u00f4les de routine et de l'entretien aux r\u00e9parations majeures - sous garantie ou non.<\/p>\n<\/div>\n<\/div>\n\n\n\n<div style=\"height:1.5rem\" aria-hidden=\"true\" class=\"wp-block-spacer\"><\/div>\n\n\n\n<div class=\"wp-block-buttons is-content-justification-right is-layout-flex wp-container-core-buttons-is-layout-765c4724 wp-block-buttons-is-layout-flex\">\n<div class=\"wp-block-button Button-Circle\"><a class=\"wp-block-button__link wp-element-button\" href=\"https:\/\/livunltd.com\/fr\/where-we-do-it\/\">O\u00f9 nous le faisons<\/a><\/div>\n<\/div>\n\n\r\n\r\n\t<\/div>\r\n\r\n\t\r\n<\/section>","protected":false},"excerpt":{"rendered":"","protected":false},"author":1,"featured_media":0,"parent":0,"menu_order":0,"comment_status":"closed","ping_status":"closed","template":"Template-Blocks.php","meta":{"_acf_changed":true,"footnotes":""},"class_list":["post-281","page","type-page","status-publish","hentry"],"acf":[],"yoast_head":"<!-- This site is optimized with the Yoast SEO plugin v27.3 - https:\/\/yoast.com\/product\/yoast-seo-wordpress\/ -->\n<title>Fitness Equipment - LIVunLtd<\/title>\n<meta name=\"robots\" content=\"index, follow, max-snippet:-1, max-image-preview:large, max-video-preview:-1\" \/>\n<link rel=\"canonical\" href=\"https:\/\/livunltd.com\/fr\/fitness-equipment\/\" \/>\n<meta property=\"og:locale\" content=\"fr_CA\" \/>\n<meta property=\"og:type\" content=\"article\" \/>\n<meta property=\"og:title\" content=\"Fitness Equipment - LIVunLtd\" \/>\n<meta property=\"og:url\" content=\"https:\/\/livunltd.com\/fr\/fitness-equipment\/\" \/>\n<meta property=\"og:site_name\" content=\"LIVunLtd\" \/>\n<meta property=\"article:modified_time\" content=\"2024-10-04T19:59:39+00:00\" \/>\n<meta name=\"twitter:card\" content=\"summary_large_image\" \/>\n<meta name=\"twitter:label1\" content=\"Estimation du temps de lecture\" \/>\n\t<meta name=\"twitter:data1\" content=\"2 minutes\" \/>\n<script type=\"application\/ld+json\" class=\"yoast-schema-graph\">{\"@context\":\"https:\\\/\\\/schema.org\",\"@graph\":[{\"@type\":\"WebPage\",\"@id\":\"https:\\\/\\\/livunltd.com\\\/fitness-equipment\\\/\",\"url\":\"https:\\\/\\\/livunltd.com\\\/fitness-equipment\\\/\",\"name\":\"Fitness Equipment - LIVunLtd\",\"isPartOf\":{\"@id\":\"https:\\\/\\\/livunltd.com\\\/#website\"},\"datePublished\":\"2023-10-26T01:06:24+00:00\",\"dateModified\":\"2024-10-04T19:59:39+00:00\",\"breadcrumb\":{\"@id\":\"https:\\\/\\\/livunltd.com\\\/fitness-equipment\\\/#breadcrumb\"},\"inLanguage\":\"fr-CA\",\"potentialAction\":[{\"@type\":\"ReadAction\",\"target\":[\"https:\\\/\\\/livunltd.com\\\/fitness-equipment\\\/\"]}]},{\"@type\":\"BreadcrumbList\",\"@id\":\"https:\\\/\\\/livunltd.com\\\/fitness-equipment\\\/#breadcrumb\",\"itemListElement\":[{\"@type\":\"ListItem\",\"position\":1,\"name\":\"Home\",\"item\":\"https:\\\/\\\/livunltd.com\\\/\"},{\"@type\":\"ListItem\",\"position\":2,\"name\":\"Fitness Equipment\"}]},{\"@type\":\"WebSite\",\"@id\":\"https:\\\/\\\/livunltd.com\\\/#website\",\"url\":\"https:\\\/\\\/livunltd.com\\\/\",\"name\":\"LIVunLtd\",\"description\":\"Concierge, Fitness &amp; Wellness Services\",\"potentialAction\":[{\"@type\":\"SearchAction\",\"target\":{\"@type\":\"EntryPoint\",\"urlTemplate\":\"https:\\\/\\\/livunltd.com\\\/?s={search_term_string}\"},\"query-input\":{\"@type\":\"PropertyValueSpecification\",\"valueRequired\":true,\"valueName\":\"search_term_string\"}}],\"inLanguage\":\"fr-CA\"}]}<\/script>\n<!-- \/ Yoast SEO plugin. -->","yoast_head_json":{"title":"\u00c9quipement de fitness - LIVunLtd","robots":{"index":"index","follow":"follow","max-snippet":"max-snippet:-1","max-image-preview":"max-image-preview:large","max-video-preview":"max-video-preview:-1"},"canonical":"https:\/\/livunltd.com\/fr\/fitness-equipment\/","og_locale":"fr_CA","og_type":"article","og_title":"Fitness Equipment - LIVunLtd","og_url":"https:\/\/livunltd.com\/fr\/fitness-equipment\/","og_site_name":"LIVunLtd","article_modified_time":"2024-10-04T19:59:39+00:00","twitter_card":"summary_large_image","twitter_misc":{"Estimation du temps de lecture":"2 minutes"},"schema":{"@context":"https:\/\/schema.org","@graph":[{"@type":"WebPage","@id":"https:\/\/livunltd.com\/fitness-equipment\/","url":"https:\/\/livunltd.com\/fitness-equipment\/","name":"\u00c9quipement de fitness - LIVunLtd","isPartOf":{"@id":"https:\/\/livunltd.com\/#website"},"datePublished":"2023-10-26T01:06:24+00:00","dateModified":"2024-10-04T19:59:39+00:00","breadcrumb":{"@id":"https:\/\/livunltd.com\/fitness-equipment\/#breadcrumb"},"inLanguage":"fr-CA","potentialAction":[{"@type":"ReadAction","target":["https:\/\/livunltd.com\/fitness-equipment\/"]}]},{"@type":"BreadcrumbList","@id":"https:\/\/livunltd.com\/fitness-equipment\/#breadcrumb","itemListElement":[{"@type":"ListItem","position":1,"name":"Home","item":"https:\/\/livunltd.com\/"},{"@type":"ListItem","position":2,"name":"Fitness Equipment"}]},{"@type":"WebSite","@id":"https:\/\/livunltd.com\/#website","url":"https:\/\/livunltd.com\/","name":"LIVunLtd","description":"Services de conciergerie, de remise en forme et de bien-\u00eatre","potentialAction":[{"@type":"SearchAction","target":{"@type":"EntryPoint","urlTemplate":"https:\/\/livunltd.com\/?s={search_term_string}"},"query-input":{"@type":"PropertyValueSpecification","valueRequired":true,"valueName":"search_term_string"}}],"inLanguage":"fr-CA"}]}},"_links":{"self":[{"href":"https:\/\/livunltd.com\/fr\/wp-json\/wp\/v2\/pages\/281","targetHints":{"allow":["GET"]}}],"collection":[{"href":"https:\/\/livunltd.com\/fr\/wp-json\/wp\/v2\/pages"}],"about":[{"href":"https:\/\/livunltd.com\/fr\/wp-json\/wp\/v2\/types\/page"}],"author":[{"embeddable":true,"href":"https:\/\/livunltd.com\/fr\/wp-json\/wp\/v2\/users\/1"}],"replies":[{"embeddable":true,"href":"https:\/\/livunltd.com\/fr\/wp-json\/wp\/v2\/comments?post=281"}],"version-history":[{"count":0,"href":"https:\/\/livunltd.com\/fr\/wp-json\/wp\/v2\/pages\/281\/revisions"}],"wp:attachment":[{"href":"https:\/\/livunltd.com\/fr\/wp-json\/wp\/v2\/media?parent=281"}],"curies":[{"name":"wp","href":"https:\/\/api.w.org\/{rel}","templated":true}]}}