{"id":283,"date":"2023-10-26T01:06:36","date_gmt":"2023-10-26T01:06:36","guid":{"rendered":"https:\/\/livunltd.com?page_id=283"},"modified":"2025-02-28T15:51:30","modified_gmt":"2025-02-28T15:51:30","slug":"programming","status":"publish","type":"page","link":"https:\/\/livunltd.com\/fr\/programming\/","title":{"rendered":"Programmation"},"content":{"rendered":"<section class=\"Block-Section CLR alignfull\" id=\"block_34ddecd5a2166d2eab8b88d00af568ef\"\r\n\tstyle=\"padding-top: 60px;padding-bottom: 60px;\">\r\n\r\n\t\r\n\t\r\n\t<div class=\"Block-Section-Inner CLR\" style=\"max-width: 900px;\">\r\n\r\n\t\t\n\n<h1 class=\"wp-block-heading has-text-align-center Page-Title\">Gestion des \u00e9quipements<\/h1>\n\n\n\r\n\r\n\t<section class=\"Block-Sub-Nav CLR alignnone\" id=\"block_92e02d9f1d6ed225dd24988dbc2bbec1\">\r\n\t\t<nav>\r\n\t\t\t<ul>\r\n\t\t\t\t\t\t\t\t\t\r\n\t\t\t\t\t\t\t\t\t\t\t<li>\r\n\t\t\t\t\t\t\t<a href=\"https:\/\/livunltd.com\/fr\/facility-management\/\"\r\n\t\t\t\t\t\t\t\ttarget=\"\"\r\n\t\t\t\t\t\t\t\tclass=\"Anim-Line\">\r\n\t\t\t\t\t\t\t\tPersonnel\t\t\t\t\t\t\t<\/a>\r\n\t\t\t\t\t\t<\/li>\r\n\t\t\t\t\t\t\t\t\t\t\t\t\t\t\r\n\t\t\t\t\t\t\t\t\t\t\t<li>\r\n\t\t\t\t\t\t\t<a href=\"https:\/\/livunltd.com\/fr\/facility-operations\/\"\r\n\t\t\t\t\t\t\t\ttarget=\"\"\r\n\t\t\t\t\t\t\t\tclass=\"Anim-Line\">\r\n\t\t\t\t\t\t\t\tFonctionnement de l'installation\t\t\t\t\t\t\t<\/a>\r\n\t\t\t\t\t\t<\/li>\r\n\t\t\t\t\t\t\t\t\t\t\t\t\t\t\r\n\t\t\t\t\t\t\t\t\t\t\t<li>\r\n\t\t\t\t\t\t\t<a href=\"https:\/\/livunltd.com\/fr\/programming\/\"\r\n\t\t\t\t\t\t\t\ttarget=\"\"\r\n\t\t\t\t\t\t\t\tclass=\"Anim-Line Active\">\r\n\t\t\t\t\t\t\t\tProgrammation\t\t\t\t\t\t\t<\/a>\r\n\t\t\t\t\t\t<\/li>\r\n\t\t\t\t\t\t\t\t\t\t\t\t\t\t\r\n\t\t\t\t\t\t\t\t\t\t\t<li>\r\n\t\t\t\t\t\t\t<a href=\"https:\/\/livunltd.com\/fr\/concierge-services\/\"\r\n\t\t\t\t\t\t\t\ttarget=\"\"\r\n\t\t\t\t\t\t\t\tclass=\"Anim-Line\">\r\n\t\t\t\t\t\t\t\tConcierge\t\t\t\t\t\t\t<\/a>\r\n\t\t\t\t\t\t<\/li>\r\n\t\t\t\t\t\t\t\t\t\t\t\t<\/ul>\r\n\t\t<\/nav>\r\n\t<\/section>\r\n\n\r\n\r\n\t<\/div>\r\n\r\n\t\r\n<\/section>\r\n\n\n\n<div style=\"height:20px\" aria-hidden=\"true\" class=\"wp-block-spacer Desktop-Only\"><\/div>\n\n\n\r\n\n<section class=\"Block-Services CLR alignfull\" id=\"block_c444b47255c419dbfa705cc678cda0f1\">\n\t<div class=\"Block-Services-Left\">\n\t\t<div class=\"Block-Services-Left-Inner\">\n\n\t\t\t\t\t\t\t<div class=\"Block-Services-Content\">\n\t\t\t\t\t<p><span style=\"font-weight: 400\">LIVunLtd travaille en collaboration avec nos clients pour d\u00e9velopper une liste attrayante de cours de fitness, de programmes de bien-\u00eatre et d&#039;activit\u00e9s sociales afin de cr\u00e9er un engagement et de b\u00e2tir une communaut\u00e9. Nos id\u00e9es innovantes sont \u00e9clair\u00e9es par des mesures de fr\u00e9quentation et des commentaires, et nous prenons toujours en consid\u00e9ration votre budget, votre public et vos objectifs. Notre programmation est devenue si populaire que nous la proposons m\u00eame en tant que <span style=\"text-decoration: underline\"><a href=\"https:\/\/livunltd.com\/fr\/wwd-programming\/\">service autonome.<\/a><\/span><\/span><\/p>\n\t\t\t\t<\/div>\n\t\t\t\n\t\t\t\t\t\t\t<div class=\"Block-Services-List\">\n\t\t\t\t\t\n\t\t\t\t\t\t\n\t\t\t\t\t\t<div class=\"Block-Services-Item  Trans\" data-num=\"0\">\n\n\t\t\t\t\t\t\t\t\t\t\t\t\t\t\t<div class=\"Block-Services-Item-Image-Mobile\">\n\t\t\t\t\t\t\t\t\t<img loading=\"lazy\" decoding=\"async\" width=\"900\" height=\"600\" src=\"https:\/\/livunltd.com\/wp-content\/uploads\/2023\/11\/Rough-Cut.00_13_50_03.Still005-1024x683.jpg\" class=\"attachment-large size-large\" alt=\"\" srcset=\"https:\/\/livunltd.com\/wp-content\/uploads\/2023\/11\/Rough-Cut.00_13_50_03.Still005-1024x683.jpg 1024w, https:\/\/livunltd.com\/wp-content\/uploads\/2023\/11\/Rough-Cut.00_13_50_03.Still005-300x200.jpg 300w, https:\/\/livunltd.com\/wp-content\/uploads\/2023\/11\/Rough-Cut.00_13_50_03.Still005-768x512.jpg 768w, https:\/\/livunltd.com\/wp-content\/uploads\/2023\/11\/Rough-Cut.00_13_50_03.Still005-1536x1024.jpg 1536w, https:\/\/livunltd.com\/wp-content\/uploads\/2023\/11\/Rough-Cut.00_13_50_03.Still005-2048x1365.jpg 2048w\" sizes=\"auto, (max-width: 900px) 100vw, 900px\" \/>\t\t\t\t\t\t\t\t<\/div>\n\t\t\t\t\t\t\t\n\t\t\t\t\t\t\t\t\t\t\t\t\t\t\t<h3>Fitness en groupe<\/h3>\n\t\t\t\t\t\t\t\n\t\t\t\t\t\t\t\t\t\t\t\t\t\t\t<p>Chaque semaine, notre \u00e9quipe d'instructeurs certifi\u00e9s anime plus de 200 cours, couvrant tous les types de cours et tous les niveaux. Notre r\u00e9pertoire est un m\u00e9lange parfait des classiques \u00e9prouv\u00e9s et authentiques - yoga, Boot Camp, renforcement musculaire, flexibilit\u00e9 et \u00e9tirements, Pilates et bien plus encore. De plus, nous proposons nos propres options de cours pour ceux dont les int\u00e9r\u00eats sont un peu plus avant-gardistes - m\u00eame s'ils sortent parfois compl\u00e8tement des sentiers battus.<\/p>\n\t\t\t\t\t\t\t\n\t\t\t\t\t\t<\/div>\n\n\t\t\t\t\t\t\n\t\t\t\t\t\n\t\t\t\t\t\t\n\t\t\t\t\t\t<div class=\"Block-Services-Item  Trans\" data-num=\"1\">\n\n\t\t\t\t\t\t\t\t\t\t\t\t\t\t\t<div class=\"Block-Services-Item-Image-Mobile\">\n\t\t\t\t\t\t\t\t\t<img loading=\"lazy\" decoding=\"async\" width=\"900\" height=\"600\" src=\"https:\/\/livunltd.com\/wp-content\/uploads\/2023\/11\/Rough-Cut.00_26_04_03.Still006-1024x683.jpg\" class=\"attachment-large size-large\" alt=\"\" srcset=\"https:\/\/livunltd.com\/wp-content\/uploads\/2023\/11\/Rough-Cut.00_26_04_03.Still006-1024x683.jpg 1024w, https:\/\/livunltd.com\/wp-content\/uploads\/2023\/11\/Rough-Cut.00_26_04_03.Still006-300x200.jpg 300w, https:\/\/livunltd.com\/wp-content\/uploads\/2023\/11\/Rough-Cut.00_26_04_03.Still006-768x512.jpg 768w, https:\/\/livunltd.com\/wp-content\/uploads\/2023\/11\/Rough-Cut.00_26_04_03.Still006-1536x1024.jpg 1536w, https:\/\/livunltd.com\/wp-content\/uploads\/2023\/11\/Rough-Cut.00_26_04_03.Still006-2048x1365.jpg 2048w\" sizes=\"auto, (max-width: 900px) 100vw, 900px\" \/>\t\t\t\t\t\t\t\t<\/div>\n\t\t\t\t\t\t\t\n\t\t\t\t\t\t\t\t\t\t\t\t\t\t\t<h3>Activation des commodit\u00e9s<\/h3>\n\t\t\t\t\t\t\t\n\t\t\t\t\t\t\t\t\t\t\t\t\t\t\t<p>Compte tenu de la diversit\u00e9 des biens immobiliers que nous d\u00e9tenons, nous avons vu tous les types d'espaces d'agr\u00e9ment possibles et imaginables. Pour nous, chaque espace est une toile vierge - une occasion de cr\u00e9er des fa\u00e7ons d'utiliser cet espace pour rassembler les gens. <\/p>\n\t\t\t\t\t\t\t\n\t\t\t\t\t\t<\/div>\n\n\t\t\t\t\t\t\n\t\t\t\t\t\n\t\t\t\t\t\t\n\t\t\t\t\t\t<div class=\"Block-Services-Item  Trans\" data-num=\"2\">\n\n\t\t\t\t\t\t\t\t\t\t\t\t\t\t\t<div class=\"Block-Services-Item-Image-Mobile\">\n\t\t\t\t\t\t\t\t\t<img loading=\"lazy\" decoding=\"async\" width=\"900\" height=\"600\" src=\"https:\/\/livunltd.com\/wp-content\/uploads\/2023\/11\/BW6I3008-1-copy-1024x683.png\" class=\"attachment-large size-large\" alt=\"\" srcset=\"https:\/\/livunltd.com\/wp-content\/uploads\/2023\/11\/BW6I3008-1-copy-1024x683.png 1024w, https:\/\/livunltd.com\/wp-content\/uploads\/2023\/11\/BW6I3008-1-copy-300x200.png 300w, https:\/\/livunltd.com\/wp-content\/uploads\/2023\/11\/BW6I3008-1-copy-768x512.png 768w, https:\/\/livunltd.com\/wp-content\/uploads\/2023\/11\/BW6I3008-1-copy-1536x1024.png 1536w, https:\/\/livunltd.com\/wp-content\/uploads\/2023\/11\/BW6I3008-1-copy-2048x1365.png 2048w\" sizes=\"auto, (max-width: 900px) 100vw, 900px\" \/>\t\t\t\t\t\t\t\t<\/div>\n\t\t\t\t\t\t\t\n\t\t\t\t\t\t\t\t\t\t\t\t\t\t\t<h3>\u00c9v\u00e9nements sociaux<\/h3>\n\t\t\t\t\t\t\t\n\t\t\t\t\t\t\t\t\t\t\t\t\t\t\t<p>Qu'il s'agisse de petits pop-ups bien pens\u00e9s, de rassemblements saisonniers, de f\u00eates de fin d'ann\u00e9e ou d'\u00e9v\u00e9nements th\u00e9matiques \u00e0 grande \u00e9chelle, les id\u00e9es novatrices de LIVunLtd, l'attention port\u00e9e aux d\u00e9tails et l'ex\u00e9cution sans faille ne font pas seulement parler de nos clients, c'est aussi l'une des forces motrices qui permet \u00e0 vos propri\u00e9t\u00e9s de faire parler d'elles dans la presse. <\/p>\n\t\t\t\t\t\t\t\n\t\t\t\t\t\t<\/div>\n\n\t\t\t\t\t\t\n\t\t\t\t\t\n\t\t\t\t\t\t\n\t\t\t\t\t\t<div class=\"Block-Services-Item  Trans\" data-num=\"3\">\n\n\t\t\t\t\t\t\t\t\t\t\t\t\t\t\t<div class=\"Block-Services-Item-Image-Mobile\">\n\t\t\t\t\t\t\t\t\t<img loading=\"lazy\" decoding=\"async\" width=\"900\" height=\"600\" src=\"https:\/\/livunltd.com\/wp-content\/uploads\/2023\/11\/SMH07027-1024x683.jpg\" class=\"attachment-large size-large\" alt=\"\" srcset=\"https:\/\/livunltd.com\/wp-content\/uploads\/2023\/11\/SMH07027-1024x683.jpg 1024w, https:\/\/livunltd.com\/wp-content\/uploads\/2023\/11\/SMH07027-300x200.jpg 300w, https:\/\/livunltd.com\/wp-content\/uploads\/2023\/11\/SMH07027-768x512.jpg 768w, https:\/\/livunltd.com\/wp-content\/uploads\/2023\/11\/SMH07027-1536x1024.jpg 1536w, https:\/\/livunltd.com\/wp-content\/uploads\/2023\/11\/SMH07027-2048x1365.jpg 2048w\" sizes=\"auto, (max-width: 900px) 100vw, 900px\" \/>\t\t\t\t\t\t\t\t<\/div>\n\t\t\t\t\t\t\t\n\t\t\t\t\t\t\t\t\t\t\t\t\t\t\t<h3>Ateliers et discussions<\/h3>\n\t\t\t\t\t\t\t\n\t\t\t\t\t\t\t\t\t\t\t\t\t\t\t<p>L'apprentissage partag\u00e9 et les groupes de discussion anim\u00e9s sont un excellent moyen de cr\u00e9er une communaut\u00e9, et LIVunLtd offre de nombreuses possibilit\u00e9s d'ateliers pratiques avec des chefs, des sommeliers, des mixologues, des scientifiques, des ma\u00eetres artisans, des artistes, des auteurs et d'autres experts en la mati\u00e8re. <\/p>\n\t\t\t\t\t\t\t\n\t\t\t\t\t\t<\/div>\n\n\t\t\t\t\t\t\n\t\t\t\t\t\n\t\t\t\t\t\t\n\t\t\t\t\t\t<div class=\"Block-Services-Item  Trans\" data-num=\"4\">\n\n\t\t\t\t\t\t\t\t\t\t\t\t\t\t\t<div class=\"Block-Services-Item-Image-Mobile\">\n\t\t\t\t\t\t\t\t\t<img loading=\"lazy\" decoding=\"async\" width=\"900\" height=\"599\" src=\"https:\/\/livunltd.com\/wp-content\/uploads\/2023\/12\/virtualfitness_livunltd-1-1024x681.png\" class=\"attachment-large size-large\" alt=\"\" srcset=\"https:\/\/livunltd.com\/wp-content\/uploads\/2023\/12\/virtualfitness_livunltd-1-1024x681.png 1024w, https:\/\/livunltd.com\/wp-content\/uploads\/2023\/12\/virtualfitness_livunltd-1-300x200.png 300w, https:\/\/livunltd.com\/wp-content\/uploads\/2023\/12\/virtualfitness_livunltd-1-768x511.png 768w, https:\/\/livunltd.com\/wp-content\/uploads\/2023\/12\/virtualfitness_livunltd-1.png 1218w\" sizes=\"auto, (max-width: 900px) 100vw, 900px\" \/>\t\t\t\t\t\t\t\t<\/div>\n\t\t\t\t\t\t\t\n\t\t\t\t\t\t\t\t\t\t\t\t\t\t\t<h3>Fitness et bien-\u00eatre virtuels<\/h3>\n\t\t\t\t\t\t\t\n\t\t\t\t\t\t\t\t\t\t\t\t\t\t\t<p>Le produit de fitness et de bien-\u00eatre virtuel LIVunLtd est un moyen \u00e9conomique pour votre communaut\u00e9 de se connecter et de s'engager gr\u00e2ce \u00e0 notre biblioth\u00e8que en ligne et \u00e0 nos cours de fitness et de bien-\u00eatre diffus\u00e9s en direct.<br \/>\r\n<\/p>\n\t\t\t\t\t\t\t\n\t\t\t\t\t\t<\/div>\n\n\t\t\t\t\t\t\n\t\t\t\t\t\n\t\t\t\t\t\t\n\t\t\t\t\t\t<div class=\"Block-Services-Item  Trans\" data-num=\"5\">\n\n\t\t\t\t\t\t\t\t\t\t\t\t\t\t\t<div class=\"Block-Services-Item-Image-Mobile\">\n\t\t\t\t\t\t\t\t\t<img loading=\"lazy\" decoding=\"async\" width=\"900\" height=\"600\" src=\"https:\/\/livunltd.com\/wp-content\/uploads\/2023\/11\/BW6I2298-1-1024x683.jpg\" class=\"attachment-large size-large\" alt=\"\" srcset=\"https:\/\/livunltd.com\/wp-content\/uploads\/2023\/11\/BW6I2298-1-1024x683.jpg 1024w, https:\/\/livunltd.com\/wp-content\/uploads\/2023\/11\/BW6I2298-1-300x200.jpg 300w, https:\/\/livunltd.com\/wp-content\/uploads\/2023\/11\/BW6I2298-1-768x512.jpg 768w, https:\/\/livunltd.com\/wp-content\/uploads\/2023\/11\/BW6I2298-1-1536x1024.jpg 1536w, https:\/\/livunltd.com\/wp-content\/uploads\/2023\/11\/BW6I2298-1-2048x1365.jpg 2048w\" sizes=\"auto, (max-width: 900px) 100vw, 900px\" \/>\t\t\t\t\t\t\t\t<\/div>\n\t\t\t\t\t\t\t\n\t\t\t\t\t\t\t\t\t\t\t\t\t\t\t<h3>\u00c9quipes et ligues<\/h3>\n\t\t\t\t\t\t\t\n\t\t\t\t\t\t\t\t\t\t\t\t\t\t\t<p>Parfait pour les centres de loisirs et les programmes de remise en forme des entreprises, nous pouvons prendre en charge tous les d\u00e9tails de la cr\u00e9ation, de l'organisation et de la gestion de tous les types d'\u00e9quipes et de ligues - baseball, basket-ball, football, pickleball, course \u00e0 pied, natation et bien d'autres encore.<\/p>\n\t\t\t\t\t\t\t\n\t\t\t\t\t\t<\/div>\n\n\t\t\t\t\t\t\n\t\t\t\t\t\n\t\t\t\t\t\t\n\t\t\t\t\t\t<div class=\"Block-Services-Item  Trans\" data-num=\"6\">\n\n\t\t\t\t\t\t\t\t\t\t\t\t\t\t\t<div class=\"Block-Services-Item-Image-Mobile\">\n\t\t\t\t\t\t\t\t\t<img loading=\"lazy\" decoding=\"async\" width=\"900\" height=\"599\" src=\"https:\/\/livunltd.com\/wp-content\/uploads\/2023\/12\/websiteimagehorizontal-6-1024x681.png\" class=\"attachment-large size-large\" alt=\"\" srcset=\"https:\/\/livunltd.com\/wp-content\/uploads\/2023\/12\/websiteimagehorizontal-6-1024x681.png 1024w, https:\/\/livunltd.com\/wp-content\/uploads\/2023\/12\/websiteimagehorizontal-6-300x200.png 300w, https:\/\/livunltd.com\/wp-content\/uploads\/2023\/12\/websiteimagehorizontal-6-768x511.png 768w, https:\/\/livunltd.com\/wp-content\/uploads\/2023\/12\/websiteimagehorizontal-6.png 1218w\" sizes=\"auto, (max-width: 900px) 100vw, 900px\" \/>\t\t\t\t\t\t\t\t<\/div>\n\t\t\t\t\t\t\t\n\t\t\t\t\t\t\t\t\t\t\t\t\t\t\t<h3>Camps<\/h3>\n\t\t\t\t\t\t\t\n\t\t\t\t\t\t\t\t\t\t\t\t\t\t\t<p>Les centres de loisirs et les municipalit\u00e9s se tournent vers LIVunLtd pour cr\u00e9er et g\u00e9rer une vari\u00e9t\u00e9 de sessions de camps d'\u00e9t\u00e9 pour les enfants de tous \u00e2ges. Au fil des ans, des centaines d'enfants et d'adolescents ont particip\u00e9 \u00e0 nos programmes de camp s\u00fbrs, organis\u00e9s et bien pens\u00e9s.<\/p>\n\t\t\t\t\t\t\t\n\t\t\t\t\t\t<\/div>\n\n\t\t\t\t\t\t\n\t\t\t\t\t\t\t\t\t<\/div>\n\t\t\t\n\t\t\t\t\t\t\t<div class=\"Block-Services-Button Button-Circle\">\n\t\t\t\t\t\t\t\t\t\t<a href=\"https:\/\/livunltd.com\/fr\/where-we-do-it\/\"\n\t\t\t\t\t\ttarget=\"\">\n\t\t\t\t\t\tO\u00f9 nous le faisons\t\t\t\t\t<\/a>\n\t\t\t\t<\/div>\n\t\t\t\n\t\t<\/div>\n\t<\/div>\n\n\t<div class=\"Block-Services-Right\">\n\t\t\t\t\t\n\t\t\t\t\n\t\t\t\t<div class=\"Block-Services-Image Active\" data-num=\"0\">\n\t\t\t\t\t<img loading=\"lazy\" decoding=\"async\" width=\"900\" height=\"600\" src=\"https:\/\/livunltd.com\/wp-content\/uploads\/2023\/11\/Rough-Cut.00_13_50_03.Still005-1024x683.jpg\" class=\"attachment-large size-large\" alt=\"\" srcset=\"https:\/\/livunltd.com\/wp-content\/uploads\/2023\/11\/Rough-Cut.00_13_50_03.Still005-1024x683.jpg 1024w, https:\/\/livunltd.com\/wp-content\/uploads\/2023\/11\/Rough-Cut.00_13_50_03.Still005-300x200.jpg 300w, https:\/\/livunltd.com\/wp-content\/uploads\/2023\/11\/Rough-Cut.00_13_50_03.Still005-768x512.jpg 768w, https:\/\/livunltd.com\/wp-content\/uploads\/2023\/11\/Rough-Cut.00_13_50_03.Still005-1536x1024.jpg 1536w, https:\/\/livunltd.com\/wp-content\/uploads\/2023\/11\/Rough-Cut.00_13_50_03.Still005-2048x1365.jpg 2048w\" sizes=\"auto, (max-width: 900px) 100vw, 900px\" \/>\t\t\t\t<\/div>\n\n\t\t\t\t\n\t\t\t\n\t\t\t\t\n\t\t\t\t<div class=\"Block-Services-Image\" data-num=\"1\">\n\t\t\t\t\t<img loading=\"lazy\" decoding=\"async\" width=\"900\" height=\"600\" src=\"https:\/\/livunltd.com\/wp-content\/uploads\/2023\/11\/Rough-Cut.00_26_04_03.Still006-1024x683.jpg\" class=\"attachment-large size-large\" alt=\"\" srcset=\"https:\/\/livunltd.com\/wp-content\/uploads\/2023\/11\/Rough-Cut.00_26_04_03.Still006-1024x683.jpg 1024w, https:\/\/livunltd.com\/wp-content\/uploads\/2023\/11\/Rough-Cut.00_26_04_03.Still006-300x200.jpg 300w, https:\/\/livunltd.com\/wp-content\/uploads\/2023\/11\/Rough-Cut.00_26_04_03.Still006-768x512.jpg 768w, https:\/\/livunltd.com\/wp-content\/uploads\/2023\/11\/Rough-Cut.00_26_04_03.Still006-1536x1024.jpg 1536w, https:\/\/livunltd.com\/wp-content\/uploads\/2023\/11\/Rough-Cut.00_26_04_03.Still006-2048x1365.jpg 2048w\" sizes=\"auto, (max-width: 900px) 100vw, 900px\" \/>\t\t\t\t<\/div>\n\n\t\t\t\t\n\t\t\t\n\t\t\t\t\n\t\t\t\t<div class=\"Block-Services-Image\" data-num=\"2\">\n\t\t\t\t\t<img loading=\"lazy\" decoding=\"async\" width=\"900\" height=\"600\" src=\"https:\/\/livunltd.com\/wp-content\/uploads\/2023\/11\/BW6I3008-1-copy-1024x683.png\" class=\"attachment-large size-large\" alt=\"\" srcset=\"https:\/\/livunltd.com\/wp-content\/uploads\/2023\/11\/BW6I3008-1-copy-1024x683.png 1024w, https:\/\/livunltd.com\/wp-content\/uploads\/2023\/11\/BW6I3008-1-copy-300x200.png 300w, https:\/\/livunltd.com\/wp-content\/uploads\/2023\/11\/BW6I3008-1-copy-768x512.png 768w, https:\/\/livunltd.com\/wp-content\/uploads\/2023\/11\/BW6I3008-1-copy-1536x1024.png 1536w, https:\/\/livunltd.com\/wp-content\/uploads\/2023\/11\/BW6I3008-1-copy-2048x1365.png 2048w\" sizes=\"auto, (max-width: 900px) 100vw, 900px\" \/>\t\t\t\t<\/div>\n\n\t\t\t\t\n\t\t\t\n\t\t\t\t\n\t\t\t\t<div class=\"Block-Services-Image\" data-num=\"3\">\n\t\t\t\t\t<img loading=\"lazy\" decoding=\"async\" width=\"900\" height=\"600\" src=\"https:\/\/livunltd.com\/wp-content\/uploads\/2023\/11\/SMH07027-1024x683.jpg\" class=\"attachment-large size-large\" alt=\"\" srcset=\"https:\/\/livunltd.com\/wp-content\/uploads\/2023\/11\/SMH07027-1024x683.jpg 1024w, https:\/\/livunltd.com\/wp-content\/uploads\/2023\/11\/SMH07027-300x200.jpg 300w, https:\/\/livunltd.com\/wp-content\/uploads\/2023\/11\/SMH07027-768x512.jpg 768w, https:\/\/livunltd.com\/wp-content\/uploads\/2023\/11\/SMH07027-1536x1024.jpg 1536w, https:\/\/livunltd.com\/wp-content\/uploads\/2023\/11\/SMH07027-2048x1365.jpg 2048w\" sizes=\"auto, (max-width: 900px) 100vw, 900px\" \/>\t\t\t\t<\/div>\n\n\t\t\t\t\n\t\t\t\n\t\t\t\t\n\t\t\t\t<div class=\"Block-Services-Image\" data-num=\"4\">\n\t\t\t\t\t<img loading=\"lazy\" decoding=\"async\" width=\"900\" height=\"599\" src=\"https:\/\/livunltd.com\/wp-content\/uploads\/2023\/12\/virtualfitness_livunltd-1-1024x681.png\" class=\"attachment-large size-large\" alt=\"\" srcset=\"https:\/\/livunltd.com\/wp-content\/uploads\/2023\/12\/virtualfitness_livunltd-1-1024x681.png 1024w, https:\/\/livunltd.com\/wp-content\/uploads\/2023\/12\/virtualfitness_livunltd-1-300x200.png 300w, https:\/\/livunltd.com\/wp-content\/uploads\/2023\/12\/virtualfitness_livunltd-1-768x511.png 768w, https:\/\/livunltd.com\/wp-content\/uploads\/2023\/12\/virtualfitness_livunltd-1.png 1218w\" sizes=\"auto, (max-width: 900px) 100vw, 900px\" \/>\t\t\t\t<\/div>\n\n\t\t\t\t\n\t\t\t\n\t\t\t\t\n\t\t\t\t<div class=\"Block-Services-Image\" data-num=\"5\">\n\t\t\t\t\t<img loading=\"lazy\" decoding=\"async\" width=\"900\" height=\"600\" src=\"https:\/\/livunltd.com\/wp-content\/uploads\/2023\/11\/BW6I2298-1-1024x683.jpg\" class=\"attachment-large size-large\" alt=\"\" srcset=\"https:\/\/livunltd.com\/wp-content\/uploads\/2023\/11\/BW6I2298-1-1024x683.jpg 1024w, https:\/\/livunltd.com\/wp-content\/uploads\/2023\/11\/BW6I2298-1-300x200.jpg 300w, https:\/\/livunltd.com\/wp-content\/uploads\/2023\/11\/BW6I2298-1-768x512.jpg 768w, https:\/\/livunltd.com\/wp-content\/uploads\/2023\/11\/BW6I2298-1-1536x1024.jpg 1536w, https:\/\/livunltd.com\/wp-content\/uploads\/2023\/11\/BW6I2298-1-2048x1365.jpg 2048w\" sizes=\"auto, (max-width: 900px) 100vw, 900px\" \/>\t\t\t\t<\/div>\n\n\t\t\t\t\n\t\t\t\n\t\t\t\t\n\t\t\t\t<div class=\"Block-Services-Image\" data-num=\"6\">\n\t\t\t\t\t<img loading=\"lazy\" decoding=\"async\" width=\"900\" height=\"599\" src=\"https:\/\/livunltd.com\/wp-content\/uploads\/2023\/12\/websiteimagehorizontal-6-1024x681.png\" class=\"attachment-large size-large\" alt=\"\" srcset=\"https:\/\/livunltd.com\/wp-content\/uploads\/2023\/12\/websiteimagehorizontal-6-1024x681.png 1024w, https:\/\/livunltd.com\/wp-content\/uploads\/2023\/12\/websiteimagehorizontal-6-300x200.png 300w, https:\/\/livunltd.com\/wp-content\/uploads\/2023\/12\/websiteimagehorizontal-6-768x511.png 768w, https:\/\/livunltd.com\/wp-content\/uploads\/2023\/12\/websiteimagehorizontal-6.png 1218w\" sizes=\"auto, (max-width: 900px) 100vw, 900px\" \/>\t\t\t\t<\/div>\n\n\t\t\t\t\n\t\t\t\t\t\t<\/div>\n<\/section>\n\n<script>\n(function($) {\n\tvar BLOCK = {};\n\t\tBLOCK.FN = {};\n\t\tBLOCK.VAR = {};\n\t\tBLOCK.VAR.Curr_Item = null;\n\n\t$(document).ready(function() {\n\n\t\t$(\".Block-Services-Item\").each(function() {\n\t\t\tvar Num = $(this).data(\"num\");\n\n\t\t\t$(this).click(function() {\n\t\t\t\tBLOCK.FN.Switch(Num);\n\t\t\t});\n\t\t});\n\n\t});\n\n\tBLOCK.FN.Switch = function(Num) {\n\t\t\/\/if (Num === BLOCK.VAR.Curr_Item) return;\n\n\t\tvar Mobile = false;\n\n\t\tif ( $(window).width() <= 768 )\n\t\t\tMobile = true;\n\n\t\t$(\".Block-Services-Item\").each(function() {\n\t\t\tif ( $(this).data(\"num\") == Num ) {\n\t\t\t\tif ( ! $(this).hasClass(\"Active\") ) {\n\t\t\t\t\t$(this).addClass(\"Active\");\n\t\t\t\t\t$(this).find(\"p\").slideDown();\n\n\t\t\t\t\tif ( Mobile )\n\t\t\t\t\t\t$(this).find(\".Block-Services-Item-Image-Mobile\").slideDown();\n\t\t\t\t}\n\t\t\t\telse {\n\t\t\t\t\t$(this).removeClass(\"Active\");\n\t\t\t\t\t$(this).find(\"p\").slideUp();\n\t\t\t\t\t$(this).find(\".Block-Services-Item-Image-Mobile\").slideUp();\n\t\t\t\t\tNum = 0;\n\t\t\t\t}\n\t\t\t}\n\t\t\telse {\n\t\t\t\t$(this).removeClass(\"Active\");\n\t\t\t\t$(this).find(\"p\").slideUp();\n\t\t\t\t$(this).find(\".Block-Services-Item-Image-Mobile\").slideUp();\n\t\t\t}\n\t\t});\n\n\t\t$(\".Block-Services-Image\").each(function() {\n\t\t\tif ( $(this).data(\"num\") == Num )\n\t\t\t\t$(this).addClass(\"Active\");\n\t\t\telse\n\t\t\t\t$(this).removeClass(\"Active\");\n\t\t});\n\n\t\tBLOCK.VAR.Curr_Item = Num;\n\t};\n})(jQuery);\n<\/script>","protected":false},"excerpt":{"rendered":"","protected":false},"author":1,"featured_media":0,"parent":0,"menu_order":0,"comment_status":"closed","ping_status":"closed","template":"Template-Blocks.php","meta":{"_acf_changed":true,"footnotes":""},"class_list":["post-283","page","type-page","status-publish","hentry"],"acf":[],"yoast_head":"<!-- This site is optimized with the Yoast SEO plugin v27.3 - https:\/\/yoast.com\/product\/yoast-seo-wordpress\/ -->\n<title>Programming - LIVunLtd<\/title>\n<meta name=\"robots\" content=\"index, follow, max-snippet:-1, max-image-preview:large, max-video-preview:-1\" \/>\n<link rel=\"canonical\" href=\"https:\/\/livunltd.com\/fr\/programming\/\" \/>\n<meta property=\"og:locale\" content=\"fr_CA\" \/>\n<meta property=\"og:type\" content=\"article\" \/>\n<meta property=\"og:title\" content=\"Programming - LIVunLtd\" \/>\n<meta property=\"og:url\" content=\"https:\/\/livunltd.com\/fr\/programming\/\" \/>\n<meta property=\"og:site_name\" content=\"LIVunLtd\" \/>\n<meta property=\"article:modified_time\" content=\"2025-02-28T15:51:30+00:00\" \/>\n<meta name=\"twitter:card\" content=\"summary_large_image\" \/>\n<meta name=\"twitter:label1\" content=\"Estimation du temps de lecture\" \/>\n\t<meta name=\"twitter:data1\" content=\"1 minute\" \/>\n<script type=\"application\/ld+json\" class=\"yoast-schema-graph\">{\"@context\":\"https:\\\/\\\/schema.org\",\"@graph\":[{\"@type\":\"WebPage\",\"@id\":\"https:\\\/\\\/livunltd.com\\\/programming\\\/\",\"url\":\"https:\\\/\\\/livunltd.com\\\/programming\\\/\",\"name\":\"Programming - LIVunLtd\",\"isPartOf\":{\"@id\":\"https:\\\/\\\/livunltd.com\\\/#website\"},\"datePublished\":\"2023-10-26T01:06:36+00:00\",\"dateModified\":\"2025-02-28T15:51:30+00:00\",\"breadcrumb\":{\"@id\":\"https:\\\/\\\/livunltd.com\\\/programming\\\/#breadcrumb\"},\"inLanguage\":\"fr-CA\",\"potentialAction\":[{\"@type\":\"ReadAction\",\"target\":[\"https:\\\/\\\/livunltd.com\\\/programming\\\/\"]}]},{\"@type\":\"BreadcrumbList\",\"@id\":\"https:\\\/\\\/livunltd.com\\\/programming\\\/#breadcrumb\",\"itemListElement\":[{\"@type\":\"ListItem\",\"position\":1,\"name\":\"Home\",\"item\":\"https:\\\/\\\/livunltd.com\\\/\"},{\"@type\":\"ListItem\",\"position\":2,\"name\":\"Programming\"}]},{\"@type\":\"WebSite\",\"@id\":\"https:\\\/\\\/livunltd.com\\\/#website\",\"url\":\"https:\\\/\\\/livunltd.com\\\/\",\"name\":\"LIVunLtd\",\"description\":\"Concierge, Fitness &amp; Wellness Services\",\"potentialAction\":[{\"@type\":\"SearchAction\",\"target\":{\"@type\":\"EntryPoint\",\"urlTemplate\":\"https:\\\/\\\/livunltd.com\\\/?s={search_term_string}\"},\"query-input\":{\"@type\":\"PropertyValueSpecification\",\"valueRequired\":true,\"valueName\":\"search_term_string\"}}],\"inLanguage\":\"fr-CA\"}]}<\/script>\n<!-- \/ Yoast SEO plugin. -->","yoast_head_json":{"title":"Programmation - LIVunLtd","robots":{"index":"index","follow":"follow","max-snippet":"max-snippet:-1","max-image-preview":"max-image-preview:large","max-video-preview":"max-video-preview:-1"},"canonical":"https:\/\/livunltd.com\/fr\/programming\/","og_locale":"fr_CA","og_type":"article","og_title":"Programming - LIVunLtd","og_url":"https:\/\/livunltd.com\/fr\/programming\/","og_site_name":"LIVunLtd","article_modified_time":"2025-02-28T15:51:30+00:00","twitter_card":"summary_large_image","twitter_misc":{"Estimation du temps de lecture":"1 minute"},"schema":{"@context":"https:\/\/schema.org","@graph":[{"@type":"WebPage","@id":"https:\/\/livunltd.com\/programming\/","url":"https:\/\/livunltd.com\/programming\/","name":"Programmation - LIVunLtd","isPartOf":{"@id":"https:\/\/livunltd.com\/#website"},"datePublished":"2023-10-26T01:06:36+00:00","dateModified":"2025-02-28T15:51:30+00:00","breadcrumb":{"@id":"https:\/\/livunltd.com\/programming\/#breadcrumb"},"inLanguage":"fr-CA","potentialAction":[{"@type":"ReadAction","target":["https:\/\/livunltd.com\/programming\/"]}]},{"@type":"BreadcrumbList","@id":"https:\/\/livunltd.com\/programming\/#breadcrumb","itemListElement":[{"@type":"ListItem","position":1,"name":"Home","item":"https:\/\/livunltd.com\/"},{"@type":"ListItem","position":2,"name":"Programming"}]},{"@type":"WebSite","@id":"https:\/\/livunltd.com\/#website","url":"https:\/\/livunltd.com\/","name":"LIVunLtd","description":"Services de conciergerie, de remise en forme et de bien-\u00eatre","potentialAction":[{"@type":"SearchAction","target":{"@type":"EntryPoint","urlTemplate":"https:\/\/livunltd.com\/?s={search_term_string}"},"query-input":{"@type":"PropertyValueSpecification","valueRequired":true,"valueName":"search_term_string"}}],"inLanguage":"fr-CA"}]}},"_links":{"self":[{"href":"https:\/\/livunltd.com\/fr\/wp-json\/wp\/v2\/pages\/283","targetHints":{"allow":["GET"]}}],"collection":[{"href":"https:\/\/livunltd.com\/fr\/wp-json\/wp\/v2\/pages"}],"about":[{"href":"https:\/\/livunltd.com\/fr\/wp-json\/wp\/v2\/types\/page"}],"author":[{"embeddable":true,"href":"https:\/\/livunltd.com\/fr\/wp-json\/wp\/v2\/users\/1"}],"replies":[{"embeddable":true,"href":"https:\/\/livunltd.com\/fr\/wp-json\/wp\/v2\/comments?post=283"}],"version-history":[{"count":0,"href":"https:\/\/livunltd.com\/fr\/wp-json\/wp\/v2\/pages\/283\/revisions"}],"wp:attachment":[{"href":"https:\/\/livunltd.com\/fr\/wp-json\/wp\/v2\/media?parent=283"}],"curies":[{"name":"wp","href":"https:\/\/api.w.org\/{rel}","templated":true}]}}