{"id":53,"date":"2023-10-03T20:00:52","date_gmt":"2023-10-03T20:00:52","guid":{"rendered":"https:\/\/livunltd.com?page_id=53"},"modified":"2023-12-29T20:48:24","modified_gmt":"2023-12-29T20:48:24","slug":"home-ca","status":"publish","type":"page","link":"https:\/\/livunltd.com\/fr\/home-ca\/","title":{"rendered":"Accueil - CA"},"content":{"rendered":"<div class=\"Block-Home-Top-Spacer\"><\/div>\n\n<section class=\"Block-Home-Top CLR alignfull\" id=\"block_61d0c8ea248f155627040c873f37e731\">\n\n\t<div class=\"Block-Home-Top-Upper\">\n\t\t\n\t\t\t\t\t<div class=\"Block-Home-Top-Video\">\n\t\t\t\t\t\t\t\t<video autoplay muted loop playsinline id=\"Block-Home-Top-Video-Player\">\n\t\t\t\t\t<source src=\"https:\/\/livunltd.com\/wp-content\/uploads\/2023\/11\/livunltd.mp4\" type=\"video\/mp4\">\n\t\t\t\t<\/video>\n\t\t\t<\/div>\n\t\t\n\t\t\t\t\t<div class=\"Block-Home-Top-Logo\">\n\t\t\t\t<img loading=\"lazy\" decoding=\"async\" width=\"400\" height=\"140\" src=\"https:\/\/livunltd.com\/wp-content\/uploads\/2023\/10\/Logo-LIVunLtd-White.png\" class=\"attachment-full size-full\" alt=\"LIVunLtd\" srcset=\"https:\/\/livunltd.com\/wp-content\/uploads\/2023\/10\/Logo-LIVunLtd-White.png 400w, https:\/\/livunltd.com\/wp-content\/uploads\/2023\/10\/Logo-LIVunLtd-White-300x105.png 300w\" sizes=\"auto, (max-width: 400px) 100vw, 400px\" \/>\t\t\t<\/div>\n\t\t\t<\/div>\n\n\t<div class=\"Block-Home-Top-Lower\">\n\t\t<a href=\"#Next\" class=\"Trans\">\n\t\t\t<i class=\"fal fa-angle-down\"><\/i>\n\t\t<\/a>\n\t<\/div>\n\n<\/section>\n\n<div id=\"Next\"><\/div>\n\n<script>\n(function($) {\n\tvar BLOCK = {};\n\t\tBLOCK.FN = {};\n\t\tBLOCK.VAR = {};\n\n\t$(document).ready(function() {\n\n\t\t$(window).scroll(function() { BLOCK.FN.Header_Scroll() });\n\t\tBLOCK.FN.Header_Scroll();\n\n\t});\n\n\tBLOCK.FN.Header_Scroll = function() {\n\n\t\tvar Scroll = $(window).scrollTop();\n\t\tvar Check  = $(\".Block-Home-Top-Spacer\").outerHeight();\n\n\t\tif ( Scroll >= Check ) {\n\t\t\t$(\".Header\").addClass(\"Pickup\");\n\t\t\t\n\t\t}\n\t\telse {\n\t\t\t$(\".Header\").removeClass(\"Pickup\");\n\t\t\t\n\t\t}\n\t};\n\n})(jQuery);\n<\/script>\n\n\n\r\n\r\n<section class=\"Block-Section CLR alignfull\" id=\"Services\"\r\n\tstyle=\"padding-top: 140px;padding-bottom: 30px;\">\r\n\r\n\t\r\n\t\r\n\t<div class=\"Block-Section-Inner CLR\" style=\"max-width: 900px;\">\r\n\r\n\t\t\n\n<h2 class=\"wp-block-heading has-text-align-center No-Padding\" style=\"font-size:2.4rem\">Offrir \u00e0 votre communaut\u00e9 des possibilit\u00e9s illimit\u00e9es d'adopter un mode de vie ax\u00e9 sur le bien-\u00eatre.<\/h2>\n\n\n\n<div style=\"height:39px\" aria-hidden=\"true\" class=\"wp-block-spacer\"><\/div>\n\n\n\r\n\r\n\t<section class=\"Block-Sub-Nav CLR alignnone\" id=\"block_b58730f821f166889b6c2079c5c698aa\">\r\n\t\t<nav>\r\n\t\t\t<ul>\r\n\t\t\t\t\t\t\t\t\t\r\n\t\t\t\t\t\t\t\t\t\t\t<li>\r\n\t\t\t\t\t\t\t<a href=\"https:\/\/livunltd.com\/fr\/facility-management-ca\/\"\r\n\t\t\t\t\t\t\t\ttarget=\"\"\r\n\t\t\t\t\t\t\t\tclass=\"Anim-Line\">\r\n\t\t\t\t\t\t\t\tGestion des installations\t\t\t\t\t\t\t<\/a>\r\n\t\t\t\t\t\t<\/li>\r\n\t\t\t\t\t\t\t\t\t\t\t\t\t\t\r\n\t\t\t\t\t\t\t\t\t\t\t<li>\r\n\t\t\t\t\t\t\t<a href=\"https:\/\/livunltd.com\/fr\/fitness-equipment-ca\/\"\r\n\t\t\t\t\t\t\t\ttarget=\"\"\r\n\t\t\t\t\t\t\t\tclass=\"Anim-Line\">\r\n\t\t\t\t\t\t\t\t\u00c9quipements de remise en forme\t\t\t\t\t\t\t<\/a>\r\n\t\t\t\t\t\t<\/li>\r\n\t\t\t\t\t\t\t\t\t\t\t\t\t\t\r\n\t\t\t\t\t\t\t\t\t\t\t<li>\r\n\t\t\t\t\t\t\t<a href=\"https:\/\/livunltd.com\/fr\/consulting\/\"\r\n\t\t\t\t\t\t\t\ttarget=\"\"\r\n\t\t\t\t\t\t\t\tclass=\"Anim-Line\">\r\n\t\t\t\t\t\t\t\tConseil\t\t\t\t\t\t\t<\/a>\r\n\t\t\t\t\t\t<\/li>\r\n\t\t\t\t\t\t\t\t\t\t\t\t<\/ul>\r\n\t\t<\/nav>\r\n\t<\/section>\r\n\n\n\n<hr class=\"wp-block-separator alignfull has-text-color has-white-color has-alpha-channel-opacity has-white-background-color has-background Desktop-Only\"\/>\n\n\r\n\r\n\t<\/div>\r\n\r\n\t\r\n<\/section>\r\n\n\n\r\n\t<style>\r\n\t\t@media\r\n\t\tall and (max-width: 768px),\r\n\t\tall and (max-device-width: 768px)\r\n\t\t{\r\n\t\t\t#block_8cd19e84bb0ee2a2637e4ce302c2dd19 {\r\n\t\t\t\tpadding-top: 0px !important;\t\t\t}\r\n\t\t}\r\n\t<\/style>\r\n\r\n<section class=\"Block-Section CLR alignfull\" id=\"block_8cd19e84bb0ee2a2637e4ce302c2dd19\"\r\n\tstyle=\"padding-top: 0px;\">\r\n\r\n\t\r\n\t\r\n\t<div class=\"Block-Section-Inner CLR\" style=\"max-width: 1450px;\">\r\n\r\n\t\t\n\n<div class=\"wp-block-columns No-Mobile-Gap is-layout-flex wp-container-core-columns-is-layout-9d6595d7 wp-block-columns-is-layout-flex\">\n<div class=\"wp-block-column is-vertically-aligned-top is-layout-flow wp-block-column-is-layout-flow\" style=\"flex-basis:28%\">\n<figure class=\"wp-block-image size-large Mobile-Only\"><img loading=\"lazy\" decoding=\"async\" width=\"1024\" height=\"681\" src=\"https:\/\/livunltd.com\/wp-content\/uploads\/2023\/12\/websiteimagehorizontal-2-1-1024x681.png\" alt=\"\" class=\"wp-image-15917\" srcset=\"https:\/\/livunltd.com\/wp-content\/uploads\/2023\/12\/websiteimagehorizontal-2-1-1024x681.png 1024w, https:\/\/livunltd.com\/wp-content\/uploads\/2023\/12\/websiteimagehorizontal-2-1-300x200.png 300w, https:\/\/livunltd.com\/wp-content\/uploads\/2023\/12\/websiteimagehorizontal-2-1-768x511.png 768w, https:\/\/livunltd.com\/wp-content\/uploads\/2023\/12\/websiteimagehorizontal-2-1.png 1096w\" sizes=\"auto, (max-width: 1024px) 100vw, 1024px\" \/><\/figure>\n\n\n\n<h2 class=\"wp-block-heading No-Padding Tight WWD-Title\" style=\"text-transform:uppercase\">Gestion des installations<\/h2>\n<\/div>\n\n\n\n<div class=\"wp-block-column is-vertically-aligned-center Desktop-Only is-layout-flow wp-block-column-is-layout-flow\" style=\"flex-basis:44%\">\n<figure class=\"wp-block-image size-large\"><img loading=\"lazy\" decoding=\"async\" width=\"799\" height=\"1024\" src=\"https:\/\/livunltd.com\/wp-content\/uploads\/2023\/12\/websiteimagevertical-2-799x1024.png\" alt=\"\" class=\"wp-image-15916\" srcset=\"https:\/\/livunltd.com\/wp-content\/uploads\/2023\/12\/websiteimagevertical-2-799x1024.png 799w, https:\/\/livunltd.com\/wp-content\/uploads\/2023\/12\/websiteimagevertical-2-234x300.png 234w, https:\/\/livunltd.com\/wp-content\/uploads\/2023\/12\/websiteimagevertical-2-768x985.png 768w, https:\/\/livunltd.com\/wp-content\/uploads\/2023\/12\/websiteimagevertical-2.png 1010w\" sizes=\"auto, (max-width: 799px) 100vw, 799px\" \/><\/figure>\n<\/div>\n\n\n\n<div class=\"wp-block-column is-vertically-aligned-center is-layout-flow wp-block-column-is-layout-flow\" style=\"flex-basis:28%\">\n<p style=\"font-size:22px\">LIVunLtd fournit du personnel, de la gestion et de la programmation dans tout type de lieu, des gymnases commerciaux \u00e0 grande \u00e9chelle aux centres d'\u00e9quipements r\u00e9sidentiels, en passant par les bureaux d'entreprise, les municipalit\u00e9s, les campus et m\u00eame les parcs aquatiques - \u00e0 peu pr\u00e8s partout o\u00f9 les gens se rassemblent.<\/p>\n\n\n\n<div class=\"wp-block-buttons is-layout-flex wp-block-buttons-is-layout-flex\">\n<div class=\"wp-block-button is-style-outline is-style-outline--1\"><a class=\"wp-block-button__link has-white-color has-text-color has-link-color wp-element-button\" href=\"\/fr\/facility-management\/\">EN SAVOIR PLUS<\/a><\/div>\n<\/div>\n<\/div>\n<\/div>\n\n\n\n<hr class=\"wp-block-separator alignfull has-text-color has-white-color has-alpha-channel-opacity has-white-background-color has-background\"\/>\n\n\n\n<div class=\"wp-block-columns is-layout-flex wp-container-core-columns-is-layout-9d6595d7 wp-block-columns-is-layout-flex\">\n<div class=\"wp-block-column is-vertically-aligned-center is-layout-flow wp-block-column-is-layout-flow\" style=\"flex-basis:27%\">\n<figure class=\"wp-block-image size-large Mobile-Only\"><img loading=\"lazy\" decoding=\"async\" width=\"1024\" height=\"683\" src=\"https:\/\/livunltd.com\/wp-content\/uploads\/2023\/12\/BW6I2293-1-1024x683.jpg\" alt=\"\" class=\"wp-image-15698\" srcset=\"https:\/\/livunltd.com\/wp-content\/uploads\/2023\/12\/BW6I2293-1-1024x683.jpg 1024w, https:\/\/livunltd.com\/wp-content\/uploads\/2023\/12\/BW6I2293-1-300x200.jpg 300w, https:\/\/livunltd.com\/wp-content\/uploads\/2023\/12\/BW6I2293-1-768x512.jpg 768w, https:\/\/livunltd.com\/wp-content\/uploads\/2023\/12\/BW6I2293-1-1536x1024.jpg 1536w, https:\/\/livunltd.com\/wp-content\/uploads\/2023\/12\/BW6I2293-1-2048x1365.jpg 2048w\" sizes=\"auto, (max-width: 1024px) 100vw, 1024px\" \/><\/figure>\n\n\n\n<h2 class=\"wp-block-heading has-text-align-left No-Padding Tight WWD-Title\" style=\"text-transform:uppercase\">\u00c9quipements de remise en forme<\/h2>\n\n\n\n<div style=\"height:44px\" aria-hidden=\"true\" class=\"wp-block-spacer Desktop-Only\"><\/div>\n\n\n\n<p class=\"has-text-align-left\" style=\"font-size:22px\">LIVunLtd offre la plus grande vari\u00e9t\u00e9 de produits sur le march\u00e9, ainsi qu'une maintenance pr\u00e9ventive et un service apr\u00e8s-vente.<\/p>\n\n\n\n<div class=\"wp-block-buttons is-layout-flex wp-block-buttons-is-layout-flex\">\n<div class=\"wp-block-button is-style-outline is-style-outline--2\"><a class=\"wp-block-button__link has-white-color has-text-color has-link-color wp-element-button\" href=\"\/fr\/fitness-equipment\/\">EN SAVOIR PLUS<\/a><\/div>\n<\/div>\n<\/div>\n\n\n\n<div class=\"wp-block-column is-vertically-aligned-center Desktop-Only is-layout-flow wp-block-column-is-layout-flow\" style=\"flex-basis:73%\">\n<figure class=\"wp-block-image size-large\"><img loading=\"lazy\" decoding=\"async\" width=\"1024\" height=\"683\" src=\"https:\/\/livunltd.com\/wp-content\/uploads\/2023\/12\/BW6I2293-1024x683.jpg\" alt=\"\" class=\"wp-image-15696\" srcset=\"https:\/\/livunltd.com\/wp-content\/uploads\/2023\/12\/BW6I2293-1024x683.jpg 1024w, https:\/\/livunltd.com\/wp-content\/uploads\/2023\/12\/BW6I2293-300x200.jpg 300w, https:\/\/livunltd.com\/wp-content\/uploads\/2023\/12\/BW6I2293-768x512.jpg 768w, https:\/\/livunltd.com\/wp-content\/uploads\/2023\/12\/BW6I2293-1536x1024.jpg 1536w, https:\/\/livunltd.com\/wp-content\/uploads\/2023\/12\/BW6I2293-2048x1365.jpg 2048w\" sizes=\"auto, (max-width: 1024px) 100vw, 1024px\" \/><\/figure>\n<\/div>\n<\/div>\n\n\n\n<hr class=\"wp-block-separator alignfull has-text-color has-white-color has-alpha-channel-opacity has-white-background-color has-background\"\/>\n\n\n\n<div class=\"wp-block-columns No-Mobile-Gap is-layout-flex wp-container-core-columns-is-layout-9d6595d7 wp-block-columns-is-layout-flex\">\n<div class=\"wp-block-column is-vertically-aligned-top is-layout-flow wp-block-column-is-layout-flow\" style=\"flex-basis:28%\">\n<figure class=\"wp-block-image size-large Mobile-Only\"><img loading=\"lazy\" decoding=\"async\" width=\"1024\" height=\"683\" src=\"https:\/\/livunltd.com\/wp-content\/uploads\/2023\/12\/BW6I2315-2-1024x683.jpg\" alt=\"\" class=\"wp-image-15705\" srcset=\"https:\/\/livunltd.com\/wp-content\/uploads\/2023\/12\/BW6I2315-2-1024x683.jpg 1024w, https:\/\/livunltd.com\/wp-content\/uploads\/2023\/12\/BW6I2315-2-300x200.jpg 300w, https:\/\/livunltd.com\/wp-content\/uploads\/2023\/12\/BW6I2315-2-768x512.jpg 768w, https:\/\/livunltd.com\/wp-content\/uploads\/2023\/12\/BW6I2315-2-1536x1024.jpg 1536w, https:\/\/livunltd.com\/wp-content\/uploads\/2023\/12\/BW6I2315-2-2048x1365.jpg 2048w\" sizes=\"auto, (max-width: 1024px) 100vw, 1024px\" \/><\/figure>\n\n\n\n<h2 class=\"wp-block-heading No-Padding Tight WWD-Title\" style=\"text-transform:uppercase\">CONSULTATION<\/h2>\n<\/div>\n\n\n\n<div class=\"wp-block-column is-vertically-aligned-center Desktop-Only is-layout-flow wp-block-column-is-layout-flow\" style=\"flex-basis:44%\">\n<figure class=\"wp-block-image size-large\"><img loading=\"lazy\" decoding=\"async\" width=\"799\" height=\"1024\" src=\"https:\/\/livunltd.com\/wp-content\/uploads\/2023\/12\/Equipment-Photo-799x1024.jpg\" alt=\"\" class=\"wp-image-15704\" srcset=\"https:\/\/livunltd.com\/wp-content\/uploads\/2023\/12\/Equipment-Photo-799x1024.jpg 799w, https:\/\/livunltd.com\/wp-content\/uploads\/2023\/12\/Equipment-Photo-234x300.jpg 234w, https:\/\/livunltd.com\/wp-content\/uploads\/2023\/12\/Equipment-Photo-768x985.jpg 768w, https:\/\/livunltd.com\/wp-content\/uploads\/2023\/12\/Equipment-Photo.jpg 808w\" sizes=\"auto, (max-width: 799px) 100vw, 799px\" \/><\/figure>\n<\/div>\n\n\n\n<div class=\"wp-block-column is-vertically-aligned-center is-layout-flow wp-block-column-is-layout-flow\" style=\"flex-basis:28%\">\n<p style=\"font-size:22px\">En tant qu'op\u00e9rateurs, nous disposons de l'expertise n\u00e9cessaire pour guider chaque facette et chaque \u00e9tape du processus, de la conception \u00e0 la r\u00e9alisation.<\/p>\n\n\n\n<div class=\"wp-block-buttons is-layout-flex wp-block-buttons-is-layout-flex\">\n<div class=\"wp-block-button is-style-outline is-style-outline--3\"><a class=\"wp-block-button__link has-white-color has-text-color has-link-color wp-element-button\" href=\"\/fr\/consulting\/\">EN SAVOIR PLUS<\/a><\/div>\n<\/div>\n<\/div>\n<\/div>\n\n\n\n<div style=\"height:1.5rem\" aria-hidden=\"true\" class=\"wp-block-spacer Desktop-Only\"><\/div>\n\n\r\n\r\n\t<\/div>\r\n\r\n\t\r\n<\/section>","protected":false},"excerpt":{"rendered":"","protected":false},"author":16,"featured_media":0,"parent":0,"menu_order":0,"comment_status":"closed","ping_status":"closed","template":"Template-Blocks.php","meta":{"_acf_changed":false,"footnotes":""},"class_list":["post-53","page","type-page","status-publish","hentry"],"acf":[],"yoast_head":"<!-- This site is optimized with the Yoast SEO plugin v27.4 - https:\/\/yoast.com\/product\/yoast-seo-wordpress\/ -->\n<title>Home - CA - LIVunLtd<\/title>\n<meta name=\"robots\" content=\"index, follow, max-snippet:-1, max-image-preview:large, max-video-preview:-1\" \/>\n<link rel=\"canonical\" href=\"https:\/\/livunltd.com\/fr\/home-ca\/\" \/>\n<meta property=\"og:locale\" content=\"fr_CA\" \/>\n<meta property=\"og:type\" content=\"article\" \/>\n<meta property=\"og:title\" content=\"Home - CA - LIVunLtd\" \/>\n<meta property=\"og:url\" content=\"https:\/\/livunltd.com\/fr\/home-ca\/\" \/>\n<meta property=\"og:site_name\" content=\"LIVunLtd\" \/>\n<meta property=\"article:modified_time\" content=\"2023-12-29T20:48:24+00:00\" \/>\n<meta property=\"og:image\" content=\"https:\/\/livunltd.com\/wp-content\/uploads\/2023\/12\/websiteimagehorizontal-2-1-1024x681.png\" \/>\n<meta name=\"twitter:card\" content=\"summary_large_image\" \/>\n<meta name=\"twitter:label1\" content=\"Estimation du temps de lecture\" \/>\n\t<meta name=\"twitter:data1\" content=\"2 minutes\" \/>\n<script type=\"application\/ld+json\" class=\"yoast-schema-graph\">{\"@context\":\"https:\\\/\\\/schema.org\",\"@graph\":[{\"@type\":\"WebPage\",\"@id\":\"https:\\\/\\\/livunltd.com\\\/home-ca\\\/\",\"url\":\"https:\\\/\\\/livunltd.com\\\/home-ca\\\/\",\"name\":\"Home - CA - LIVunLtd\",\"isPartOf\":{\"@id\":\"https:\\\/\\\/livunltd.com\\\/#website\"},\"primaryImageOfPage\":{\"@id\":\"https:\\\/\\\/livunltd.com\\\/home-ca\\\/#primaryimage\"},\"image\":{\"@id\":\"https:\\\/\\\/livunltd.com\\\/home-ca\\\/#primaryimage\"},\"thumbnailUrl\":\"https:\\\/\\\/livunltd.com\\\/wp-content\\\/uploads\\\/2023\\\/12\\\/websiteimagehorizontal-2-1-1024x681.png\",\"datePublished\":\"2023-10-03T20:00:52+00:00\",\"dateModified\":\"2023-12-29T20:48:24+00:00\",\"breadcrumb\":{\"@id\":\"https:\\\/\\\/livunltd.com\\\/home-ca\\\/#breadcrumb\"},\"inLanguage\":\"fr-CA\",\"potentialAction\":[{\"@type\":\"ReadAction\",\"target\":[\"https:\\\/\\\/livunltd.com\\\/home-ca\\\/\"]}]},{\"@type\":\"ImageObject\",\"inLanguage\":\"fr-CA\",\"@id\":\"https:\\\/\\\/livunltd.com\\\/home-ca\\\/#primaryimage\",\"url\":\"https:\\\/\\\/livunltd.com\\\/wp-content\\\/uploads\\\/2023\\\/12\\\/websiteimagehorizontal-2-1-1024x681.png\",\"contentUrl\":\"https:\\\/\\\/livunltd.com\\\/wp-content\\\/uploads\\\/2023\\\/12\\\/websiteimagehorizontal-2-1-1024x681.png\"},{\"@type\":\"BreadcrumbList\",\"@id\":\"https:\\\/\\\/livunltd.com\\\/home-ca\\\/#breadcrumb\",\"itemListElement\":[{\"@type\":\"ListItem\",\"position\":1,\"name\":\"Home\",\"item\":\"https:\\\/\\\/livunltd.com\\\/\"},{\"@type\":\"ListItem\",\"position\":2,\"name\":\"Home &#8211; CA\"}]},{\"@type\":\"WebSite\",\"@id\":\"https:\\\/\\\/livunltd.com\\\/#website\",\"url\":\"https:\\\/\\\/livunltd.com\\\/\",\"name\":\"LIVunLtd\",\"description\":\"Concierge, Fitness &amp; Wellness Services\",\"potentialAction\":[{\"@type\":\"SearchAction\",\"target\":{\"@type\":\"EntryPoint\",\"urlTemplate\":\"https:\\\/\\\/livunltd.com\\\/?s={search_term_string}\"},\"query-input\":{\"@type\":\"PropertyValueSpecification\",\"valueRequired\":true,\"valueName\":\"search_term_string\"}}],\"inLanguage\":\"fr-CA\"}]}<\/script>\n<!-- \/ Yoast SEO plugin. -->","yoast_head_json":{"title":"Accueil - CA - LIVunLtd","robots":{"index":"index","follow":"follow","max-snippet":"max-snippet:-1","max-image-preview":"max-image-preview:large","max-video-preview":"max-video-preview:-1"},"canonical":"https:\/\/livunltd.com\/fr\/home-ca\/","og_locale":"fr_CA","og_type":"article","og_title":"Home - CA - LIVunLtd","og_url":"https:\/\/livunltd.com\/fr\/home-ca\/","og_site_name":"LIVunLtd","article_modified_time":"2023-12-29T20:48:24+00:00","og_image":[{"url":"https:\/\/livunltd.com\/wp-content\/uploads\/2023\/12\/websiteimagehorizontal-2-1-1024x681.png","type":"","width":"","height":""}],"twitter_card":"summary_large_image","twitter_misc":{"Estimation du temps de lecture":"2 minutes"},"schema":{"@context":"https:\/\/schema.org","@graph":[{"@type":"WebPage","@id":"https:\/\/livunltd.com\/home-ca\/","url":"https:\/\/livunltd.com\/home-ca\/","name":"Accueil - CA - LIVunLtd","isPartOf":{"@id":"https:\/\/livunltd.com\/#website"},"primaryImageOfPage":{"@id":"https:\/\/livunltd.com\/home-ca\/#primaryimage"},"image":{"@id":"https:\/\/livunltd.com\/home-ca\/#primaryimage"},"thumbnailUrl":"https:\/\/livunltd.com\/wp-content\/uploads\/2023\/12\/websiteimagehorizontal-2-1-1024x681.png","datePublished":"2023-10-03T20:00:52+00:00","dateModified":"2023-12-29T20:48:24+00:00","breadcrumb":{"@id":"https:\/\/livunltd.com\/home-ca\/#breadcrumb"},"inLanguage":"fr-CA","potentialAction":[{"@type":"ReadAction","target":["https:\/\/livunltd.com\/home-ca\/"]}]},{"@type":"ImageObject","inLanguage":"fr-CA","@id":"https:\/\/livunltd.com\/home-ca\/#primaryimage","url":"https:\/\/livunltd.com\/wp-content\/uploads\/2023\/12\/websiteimagehorizontal-2-1-1024x681.png","contentUrl":"https:\/\/livunltd.com\/wp-content\/uploads\/2023\/12\/websiteimagehorizontal-2-1-1024x681.png"},{"@type":"BreadcrumbList","@id":"https:\/\/livunltd.com\/home-ca\/#breadcrumb","itemListElement":[{"@type":"ListItem","position":1,"name":"Home","item":"https:\/\/livunltd.com\/"},{"@type":"ListItem","position":2,"name":"Home &#8211; CA"}]},{"@type":"WebSite","@id":"https:\/\/livunltd.com\/#website","url":"https:\/\/livunltd.com\/","name":"LIVunLtd","description":"Services de conciergerie, de remise en forme et de bien-\u00eatre","potentialAction":[{"@type":"SearchAction","target":{"@type":"EntryPoint","urlTemplate":"https:\/\/livunltd.com\/?s={search_term_string}"},"query-input":{"@type":"PropertyValueSpecification","valueRequired":true,"valueName":"search_term_string"}}],"inLanguage":"fr-CA"}]}},"_links":{"self":[{"href":"https:\/\/livunltd.com\/fr\/wp-json\/wp\/v2\/pages\/53","targetHints":{"allow":["GET"]}}],"collection":[{"href":"https:\/\/livunltd.com\/fr\/wp-json\/wp\/v2\/pages"}],"about":[{"href":"https:\/\/livunltd.com\/fr\/wp-json\/wp\/v2\/types\/page"}],"author":[{"embeddable":true,"href":"https:\/\/livunltd.com\/fr\/wp-json\/wp\/v2\/users\/16"}],"replies":[{"embeddable":true,"href":"https:\/\/livunltd.com\/fr\/wp-json\/wp\/v2\/comments?post=53"}],"version-history":[{"count":0,"href":"https:\/\/livunltd.com\/fr\/wp-json\/wp\/v2\/pages\/53\/revisions"}],"wp:attachment":[{"href":"https:\/\/livunltd.com\/fr\/wp-json\/wp\/v2\/media?parent=53"}],"curies":[{"name":"wp","href":"https:\/\/api.w.org\/{rel}","templated":true}]}}