{"id":55,"date":"2023-10-03T20:04:20","date_gmt":"2023-10-03T20:04:20","guid":{"rendered":"https:\/\/livunltd.com?page_id=55"},"modified":"2025-07-23T15:08:03","modified_gmt":"2025-07-23T15:08:03","slug":"about-us","status":"publish","type":"page","link":"https:\/\/livunltd.com\/fr\/about-us\/","title":{"rendered":"Qui sommes-nous ?"},"content":{"rendered":"<section class=\"Block-Section CLR alignfull\" id=\"block_a03a8a2e2a38b772193c305cc8fc4f8a\"\r\n\tstyle=\"padding-top: 60px;padding-bottom: 60px;\">\r\n\r\n\t\r\n\t\r\n\t<div class=\"Block-Section-Inner CLR\" style=\"max-width: 900px;\">\r\n\r\n\t\t\n\n<h1 class=\"wp-block-heading has-text-align-center Page-Title No-Padding\">Qui sommes-nous ?<\/h1>\n\n\n\n<p class=\"has-text-align-center Tightish has-medium-font-size\">Notre mission est d'\u00eatre l'influence qui d\u00e9finit le style de vie de l'horizon urbain. Elle est men\u00e9e par un groupe de chefs d'entreprise dynamiques, chacun apportant son talent unique et hautement sp\u00e9cialis\u00e9 pour cr\u00e9er le succ\u00e8s non seulement pour notre entreprise et nos clients, mais aussi pour enrichir la qualit\u00e9 de vie de ceux que nous servons.<\/p>\n\n\r\n\r\n\t<\/div>\r\n\r\n\t\r\n<\/section>\r\n\n\n\r\n\r\n<section class=\"Block-Section CLR alignfull\" id=\"block_dfd0b7c9bf24af79e8efd766c9221056\"\r\n\tstyle=\"\">\r\n\r\n\t\r\n\t\r\n\t<div class=\"Block-Section-Inner CLR\" style=\"max-width: 1400px;\">\r\n\r\n\t\t\n\n<div class=\"wp-block-columns is-layout-flex wp-container-core-columns-is-layout-9d6595d7 wp-block-columns-is-layout-flex\">\n<div class=\"wp-block-column Border-Top is-layout-flow wp-block-column-is-layout-flow\">\n<div style=\"height:1rem\" aria-hidden=\"true\" class=\"wp-block-spacer\"><\/div>\n\n\n\n<h2 class=\"wp-block-heading No-Padding\" style=\"font-size:2rem;font-style:normal;font-weight:400;text-transform:uppercase\">NOTRE CULTURE<\/h2>\n\n\n\n<p>Nos associ\u00e9s forment une \u00e9quipe de professionnels dynamiques et diversifi\u00e9s, \u00e0 tous les niveaux et \u00e0 toutes les \u00e9tapes de leur parcours professionnel. La voix de chacun compte, et nous c\u00e9l\u00e9brons tout particuli\u00e8rement ceux qui innovent de nouvelles id\u00e9es et de nouvelles fa\u00e7ons de faire les choses. LIVunLtd a commenc\u00e9 avec un grand r\u00eave, et cette philosophie de \"r\u00eaver grand\" se poursuit encore aujourd'hui dans notre credo LIV :<\/p>\n\n\n\n<p>Aimer ce que nous faisons<\/p>\n\n\n\n<p>Inspirer l'excellence<\/p>\n\n\n\n<p>Valoriser chaque interaction<\/p>\n<\/div>\n\n\n\n<div class=\"wp-block-column Border-Top is-layout-flow wp-block-column-is-layout-flow\">\n<div style=\"height:1rem\" aria-hidden=\"true\" class=\"wp-block-spacer\"><\/div>\n\n\n\n<h2 class=\"wp-block-heading No-Padding\" style=\"font-size:2rem;font-style:normal;font-weight:400;text-transform:uppercase\">NOTRE SECTEUR<\/h2>\n\n\n\n<p>La gestion des commodit\u00e9s et des services de style de vie est un nouveau secteur con\u00e7u pour g\u00e9rer et activer les espaces partag\u00e9s dans les biens immobiliers \u00e0 grande \u00e9chelle tels que les immeubles r\u00e9sidentiels, les immeubles commerciaux, les centres commerciaux et les h\u00f4tels. Notre portefeuille est le meilleur de l'industrie, et ce nouveau secteur passionnant offre une opportunit\u00e9 in\u00e9gal\u00e9e d'acqu\u00e9rir une exposition et une exp\u00e9rience dans de multiples disciplines, y compris la programmation exp\u00e9rientielle, les services d'accueil et l'exploitation des installations.<\/p>\n<\/div>\n\n\n\n<div class=\"wp-block-column Border-Top is-layout-flow wp-block-column-is-layout-flow\">\n<div style=\"height:1rem\" aria-hidden=\"true\" class=\"wp-block-spacer\"><\/div>\n\n\n\n<h2 class=\"wp-block-heading No-Padding\" style=\"font-size:2rem;font-style:normal;font-weight:400;text-transform:uppercase\">NOS HISTOIRES<\/h2>\n\n\n\n<p>Nous sommes pass\u00e9s \u00e0 la t\u00e9l\u00e9vision et dans les journaux, et nous avons \u00e9crit des livres \u00e0 succ\u00e8s sur les services d'accueil. Mais nos plus belles histoires sont celles de nos collaborateurs qui apportent \u00e9nergie, personnalit\u00e9 et excellence \u00e0 tout ce que nous faisons. Nous sommes fiers de faire partie du parcours professionnel de centaines de collaborateurs.<\/p>\n<\/div>\n<\/div>\n\n\n\n<div style=\"height:1.5rem\" aria-hidden=\"true\" class=\"wp-block-spacer Mobile-Only\"><\/div>\n\n\n\n<div class=\"wp-block-buttons is-content-justification-right is-layout-flex wp-container-core-buttons-is-layout-765c4724 wp-block-buttons-is-layout-flex\">\n<div class=\"wp-block-button Button-Circle\"><a class=\"wp-block-button__link wp-element-button\" rel=\"\">Rejoindre notre \u00e9quipe<\/a><\/div>\n<\/div>\n\n\r\n\r\n\t<\/div>\r\n\r\n\t\r\n<\/section>\r\n\n\n\n<p><\/p>","protected":false},"excerpt":{"rendered":"","protected":false},"author":1,"featured_media":0,"parent":0,"menu_order":0,"comment_status":"closed","ping_status":"closed","template":"Template-Blocks.php","meta":{"_acf_changed":false,"footnotes":""},"class_list":["post-55","page","type-page","status-publish","hentry"],"acf":[],"yoast_head":"<!-- This site is optimized with the Yoast SEO plugin v27.3 - https:\/\/yoast.com\/product\/yoast-seo-wordpress\/ -->\n<title>Who We Are - LIVunLtd<\/title>\n<meta name=\"robots\" content=\"index, follow, max-snippet:-1, max-image-preview:large, max-video-preview:-1\" \/>\n<link rel=\"canonical\" href=\"https:\/\/livunltd.com\/fr\/about-us\/\" \/>\n<meta property=\"og:locale\" content=\"fr_CA\" \/>\n<meta property=\"og:type\" content=\"article\" \/>\n<meta property=\"og:title\" content=\"Who We Are - LIVunLtd\" \/>\n<meta property=\"og:url\" content=\"https:\/\/livunltd.com\/fr\/about-us\/\" \/>\n<meta property=\"og:site_name\" content=\"LIVunLtd\" \/>\n<meta property=\"article:modified_time\" content=\"2025-07-23T15:08:03+00:00\" \/>\n<meta name=\"twitter:card\" content=\"summary_large_image\" \/>\n<meta name=\"twitter:label1\" content=\"Estimation du temps de lecture\" \/>\n\t<meta name=\"twitter:data1\" content=\"2 minutes\" \/>\n<script type=\"application\/ld+json\" class=\"yoast-schema-graph\">{\"@context\":\"https:\\\/\\\/schema.org\",\"@graph\":[{\"@type\":\"WebPage\",\"@id\":\"https:\\\/\\\/livunltd.com\\\/about-us\\\/\",\"url\":\"https:\\\/\\\/livunltd.com\\\/about-us\\\/\",\"name\":\"Who We Are - LIVunLtd\",\"isPartOf\":{\"@id\":\"https:\\\/\\\/livunltd.com\\\/#website\"},\"datePublished\":\"2023-10-03T20:04:20+00:00\",\"dateModified\":\"2025-07-23T15:08:03+00:00\",\"breadcrumb\":{\"@id\":\"https:\\\/\\\/livunltd.com\\\/about-us\\\/#breadcrumb\"},\"inLanguage\":\"fr-CA\",\"potentialAction\":[{\"@type\":\"ReadAction\",\"target\":[\"https:\\\/\\\/livunltd.com\\\/about-us\\\/\"]}]},{\"@type\":\"BreadcrumbList\",\"@id\":\"https:\\\/\\\/livunltd.com\\\/about-us\\\/#breadcrumb\",\"itemListElement\":[{\"@type\":\"ListItem\",\"position\":1,\"name\":\"Home\",\"item\":\"https:\\\/\\\/livunltd.com\\\/\"},{\"@type\":\"ListItem\",\"position\":2,\"name\":\"Who We Are\"}]},{\"@type\":\"WebSite\",\"@id\":\"https:\\\/\\\/livunltd.com\\\/#website\",\"url\":\"https:\\\/\\\/livunltd.com\\\/\",\"name\":\"LIVunLtd\",\"description\":\"Concierge, Fitness &amp; Wellness Services\",\"potentialAction\":[{\"@type\":\"SearchAction\",\"target\":{\"@type\":\"EntryPoint\",\"urlTemplate\":\"https:\\\/\\\/livunltd.com\\\/?s={search_term_string}\"},\"query-input\":{\"@type\":\"PropertyValueSpecification\",\"valueRequired\":true,\"valueName\":\"search_term_string\"}}],\"inLanguage\":\"fr-CA\"}]}<\/script>\n<!-- \/ Yoast SEO plugin. -->","yoast_head_json":{"title":"Qui sommes-nous - LIVunLtd","robots":{"index":"index","follow":"follow","max-snippet":"max-snippet:-1","max-image-preview":"max-image-preview:large","max-video-preview":"max-video-preview:-1"},"canonical":"https:\/\/livunltd.com\/fr\/about-us\/","og_locale":"fr_CA","og_type":"article","og_title":"Who We Are - LIVunLtd","og_url":"https:\/\/livunltd.com\/fr\/about-us\/","og_site_name":"LIVunLtd","article_modified_time":"2025-07-23T15:08:03+00:00","twitter_card":"summary_large_image","twitter_misc":{"Estimation du temps de lecture":"2 minutes"},"schema":{"@context":"https:\/\/schema.org","@graph":[{"@type":"WebPage","@id":"https:\/\/livunltd.com\/about-us\/","url":"https:\/\/livunltd.com\/about-us\/","name":"Qui sommes-nous - LIVunLtd","isPartOf":{"@id":"https:\/\/livunltd.com\/#website"},"datePublished":"2023-10-03T20:04:20+00:00","dateModified":"2025-07-23T15:08:03+00:00","breadcrumb":{"@id":"https:\/\/livunltd.com\/about-us\/#breadcrumb"},"inLanguage":"fr-CA","potentialAction":[{"@type":"ReadAction","target":["https:\/\/livunltd.com\/about-us\/"]}]},{"@type":"BreadcrumbList","@id":"https:\/\/livunltd.com\/about-us\/#breadcrumb","itemListElement":[{"@type":"ListItem","position":1,"name":"Home","item":"https:\/\/livunltd.com\/"},{"@type":"ListItem","position":2,"name":"Who We Are"}]},{"@type":"WebSite","@id":"https:\/\/livunltd.com\/#website","url":"https:\/\/livunltd.com\/","name":"LIVunLtd","description":"Services de conciergerie, de remise en forme et de bien-\u00eatre","potentialAction":[{"@type":"SearchAction","target":{"@type":"EntryPoint","urlTemplate":"https:\/\/livunltd.com\/?s={search_term_string}"},"query-input":{"@type":"PropertyValueSpecification","valueRequired":true,"valueName":"search_term_string"}}],"inLanguage":"fr-CA"}]}},"_links":{"self":[{"href":"https:\/\/livunltd.com\/fr\/wp-json\/wp\/v2\/pages\/55","targetHints":{"allow":["GET"]}}],"collection":[{"href":"https:\/\/livunltd.com\/fr\/wp-json\/wp\/v2\/pages"}],"about":[{"href":"https:\/\/livunltd.com\/fr\/wp-json\/wp\/v2\/types\/page"}],"author":[{"embeddable":true,"href":"https:\/\/livunltd.com\/fr\/wp-json\/wp\/v2\/users\/1"}],"replies":[{"embeddable":true,"href":"https:\/\/livunltd.com\/fr\/wp-json\/wp\/v2\/comments?post=55"}],"version-history":[{"count":0,"href":"https:\/\/livunltd.com\/fr\/wp-json\/wp\/v2\/pages\/55\/revisions"}],"wp:attachment":[{"href":"https:\/\/livunltd.com\/fr\/wp-json\/wp\/v2\/media?parent=55"}],"curies":[{"name":"wp","href":"https:\/\/api.w.org\/{rel}","templated":true}]}}