{"id":59,"date":"2023-10-03T20:06:39","date_gmt":"2023-10-03T20:06:39","guid":{"rendered":"https:\/\/livunltd.com?page_id=59"},"modified":"2024-01-03T15:21:26","modified_gmt":"2024-01-03T15:21:26","slug":"where-we-do-it","status":"publish","type":"page","link":"https:\/\/livunltd.com\/fr\/where-we-do-it\/","title":{"rendered":"O\u00f9 nous le faisons"},"content":{"rendered":"<section class=\"Block-Section CLR alignfull\" id=\"block_f49daef6b074d20129bc537e377c4ca6\"\r\n\tstyle=\"padding-top: 60px;padding-bottom: 30px;\">\r\n\r\n\t\r\n\t\r\n\t<div class=\"Block-Section-Inner CLR\" style=\"max-width: 900px;\">\r\n\r\n\t\t\n\n<h1 class=\"wp-block-heading has-text-align-center Page-Title No-Padding\">O\u00f9 nous le faisons<\/h1>\n\n\n\n<p class=\"has-text-align-center has-medium-font-size\">S'associer \u00e0 LIVunLtd est un choix judicieux. Notre expertise vous aide \u00e0 soutenir vos efforts pour impliquer les r\u00e9sidents, les associ\u00e9s et les membres existants, fid\u00e9liser la marque, cr\u00e9er une communaut\u00e9 et stimuler la r\u00e9tention. Voici un petit \u00e9chantillon de quelques-uns de nos sites et de la grande vari\u00e9t\u00e9 d'installations de notre portefeuille. <\/p>\n\n\r\n\r\n\t<\/div>\r\n\r\n\t\r\n<\/section>","protected":false},"excerpt":{"rendered":"","protected":false},"author":16,"featured_media":0,"parent":0,"menu_order":0,"comment_status":"closed","ping_status":"closed","template":"Template-Blocks.php","meta":{"_acf_changed":false,"footnotes":""},"class_list":["post-59","page","type-page","status-publish","hentry"],"acf":[],"yoast_head":"<!-- This site is optimized with the Yoast SEO plugin v27.4 - https:\/\/yoast.com\/product\/yoast-seo-wordpress\/ -->\n<title>Where We Do It - LIVunLtd<\/title>\n<meta name=\"robots\" content=\"index, follow, max-snippet:-1, max-image-preview:large, max-video-preview:-1\" \/>\n<link rel=\"canonical\" href=\"https:\/\/livunltd.com\/fr\/where-we-do-it\/\" \/>\n<meta property=\"og:locale\" content=\"fr_CA\" \/>\n<meta property=\"og:type\" content=\"article\" \/>\n<meta property=\"og:title\" content=\"Where We Do It - LIVunLtd\" \/>\n<meta property=\"og:url\" content=\"https:\/\/livunltd.com\/fr\/where-we-do-it\/\" \/>\n<meta property=\"og:site_name\" content=\"LIVunLtd\" \/>\n<meta property=\"article:modified_time\" content=\"2024-01-03T15:21:26+00:00\" \/>\n<meta name=\"twitter:card\" content=\"summary_large_image\" \/>\n<meta name=\"twitter:label1\" content=\"Estimation du temps de lecture\" \/>\n\t<meta name=\"twitter:data1\" content=\"1 minute\" \/>\n<script type=\"application\/ld+json\" class=\"yoast-schema-graph\">{\"@context\":\"https:\\\/\\\/schema.org\",\"@graph\":[{\"@type\":\"WebPage\",\"@id\":\"https:\\\/\\\/livunltd.com\\\/where-we-do-it\\\/\",\"url\":\"https:\\\/\\\/livunltd.com\\\/where-we-do-it\\\/\",\"name\":\"Where We Do It - LIVunLtd\",\"isPartOf\":{\"@id\":\"https:\\\/\\\/livunltd.com\\\/#website\"},\"datePublished\":\"2023-10-03T20:06:39+00:00\",\"dateModified\":\"2024-01-03T15:21:26+00:00\",\"breadcrumb\":{\"@id\":\"https:\\\/\\\/livunltd.com\\\/where-we-do-it\\\/#breadcrumb\"},\"inLanguage\":\"fr-CA\",\"potentialAction\":[{\"@type\":\"ReadAction\",\"target\":[\"https:\\\/\\\/livunltd.com\\\/where-we-do-it\\\/\"]}]},{\"@type\":\"BreadcrumbList\",\"@id\":\"https:\\\/\\\/livunltd.com\\\/where-we-do-it\\\/#breadcrumb\",\"itemListElement\":[{\"@type\":\"ListItem\",\"position\":1,\"name\":\"Home\",\"item\":\"https:\\\/\\\/livunltd.com\\\/\"},{\"@type\":\"ListItem\",\"position\":2,\"name\":\"Where We Do It\"}]},{\"@type\":\"WebSite\",\"@id\":\"https:\\\/\\\/livunltd.com\\\/#website\",\"url\":\"https:\\\/\\\/livunltd.com\\\/\",\"name\":\"LIVunLtd\",\"description\":\"Concierge, Fitness &amp; Wellness Services\",\"potentialAction\":[{\"@type\":\"SearchAction\",\"target\":{\"@type\":\"EntryPoint\",\"urlTemplate\":\"https:\\\/\\\/livunltd.com\\\/?s={search_term_string}\"},\"query-input\":{\"@type\":\"PropertyValueSpecification\",\"valueRequired\":true,\"valueName\":\"search_term_string\"}}],\"inLanguage\":\"fr-CA\"}]}<\/script>\n<!-- \/ Yoast SEO plugin. -->","yoast_head_json":{"title":"O\u00f9 nous le faisons - LIVunLtd","robots":{"index":"index","follow":"follow","max-snippet":"max-snippet:-1","max-image-preview":"max-image-preview:large","max-video-preview":"max-video-preview:-1"},"canonical":"https:\/\/livunltd.com\/fr\/where-we-do-it\/","og_locale":"fr_CA","og_type":"article","og_title":"Where We Do It - LIVunLtd","og_url":"https:\/\/livunltd.com\/fr\/where-we-do-it\/","og_site_name":"LIVunLtd","article_modified_time":"2024-01-03T15:21:26+00:00","twitter_card":"summary_large_image","twitter_misc":{"Estimation du temps de lecture":"1 minute"},"schema":{"@context":"https:\/\/schema.org","@graph":[{"@type":"WebPage","@id":"https:\/\/livunltd.com\/where-we-do-it\/","url":"https:\/\/livunltd.com\/where-we-do-it\/","name":"O\u00f9 nous le faisons - LIVunLtd","isPartOf":{"@id":"https:\/\/livunltd.com\/#website"},"datePublished":"2023-10-03T20:06:39+00:00","dateModified":"2024-01-03T15:21:26+00:00","breadcrumb":{"@id":"https:\/\/livunltd.com\/where-we-do-it\/#breadcrumb"},"inLanguage":"fr-CA","potentialAction":[{"@type":"ReadAction","target":["https:\/\/livunltd.com\/where-we-do-it\/"]}]},{"@type":"BreadcrumbList","@id":"https:\/\/livunltd.com\/where-we-do-it\/#breadcrumb","itemListElement":[{"@type":"ListItem","position":1,"name":"Home","item":"https:\/\/livunltd.com\/"},{"@type":"ListItem","position":2,"name":"Where We Do It"}]},{"@type":"WebSite","@id":"https:\/\/livunltd.com\/#website","url":"https:\/\/livunltd.com\/","name":"LIVunLtd","description":"Services de conciergerie, de remise en forme et de bien-\u00eatre","potentialAction":[{"@type":"SearchAction","target":{"@type":"EntryPoint","urlTemplate":"https:\/\/livunltd.com\/?s={search_term_string}"},"query-input":{"@type":"PropertyValueSpecification","valueRequired":true,"valueName":"search_term_string"}}],"inLanguage":"fr-CA"}]}},"_links":{"self":[{"href":"https:\/\/livunltd.com\/fr\/wp-json\/wp\/v2\/pages\/59","targetHints":{"allow":["GET"]}}],"collection":[{"href":"https:\/\/livunltd.com\/fr\/wp-json\/wp\/v2\/pages"}],"about":[{"href":"https:\/\/livunltd.com\/fr\/wp-json\/wp\/v2\/types\/page"}],"author":[{"embeddable":true,"href":"https:\/\/livunltd.com\/fr\/wp-json\/wp\/v2\/users\/16"}],"replies":[{"embeddable":true,"href":"https:\/\/livunltd.com\/fr\/wp-json\/wp\/v2\/comments?post=59"}],"version-history":[{"count":0,"href":"https:\/\/livunltd.com\/fr\/wp-json\/wp\/v2\/pages\/59\/revisions"}],"wp:attachment":[{"href":"https:\/\/livunltd.com\/fr\/wp-json\/wp\/v2\/media?parent=59"}],"curies":[{"name":"wp","href":"https:\/\/api.w.org\/{rel}","templated":true}]}}